{"id":1130,"date":"2015-12-13T11:53:50","date_gmt":"2015-12-13T10:53:50","guid":{"rendered":"http:\/\/www.stodeus.com\/?page_id=1130"},"modified":"2025-09-08T12:13:02","modified_gmt":"2025-09-08T10:13:02","slug":"legpsbip-configurator","status":"publish","type":"page","link":"https:\/\/www.stodeus.com\/de\/legpsbip-configurator\/","title":{"rendered":"Configurator App"},"content":{"rendered":"<div data-elementor-type=\"wp-page\" data-elementor-id=\"1130\" class=\"elementor elementor-1130\" data-elementor-post-type=\"page\">\n\t\t\t\t\t\t<section class=\"elementor-section elementor-top-section elementor-element elementor-element-e914181 elementor-section-boxed elementor-section-height-default elementor-section-height-default\" data-id=\"e914181\" data-element_type=\"section\">\n\t\t\t\t\t\t<div class=\"elementor-container elementor-column-gap-default\">\n\t\t\t\t\t<div class=\"elementor-column elementor-col-100 elementor-top-column elementor-element elementor-element-1f6c1e9\" data-id=\"1f6c1e9\" data-element_type=\"column\">\n\t\t\t<div class=\"elementor-widget-wrap elementor-element-populated\">\n\t\t\t\t\t\t<div class=\"elementor-element elementor-element-5915ad5 elementor-widget elementor-widget-spacer\" data-id=\"5915ad5\" data-element_type=\"widget\" data-widget_type=\"spacer.default\">\n\t\t\t\t<div class=\"elementor-widget-container\">\n\t\t\t\t\t<div class=\"elementor-spacer\">\n\t\t\t<div class=\"elementor-spacer-inner\"><\/div>\n\t\t<\/div>\n\t\t\t\t<\/div>\n\t\t\t\t<\/div>\n\t\t\t\t\t<\/div>\n\t\t<\/div>\n\t\t\t\t\t<\/div>\n\t\t<\/section>\n\t\t\t\t<section class=\"elementor-section elementor-top-section elementor-element elementor-element-2d025b9 elementor-section-boxed elementor-section-height-default elementor-section-height-default\" data-id=\"2d025b9\" data-element_type=\"section\">\n\t\t\t\t\t\t<div class=\"elementor-container elementor-column-gap-no\">\n\t\t\t\t\t<div class=\"elementor-column elementor-col-100 elementor-top-column elementor-element elementor-element-4c5227b\" data-id=\"4c5227b\" data-element_type=\"column\">\n\t\t\t<div class=\"elementor-widget-wrap elementor-element-populated\">\n\t\t\t\t\t\t<section class=\"elementor-section elementor-inner-section elementor-element elementor-element-02561cc elementor-section-boxed elementor-section-height-default elementor-section-height-default\" data-id=\"02561cc\" data-element_type=\"section\">\n\t\t\t\t\t\t<div class=\"elementor-container elementor-column-gap-default\">\n\t\t\t\t\t<div class=\"elementor-column elementor-col-50 elementor-inner-column elementor-element elementor-element-fa53316\" data-id=\"fa53316\" data-element_type=\"column\">\n\t\t\t<div class=\"elementor-widget-wrap elementor-element-populated\">\n\t\t\t\t\t\t<div class=\"elementor-element elementor-element-d6a32e5 elementor-widget elementor-widget-heading\" data-id=\"d6a32e5\" data-element_type=\"widget\" data-widget_type=\"heading.default\">\n\t\t\t\t<div class=\"elementor-widget-container\">\n\t\t\t<h2 class=\"elementor-heading-title elementor-size-default\">leGPSBip Configurator<\/h2>\t\t<\/div>\n\t\t\t\t<\/div>\n\t\t\t\t<div class=\"elementor-element elementor-element-1254607 elementor-widget elementor-widget-text-editor\" data-id=\"1254607\" data-element_type=\"widget\" data-widget_type=\"text-editor.default\">\n\t\t\t\t<div class=\"elementor-widget-container\">\n\t\t\t\t\t\t\t<p>Verwenden Sie den Configurator, um Ihren GPSBip einzurichten.<\/p><p>Die Configurator l\u00e4uft unter Windows, Linux, Mac, Android und von jedem Webbrowser aus.<\/p>\t\t\t\t\t\t<\/div>\n\t\t\t\t<\/div>\n\t\t\t\t<div class=\"elementor-element elementor-element-6929615 elementor-widget elementor-widget-image\" data-id=\"6929615\" data-element_type=\"widget\" data-widget_type=\"image.default\">\n\t\t\t\t<div class=\"elementor-widget-container\">\n\t\t\t\t\t\t\t\t\t\t\t\t\t<img decoding=\"async\" width=\"199\" height=\"62\" src=\"https:\/\/www.stodeus.com\/wp-content\/uploads\/2022\/10\/windows-linux-mac-logos.webp\" class=\"attachment-large size-large wp-image-5609\" alt=\"\" \/>\t\t\t\t\t\t\t\t\t\t\t\t\t<\/div>\n\t\t\t\t<\/div>\n\t\t\t\t<div class=\"elementor-element elementor-element-6b02142 elementor-widget elementor-widget-spacer\" data-id=\"6b02142\" data-element_type=\"widget\" data-widget_type=\"spacer.default\">\n\t\t\t\t<div class=\"elementor-widget-container\">\n\t\t\t\t\t<div class=\"elementor-spacer\">\n\t\t\t<div class=\"elementor-spacer-inner\"><\/div>\n\t\t<\/div>\n\t\t\t\t<\/div>\n\t\t\t\t<\/div>\n\t\t\t\t<div class=\"elementor-element elementor-element-2e04ce5 elementor-align-center elementor-widget elementor-widget-button\" data-id=\"2e04ce5\" data-element_type=\"widget\" data-widget_type=\"button.default\">\n\t\t\t\t<div class=\"elementor-widget-container\">\n\t\t\t\t\t\t\t<div class=\"elementor-button-wrapper\">\n\t\t\t\t\t<a class=\"elementor-button elementor-button-link elementor-size-sm\" href=\"https:\/\/www.stodeus.com\/download_files\/gpsbip-configurator.html\" target=\"_blank\">\n\t\t\t\t\t\t<span class=\"elementor-button-content-wrapper\">\n\t\t\t\t\t\t\t\t\t<span class=\"elementor-button-text\">LEGPSBIP CONFIGURATOR IN EINEM NEUEN FENSTER \u00d6FFNEN<\/span>\n\t\t\t\t\t<\/span>\n\t\t\t\t\t<\/a>\n\t\t\t\t<\/div>\n\t\t\t\t\t\t<\/div>\n\t\t\t\t<\/div>\n\t\t\t\t<div class=\"elementor-element elementor-element-947c4fa elementor-widget elementor-widget-image\" data-id=\"947c4fa\" data-element_type=\"widget\" data-widget_type=\"image.default\">\n\t\t\t\t<div class=\"elementor-widget-container\">\n\t\t\t\t\t\t\t\t\t\t\t\t\t<img fetchpriority=\"high\" decoding=\"async\" width=\"800\" height=\"686\" src=\"https:\/\/www.stodeus.com\/wp-content\/uploads\/2015\/09\/mockup_macbook-1024x878.jpg\" class=\"attachment-large size-large wp-image-1105\" alt=\"\" srcset=\"https:\/\/www.stodeus.com\/wp-content\/uploads\/2015\/09\/mockup_macbook-1024x878.jpg 1024w, https:\/\/www.stodeus.com\/wp-content\/uploads\/2015\/09\/mockup_macbook-300x257.jpg 300w, https:\/\/www.stodeus.com\/wp-content\/uploads\/2015\/09\/mockup_macbook-768x658.jpg 768w, https:\/\/www.stodeus.com\/wp-content\/uploads\/2015\/09\/mockup_macbook-1536x1317.jpg 1536w, https:\/\/www.stodeus.com\/wp-content\/uploads\/2015\/09\/mockup_macbook-2048x1755.jpg 2048w\" sizes=\"(max-width: 800px) 100vw, 800px\" \/>\t\t\t\t\t\t\t\t\t\t\t\t\t<\/div>\n\t\t\t\t<\/div>\n\t\t\t\t\t<\/div>\n\t\t<\/div>\n\t\t\t\t<div class=\"elementor-column elementor-col-50 elementor-inner-column elementor-element elementor-element-f5b2209\" data-id=\"f5b2209\" data-element_type=\"column\">\n\t\t\t<div class=\"elementor-widget-wrap elementor-element-populated\">\n\t\t\t\t\t\t<div class=\"elementor-element elementor-element-e8a8a91 elementor-widget elementor-widget-spacer\" data-id=\"e8a8a91\" data-element_type=\"widget\" data-widget_type=\"spacer.default\">\n\t\t\t\t<div class=\"elementor-widget-container\">\n\t\t\t\t\t<div class=\"elementor-spacer\">\n\t\t\t<div class=\"elementor-spacer-inner\"><\/div>\n\t\t<\/div>\n\t\t\t\t<\/div>\n\t\t\t\t<\/div>\n\t\t\t\t<div class=\"elementor-element elementor-element-13ca961 elementor-widget elementor-widget-image\" data-id=\"13ca961\" data-element_type=\"widget\" data-widget_type=\"image.default\">\n\t\t\t\t<div class=\"elementor-widget-container\">\n\t\t\t\t\t\t\t\t\t\t\t\t\t\t<a href=\"https:\/\/www.stodeus.com\/download_files\/gpsbip-configurator.html\" target=\"_blank\">\n\t\t\t\t\t\t\t<img decoding=\"async\" width=\"520\" height=\"671\" src=\"https:\/\/www.stodeus.com\/wp-content\/uploads\/2015\/12\/Capture-decran-2016-11-15-a-11.45.10.png\" class=\"attachment-large size-large wp-image-1929\" alt=\"\" srcset=\"https:\/\/www.stodeus.com\/wp-content\/uploads\/2015\/12\/Capture-decran-2016-11-15-a-11.45.10.png 520w, https:\/\/www.stodeus.com\/wp-content\/uploads\/2015\/12\/Capture-decran-2016-11-15-a-11.45.10-232x300.png 232w\" sizes=\"(max-width: 520px) 100vw, 520px\" \/>\t\t\t\t\t\t\t\t<\/a>\n\t\t\t\t\t\t\t\t\t\t\t\t\t<\/div>\n\t\t\t\t<\/div>\n\t\t\t\t\t<\/div>\n\t\t<\/div>\n\t\t\t\t\t<\/div>\n\t\t<\/section>\n\t\t\t\t\t<\/div>\n\t\t<\/div>\n\t\t\t\t\t<\/div>\n\t\t<\/section>\n\t\t<div class=\"elementor-element elementor-element-5fd83e3 e-flex e-con-boxed e-con e-parent\" data-id=\"5fd83e3\" data-element_type=\"container\">\n\t\t\t\t\t<div class=\"e-con-inner\">\n\t\t\t\t<div class=\"elementor-element elementor-element-2d83217 elementor-widget elementor-widget-text-editor\" data-id=\"2d83217\" data-element_type=\"widget\" data-widget_type=\"text-editor.default\">\n\t\t\t\t<div class=\"elementor-widget-container\">\n\t\t\t\t\t\t\t<p>Mit diesem Configurator k\u00f6nnen Sie die \u00e4lteren Modelle leGPSBip und leGPSBip+ (2015 - 2022) einrichten.<\/p><p><strong>Um neuere Modelle zu konfigurieren, orientieren Sie sich bitte an der<a href=\"https:\/\/www.stodeus.com\/de\/stodeus-app-biplink\/\">BipLink-App<\/a>.<\/strong><\/p>\t\t\t\t\t\t<\/div>\n\t\t\t\t<\/div>\n\t\t\t\t\t<\/div>\n\t\t\t\t<\/div>\n\t\t\t\t<\/div>","protected":false},"excerpt":{"rendered":"<p>leGPSBip Configurator Verwenden Sie den Configurator, um Ihren GPSBip einzurichten. Der Configurator funktioniert unter Windows, Linux, Mac, Android und von jedem Webbrowser aus. LEGPSBIP CONFIGURATOR IN EINEM NEUEN FENSTER \u00d6FFNEN Mit diesem Configurator k\u00f6nnen Sie die \u00e4lteren Modelle leGPSBip und leGPSBip+ (2015 - 2022) konfigurieren. Um neuere Modelle zu konfigurieren, orientieren Sie sich bitte an der BipLink-App.<\/p>","protected":false},"author":2,"featured_media":0,"parent":0,"menu_order":0,"comment_status":"closed","ping_status":"open","template":"","meta":{"footnotes":""},"class_list":["post-1130","page","type-page","status-publish","hentry"],"_links":{"self":[{"href":"https:\/\/www.stodeus.com\/de\/wp-json\/wp\/v2\/pages\/1130","targetHints":{"allow":["GET"]}}],"collection":[{"href":"https:\/\/www.stodeus.com\/de\/wp-json\/wp\/v2\/pages"}],"about":[{"href":"https:\/\/www.stodeus.com\/de\/wp-json\/wp\/v2\/types\/page"}],"author":[{"embeddable":true,"href":"https:\/\/www.stodeus.com\/de\/wp-json\/wp\/v2\/users\/2"}],"replies":[{"embeddable":true,"href":"https:\/\/www.stodeus.com\/de\/wp-json\/wp\/v2\/comments?post=1130"}],"version-history":[{"count":31,"href":"https:\/\/www.stodeus.com\/de\/wp-json\/wp\/v2\/pages\/1130\/revisions"}],"predecessor-version":[{"id":16193,"href":"https:\/\/www.stodeus.com\/de\/wp-json\/wp\/v2\/pages\/1130\/revisions\/16193"}],"wp:attachment":[{"href":"https:\/\/www.stodeus.com\/de\/wp-json\/wp\/v2\/media?parent=1130"}],"curies":[{"name":"wp","href":"https:\/\/api.w.org\/{rel}","templated":true}]}}