{"id":15608,"date":"2025-03-12T11:29:02","date_gmt":"2025-03-12T10:29:02","guid":{"rendered":"https:\/\/www.stodeus.com\/?page_id=15608"},"modified":"2025-03-12T16:36:52","modified_gmt":"2025-03-12T15:36:52","slug":"privacy-policy","status":"publish","type":"page","link":"https:\/\/www.stodeus.com\/de\/privacy-policy\/","title":{"rendered":"Datenschutzrichtlinie"},"content":{"rendered":"<div data-elementor-type=\"wp-page\" data-elementor-id=\"15608\" class=\"elementor elementor-15608\" data-elementor-post-type=\"page\">\n\t\t\t\t<div class=\"elementor-element elementor-element-8d4595b e-flex e-con-boxed e-con e-parent\" data-id=\"8d4595b\" data-element_type=\"container\">\n\t\t\t\t\t<div class=\"e-con-inner\">\n\t\t\t\t<div class=\"elementor-element elementor-element-0d4e6ec elementor-widget elementor-widget-heading\" data-id=\"0d4e6ec\" data-element_type=\"widget\" data-widget_type=\"heading.default\">\n\t\t\t\t<div class=\"elementor-widget-container\">\n\t\t\t<h2 class=\"elementor-heading-title elementor-size-default\">Datenschutzrichtlinie<\/h2>\t\t<\/div>\n\t\t\t\t<\/div>\n\t\t\t\t<div class=\"elementor-element elementor-element-7e411cf elementor-widget elementor-widget-text-editor\" data-id=\"7e411cf\" data-element_type=\"widget\" data-widget_type=\"text-editor.default\">\n\t\t\t\t<div class=\"elementor-widget-container\">\n\t\t\t\t\t\t\t<p class=\"p1\">Letzte Aktualisierung: 12. M\u00e4rz 2025<\/p><p class=\"p3\"><b>1. Einleitung<\/b><b><\/b><\/p><p class=\"p1\">Diese Datenschutzrichtlinie erl\u00e4utert, wie wir Ihre pers\u00f6nlichen Daten sammeln, verwenden, speichern und sch\u00fctzen, wenn Sie den Stodeus-Newsletter oder die Stodeus-Anwendungen (im Folgenden \"die Anwendungen\") nutzen, und zwar in \u00dcbereinstimmung mit den Anforderungen der Datenschutz-Grundverordnung (DSGVO), der franz\u00f6sischen Datenschutzgesetzgebung. Diese Richtlinie wurde in franz\u00f6sischer Sprache verfasst. Sofern eine \u00fcbersetzte Version mit der franz\u00f6sischen Version in Konflikt steht, hat die franz\u00f6sische Version Vorrang. Sofern nicht anders angegeben, gilt diese Datenschutzrichtlinie nicht f\u00fcr die Produkte oder Dienstleistungen Dritter oder die Praktiken von Unternehmen, die sich nicht in unserem Besitz befinden oder von uns kontrolliert werden, einschlie\u00dflich anderer Unternehmen, mit denen Sie auf oder \u00fcber die Anwendungen interagieren k\u00f6nnen.<\/p><p class=\"p3\"><b>2. Verantwortlicher f\u00fcr die Verarbeitung<\/b><b><\/b><\/p><p class=\"p1\">Der Verantwortliche f\u00fcr die Datenverarbeitung ist <span class=\"s1\">Stodeus SAS<\/span>, gelegen in <span class=\"s1\">Veurey-Voroize (Frankreich)<\/span>. Wenn Sie Fragen zu dieser Datenschutzrichtlinie oder zur Aus\u00fcbung Ihrer Rechte haben, k\u00f6nnen Sie uns \u00fcber das <a href=\"https:\/\/www.stodeus.com\/de\/contact\/\">Kontaktformular<\/a>.<\/p><p class=\"p3\"><b>3. Gesammelte Daten<\/b><b><\/b><\/p><p class=\"p1\">Wir k\u00f6nnen die folgenden Kategorien von Daten je nach Ihrer Nutzung der Apps erfassen:<\/p><p class=\"p4\">-<span class=\"s1\"><b>Identifikationsdaten<\/b><\/span> : Name, Vorname, E-Mail-Adresse.<\/p><p class=\"p4\">-<span class=\"s1\"><b>Technische Daten<\/b><\/span> Ger\u00e4te-IDs, Art des Betriebssystems (iOS, Android), Version der Apps, Verbindungsprotokolle.<\/p><p class=\"p4\">-<span class=\"s1\"><b>Daten im Zusammenhang mit der Navigation<\/b><\/span> Interaktionen mit den Anwendungen, besuchte Seiten, verwendete Funktionen.<\/p><p class=\"p1\">Wir stellen sicher, dass bei der Erhebung dieser Daten der Grundsatz der Datenminimierung beachtet wird, d. h. dass nur die Daten erhoben werden, die f\u00fcr den jeweiligen Zweck unbedingt erforderlich sind.<\/p><p class=\"p3\"><b>4. Verwendung der Daten<\/b><b><\/b><\/p><p class=\"p1\">Ihre Daten k\u00f6nnen verwendet werden, um :<\/p><p class=\"p4\">-Bereitstellung, Anpassung und Verbesserung der Funktionalit\u00e4t der Anwendungen.<\/p><p class=\"p4\">-Analyse des Publikums und des Nutzerverhaltens, um die Erfahrung und die Leistung der Anwendungen zu verbessern.<\/p><p class=\"p4\">-Sendet Ihnen Informationen \u00fcber Anwendungen, Aktualisierungen und wichtige Benachrichtigungen.<\/p><p class=\"p4\">-Einhaltung unserer gesetzlichen und regulatorischen Verpflichtungen.<\/p><p class=\"p3\"><b>5. Rechtliche Grundlage der Verarbeitung<\/b><b><\/b><\/p><p class=\"p1\">Gem\u00e4\u00df der DSGVO beruhen unsere Verarbeitungen auf :<\/p><p class=\"p4\">-<span class=\"s1\"><b>Ihre Zustimmung<\/b><\/span> : F\u00fcr bestimmte Funktionen, insbesondere das Versenden von Benachrichtigungen, werden wir Sie vorher um Ihre Zustimmung bitten.<\/p><p class=\"p4\">-<span class=\"s1\"><b>Die Einhaltung gesetzlicher Verpflichtungen<\/b><\/span> : Bei einer Verpflichtung zur Aufbewahrung oder \u00dcbermittlung bestimmter Daten.<\/p><p class=\"p4\">-<span class=\"s1\"><b>Unser berechtigtes Interesse<\/b><\/span> : Um die Anwendungen zu verbessern, Betrug zu verhindern und die Sicherheit unserer Dienste zu gew\u00e4hrleisten.<\/p><p class=\"p3\"><b>6. Weitergabe von Daten<\/b><b><\/b><\/p><p class=\"p1\">Wir verpflichten uns, Ihre Daten nicht zu Marketingzwecken an Dritte weiterzugeben, zu verkaufen oder zu vermieten.<\/p><p class=\"p3\"><b>7. Aufbewahrung der Daten<\/b><b><\/b><\/p><p class=\"p1\">Wir bewahren Ihre Daten nur so lange auf, wie es f\u00fcr den Zweck, f\u00fcr den sie erhoben wurden, erforderlich ist, und zwar in \u00dcbereinstimmung mit den geltenden gesetzlichen Anforderungen. Die Aufbewahrungsfristen k\u00f6nnen je nach Art der Daten und den gesetzlichen und regulatorischen Anforderungen variieren.<\/p><p class=\"p3\"><b>8. Rechte des Nutzers<\/b><b><\/b><\/p><p class=\"p1\">Gem\u00e4\u00df der DSGVO und den franz\u00f6sischen Datenschutzgesetzen haben Sie die folgenden Rechte:<\/p><p class=\"p4\">-<span class=\"s1\"><b>Recht auf Zugang<\/b><\/span> : Eine Best\u00e4tigung erhalten, dass Ihre Daten verarbeitet werden, und eine Kopie davon erhalten.<\/p><p class=\"p4\">-<span class=\"s1\"><b>Recht auf Berichtigung<\/b><\/span> : Unrichtige Daten \u00fcber Sie aktualisieren oder korrigieren.<\/p><p class=\"p4\">-<span class=\"s1\"><b>Recht auf L\u00f6schung (Recht auf Vergessenwerden)<\/b><\/span> : die L\u00f6schung Ihrer personenbezogenen Daten verlangen, sofern keine gesetzliche Aufbewahrungspflicht besteht.<\/p><p class=\"p4\">-<span class=\"s1\"><b>Recht auf Einschr\u00e4nkung der Verarbeitung<\/b><\/span> : die vor\u00fcbergehende Aussetzung der Verarbeitung Ihrer Daten beantragen.<\/p><p class=\"p4\">-<span class=\"s1\"><b>Recht auf Widerspruch<\/b><\/span> : sich der Verarbeitung Ihrer Daten aus Gr\u00fcnden, die sich aus Ihrer besonderen Situation ergeben, widersetzen.<\/p><p class=\"p4\">-<span class=\"s1\"><b>Recht auf \u00dcbertragbarkeit<\/b><\/span> : Ihre Daten in einem strukturierten und h\u00e4ufig verwendeten Format zu erhalten.<\/p><p class=\"p1\">Um diese Rechte auszu\u00fcben, kontaktieren Sie uns bitte \u00fcber das <a href=\"https:\/\/www.stodeus.com\/de\/contact\/\">Kontaktformular<\/a> oder \u00fcber die Support-Funktion der Anwendungen. Wir werden Ihre Anfrage so schnell wie m\u00f6glich beantworten.<\/p><p class=\"p3\"><b>9. Sicherheit der Daten<\/b><b><\/b><\/p><p class=\"p1\">Wir setzen angemessene technische und organisatorische Sicherheitsma\u00dfnahmen ein, um Ihre Daten vor Verlust, Diebstahl, Ver\u00e4nderung oder unberechtigtem Zugriff zu sch\u00fctzen. Allerdings ist keine Daten\u00fcbertragung \u00fcber das Internet oder eine elektronische Speichermethode vollkommen sicher, und wir k\u00f6nnen keine absolute Sicherheit garantieren.<\/p><p class=\"p3\"><b>10. Dienstleistungen Dritter und externe Links<\/b><b><\/b><\/p><p class=\"p1\">Die Anwendungen enthalten keine Links zu Websites oder Diensten von Drittanbietern und verwenden keine externen Bibliotheken oder SDKs.<\/p><p class=\"p3\"><b>11. Politik in Bezug auf Kinder<\/b><b><\/b><\/p><p class=\"p1\">Die Anwendungen sind nicht speziell f\u00fcr Kinder bestimmt und enthalten keine unangemessenen Inhalte.<\/p><p class=\"p3\"><b>12. \u00c4nderungen der Datenschutzrichtlinie<\/b><b><\/b><\/p><p class=\"p1\">Wir behalten uns das Recht vor, diese Datenschutzrichtlinie jederzeit zu \u00e4ndern. \u00c4nderungen werden in den Anwendungen oder auf unserer Webseite zusammen mit dem Datum der Aktualisierung ver\u00f6ffentlicht. Wir empfehlen Ihnen, diese Seite regelm\u00e4\u00dfig zu besuchen, um sich \u00fcber die aktuellste Version unserer Datenschutzrichtlinie zu informieren.<\/p><p><b>13. Recht auf L\u00f6schung von Daten<\/b><\/p><p>Gem\u00e4\u00df der Allgemeinen Datenschutzverordnung (DSGVO) und den franz\u00f6sischen Datenschutzgesetzen haben Sie das Recht, die L\u00f6schung Ihrer pers\u00f6nlichen Daten (einschlie\u00dflich, aber nicht beschr\u00e4nkt auf Ihren Namen, Ihre E-Mail-Adresse, Ihre Postanschrift und Ihre Telefonnummer) zu verlangen, die wir \u00fcber unseren Online-Shop, unseren E-Mail-Helpdesk oder die BipLink-Anwendung sammeln.<\/p><p>Sie k\u00f6nnen Ihr Konto auf Antrag \u00fcber das <a href=\"https:\/\/www.stodeus.com\/de\/contact\/\">Kontaktformular<\/a>.<\/p><p>Wenn Sie einen Antrag auf L\u00f6schung stellen, werden wir Ihre pers\u00f6nlichen Daten dauerhaft und unwiderruflich aus unseren Systemen entfernen. Nach der L\u00f6schung k\u00f6nnen Ihre Daten, insbesondere Ihre Spuren, nicht mehr wiederhergestellt werden. Nach der L\u00f6schung Ihres Kontos kann es bis zu 90 Tage dauern, bis wir Ihre personenbezogenen Daten aus unseren Systemen entfernt haben. Dar\u00fcber hinaus k\u00f6nnen wir Informationen aufbewahren, wenn L\u00f6schungsantr\u00e4ge gestellt werden, um dem Gesetz zu entsprechen und andere gesetzlich vorgeschriebene Ma\u00dfnahmen zu ergreifen.<\/p><p class=\"p3\"><b>14. Kontakt<\/b><\/p><p class=\"p1\">Wenn Sie Fragen, Beschwerden oder Antr\u00e4ge bez\u00fcglich dieser Datenschutzrichtlinie oder der Verarbeitung Ihrer Daten haben, kontaktieren Sie uns bitte \u00fcber das <a href=\"https:\/\/www.stodeus.com\/de\/contact\/\">Kontaktformular<\/a>.<\/p>\t\t\t\t\t\t<\/div>\n\t\t\t\t<\/div>\n\t\t\t\t\t<\/div>\n\t\t\t\t<\/div>\n\t\t\t\t<\/div>","protected":false},"excerpt":{"rendered":"<p>Politique de Confidentialit\u00e9 Derni\u00e8re mise \u00e0 jour : 12 Mars 2025 1. Introduction Cette Politique de Confidentialit\u00e9 explique comment nous collectons, utilisons, stockons et prot\u00e9geons vos donn\u00e9es personnelles lorsque vous utilisez la newsletter ou les applications Stodeus (ci-apr\u00e8s d\u00e9nomm\u00e9e \u00ab les Applications \u00bb), conform\u00e9ment aux exigences du R\u00e8glement g\u00e9n\u00e9ral sur la protection des donn\u00e9es (RGPD), [&hellip;]<\/p>\n","protected":false},"author":2,"featured_media":0,"parent":0,"menu_order":0,"comment_status":"closed","ping_status":"closed","template":"","meta":{"footnotes":""},"class_list":["post-15608","page","type-page","status-publish","hentry"],"_links":{"self":[{"href":"https:\/\/www.stodeus.com\/de\/wp-json\/wp\/v2\/pages\/15608","targetHints":{"allow":["GET"]}}],"collection":[{"href":"https:\/\/www.stodeus.com\/de\/wp-json\/wp\/v2\/pages"}],"about":[{"href":"https:\/\/www.stodeus.com\/de\/wp-json\/wp\/v2\/types\/page"}],"author":[{"embeddable":true,"href":"https:\/\/www.stodeus.com\/de\/wp-json\/wp\/v2\/users\/2"}],"replies":[{"embeddable":true,"href":"https:\/\/www.stodeus.com\/de\/wp-json\/wp\/v2\/comments?post=15608"}],"version-history":[{"count":40,"href":"https:\/\/www.stodeus.com\/de\/wp-json\/wp\/v2\/pages\/15608\/revisions"}],"predecessor-version":[{"id":15657,"href":"https:\/\/www.stodeus.com\/de\/wp-json\/wp\/v2\/pages\/15608\/revisions\/15657"}],"wp:attachment":[{"href":"https:\/\/www.stodeus.com\/de\/wp-json\/wp\/v2\/media?parent=15608"}],"curies":[{"name":"wp","href":"https:\/\/api.w.org\/{rel}","templated":true}]}}