{"id":4685,"date":"2021-02-22T12:40:46","date_gmt":"2021-02-22T10:40:46","guid":{"rendered":"https:\/\/www.stodeus.com\/?page_id=4685"},"modified":"2025-09-01T12:44:08","modified_gmt":"2025-09-01T10:44:08","slug":"minibip-user-manual","status":"publish","type":"page","link":"https:\/\/www.stodeus.com\/de\/minibip-user-manual\/","title":{"rendered":"miniBip Benutzerhandbuch"},"content":{"rendered":"<div data-elementor-type=\"wp-page\" data-elementor-id=\"4685\" class=\"elementor elementor-4685\" data-elementor-post-type=\"page\">\n\t\t\t\t\t\t<section class=\"elementor-section elementor-top-section elementor-element elementor-element-343a9b2 elementor-section-boxed elementor-section-height-default elementor-section-height-default\" data-id=\"343a9b2\" data-element_type=\"section\">\n\t\t\t\t\t\t<div class=\"elementor-container elementor-column-gap-default\">\n\t\t\t\t\t<div class=\"elementor-column elementor-col-100 elementor-top-column elementor-element elementor-element-b768fa0\" data-id=\"b768fa0\" data-element_type=\"column\">\n\t\t\t<div class=\"elementor-widget-wrap elementor-element-populated\">\n\t\t\t\t\t\t<div class=\"elementor-element elementor-element-c5c44a8 elementor-widget elementor-widget-spacer\" data-id=\"c5c44a8\" data-element_type=\"widget\" data-widget_type=\"spacer.default\">\n\t\t\t\t<div class=\"elementor-widget-container\">\n\t\t\t\t\t<div class=\"elementor-spacer\">\n\t\t\t<div class=\"elementor-spacer-inner\"><\/div>\n\t\t<\/div>\n\t\t\t\t<\/div>\n\t\t\t\t<\/div>\n\t\t\t\t\t<\/div>\n\t\t<\/div>\n\t\t\t\t\t<\/div>\n\t\t<\/section>\n\t\t\t\t<section class=\"elementor-section elementor-top-section elementor-element elementor-element-f4198c0 elementor-section-boxed elementor-section-height-default elementor-section-height-default\" data-id=\"f4198c0\" data-element_type=\"section\">\n\t\t\t\t\t\t<div class=\"elementor-container elementor-column-gap-default\">\n\t\t\t\t\t<div class=\"elementor-column elementor-col-100 elementor-top-column elementor-element elementor-element-378565e\" data-id=\"378565e\" data-element_type=\"column\">\n\t\t\t<div class=\"elementor-widget-wrap elementor-element-populated\">\n\t\t\t\t\t\t<div class=\"elementor-element elementor-element-b7c2dae elementor-widget elementor-widget-heading\" data-id=\"b7c2dae\" data-element_type=\"widget\" data-widget_type=\"heading.default\">\n\t\t\t\t<div class=\"elementor-widget-container\">\n\t\t\t<h2 class=\"elementor-heading-title elementor-size-default\">miniBip V2: Detailliertes Benutzerhandbuch<\/h2>\t\t<\/div>\n\t\t\t\t<\/div>\n\t\t\t\t\t<\/div>\n\t\t<\/div>\n\t\t\t\t\t<\/div>\n\t\t<\/section>\n\t\t\t\t<section class=\"elementor-section elementor-top-section elementor-element elementor-element-70fb4e6 elementor-section-boxed elementor-section-height-default elementor-section-height-default\" data-id=\"70fb4e6\" data-element_type=\"section\">\n\t\t\t\t\t\t<div class=\"elementor-container elementor-column-gap-default\">\n\t\t\t\t\t<div class=\"elementor-column elementor-col-100 elementor-top-column elementor-element elementor-element-207eb9a\" data-id=\"207eb9a\" data-element_type=\"column\">\n\t\t\t<div class=\"elementor-widget-wrap elementor-element-populated\">\n\t\t\t\t\t\t<div class=\"elementor-element elementor-element-148c208 elementor-widget elementor-widget-spacer\" data-id=\"148c208\" data-element_type=\"widget\" data-widget_type=\"spacer.default\">\n\t\t\t\t<div class=\"elementor-widget-container\">\n\t\t\t\t\t<div class=\"elementor-spacer\">\n\t\t\t<div class=\"elementor-spacer-inner\"><\/div>\n\t\t<\/div>\n\t\t\t\t<\/div>\n\t\t\t\t<\/div>\n\t\t\t\t\t<\/div>\n\t\t<\/div>\n\t\t\t\t\t<\/div>\n\t\t<\/section>\n\t\t\t\t<section class=\"elementor-section elementor-top-section elementor-element elementor-element-855846c elementor-section-boxed elementor-section-height-default elementor-section-height-default\" data-id=\"855846c\" data-element_type=\"section\">\n\t\t\t\t\t\t<div class=\"elementor-container elementor-column-gap-default\">\n\t\t\t\t\t<div class=\"elementor-column elementor-col-33 elementor-top-column elementor-element elementor-element-2785f5e\" data-id=\"2785f5e\" data-element_type=\"column\">\n\t\t\t<div class=\"elementor-widget-wrap elementor-element-populated\">\n\t\t\t\t\t\t<div class=\"elementor-element elementor-element-16873b6 elementor-widget elementor-widget-image\" data-id=\"16873b6\" data-element_type=\"widget\" data-widget_type=\"image.default\">\n\t\t\t\t<div class=\"elementor-widget-container\">\n\t\t\t\t\t\t\t\t\t\t\t\t\t<img fetchpriority=\"high\" decoding=\"async\" width=\"755\" height=\"539\" src=\"https:\/\/www.stodeus.com\/wp-content\/uploads\/2021\/03\/minibip_bulles_web_EN_setup.png\" class=\"attachment-large size-large wp-image-4700\" alt=\"\" srcset=\"https:\/\/www.stodeus.com\/wp-content\/uploads\/2021\/03\/minibip_bulles_web_EN_setup.png 755w, https:\/\/www.stodeus.com\/wp-content\/uploads\/2021\/03\/minibip_bulles_web_EN_setup-300x214.png 300w\" sizes=\"(max-width: 755px) 100vw, 755px\" \/>\t\t\t\t\t\t\t\t\t\t\t\t\t<\/div>\n\t\t\t\t<\/div>\n\t\t\t\t<div class=\"elementor-element elementor-element-2ac7983 elementor-widget elementor-widget-text-editor\" data-id=\"2ac7983\" data-element_type=\"widget\" data-widget_type=\"text-editor.default\">\n\t\t\t\t<div class=\"elementor-widget-container\">\n\t\t\t\t\t\t\t<p><strong>Montage :<\/strong>\u00a0Erstellen Sie einen Lerchenkopf mit der Befestigungsleine, um den miniBip V2 zu sichern.<\/p><ol><li>F\u00fchren Sie die kleine Schlaufe der Befestigungsleine durch den Griff des miniBip V2.<\/li><li>F\u00fchren Sie das andere Ende der Leine (gro\u00dfe Schlaufe) durch die kleine Schlaufe.<\/li><\/ol>\t\t\t\t\t\t<\/div>\n\t\t\t\t<\/div>\n\t\t\t\t\t<\/div>\n\t\t<\/div>\n\t\t\t\t<div class=\"elementor-column elementor-col-33 elementor-top-column elementor-element elementor-element-37ed441\" data-id=\"37ed441\" data-element_type=\"column\">\n\t\t\t<div class=\"elementor-widget-wrap elementor-element-populated\">\n\t\t\t\t\t\t<div class=\"elementor-element elementor-element-a6f1a37 elementor-widget elementor-widget-image\" data-id=\"a6f1a37\" data-element_type=\"widget\" data-widget_type=\"image.default\">\n\t\t\t\t<div class=\"elementor-widget-container\">\n\t\t\t\t\t\t\t\t\t\t\t\t\t<img decoding=\"async\" width=\"755\" height=\"539\" src=\"https:\/\/www.stodeus.com\/wp-content\/uploads\/2021\/03\/minibip_bulles_web_EN_installation.png\" class=\"attachment-large size-large wp-image-4699\" alt=\"\" srcset=\"https:\/\/www.stodeus.com\/wp-content\/uploads\/2021\/03\/minibip_bulles_web_EN_installation.png 755w, https:\/\/www.stodeus.com\/wp-content\/uploads\/2021\/03\/minibip_bulles_web_EN_installation-300x214.png 300w\" sizes=\"(max-width: 755px) 100vw, 755px\" \/>\t\t\t\t\t\t\t\t\t\t\t\t\t<\/div>\n\t\t\t\t<\/div>\n\t\t\t\t<div class=\"elementor-element elementor-element-f388e2c elementor-widget elementor-widget-text-editor\" data-id=\"f388e2c\" data-element_type=\"widget\" data-widget_type=\"text-editor.default\">\n\t\t\t\t<div class=\"elementor-widget-container\">\n\t\t\t\t\t\t\t<p><strong>Installation :\u00a0<\/strong>Im Lieferumfang des miniBip V2 sind 2 Klettverschl\u00fcsse enthalten, mit denen Sie ihn an Ihrer Ausr\u00fcstung befestigen k\u00f6nnen.<br \/>Sie k\u00f6nnen einen Klettverschluss auf die R\u00fcckseite Ihres Helms kleben und bei Bedarf den zweiten Klettverschluss auf den Schultergurt Ihres Gurtzeugs kleben\/n\u00e4hen oder die beiden aneinandergeklebten Schlaufen-Klettverschl\u00fcsse um den Tragegurt herum verwenden.<\/p><p><em>Anmerkung :\u00a0<strong>Die Anbringung am Schultergurt des Gurtzeugs wird empfohlen.<\/strong><\/em><br \/><em>Achten Sie am Helm darauf, dass Sie den miniBip V2 immer auf der R\u00fcckseite des Helms platzieren, nicht an der Seite, um inkonsistente Piept\u00f6ne zu vermeiden, die auf Ver\u00e4nderungen des relativen Windes zur\u00fcckzuf\u00fchren sind (z. B. wenn der Fahrer den Kopf dreht).<\/em><\/p>\t\t\t\t\t\t<\/div>\n\t\t\t\t<\/div>\n\t\t\t\t\t<\/div>\n\t\t<\/div>\n\t\t\t\t<div class=\"elementor-column elementor-col-33 elementor-top-column elementor-element elementor-element-df99c71\" data-id=\"df99c71\" data-element_type=\"column\">\n\t\t\t<div class=\"elementor-widget-wrap elementor-element-populated\">\n\t\t\t\t\t\t<div class=\"elementor-element elementor-element-caddd1c elementor-widget elementor-widget-image\" data-id=\"caddd1c\" data-element_type=\"widget\" data-widget_type=\"image.default\">\n\t\t\t\t<div class=\"elementor-widget-container\">\n\t\t\t\t\t\t\t\t\t\t\t\t\t<img decoding=\"async\" width=\"755\" height=\"539\" src=\"https:\/\/www.stodeus.com\/wp-content\/uploads\/2021\/03\/minibip_bulles_web_EN_on-off.png\" class=\"attachment-large size-large wp-image-4701\" alt=\"\" srcset=\"https:\/\/www.stodeus.com\/wp-content\/uploads\/2021\/03\/minibip_bulles_web_EN_on-off.png 755w, https:\/\/www.stodeus.com\/wp-content\/uploads\/2021\/03\/minibip_bulles_web_EN_on-off-300x214.png 300w\" sizes=\"(max-width: 755px) 100vw, 755px\" \/>\t\t\t\t\t\t\t\t\t\t\t\t\t<\/div>\n\t\t\t\t<\/div>\n\t\t\t\t<div class=\"elementor-element elementor-element-33577a4 elementor-widget elementor-widget-text-editor\" data-id=\"33577a4\" data-element_type=\"widget\" data-widget_type=\"text-editor.default\">\n\t\t\t\t<div class=\"elementor-widget-container\">\n\t\t\t\t\t\t\t<p><strong>AN :<\/strong>\u00a0um Ihren miniBip V2 einzuschalten, halten Sie die Taste 3 Sekunden lang gedr\u00fcckt. Sie h\u00f6ren die Startmelodie, gefolgt von der Anzeige des Batteriestands.<\/p><ul><li>3 Piept\u00f6ne + gr\u00fcne LED: Batterie 100%.<\/li><li>2 Piept\u00f6ne + orangefarbene LED: Batterie 50%.<\/li><li>1 Piepton + rote LED: Batterie 10%.<\/li><\/ul><p>\u00a0<\/p><p><strong>AUS : <\/strong>um Ihren miniBip V2 auszuschalten, halten Sie die Taste 3 Sekunden lang gedr\u00fcckt, dann h\u00f6ren Sie die Ausschaltmelodie.<\/p><p><em>Hinweis: Wenn die LED alle 3 Sekunden rot blinkt, ist der Akku leer und der miniBip V2 muss aufgeladen werden.<\/em><\/p>\t\t\t\t\t\t<\/div>\n\t\t\t\t<\/div>\n\t\t\t\t\t<\/div>\n\t\t<\/div>\n\t\t\t\t\t<\/div>\n\t\t<\/section>\n\t\t\t\t<section class=\"elementor-section elementor-top-section elementor-element elementor-element-96231c9 elementor-section-boxed elementor-section-height-default elementor-section-height-default\" data-id=\"96231c9\" data-element_type=\"section\">\n\t\t\t\t\t\t<div class=\"elementor-container elementor-column-gap-default\">\n\t\t\t\t\t<div class=\"elementor-column elementor-col-33 elementor-top-column elementor-element elementor-element-e8ba912\" data-id=\"e8ba912\" data-element_type=\"column\">\n\t\t\t<div class=\"elementor-widget-wrap elementor-element-populated\">\n\t\t\t\t\t\t<div class=\"elementor-element elementor-element-c90ba96 elementor-widget elementor-widget-image\" data-id=\"c90ba96\" data-element_type=\"widget\" data-widget_type=\"image.default\">\n\t\t\t\t<div class=\"elementor-widget-container\">\n\t\t\t\t\t\t\t\t\t\t\t\t\t<img loading=\"lazy\" decoding=\"async\" width=\"755\" height=\"539\" src=\"https:\/\/www.stodeus.com\/wp-content\/uploads\/2021\/03\/minibip_bulles_web_EN_volume.png\" class=\"attachment-large size-large wp-image-4703\" alt=\"\" srcset=\"https:\/\/www.stodeus.com\/wp-content\/uploads\/2021\/03\/minibip_bulles_web_EN_volume.png 755w, https:\/\/www.stodeus.com\/wp-content\/uploads\/2021\/03\/minibip_bulles_web_EN_volume-300x214.png 300w\" sizes=\"(max-width: 755px) 100vw, 755px\" \/>\t\t\t\t\t\t\t\t\t\t\t\t\t<\/div>\n\t\t\t\t<\/div>\n\t\t\t\t<div class=\"elementor-element elementor-element-7c71f0b elementor-widget elementor-widget-text-editor\" data-id=\"7c71f0b\" data-element_type=\"widget\" data-widget_type=\"text-editor.default\">\n\t\t\t\t<div class=\"elementor-widget-container\">\n\t\t\t\t\t\t\t<p><strong>Lautst\u00e4rke :<\/strong>\u00a0Zu jeder Zeit w\u00e4hrend des Fluges oder am Boden k\u00f6nnen Sie mit einem Klick auf die Schaltfl\u00e4che zwischen drei verschiedenen Lautst\u00e4rken w\u00e4hlen:<\/p><ul><li>Minimum<\/li><li>mittel<\/li><li>stark<\/li><\/ul>\t\t\t\t\t\t<\/div>\n\t\t\t\t<\/div>\n\t\t\t\t\t<\/div>\n\t\t<\/div>\n\t\t\t\t<div class=\"elementor-column elementor-col-33 elementor-top-column elementor-element elementor-element-0e30637\" data-id=\"0e30637\" data-element_type=\"column\">\n\t\t\t<div class=\"elementor-widget-wrap elementor-element-populated\">\n\t\t\t\t\t\t<div class=\"elementor-element elementor-element-f039650 elementor-widget elementor-widget-image\" data-id=\"f039650\" data-element_type=\"widget\" data-widget_type=\"image.default\">\n\t\t\t\t<div class=\"elementor-widget-container\">\n\t\t\t\t\t\t\t\t\t\t\t\t\t<img loading=\"lazy\" decoding=\"async\" width=\"755\" height=\"540\" src=\"https:\/\/www.stodeus.com\/wp-content\/uploads\/2023\/10\/minibip_V2_bulles_web_battery.png\" class=\"attachment-large size-large wp-image-14220\" alt=\"\" srcset=\"https:\/\/www.stodeus.com\/wp-content\/uploads\/2023\/10\/minibip_V2_bulles_web_battery.png 755w, https:\/\/www.stodeus.com\/wp-content\/uploads\/2023\/10\/minibip_V2_bulles_web_battery-300x214.png 300w, https:\/\/www.stodeus.com\/wp-content\/uploads\/2023\/10\/minibip_V2_bulles_web_battery-18x12.png 18w\" sizes=\"(max-width: 755px) 100vw, 755px\" \/>\t\t\t\t\t\t\t\t\t\t\t\t\t<\/div>\n\t\t\t\t<\/div>\n\t\t\t\t<div class=\"elementor-element elementor-element-a49168b elementor-widget elementor-widget-text-editor\" data-id=\"a49168b\" data-element_type=\"widget\" data-widget_type=\"text-editor.default\">\n\t\t\t\t<div class=\"elementor-widget-container\">\n\t\t\t\t\t\t\t<p><strong>Aufladen :<\/strong>\u00a0Wenn der Akkustand niedrig ist (10%), blinkt die LED rot. Dies zeigt Ihnen an, dass Sie den miniBip V2 aufladen m\u00fcssen.<\/p><p>Um den miniBip V2 aufzuladen, muss er ausgeschaltet sein. Verwenden Sie ein USB-C-Kabel und ein Netzladeger\u00e4t (mindestens 5V, 200mA).<br \/>Die LED leuchtet rot und wird dann dauerhaft gr\u00fcn, wenn der Ladevorgang abgeschlossen ist.<\/p><p><em>Anmerkung :\u00a0<strong>Achten Sie darauf, den miniBip V2 nicht bei hohen Temperaturen in einem Auto zu lassen, da dies den Akku besch\u00e4digen w\u00fcrde.<\/strong><\/em><\/p><p><em>Finden Sie die USB-C-Kabel von Stodeus <a href=\"https:\/\/www.stodeus.com\/de\/shop\/\">in unserem Online-Shop<\/a>In der Kategorie \"Zubeh\u00f6r\".<\/em><\/p>\t\t\t\t\t\t<\/div>\n\t\t\t\t<\/div>\n\t\t\t\t\t<\/div>\n\t\t<\/div>\n\t\t\t\t<div class=\"elementor-column elementor-col-33 elementor-top-column elementor-element elementor-element-aded27f\" data-id=\"aded27f\" data-element_type=\"column\">\n\t\t\t<div class=\"elementor-widget-wrap elementor-element-populated\">\n\t\t\t\t\t\t<div class=\"elementor-element elementor-element-237b0a5 elementor-widget elementor-widget-image\" data-id=\"237b0a5\" data-element_type=\"widget\" data-widget_type=\"image.default\">\n\t\t\t\t<div class=\"elementor-widget-container\">\n\t\t\t\t\t\t\t\t\t\t\t\t\t<img loading=\"lazy\" decoding=\"async\" width=\"755\" height=\"540\" src=\"https:\/\/www.stodeus.com\/wp-content\/uploads\/2023\/10\/minibip_V2_bulles_web_EN_reset.png\" class=\"attachment-large size-large wp-image-14221\" alt=\"\" srcset=\"https:\/\/www.stodeus.com\/wp-content\/uploads\/2023\/10\/minibip_V2_bulles_web_EN_reset.png 755w, https:\/\/www.stodeus.com\/wp-content\/uploads\/2023\/10\/minibip_V2_bulles_web_EN_reset-300x214.png 300w, https:\/\/www.stodeus.com\/wp-content\/uploads\/2023\/10\/minibip_V2_bulles_web_EN_reset-18x12.png 18w\" sizes=\"(max-width: 755px) 100vw, 755px\" \/>\t\t\t\t\t\t\t\t\t\t\t\t\t<\/div>\n\t\t\t\t<\/div>\n\t\t\t\t<div class=\"elementor-element elementor-element-28cc734 elementor-widget elementor-widget-text-editor\" data-id=\"28cc734\" data-element_type=\"widget\" data-widget_type=\"text-editor.default\">\n\t\t\t\t<div class=\"elementor-widget-container\">\n\t\t\t\t\t\t\t<p><strong>Reset :\u00a0<\/strong>Bei Bedarf k\u00f6nnen Sie jederzeit einen Werksreset durchf\u00fchren, indem Sie die Taste etwa 15 Sekunden lang gedr\u00fcckt halten.<\/p>\t\t\t\t\t\t<\/div>\n\t\t\t\t<\/div>\n\t\t\t\t\t<\/div>\n\t\t<\/div>\n\t\t\t\t\t<\/div>\n\t\t<\/section>\n\t\t\t\t<section class=\"elementor-section elementor-top-section elementor-element elementor-element-69c4905 elementor-section-boxed elementor-section-height-default elementor-section-height-default\" data-id=\"69c4905\" data-element_type=\"section\">\n\t\t\t\t\t\t<div class=\"elementor-container elementor-column-gap-default\">\n\t\t\t\t\t<div class=\"elementor-column elementor-col-100 elementor-top-column elementor-element elementor-element-2ac2ae5\" data-id=\"2ac2ae5\" data-element_type=\"column\">\n\t\t\t<div class=\"elementor-widget-wrap elementor-element-populated\">\n\t\t\t\t\t\t<div class=\"elementor-element elementor-element-193754b elementor-widget elementor-widget-spacer\" data-id=\"193754b\" data-element_type=\"widget\" data-widget_type=\"spacer.default\">\n\t\t\t\t<div class=\"elementor-widget-container\">\n\t\t\t\t\t<div class=\"elementor-spacer\">\n\t\t\t<div class=\"elementor-spacer-inner\"><\/div>\n\t\t<\/div>\n\t\t\t\t<\/div>\n\t\t\t\t<\/div>\n\t\t\t\t<div class=\"elementor-element elementor-element-faaa3ca elementor-widget elementor-widget-heading\" data-id=\"faaa3ca\" data-element_type=\"widget\" data-widget_type=\"heading.default\">\n\t\t\t\t<div class=\"elementor-widget-container\">\n\t\t\t<h2 class=\"elementor-heading-title elementor-size-default\">Hier k\u00f6nnen Sie die Druckversion des Benutzerhandbuchs herunterladen<\/h2>\t\t<\/div>\n\t\t\t\t<\/div>\n\t\t\t\t<div class=\"elementor-element elementor-element-f8f63cf elementor-widget elementor-widget-spacer\" data-id=\"f8f63cf\" data-element_type=\"widget\" data-widget_type=\"spacer.default\">\n\t\t\t\t<div class=\"elementor-widget-container\">\n\t\t\t\t\t<div class=\"elementor-spacer\">\n\t\t\t<div class=\"elementor-spacer-inner\"><\/div>\n\t\t<\/div>\n\t\t\t\t<\/div>\n\t\t\t\t<\/div>\n\t\t\t\t\t<\/div>\n\t\t<\/div>\n\t\t\t\t\t<\/div>\n\t\t<\/section>\n\t\t\t\t<section class=\"elementor-section elementor-top-section elementor-element elementor-element-100700e elementor-section-boxed elementor-section-height-default elementor-section-height-default\" data-id=\"100700e\" data-element_type=\"section\">\n\t\t\t\t\t\t<div class=\"elementor-container elementor-column-gap-default\">\n\t\t\t\t\t<div class=\"elementor-column elementor-col-100 elementor-top-column elementor-element elementor-element-2693815\" data-id=\"2693815\" data-element_type=\"column\">\n\t\t\t<div class=\"elementor-widget-wrap elementor-element-populated\">\n\t\t\t\t\t\t<div class=\"elementor-element elementor-element-43719ce elementor-widget elementor-widget-image\" data-id=\"43719ce\" data-element_type=\"widget\" data-widget_type=\"image.default\">\n\t\t\t\t<div class=\"elementor-widget-container\">\n\t\t\t\t\t\t\t\t\t\t\t\t\t<img decoding=\"async\" src=\"https:\/\/www.stodeus.com\/wp-content\/uploads\/2023\/10\/minibip_V2_user_manual_web_r.jpeg\" title=\"\" alt=\"\" loading=\"lazy\" \/>\t\t\t\t\t\t\t\t\t\t\t\t\t<\/div>\n\t\t\t\t<\/div>\n\t\t\t\t\t<\/div>\n\t\t<\/div>\n\t\t\t\t\t<\/div>\n\t\t<\/section>\n\t\t\t\t<section class=\"elementor-section elementor-top-section elementor-element elementor-element-803d7ea elementor-section-boxed elementor-section-height-default elementor-section-height-default\" data-id=\"803d7ea\" data-element_type=\"section\">\n\t\t\t\t\t\t<div class=\"elementor-container elementor-column-gap-default\">\n\t\t\t\t\t<div class=\"elementor-column elementor-col-100 elementor-top-column elementor-element elementor-element-e518976\" data-id=\"e518976\" data-element_type=\"column\">\n\t\t\t<div class=\"elementor-widget-wrap elementor-element-populated\">\n\t\t\t\t\t\t<div class=\"elementor-element elementor-element-90d9f46 elementor-widget elementor-widget-image\" data-id=\"90d9f46\" data-element_type=\"widget\" data-widget_type=\"image.default\">\n\t\t\t\t<div class=\"elementor-widget-container\">\n\t\t\t\t\t\t\t\t\t\t<figure class=\"wp-caption\">\n\t\t\t\t\t\t\t\t\t\t\t<a href=\"https:\/\/www.stodeus.com\/wp-content\/uploads\/2023\/10\/minibip_V2_user_manual_web.pdf\">\n\t\t\t\t\t\t\t<img decoding=\"async\" src=\"https:\/\/www.stodeus.com\/wp-content\/uploads\/elementor\/thumbs\/pdf-ozbqobpytae0hdbke2owbht6lk8ysegnm1tyzitres.png\" title=\"pdf\" alt=\"pdf\" loading=\"lazy\" \/>\t\t\t\t\t\t\t\t<\/a>\n\t\t\t\t\t\t\t\t\t\t\t<figcaption class=\"widget-image-caption wp-caption-text\">Download<\/figcaption>\n\t\t\t\t\t\t\t\t\t\t<\/figure>\n\t\t\t\t\t\t\t<\/div>\n\t\t\t\t<\/div>\n\t\t\t\t\t<\/div>\n\t\t<\/div>\n\t\t\t\t\t<\/div>\n\t\t<\/section>\n\t\t\t\t<section class=\"elementor-section elementor-top-section elementor-element elementor-element-5a312e3 elementor-section-boxed elementor-section-height-default elementor-section-height-default\" data-id=\"5a312e3\" data-element_type=\"section\">\n\t\t\t\t\t\t<div class=\"elementor-container elementor-column-gap-default\">\n\t\t\t\t\t<div class=\"elementor-column elementor-col-100 elementor-top-column elementor-element elementor-element-c408dc7\" data-id=\"c408dc7\" data-element_type=\"column\">\n\t\t\t<div class=\"elementor-widget-wrap elementor-element-populated\">\n\t\t\t\t\t\t<div class=\"elementor-element elementor-element-6b56efe elementor-widget elementor-widget-spacer\" data-id=\"6b56efe\" data-element_type=\"widget\" data-widget_type=\"spacer.default\">\n\t\t\t\t<div class=\"elementor-widget-container\">\n\t\t\t\t\t<div class=\"elementor-spacer\">\n\t\t\t<div class=\"elementor-spacer-inner\"><\/div>\n\t\t<\/div>\n\t\t\t\t<\/div>\n\t\t\t\t<\/div>\n\t\t\t\t<div class=\"elementor-element elementor-element-5dc807e elementor-widget elementor-widget-heading\" data-id=\"5dc807e\" data-element_type=\"widget\" data-widget_type=\"heading.default\">\n\t\t\t\t<div class=\"elementor-widget-container\">\n\t\t\t<h2 class=\"elementor-heading-title elementor-size-default\">Oder speichern Sie es im Bildformat auf Ihrem Smartphone.<\/h2>\t\t<\/div>\n\t\t\t\t<\/div>\n\t\t\t\t<div class=\"elementor-element elementor-element-bc1d171 elementor-widget elementor-widget-spacer\" data-id=\"bc1d171\" data-element_type=\"widget\" data-widget_type=\"spacer.default\">\n\t\t\t\t<div class=\"elementor-widget-container\">\n\t\t\t\t\t<div class=\"elementor-spacer\">\n\t\t\t<div class=\"elementor-spacer-inner\"><\/div>\n\t\t<\/div>\n\t\t\t\t<\/div>\n\t\t\t\t<\/div>\n\t\t\t\t\t<\/div>\n\t\t<\/div>\n\t\t\t\t\t<\/div>\n\t\t<\/section>\n\t\t\t\t<section class=\"elementor-section elementor-top-section elementor-element elementor-element-7a94f87 elementor-section-boxed elementor-section-height-default elementor-section-height-default\" data-id=\"7a94f87\" data-element_type=\"section\">\n\t\t\t\t\t\t<div class=\"elementor-container elementor-column-gap-default\">\n\t\t\t\t\t<div class=\"elementor-column elementor-col-100 elementor-top-column elementor-element elementor-element-8e5e781\" data-id=\"8e5e781\" data-element_type=\"column\">\n\t\t\t<div class=\"elementor-widget-wrap elementor-element-populated\">\n\t\t\t\t\t\t<div class=\"elementor-element elementor-element-7acbd07 elementor-widget elementor-widget-image\" data-id=\"7acbd07\" data-element_type=\"widget\" data-widget_type=\"image.default\">\n\t\t\t\t<div class=\"elementor-widget-container\">\n\t\t\t\t\t\t\t\t\t\t<figure class=\"wp-caption\">\n\t\t\t\t\t\t\t\t\t\t\t<a href=\"https:\/\/www.stodeus.com\/wp-content\/uploads\/2023\/10\/minibip_V2_user_manual_web_r.jpeg\">\n\t\t\t\t\t\t\t<img decoding=\"async\" src=\"https:\/\/www.stodeus.com\/wp-content\/uploads\/elementor\/thumbs\/png-ozbqodln6ygl4l8u33i5ghc3sbzp7so4ab4xy2qz2c.png\" title=\"png\" alt=\"png\" loading=\"lazy\" \/>\t\t\t\t\t\t\t\t<\/a>\n\t\t\t\t\t\t\t\t\t\t\t<figcaption class=\"widget-image-caption wp-caption-text\">Download<\/figcaption>\n\t\t\t\t\t\t\t\t\t\t<\/figure>\n\t\t\t\t\t\t\t<\/div>\n\t\t\t\t<\/div>\n\t\t\t\t\t<\/div>\n\t\t<\/div>\n\t\t\t\t\t<\/div>\n\t\t<\/section>\n\t\t\t\t<\/div>","protected":false},"excerpt":{"rendered":"<p>miniBip V2 : guide d&rsquo;utilisation d\u00e9taill\u00e9 Montage :\u00a0R\u00e9alisez une t\u00eate d\u2019alouette avec la suspente d\u2019attache afin de s\u00e9curiser le miniBip V2. Passez la petite boucle de la suspente d\u2019attache dans la poign\u00e9e du miniBip V2. Faites passer l\u2019autre extr\u00e9mit\u00e9 de la suspente (grande boucle) \u00e0 l\u2019int\u00e9rieur de la petite boucle. Installation :\u00a02 velcros boucles sont [&hellip;]<\/p>\n","protected":false},"author":2,"featured_media":0,"parent":0,"menu_order":0,"comment_status":"closed","ping_status":"closed","template":"","meta":{"footnotes":""},"class_list":["post-4685","page","type-page","status-publish","hentry"],"_links":{"self":[{"href":"https:\/\/www.stodeus.com\/de\/wp-json\/wp\/v2\/pages\/4685","targetHints":{"allow":["GET"]}}],"collection":[{"href":"https:\/\/www.stodeus.com\/de\/wp-json\/wp\/v2\/pages"}],"about":[{"href":"https:\/\/www.stodeus.com\/de\/wp-json\/wp\/v2\/types\/page"}],"author":[{"embeddable":true,"href":"https:\/\/www.stodeus.com\/de\/wp-json\/wp\/v2\/users\/2"}],"replies":[{"embeddable":true,"href":"https:\/\/www.stodeus.com\/de\/wp-json\/wp\/v2\/comments?post=4685"}],"version-history":[{"count":82,"href":"https:\/\/www.stodeus.com\/de\/wp-json\/wp\/v2\/pages\/4685\/revisions"}],"predecessor-version":[{"id":15982,"href":"https:\/\/www.stodeus.com\/de\/wp-json\/wp\/v2\/pages\/4685\/revisions\/15982"}],"wp:attachment":[{"href":"https:\/\/www.stodeus.com\/de\/wp-json\/wp\/v2\/media?parent=4685"}],"curies":[{"name":"wp","href":"https:\/\/api.w.org\/{rel}","templated":true}]}}