{"id":723,"date":"2015-07-10T15:44:10","date_gmt":"2015-07-10T14:44:10","guid":{"rendered":"http:\/\/www.stodeus.com\/?page_id=723"},"modified":"2022-11-02T11:51:46","modified_gmt":"2022-11-02T10:51:46","slug":"solar-usb-battery","status":"publish","type":"page","link":"https:\/\/www.stodeus.com\/en\/solar-usb-battery\/","title":{"rendered":"leSolarPad: Solar USB battery"},"content":{"rendered":"\t\t<div data-elementor-type=\"wp-page\" data-elementor-id=\"723\" class=\"elementor elementor-723\" data-elementor-post-type=\"page\">\n\t\t\t\t\t\t<section class=\"elementor-section elementor-top-section elementor-element elementor-element-14120bc elementor-section-boxed elementor-section-height-default elementor-section-height-default\" data-id=\"14120bc\" data-element_type=\"section\">\n\t\t\t\t\t\t<div class=\"elementor-container elementor-column-gap-default\">\n\t\t\t\t\t<div class=\"elementor-column elementor-col-100 elementor-top-column elementor-element elementor-element-7764807\" data-id=\"7764807\" data-element_type=\"column\" data-settings=\"{&quot;background_background&quot;:&quot;slideshow&quot;,&quot;background_slideshow_gallery&quot;:[{&quot;id&quot;:3186,&quot;url&quot;:&quot;https:\\\/\\\/www.stodeus.com\\\/wp-content\\\/uploads\\\/2018\\\/08\\\/lesolarpad_charging_smartphone_2.jpg&quot;}],&quot;background_slideshow_slide_duration&quot;:5000,&quot;background_slideshow_slide_transition&quot;:&quot;fade&quot;,&quot;background_slideshow_transition_duration&quot;:500}\">\n\t\t\t<div class=\"elementor-widget-wrap elementor-element-populated\">\n\t\t\t\t\t\t<div class=\"elementor-element elementor-element-93ea2a9 elementor-widget elementor-widget-spacer\" data-id=\"93ea2a9\" data-element_type=\"widget\" data-widget_type=\"spacer.default\">\n\t\t\t\t<div class=\"elementor-widget-container\">\n\t\t\t\t\t<div class=\"elementor-spacer\">\n\t\t\t<div class=\"elementor-spacer-inner\"><\/div>\n\t\t<\/div>\n\t\t\t\t<\/div>\n\t\t\t\t<\/div>\n\t\t\t\t\t<\/div>\n\t\t<\/div>\n\t\t\t\t\t<\/div>\n\t\t<\/section>\n\t\t\t\t<section class=\"elementor-section elementor-top-section elementor-element elementor-element-4d1e862 elementor-section-boxed elementor-section-height-default elementor-section-height-default\" data-id=\"4d1e862\" data-element_type=\"section\">\n\t\t\t\t\t\t<div class=\"elementor-container elementor-column-gap-default\">\n\t\t\t\t\t<div class=\"elementor-column elementor-col-100 elementor-top-column elementor-element elementor-element-8bca1f5\" data-id=\"8bca1f5\" data-element_type=\"column\">\n\t\t\t<div class=\"elementor-widget-wrap elementor-element-populated\">\n\t\t\t\t\t\t<div class=\"elementor-element elementor-element-5455338 elementor-widget elementor-widget-spacer\" data-id=\"5455338\" data-element_type=\"widget\" data-widget_type=\"spacer.default\">\n\t\t\t\t<div class=\"elementor-widget-container\">\n\t\t\t\t\t<div class=\"elementor-spacer\">\n\t\t\t<div class=\"elementor-spacer-inner\"><\/div>\n\t\t<\/div>\n\t\t\t\t<\/div>\n\t\t\t\t<\/div>\n\t\t\t\t<div class=\"elementor-element elementor-element-a99ceba elementor-widget elementor-widget-heading\" data-id=\"a99ceba\" data-element_type=\"widget\" data-widget_type=\"heading.default\">\n\t\t\t\t<div class=\"elementor-widget-container\">\n\t\t\t<h2 class=\"elementor-heading-title elementor-size-default\">leSolarPad : batterie USB solaire<\/h2>\t\t<\/div>\n\t\t\t\t<\/div>\n\t\t\t\t<div class=\"elementor-element elementor-element-6b2064c elementor-widget elementor-widget-spacer\" data-id=\"6b2064c\" data-element_type=\"widget\" data-widget_type=\"spacer.default\">\n\t\t\t\t<div class=\"elementor-widget-container\">\n\t\t\t\t\t<div class=\"elementor-spacer\">\n\t\t\t<div class=\"elementor-spacer-inner\"><\/div>\n\t\t<\/div>\n\t\t\t\t<\/div>\n\t\t\t\t<\/div>\n\t\t\t\t\t<\/div>\n\t\t<\/div>\n\t\t\t\t\t<\/div>\n\t\t<\/section>\n\t\t\t\t<section class=\"elementor-section elementor-top-section elementor-element elementor-element-f25e8ff elementor-section-boxed elementor-section-height-default elementor-section-height-default\" data-id=\"f25e8ff\" data-element_type=\"section\">\n\t\t\t\t\t\t<div class=\"elementor-container elementor-column-gap-default\">\n\t\t\t\t\t<div class=\"elementor-column elementor-col-66 elementor-top-column elementor-element elementor-element-9121e04\" data-id=\"9121e04\" data-element_type=\"column\">\n\t\t\t<div class=\"elementor-widget-wrap elementor-element-populated\">\n\t\t\t\t\t\t<div class=\"elementor-element elementor-element-d76fa80 elementor-widget elementor-widget-heading\" data-id=\"d76fa80\" data-element_type=\"widget\" data-widget_type=\"heading.default\">\n\t\t\t\t<div class=\"elementor-widget-container\">\n\t\t\t<h2 class=\"elementor-heading-title elementor-size-default\">Fonctions<\/h2>\t\t<\/div>\n\t\t\t\t<\/div>\n\t\t\t\t<div class=\"elementor-element elementor-element-eb8dfd9 elementor-widget elementor-widget-text-editor\" data-id=\"eb8dfd9\" data-element_type=\"widget\" data-widget_type=\"text-editor.default\">\n\t\t\t\t<div class=\"elementor-widget-container\">\n\t\t\t\t\t\t\t<ul><li><strong>Large panneau solaire de 2.5 watts permettant un fonctionnement total du smartphone en plein soleil<\/strong><\/li><li><strong>2 x connecteur USB pour t\u00e9l\u00e9phone, tablette, eBook ou GPS<\/strong><\/li><li><strong>Niveau de charge avec 4 led<\/strong><\/li><li><strong>Recharge rapide \u00e0 la maison en 5 heures avec un adaptateur secteur<\/strong><\/li><li><strong>Charge solaire compl\u00e8te en 20 heures<\/strong><\/li><li><strong>Lampe \u00e0\u00a0LED pour camping<\/strong><\/li><\/ul>\t\t\t\t\t\t<\/div>\n\t\t\t\t<\/div>\n\t\t\t\t\t<\/div>\n\t\t<\/div>\n\t\t\t\t<div class=\"elementor-column elementor-col-33 elementor-top-column elementor-element elementor-element-432d223\" data-id=\"432d223\" data-element_type=\"column\">\n\t\t\t<div class=\"elementor-widget-wrap elementor-element-populated\">\n\t\t\t\t\t\t<div class=\"elementor-element elementor-element-a0833d0 elementor-widget elementor-widget-image\" data-id=\"a0833d0\" data-element_type=\"widget\" data-widget_type=\"image.default\">\n\t\t\t\t<div class=\"elementor-widget-container\">\n\t\t\t\t\t\t\t\t\t\t<figure class=\"wp-caption\">\n\t\t\t\t\t\t\t\t\t\t\t<a href=\"https:\/\/www.stodeus.com\/wp-content\/uploads\/2019\/08\/IMG_3999_w_r_z.jpg\" data-elementor-open-lightbox=\"yes\" data-elementor-lightbox-title=\"IMG_3999_w_r_z\" data-e-action-hash=\"#elementor-action%3Aaction%3Dlightbox%26settings%3DeyJpZCI6MzUxNiwidXJsIjoiaHR0cHM6XC9cL3d3dy5zdG9kZXVzLmNvbVwvd3AtY29udGVudFwvdXBsb2Fkc1wvMjAxOVwvMDhcL0lNR18zOTk5X3dfcl96LmpwZyJ9\">\n\t\t\t\t\t\t\t<img fetchpriority=\"high\" decoding=\"async\" width=\"800\" height=\"533\" src=\"https:\/\/www.stodeus.com\/wp-content\/uploads\/2019\/08\/IMG_3999_w_r_z.jpg\" class=\"attachment-large size-large wp-image-3516\" alt=\"\" srcset=\"https:\/\/www.stodeus.com\/wp-content\/uploads\/2019\/08\/IMG_3999_w_r_z.jpg 900w, https:\/\/www.stodeus.com\/wp-content\/uploads\/2019\/08\/IMG_3999_w_r_z-300x200.jpg 300w, https:\/\/www.stodeus.com\/wp-content\/uploads\/2019\/08\/IMG_3999_w_r_z-768x512.jpg 768w\" sizes=\"(max-width: 800px) 100vw, 800px\" \/>\t\t\t\t\t\t\t\t<\/a>\n\t\t\t\t\t\t\t\t\t\t\t<figcaption class=\"widget-image-caption wp-caption-text\">Large panneau solaire<\/figcaption>\n\t\t\t\t\t\t\t\t\t\t<\/figure>\n\t\t\t\t\t\t\t<\/div>\n\t\t\t\t<\/div>\n\t\t\t\t\t<\/div>\n\t\t<\/div>\n\t\t\t\t\t<\/div>\n\t\t<\/section>\n\t\t\t\t<section class=\"elementor-section elementor-top-section elementor-element elementor-element-d84ace3 elementor-section-boxed elementor-section-height-default elementor-section-height-default\" data-id=\"d84ace3\" data-element_type=\"section\">\n\t\t\t\t\t\t<div class=\"elementor-container elementor-column-gap-default\">\n\t\t\t\t\t<div class=\"elementor-column elementor-col-66 elementor-top-column elementor-element elementor-element-ac7ff0e\" data-id=\"ac7ff0e\" data-element_type=\"column\">\n\t\t\t<div class=\"elementor-widget-wrap elementor-element-populated\">\n\t\t\t\t\t\t<div class=\"elementor-element elementor-element-5174aa4 elementor-widget elementor-widget-heading\" data-id=\"5174aa4\" data-element_type=\"widget\" data-widget_type=\"heading.default\">\n\t\t\t\t<div class=\"elementor-widget-container\">\n\t\t\t<h2 class=\"elementor-heading-title elementor-size-default\">Caract\u00e9ristiques<\/h2>\t\t<\/div>\n\t\t\t\t<\/div>\n\t\t\t\t<div class=\"elementor-element elementor-element-b2928e9 elementor-widget elementor-widget-text-editor\" data-id=\"b2928e9\" data-element_type=\"widget\" data-widget_type=\"text-editor.default\">\n\t\t\t\t<div class=\"elementor-widget-container\">\n\t\t\t\t\t\t\t<ul><li>Cellule solaire monocristallin 2.5W<\/li><li>2 x sorties USB\u00a0 5V\/2.1A<\/li><li>1 x entr\u00e9e micro USB pour charge rapide (5V\/2A, non inclus)<\/li><li>Batterie interne Li-Ion 5600mAh<\/li><li>Lampe de poche led 2x 0.25W<\/li><li>Indicateur de charge solaire (led verte)<\/li><li>Indicateur de capacit\u00e9 (leds bleus)<\/li><li>R\u00e9sistant aux projections d\u2019eau : IP65<\/li><li>R\u00e9sistant aux chocs : IK08<\/li><li>275gr, 16.5*16.5cm, 1cm d\u2019\u00e9paisseur<\/li><\/ul>\t\t\t\t\t\t<\/div>\n\t\t\t\t<\/div>\n\t\t\t\t\t<\/div>\n\t\t<\/div>\n\t\t\t\t<div class=\"elementor-column elementor-col-33 elementor-top-column elementor-element elementor-element-ce4b425\" data-id=\"ce4b425\" data-element_type=\"column\">\n\t\t\t<div class=\"elementor-widget-wrap elementor-element-populated\">\n\t\t\t\t\t\t<div class=\"elementor-element elementor-element-8a8dc1e elementor-widget elementor-widget-image\" data-id=\"8a8dc1e\" data-element_type=\"widget\" data-widget_type=\"image.default\">\n\t\t\t\t<div class=\"elementor-widget-container\">\n\t\t\t\t\t\t\t\t\t\t<figure class=\"wp-caption\">\n\t\t\t\t\t\t\t\t\t\t\t<a href=\"https:\/\/www.stodeus.com\/wp-content\/uploads\/2019\/08\/IMG_4000_w_r_z.jpg\" data-elementor-open-lightbox=\"yes\" data-elementor-lightbox-title=\"IMG_4000_w_r_z\" data-e-action-hash=\"#elementor-action%3Aaction%3Dlightbox%26settings%3DeyJpZCI6MzUxNywidXJsIjoiaHR0cHM6XC9cL3d3dy5zdG9kZXVzLmNvbVwvd3AtY29udGVudFwvdXBsb2Fkc1wvMjAxOVwvMDhcL0lNR180MDAwX3dfcl96LmpwZyJ9\">\n\t\t\t\t\t\t\t<img decoding=\"async\" width=\"800\" height=\"533\" src=\"https:\/\/www.stodeus.com\/wp-content\/uploads\/2019\/08\/IMG_4000_w_r_z.jpg\" class=\"attachment-large size-large wp-image-3517\" alt=\"\" srcset=\"https:\/\/www.stodeus.com\/wp-content\/uploads\/2019\/08\/IMG_4000_w_r_z.jpg 900w, https:\/\/www.stodeus.com\/wp-content\/uploads\/2019\/08\/IMG_4000_w_r_z-300x200.jpg 300w, https:\/\/www.stodeus.com\/wp-content\/uploads\/2019\/08\/IMG_4000_w_r_z-768x512.jpg 768w\" sizes=\"(max-width: 800px) 100vw, 800px\" \/>\t\t\t\t\t\t\t\t<\/a>\n\t\t\t\t\t\t\t\t\t\t\t<figcaption class=\"widget-image-caption wp-caption-text\">Puissante lampe LED au dos<\/figcaption>\n\t\t\t\t\t\t\t\t\t\t<\/figure>\n\t\t\t\t\t\t\t<\/div>\n\t\t\t\t<\/div>\n\t\t\t\t\t<\/div>\n\t\t<\/div>\n\t\t\t\t\t<\/div>\n\t\t<\/section>\n\t\t\t\t<section class=\"elementor-section elementor-top-section elementor-element elementor-element-8c2c56b elementor-section-boxed elementor-section-height-default elementor-section-height-default\" data-id=\"8c2c56b\" data-element_type=\"section\">\n\t\t\t\t\t\t<div class=\"elementor-container elementor-column-gap-default\">\n\t\t\t\t\t<div class=\"elementor-column elementor-col-66 elementor-top-column elementor-element elementor-element-603cecc\" data-id=\"603cecc\" data-element_type=\"column\">\n\t\t\t<div class=\"elementor-widget-wrap elementor-element-populated\">\n\t\t\t\t\t\t<div class=\"elementor-element elementor-element-abd0f47 elementor-widget elementor-widget-image\" data-id=\"abd0f47\" data-element_type=\"widget\" data-widget_type=\"image.default\">\n\t\t\t\t<div class=\"elementor-widget-container\">\n\t\t\t\t\t\t\t\t\t\t\t\t\t<img decoding=\"async\" width=\"318\" height=\"150\" src=\"https:\/\/www.stodeus.com\/wp-content\/uploads\/2018\/12\/IP65_IK08.jpg\" class=\"attachment-large size-large wp-image-3313\" alt=\"\" srcset=\"https:\/\/www.stodeus.com\/wp-content\/uploads\/2018\/12\/IP65_IK08.jpg 318w, https:\/\/www.stodeus.com\/wp-content\/uploads\/2018\/12\/IP65_IK08-300x142.jpg 300w\" sizes=\"(max-width: 318px) 100vw, 318px\" \/>\t\t\t\t\t\t\t\t\t\t\t\t\t<\/div>\n\t\t\t\t<\/div>\n\t\t\t\t\t<\/div>\n\t\t<\/div>\n\t\t\t\t<div class=\"elementor-column elementor-col-33 elementor-top-column elementor-element elementor-element-8e87eef\" data-id=\"8e87eef\" data-element_type=\"column\">\n\t\t\t<div class=\"elementor-widget-wrap elementor-element-populated\">\n\t\t\t\t\t\t<div class=\"elementor-element elementor-element-6781841 elementor-widget elementor-widget-image\" data-id=\"6781841\" data-element_type=\"widget\" data-widget_type=\"image.default\">\n\t\t\t\t<div class=\"elementor-widget-container\">\n\t\t\t\t\t\t\t\t\t\t<figure class=\"wp-caption\">\n\t\t\t\t\t\t\t\t\t\t\t<a href=\"https:\/\/www.stodeus.com\/wp-content\/uploads\/2019\/08\/IMG_4001_w_r.jpg\" data-elementor-open-lightbox=\"yes\" data-elementor-lightbox-title=\"IMG_4001_w_r\" data-e-action-hash=\"#elementor-action%3Aaction%3Dlightbox%26settings%3DeyJpZCI6MzUxOCwidXJsIjoiaHR0cHM6XC9cL3d3dy5zdG9kZXVzLmNvbVwvd3AtY29udGVudFwvdXBsb2Fkc1wvMjAxOVwvMDhcL0lNR180MDAxX3dfci5qcGcifQ%3D%3D\">\n\t\t\t\t\t\t\t<img loading=\"lazy\" decoding=\"async\" width=\"800\" height=\"533\" src=\"https:\/\/www.stodeus.com\/wp-content\/uploads\/2019\/08\/IMG_4001_w_r.jpg\" class=\"attachment-large size-large wp-image-3518\" alt=\"\" srcset=\"https:\/\/www.stodeus.com\/wp-content\/uploads\/2019\/08\/IMG_4001_w_r.jpg 900w, https:\/\/www.stodeus.com\/wp-content\/uploads\/2019\/08\/IMG_4001_w_r-300x200.jpg 300w, https:\/\/www.stodeus.com\/wp-content\/uploads\/2019\/08\/IMG_4001_w_r-768x512.jpg 768w\" sizes=\"(max-width: 800px) 100vw, 800px\" \/>\t\t\t\t\t\t\t\t<\/a>\n\t\t\t\t\t\t\t\t\t\t\t<figcaption class=\"widget-image-caption wp-caption-text\">ports USB et de charge<\/figcaption>\n\t\t\t\t\t\t\t\t\t\t<\/figure>\n\t\t\t\t\t\t\t<\/div>\n\t\t\t\t<\/div>\n\t\t\t\t\t<\/div>\n\t\t<\/div>\n\t\t\t\t\t<\/div>\n\t\t<\/section>\n\t\t\t\t<section class=\"elementor-section elementor-top-section elementor-element elementor-element-0b6a808 elementor-section-boxed elementor-section-height-default elementor-section-height-default\" data-id=\"0b6a808\" data-element_type=\"section\">\n\t\t\t\t\t\t<div class=\"elementor-container elementor-column-gap-default\">\n\t\t\t\t\t<div class=\"elementor-column elementor-col-66 elementor-top-column elementor-element elementor-element-1413a97\" data-id=\"1413a97\" data-element_type=\"column\">\n\t\t\t<div class=\"elementor-widget-wrap elementor-element-populated\">\n\t\t\t\t\t\t<div class=\"elementor-element elementor-element-21481e7 elementor-widget elementor-widget-heading\" data-id=\"21481e7\" data-element_type=\"widget\" data-widget_type=\"heading.default\">\n\t\t\t\t<div class=\"elementor-widget-container\">\n\t\t\t<h2 class=\"elementor-heading-title elementor-size-default\">Inclus<\/h2>\t\t<\/div>\n\t\t\t\t<\/div>\n\t\t\t\t<div class=\"elementor-element elementor-element-6a52479 elementor-widget elementor-widget-spacer\" data-id=\"6a52479\" data-element_type=\"widget\" data-widget_type=\"spacer.default\">\n\t\t\t\t<div class=\"elementor-widget-container\">\n\t\t\t\t\t<div class=\"elementor-spacer\">\n\t\t\t<div class=\"elementor-spacer-inner\"><\/div>\n\t\t<\/div>\n\t\t\t\t<\/div>\n\t\t\t\t<\/div>\n\t\t\t\t<div class=\"elementor-element elementor-element-fff2d99 elementor-widget elementor-widget-text-editor\" data-id=\"fff2d99\" data-element_type=\"widget\" data-widget_type=\"text-editor.default\">\n\t\t\t\t<div class=\"elementor-widget-container\">\n\t\t\t\t\t\t\t<ul><li>leSolarPad 2.5W 5600mAh<\/li><li>c\u00e2ble micro USB 40cm coud\u00e9 aux deux extr\u00e9mit\u00e9s<\/li><li>4 attaches velcro pour sac ou cockpit<\/li><li>Dragonne de s\u00e9curisation<\/li><\/ul>\t\t\t\t\t\t<\/div>\n\t\t\t\t<\/div>\n\t\t\t\t\t<\/div>\n\t\t<\/div>\n\t\t\t\t<div class=\"elementor-column elementor-col-33 elementor-top-column elementor-element elementor-element-77de9d5\" data-id=\"77de9d5\" data-element_type=\"column\">\n\t\t\t<div class=\"elementor-widget-wrap elementor-element-populated\">\n\t\t\t\t\t\t<div class=\"elementor-element elementor-element-421ca19 elementor-widget elementor-widget-image\" data-id=\"421ca19\" data-element_type=\"widget\" data-widget_type=\"image.default\">\n\t\t\t\t<div class=\"elementor-widget-container\">\n\t\t\t\t\t\t\t\t\t\t<figure class=\"wp-caption\">\n\t\t\t\t\t\t\t\t\t\t\t<a href=\"https:\/\/www.stodeus.com\/wp-content\/uploads\/2019\/08\/IMG_4000_w_r_z.jpg\" data-elementor-open-lightbox=\"yes\" data-elementor-lightbox-title=\"IMG_4000_w_r_z\" data-e-action-hash=\"#elementor-action%3Aaction%3Dlightbox%26settings%3DeyJpZCI6MzUxNywidXJsIjoiaHR0cHM6XC9cL3d3dy5zdG9kZXVzLmNvbVwvd3AtY29udGVudFwvdXBsb2Fkc1wvMjAxOVwvMDhcL0lNR180MDAwX3dfcl96LmpwZyJ9\">\n\t\t\t\t\t\t\t<img decoding=\"async\" width=\"800\" height=\"533\" src=\"https:\/\/www.stodeus.com\/wp-content\/uploads\/2019\/08\/IMG_4000_w_r_z.jpg\" class=\"attachment-large size-large wp-image-3517\" alt=\"\" srcset=\"https:\/\/www.stodeus.com\/wp-content\/uploads\/2019\/08\/IMG_4000_w_r_z.jpg 900w, https:\/\/www.stodeus.com\/wp-content\/uploads\/2019\/08\/IMG_4000_w_r_z-300x200.jpg 300w, https:\/\/www.stodeus.com\/wp-content\/uploads\/2019\/08\/IMG_4000_w_r_z-768x512.jpg 768w\" sizes=\"(max-width: 800px) 100vw, 800px\" \/>\t\t\t\t\t\t\t\t<\/a>\n\t\t\t\t\t\t\t\t\t\t\t<figcaption class=\"widget-image-caption wp-caption-text\">Puissante lampe LED au dos<\/figcaption>\n\t\t\t\t\t\t\t\t\t\t<\/figure>\n\t\t\t\t\t\t\t<\/div>\n\t\t\t\t<\/div>\n\t\t\t\t\t<\/div>\n\t\t<\/div>\n\t\t\t\t\t<\/div>\n\t\t<\/section>\n\t\t\t\t<section class=\"elementor-section elementor-top-section elementor-element elementor-element-3e175d6 elementor-section-boxed elementor-section-height-default elementor-section-height-default\" data-id=\"3e175d6\" data-element_type=\"section\">\n\t\t\t\t\t\t<div class=\"elementor-container elementor-column-gap-default\">\n\t\t\t\t\t<div class=\"elementor-column elementor-col-66 elementor-top-column elementor-element elementor-element-6bb26a7\" data-id=\"6bb26a7\" data-element_type=\"column\">\n\t\t\t<div class=\"elementor-widget-wrap\">\n\t\t\t\t\t\t\t<\/div>\n\t\t<\/div>\n\t\t\t\t<div class=\"elementor-column elementor-col-33 elementor-top-column elementor-element elementor-element-b95c415\" data-id=\"b95c415\" data-element_type=\"column\">\n\t\t\t<div class=\"elementor-widget-wrap elementor-element-populated\">\n\t\t\t\t\t\t<div class=\"elementor-element elementor-element-1a7712c elementor-widget elementor-widget-image\" data-id=\"1a7712c\" data-element_type=\"widget\" data-widget_type=\"image.default\">\n\t\t\t\t<div class=\"elementor-widget-container\">\n\t\t\t\t\t\t\t\t\t\t<figure class=\"wp-caption\">\n\t\t\t\t\t\t\t\t\t\t\t<a href=\"https:\/\/www.stodeus.com\/wp-content\/uploads\/2019\/08\/IMG_4002_w_r.jpg\" data-elementor-open-lightbox=\"yes\" data-elementor-lightbox-title=\"IMG_4002_w_r\" data-e-action-hash=\"#elementor-action%3Aaction%3Dlightbox%26settings%3DeyJpZCI6MzUxOSwidXJsIjoiaHR0cHM6XC9cL3d3dy5zdG9kZXVzLmNvbVwvd3AtY29udGVudFwvdXBsb2Fkc1wvMjAxOVwvMDhcL0lNR180MDAyX3dfci5qcGcifQ%3D%3D\">\n\t\t\t\t\t\t\t<img loading=\"lazy\" decoding=\"async\" width=\"800\" height=\"533\" src=\"https:\/\/www.stodeus.com\/wp-content\/uploads\/2019\/08\/IMG_4002_w_r.jpg\" class=\"attachment-large size-large wp-image-3519\" alt=\"\" srcset=\"https:\/\/www.stodeus.com\/wp-content\/uploads\/2019\/08\/IMG_4002_w_r.jpg 900w, https:\/\/www.stodeus.com\/wp-content\/uploads\/2019\/08\/IMG_4002_w_r-300x200.jpg 300w, https:\/\/www.stodeus.com\/wp-content\/uploads\/2019\/08\/IMG_4002_w_r-768x512.jpg 768w\" sizes=\"(max-width: 800px) 100vw, 800px\" \/>\t\t\t\t\t\t\t\t<\/a>\n\t\t\t\t\t\t\t\t\t\t\t<figcaption class=\"widget-image-caption wp-caption-text\">Indicateurs de batterie LED<\/figcaption>\n\t\t\t\t\t\t\t\t\t\t<\/figure>\n\t\t\t\t\t\t\t<\/div>\n\t\t\t\t<\/div>\n\t\t\t\t\t<\/div>\n\t\t<\/div>\n\t\t\t\t\t<\/div>\n\t\t<\/section>\n\t\t\t\t<section class=\"elementor-section elementor-top-section elementor-element elementor-element-3ceedc9 elementor-section-boxed elementor-section-height-default elementor-section-height-default\" data-id=\"3ceedc9\" data-element_type=\"section\">\n\t\t\t\t\t\t<div class=\"elementor-container elementor-column-gap-default\">\n\t\t\t\t\t<div class=\"elementor-column elementor-col-66 elementor-top-column elementor-element elementor-element-1807531\" data-id=\"1807531\" data-element_type=\"column\">\n\t\t\t<div class=\"elementor-widget-wrap\">\n\t\t\t\t\t\t\t<\/div>\n\t\t<\/div>\n\t\t\t\t<div class=\"elementor-column elementor-col-33 elementor-top-column elementor-element elementor-element-3905f23\" data-id=\"3905f23\" data-element_type=\"column\">\n\t\t\t<div class=\"elementor-widget-wrap elementor-element-populated\">\n\t\t\t\t\t\t<div class=\"elementor-element elementor-element-7d4b6a9 elementor-widget elementor-widget-image\" data-id=\"7d4b6a9\" data-element_type=\"widget\" data-widget_type=\"image.default\">\n\t\t\t\t<div class=\"elementor-widget-container\">\n\t\t\t\t\t\t\t\t\t\t<figure class=\"wp-caption\">\n\t\t\t\t\t\t\t\t\t\t\t<a href=\"https:\/\/www.stodeus.com\/wp-content\/uploads\/2019\/08\/IMG_4006_w_r_z.jpg\" data-elementor-open-lightbox=\"yes\" data-elementor-lightbox-title=\"IMG_4006_w_r_z\" data-e-action-hash=\"#elementor-action%3Aaction%3Dlightbox%26settings%3DeyJpZCI6MzUyMCwidXJsIjoiaHR0cHM6XC9cL3d3dy5zdG9kZXVzLmNvbVwvd3AtY29udGVudFwvdXBsb2Fkc1wvMjAxOVwvMDhcL0lNR180MDA2X3dfcl96LmpwZyJ9\">\n\t\t\t\t\t\t\t<img loading=\"lazy\" decoding=\"async\" width=\"800\" height=\"533\" src=\"https:\/\/www.stodeus.com\/wp-content\/uploads\/2019\/08\/IMG_4006_w_r_z.jpg\" class=\"attachment-large size-large wp-image-3520\" alt=\"\" srcset=\"https:\/\/www.stodeus.com\/wp-content\/uploads\/2019\/08\/IMG_4006_w_r_z.jpg 900w, https:\/\/www.stodeus.com\/wp-content\/uploads\/2019\/08\/IMG_4006_w_r_z-300x200.jpg 300w, https:\/\/www.stodeus.com\/wp-content\/uploads\/2019\/08\/IMG_4006_w_r_z-768x512.jpg 768w\" sizes=\"(max-width: 800px) 100vw, 800px\" \/>\t\t\t\t\t\t\t\t<\/a>\n\t\t\t\t\t\t\t\t\t\t\t<figcaption class=\"widget-image-caption wp-caption-text\">Accessoires et sangles velcro pour s\u00e9curiser leSolarPad sur un cockpit<\/figcaption>\n\t\t\t\t\t\t\t\t\t\t<\/figure>\n\t\t\t\t\t\t\t<\/div>\n\t\t\t\t<\/div>\n\t\t\t\t\t<\/div>\n\t\t<\/div>\n\t\t\t\t\t<\/div>\n\t\t<\/section>\n\t\t\t\t<\/div>\n\t\t","protected":false},"excerpt":{"rendered":"<p>leSolarPad : batterie USB solaire Fonctions Large panneau solaire de 2.5 watts permettant un fonctionnement total du smartphone en plein soleil 2 x connecteur USB pour t\u00e9l\u00e9phone, tablette, eBook ou GPS Niveau de charge avec 4 led Recharge rapide \u00e0 la maison en 5 heures avec un adaptateur secteur Charge solaire compl\u00e8te en 20 heures [&hellip;]<\/p>\n","protected":false},"author":2,"featured_media":0,"parent":0,"menu_order":0,"comment_status":"closed","ping_status":"open","template":"","meta":{"footnotes":""},"class_list":["post-723","page","type-page","status-publish","hentry"],"_links":{"self":[{"href":"https:\/\/www.stodeus.com\/en\/wp-json\/wp\/v2\/pages\/723","targetHints":{"allow":["GET"]}}],"collection":[{"href":"https:\/\/www.stodeus.com\/en\/wp-json\/wp\/v2\/pages"}],"about":[{"href":"https:\/\/www.stodeus.com\/en\/wp-json\/wp\/v2\/types\/page"}],"author":[{"embeddable":true,"href":"https:\/\/www.stodeus.com\/en\/wp-json\/wp\/v2\/users\/2"}],"replies":[{"embeddable":true,"href":"https:\/\/www.stodeus.com\/en\/wp-json\/wp\/v2\/comments?post=723"}],"version-history":[{"count":34,"href":"https:\/\/www.stodeus.com\/en\/wp-json\/wp\/v2\/pages\/723\/revisions"}],"predecessor-version":[{"id":6987,"href":"https:\/\/www.stodeus.com\/en\/wp-json\/wp\/v2\/pages\/723\/revisions\/6987"}],"wp:attachment":[{"href":"https:\/\/www.stodeus.com\/en\/wp-json\/wp\/v2\/media?parent=723"}],"curies":[{"name":"wp","href":"https:\/\/api.w.org\/{rel}","templated":true}]}}