{"id":11393,"date":"2023-03-29T15:37:42","date_gmt":"2023-03-29T13:37:42","guid":{"rendered":"https:\/\/www.stodeus.com\/?page_id=11393"},"modified":"2023-05-10T12:49:02","modified_gmt":"2023-05-10T10:49:02","slug":"retired-products","status":"publish","type":"page","link":"https:\/\/www.stodeus.com\/es\/retired-products\/","title":{"rendered":"Productos retirados"},"content":{"rendered":"<div data-elementor-type=\"wp-page\" data-elementor-id=\"11393\" class=\"elementor elementor-11393\" data-elementor-post-type=\"page\">\n\t\t\t\t<div class=\"elementor-element elementor-element-c5c5ee8 e-con-full e-flex e-con e-parent\" data-id=\"c5c5ee8\" data-element_type=\"container\">\n\t\t\t\t<div class=\"elementor-element elementor-element-434505d elementor-widget__width-inherit elementor--h-position-center elementor--v-position-middle elementor-widget elementor-widget-slides\" data-id=\"434505d\" data-element_type=\"widget\" data-settings=\"{&quot;navigation&quot;:&quot;none&quot;,&quot;autoplay&quot;:&quot;yes&quot;,&quot;pause_on_hover&quot;:&quot;yes&quot;,&quot;pause_on_interaction&quot;:&quot;yes&quot;,&quot;autoplay_speed&quot;:5000,&quot;infinite&quot;:&quot;yes&quot;,&quot;transition&quot;:&quot;slide&quot;,&quot;transition_speed&quot;:500}\" data-widget_type=\"slides.default\">\n\t\t\t\t<div class=\"elementor-widget-container\">\n\t\t\t\t\t<div class=\"elementor-swiper\">\n\t\t\t<div class=\"elementor-slides-wrapper elementor-main-swiper swiper\" dir=\"ltr\" data-animation=\"\">\n\t\t\t\t<div class=\"swiper-wrapper elementor-slides\">\n\t\t\t\t\t\t\t\t\t\t<div class=\"elementor-repeater-item-22683fa swiper-slide\"><div class=\"swiper-slide-bg\" role=\"img\"><\/div><div class=\"elementor-background-overlay\"><\/div><div class=\"swiper-slide-inner\" ><div class=\"swiper-slide-contents\"><div class=\"elementor-slide-heading\">PRODUCTOS ANTIGUOS<\/div><div class=\"elementor-slide-description\">Aqu\u00ed puede encontrar los antiguos productos de la gama Stodeus desde el primer BipBip, creado en 2011.\n<br> Desde entonces, hemos innovado continuamente para satisfacer las necesidades de los parapentistas de todos los niveles y disciplinas.\n<br> Tambi\u00e9n somos conscientes de la importancia de la durabilidad, por eso seguimos ofreciendo piezas de repuesto para nuestros productos m\u00e1s antiguos, incluso m\u00e1s de 10 a\u00f1os despu\u00e9s de su lanzamiento.<\/div><\/div><\/div><\/div>\t\t\t\t<\/div>\n\t\t\t\t\t\t\t<\/div>\n\t\t<\/div>\n\t\t\t\t<\/div>\n\t\t\t\t<\/div>\n\t\t\t\t<\/div>\n\t\t<div class=\"elementor-element elementor-element-e9a0985 e-flex e-con-boxed e-con e-parent\" data-id=\"e9a0985\" data-element_type=\"container\">\n\t\t\t\t\t<div class=\"e-con-inner\">\n\t\t\t\t<div class=\"elementor-element elementor-element-7c229bc elementor-widget elementor-widget-spacer\" data-id=\"7c229bc\" data-element_type=\"widget\" data-widget_type=\"spacer.default\">\n\t\t\t\t<div class=\"elementor-widget-container\">\n\t\t\t\t\t<div class=\"elementor-spacer\">\n\t\t\t<div class=\"elementor-spacer-inner\"><\/div>\n\t\t<\/div>\n\t\t\t\t<\/div>\n\t\t\t\t<\/div>\n\t\t\t\t\t<\/div>\n\t\t\t\t<\/div>\n\t\t<div class=\"elementor-element elementor-element-b4a8d3b e-con-full e-flex e-con e-parent\" data-id=\"b4a8d3b\" data-element_type=\"container\">\n\t\t<div class=\"elementor-element elementor-element-b8376df e-flex e-con-boxed e-con e-parent\" data-id=\"b8376df\" data-element_type=\"container\" data-settings=\"{&quot;background_background&quot;:&quot;gradient&quot;}\">\n\t\t\t\t\t<div class=\"e-con-inner\">\n\t\t\t\t<div class=\"elementor-element elementor-element-4f94cd7 elementor-widget elementor-widget-heading\" data-id=\"4f94cd7\" data-element_type=\"widget\" data-widget_type=\"heading.default\">\n\t\t\t\t<div class=\"elementor-widget-container\">\n\t\t\t<h2 class=\"elementor-heading-title elementor-size-default\">Solar GPS Alti-varios<\/h2>\t\t<\/div>\n\t\t\t\t<\/div>\n\t\t\t\t\t<\/div>\n\t\t\t\t<\/div>\n\t\t\t\t<\/div>\n\t\t<div class=\"elementor-element elementor-element-e5d2c4e e-flex e-con-boxed e-con e-parent\" data-id=\"e5d2c4e\" data-element_type=\"container\">\n\t\t\t\t\t<div class=\"e-con-inner\">\n\t\t<div class=\"elementor-element elementor-element-612534b e-con-full e-flex e-con e-parent\" data-id=\"612534b\" data-element_type=\"container\">\n\t\t\t\t<div class=\"elementor-element elementor-element-c49a2cd elementor-cta--skin-cover elementor-widget__width-inherit elementor-animated-content elementor-bg-transform elementor-bg-transform-zoom-in elementor-widget elementor-widget-call-to-action\" data-id=\"c49a2cd\" data-element_type=\"widget\" data-widget_type=\"call-to-action.default\">\n\t\t\t\t<div class=\"elementor-widget-container\">\n\t\t\t\t\t<a class=\"elementor-cta\" href=\"https:\/\/www.stodeus.com\/es\/legpsbip-solar-vocal-gps-alti-vario\/\">\n\t\t\t\t\t<div class=\"elementor-cta__bg-wrapper\">\n\t\t\t\t<div class=\"elementor-cta__bg elementor-bg\" style=\"background-image: url(https:\/\/www.stodeus.com\/wp-content\/uploads\/2023\/03\/legpsbip_on_cockpit_r-1024x768.jpg);\" role=\"img\" aria-label=\"C:DCIM100GOPROGOPR0059.GPR\"><\/div>\n\t\t\t\t<div class=\"elementor-cta__bg-overlay\"><\/div>\n\t\t\t<\/div>\n\t\t\t\t\t\t\t<div class=\"elementor-cta__content\">\n\t\t\t\t\n\t\t\t\t\n\t\t\t\t\n\t\t\t\t\t\t\t\t\t<div class=\"elementor-cta__button-wrapper elementor-cta__content-item elementor-content-item elementor-animated-item--grow\">\n\t\t\t\t\t<span class=\"elementor-cta__button elementor-button elementor-size-md\">\n\t\t\t\t\t\tleGPSBip (2015-2018)\t\t\t\t\t<\/span>\n\t\t\t\t\t<\/div>\n\t\t\t\t\t\t\t<\/div>\n\t\t\t\t\t\t<\/a>\n\t\t\t\t<\/div>\n\t\t\t\t<\/div>\n\t\t\t\t<\/div>\n\t\t<div class=\"elementor-element elementor-element-ba02b9c e-con-full e-flex e-con e-parent\" data-id=\"ba02b9c\" data-element_type=\"container\">\n\t\t\t\t<div class=\"elementor-element elementor-element-d78efb7 elementor-cta--skin-cover elementor-widget__width-inherit elementor-animated-content elementor-bg-transform elementor-bg-transform-zoom-in elementor-widget elementor-widget-call-to-action\" data-id=\"d78efb7\" data-element_type=\"widget\" data-widget_type=\"call-to-action.default\">\n\t\t\t\t<div class=\"elementor-widget-container\">\n\t\t\t\t\t<a class=\"elementor-cta\" href=\"https:\/\/www.stodeus.com\/es\/legpsbip-plus-solar-vocal-gps-logger-vario\/\">\n\t\t\t\t\t<div class=\"elementor-cta__bg-wrapper\">\n\t\t\t\t<div class=\"elementor-cta__bg elementor-bg\" style=\"background-image: url(https:\/\/www.stodeus.com\/wp-content\/uploads\/2018\/09\/IMG_2776_c_r-1024x683.jpg);\" role=\"img\" aria-label=\"legpsbipplus_solarpowered\"><\/div>\n\t\t\t\t<div class=\"elementor-cta__bg-overlay\"><\/div>\n\t\t\t<\/div>\n\t\t\t\t\t\t\t<div class=\"elementor-cta__content\">\n\t\t\t\t\n\t\t\t\t\n\t\t\t\t\n\t\t\t\t\t\t\t\t\t<div class=\"elementor-cta__button-wrapper elementor-cta__content-item elementor-content-item elementor-animated-item--grow\">\n\t\t\t\t\t<span class=\"elementor-cta__button elementor-button elementor-size-md\">\n\t\t\t\t\t\tleGPSBip+ (2018-2022)\t\t\t\t\t<\/span>\n\t\t\t\t\t<\/div>\n\t\t\t\t\t\t\t<\/div>\n\t\t\t\t\t\t<\/a>\n\t\t\t\t<\/div>\n\t\t\t\t<\/div>\n\t\t\t\t<\/div>\n\t\t\t\t\t<\/div>\n\t\t\t\t<\/div>\n\t\t<div class=\"elementor-element elementor-element-82e263e e-flex e-con-boxed e-con e-parent\" data-id=\"82e263e\" data-element_type=\"container\">\n\t\t\t\t\t<div class=\"e-con-inner\">\n\t\t\t\t<div class=\"elementor-element elementor-element-0f20d3c elementor-widget elementor-widget-spacer\" data-id=\"0f20d3c\" data-element_type=\"widget\" data-widget_type=\"spacer.default\">\n\t\t\t\t<div class=\"elementor-widget-container\">\n\t\t\t\t\t<div class=\"elementor-spacer\">\n\t\t\t<div class=\"elementor-spacer-inner\"><\/div>\n\t\t<\/div>\n\t\t\t\t<\/div>\n\t\t\t\t<\/div>\n\t\t\t\t\t<\/div>\n\t\t\t\t<\/div>\n\t\t<div class=\"elementor-element elementor-element-6950029 e-con-full e-flex e-con e-parent\" data-id=\"6950029\" data-element_type=\"container\">\n\t\t<div class=\"elementor-element elementor-element-30ed690 e-flex e-con-boxed e-con e-parent\" data-id=\"30ed690\" data-element_type=\"container\" data-settings=\"{&quot;background_background&quot;:&quot;gradient&quot;}\">\n\t\t\t\t\t<div class=\"e-con-inner\">\n\t\t\t\t<div class=\"elementor-element elementor-element-16c62e8 elementor-widget elementor-widget-heading\" data-id=\"16c62e8\" data-element_type=\"widget\" data-widget_type=\"heading.default\">\n\t\t\t\t<div class=\"elementor-widget-container\">\n\t\t\t<h2 class=\"elementor-heading-title elementor-size-default\">Mini solar audio varios<\/h2>\t\t<\/div>\n\t\t\t\t<\/div>\n\t\t\t\t\t<\/div>\n\t\t\t\t<\/div>\n\t\t\t\t<\/div>\n\t\t<div class=\"elementor-element elementor-element-014ad33 e-flex e-con-boxed e-con e-parent\" data-id=\"014ad33\" data-element_type=\"container\">\n\t\t\t\t\t<div class=\"e-con-inner\">\n\t\t<div class=\"elementor-element elementor-element-78c8df9 e-con-full e-flex e-con e-parent\" data-id=\"78c8df9\" data-element_type=\"container\">\n\t\t\t\t<div class=\"elementor-element elementor-element-ee0c3a7 elementor-cta--skin-cover elementor-widget__width-inherit elementor-animated-content elementor-bg-transform elementor-bg-transform-zoom-in elementor-widget elementor-widget-call-to-action\" data-id=\"ee0c3a7\" data-element_type=\"widget\" data-widget_type=\"call-to-action.default\">\n\t\t\t\t<div class=\"elementor-widget-container\">\n\t\t\t\t\t<a class=\"elementor-cta\" href=\"https:\/\/www.stodeus.com\/es\/solar-vario\/\">\n\t\t\t\t\t<div class=\"elementor-cta__bg-wrapper\">\n\t\t\t\t<div class=\"elementor-cta__bg elementor-bg\" style=\"background-image: url(https:\/\/www.stodeus.com\/wp-content\/uploads\/2014\/01\/I20A2492-Modifier.jpg);\" role=\"img\" aria-label=\"I20A2492-Modificar\"><\/div>\n\t\t\t\t<div class=\"elementor-cta__bg-overlay\"><\/div>\n\t\t\t<\/div>\n\t\t\t\t\t\t\t<div class=\"elementor-cta__content\">\n\t\t\t\t\n\t\t\t\t\n\t\t\t\t\n\t\t\t\t\t\t\t\t\t<div class=\"elementor-cta__button-wrapper elementor-cta__content-item elementor-content-item elementor-animated-item--grow\">\n\t\t\t\t\t<span class=\"elementor-cta__button elementor-button elementor-size-md\">\n\t\t\t\t\t\tOriginal leBipBip (2012-2017)\t\t\t\t\t<\/span>\n\t\t\t\t\t<\/div>\n\t\t\t\t\t\t\t<\/div>\n\t\t\t\t\t\t<\/a>\n\t\t\t\t<\/div>\n\t\t\t\t<\/div>\n\t\t\t\t<\/div>\n\t\t<div class=\"elementor-element elementor-element-c6bf03b e-con-full e-flex e-con e-parent\" data-id=\"c6bf03b\" data-element_type=\"container\">\n\t\t\t\t<div class=\"elementor-element elementor-element-1578078 elementor-cta--skin-cover elementor-widget__width-inherit elementor-animated-content elementor-bg-transform elementor-bg-transform-zoom-in elementor-widget elementor-widget-call-to-action\" data-id=\"1578078\" data-element_type=\"widget\" data-widget_type=\"call-to-action.default\">\n\t\t\t\t<div class=\"elementor-widget-container\">\n\t\t\t\t\t<a class=\"elementor-cta\" href=\"https:\/\/www.stodeus.com\/es\/lebipbip-plus-solar-audio-variometer\/\">\n\t\t\t\t\t<div class=\"elementor-cta__bg-wrapper\">\n\t\t\t\t<div class=\"elementor-cta__bg elementor-bg\" style=\"background-image: url(https:\/\/www.stodeus.com\/wp-content\/uploads\/2018\/01\/lebipbipplus_on_a_helmet.jpg);\" role=\"img\" aria-label=\"lebipbipplus_en_un_casco\"><\/div>\n\t\t\t\t<div class=\"elementor-cta__bg-overlay\"><\/div>\n\t\t\t<\/div>\n\t\t\t\t\t\t\t<div class=\"elementor-cta__content\">\n\t\t\t\t\n\t\t\t\t\n\t\t\t\t\n\t\t\t\t\t\t\t\t\t<div class=\"elementor-cta__button-wrapper elementor-cta__content-item elementor-content-item elementor-animated-item--grow\">\n\t\t\t\t\t<span class=\"elementor-cta__button elementor-button elementor-size-md\">\n\t\t\t\t\t\tleBipBip+ (2017-2020)\t\t\t\t\t<\/span>\n\t\t\t\t\t<\/div>\n\t\t\t\t\t\t\t<\/div>\n\t\t\t\t\t\t<\/a>\n\t\t\t\t<\/div>\n\t\t\t\t<\/div>\n\t\t\t\t<\/div>\n\t\t\t\t\t<\/div>\n\t\t\t\t<\/div>\n\t\t<div class=\"elementor-element elementor-element-595f2c9 e-flex e-con-boxed e-con e-parent\" data-id=\"595f2c9\" data-element_type=\"container\">\n\t\t\t\t\t<div class=\"e-con-inner\">\n\t\t\t\t<div class=\"elementor-element elementor-element-ff284d8 elementor-widget elementor-widget-spacer\" data-id=\"ff284d8\" data-element_type=\"widget\" data-widget_type=\"spacer.default\">\n\t\t\t\t<div class=\"elementor-widget-container\">\n\t\t\t\t\t<div class=\"elementor-spacer\">\n\t\t\t<div class=\"elementor-spacer-inner\"><\/div>\n\t\t<\/div>\n\t\t\t\t<\/div>\n\t\t\t\t<\/div>\n\t\t\t\t\t<\/div>\n\t\t\t\t<\/div>\n\t\t<div class=\"elementor-element elementor-element-eeb07cf e-con-full e-flex e-con e-parent\" data-id=\"eeb07cf\" data-element_type=\"container\">\n\t\t<div class=\"elementor-element elementor-element-84b77b3 e-flex e-con-boxed e-con e-parent\" data-id=\"84b77b3\" data-element_type=\"container\" data-settings=\"{&quot;background_background&quot;:&quot;gradient&quot;}\">\n\t\t\t\t\t<div class=\"e-con-inner\">\n\t\t\t\t<div class=\"elementor-element elementor-element-50a748a elementor-widget elementor-widget-heading\" data-id=\"50a748a\" data-element_type=\"widget\" data-widget_type=\"heading.default\">\n\t\t\t\t<div class=\"elementor-widget-container\">\n\t\t\t<h2 class=\"elementor-heading-title elementor-size-default\">Pilas solares USB<\/h2>\t\t<\/div>\n\t\t\t\t<\/div>\n\t\t\t\t\t<\/div>\n\t\t\t\t<\/div>\n\t\t\t\t<\/div>\n\t\t<div class=\"elementor-element elementor-element-d15cdd3 e-flex e-con-boxed e-con e-parent\" data-id=\"d15cdd3\" data-element_type=\"container\">\n\t\t\t\t\t<div class=\"e-con-inner\">\n\t\t<div class=\"elementor-element elementor-element-07ff245 e-con-full e-flex e-con e-parent\" data-id=\"07ff245\" data-element_type=\"container\">\n\t\t\t\t<div class=\"elementor-element elementor-element-8f04064 elementor-cta--skin-cover elementor-widget__width-inherit elementor-animated-content elementor-bg-transform elementor-bg-transform-zoom-in elementor-widget elementor-widget-call-to-action\" data-id=\"8f04064\" data-element_type=\"widget\" data-widget_type=\"call-to-action.default\">\n\t\t\t\t<div class=\"elementor-widget-container\">\n\t\t\t\t\t<a class=\"elementor-cta\" href=\"https:\/\/www.stodeus.com\/es\/solar-usb-battery\/\">\n\t\t\t\t\t<div class=\"elementor-cta__bg-wrapper\">\n\t\t\t\t<div class=\"elementor-cta__bg elementor-bg\" style=\"background-image: url(https:\/\/www.stodeus.com\/wp-content\/uploads\/2018\/08\/lesolarpad_charging_smartphone_2-1024x683.jpg);\" role=\"img\" aria-label=\"lesolarpad_charging_smartphone_2\"><\/div>\n\t\t\t\t<div class=\"elementor-cta__bg-overlay\"><\/div>\n\t\t\t<\/div>\n\t\t\t\t\t\t\t<div class=\"elementor-cta__content\">\n\t\t\t\t\n\t\t\t\t\n\t\t\t\t\n\t\t\t\t\t\t\t\t\t<div class=\"elementor-cta__button-wrapper elementor-cta__content-item elementor-content-item elementor-animated-item--grow\">\n\t\t\t\t\t<span class=\"elementor-cta__button elementor-button elementor-size-md\">\n\t\t\t\t\t\tleSolarPad (2015-2019)\t\t\t\t\t<\/span>\n\t\t\t\t\t<\/div>\n\t\t\t\t\t\t\t<\/div>\n\t\t\t\t\t\t<\/a>\n\t\t\t\t<\/div>\n\t\t\t\t<\/div>\n\t\t\t\t<\/div>\n\t\t\t\t\t<\/div>\n\t\t\t\t<\/div>\n\t\t\t\t<\/div>","protected":false},"excerpt":{"rendered":"<p>ANCIENS PRODUITSRetrouvez ici les anciens produits de la gamme Stodeus depuis le tout premier BipBip, cr\u00e9\u00e9 en 2011. Depuis lors, nous avons continuellement innov\u00e9 pour r\u00e9pondre aux besoins des parapentistes, quelque soit leurs niveaux ou leurs disciplines. Nous comprenons \u00e9galement l&rsquo;importance de la durabilit\u00e9, c&rsquo;est pourquoi nous proposons toujours des pi\u00e8ces d\u00e9tach\u00e9es pour nos anciens [&hellip;]<\/p>\n","protected":false},"author":2,"featured_media":0,"parent":0,"menu_order":0,"comment_status":"closed","ping_status":"closed","template":"","meta":{"footnotes":""},"class_list":["post-11393","page","type-page","status-publish","hentry"],"_links":{"self":[{"href":"https:\/\/www.stodeus.com\/es\/wp-json\/wp\/v2\/pages\/11393","targetHints":{"allow":["GET"]}}],"collection":[{"href":"https:\/\/www.stodeus.com\/es\/wp-json\/wp\/v2\/pages"}],"about":[{"href":"https:\/\/www.stodeus.com\/es\/wp-json\/wp\/v2\/types\/page"}],"author":[{"embeddable":true,"href":"https:\/\/www.stodeus.com\/es\/wp-json\/wp\/v2\/users\/2"}],"replies":[{"embeddable":true,"href":"https:\/\/www.stodeus.com\/es\/wp-json\/wp\/v2\/comments?post=11393"}],"version-history":[{"count":52,"href":"https:\/\/www.stodeus.com\/es\/wp-json\/wp\/v2\/pages\/11393\/revisions"}],"predecessor-version":[{"id":12770,"href":"https:\/\/www.stodeus.com\/es\/wp-json\/wp\/v2\/pages\/11393\/revisions\/12770"}],"wp:attachment":[{"href":"https:\/\/www.stodeus.com\/es\/wp-json\/wp\/v2\/media?parent=11393"}],"curies":[{"name":"wp","href":"https:\/\/api.w.org\/{rel}","templated":true}]}}