{"id":15608,"date":"2025-03-12T11:29:02","date_gmt":"2025-03-12T10:29:02","guid":{"rendered":"https:\/\/www.stodeus.com\/?page_id=15608"},"modified":"2025-03-12T16:36:52","modified_gmt":"2025-03-12T15:36:52","slug":"privacy-policy","status":"publish","type":"page","link":"https:\/\/www.stodeus.com\/es\/privacy-policy\/","title":{"rendered":"Pol\u00edtica de privacidad"},"content":{"rendered":"<div data-elementor-type=\"wp-page\" data-elementor-id=\"15608\" class=\"elementor elementor-15608\" data-elementor-post-type=\"page\">\n\t\t\t\t<div class=\"elementor-element elementor-element-8d4595b e-flex e-con-boxed e-con e-parent\" data-id=\"8d4595b\" data-element_type=\"container\">\n\t\t\t\t\t<div class=\"e-con-inner\">\n\t\t\t\t<div class=\"elementor-element elementor-element-0d4e6ec elementor-widget elementor-widget-heading\" data-id=\"0d4e6ec\" data-element_type=\"widget\" data-widget_type=\"heading.default\">\n\t\t\t\t<div class=\"elementor-widget-container\">\n\t\t\t<h2 class=\"elementor-heading-title elementor-size-default\">Pol\u00edtica de privacidad<\/h2>\t\t<\/div>\n\t\t\t\t<\/div>\n\t\t\t\t<div class=\"elementor-element elementor-element-7e411cf elementor-widget elementor-widget-text-editor\" data-id=\"7e411cf\" data-element_type=\"widget\" data-widget_type=\"text-editor.default\">\n\t\t\t\t<div class=\"elementor-widget-container\">\n\t\t\t\t\t\t\t<p class=\"p1\">\u00daltima actualizaci\u00f3n: 12 de marzo de 2025<\/p><p class=\"p3\"><b>1. Introducci\u00f3n<\/b><b><\/b><\/p><p class=\"p1\">La presente Pol\u00edtica de Privacidad explica c\u00f3mo recopilamos, utilizamos, almacenamos y protegemos sus datos personales cuando utiliza el bolet\u00edn o las aplicaciones de Stodeus (en adelante, \"las Aplicaciones\"), de conformidad con los requisitos del Reglamento General de Protecci\u00f3n de Datos (RGPD) y la legislaci\u00f3n francesa en materia de protecci\u00f3n de datos. Esta pol\u00edtica se ha redactado en franc\u00e9s. En la medida en que una versi\u00f3n traducida entre en conflicto con la versi\u00f3n francesa, prevalecer\u00e1 la versi\u00f3n francesa. Salvo que se indique lo contrario, la presente Pol\u00edtica de Privacidad no se aplica a los productos o servicios de terceros ni a las pr\u00e1cticas de empresas que no sean de nuestra propiedad o que no est\u00e9n bajo nuestro control, incluidas otras empresas con las que pueda interactuar en las Aplicaciones o a trav\u00e9s de ellas.<\/p><p class=\"p3\"><b>2. Persona responsable del tratamiento<\/b><b><\/b><\/p><p class=\"p1\">El responsable del tratamiento de datos es <span class=\"s1\">Stodeus SAS<\/span>situado en <span class=\"s1\">Veurey-Voroize (Francia)<\/span>. Si tiene alguna pregunta sobre esta Pol\u00edtica de Privacidad o sobre el ejercicio de sus derechos, puede ponerse en contacto con nosotros en <a href=\"https:\/\/www.stodeus.com\/es\/contact\/\">formulario de contacto<\/a>.<\/p><p class=\"p3\"><b>3. Datos recogidos<\/b><b><\/b><\/p><p class=\"p1\">Podemos recopilar las siguientes categor\u00edas de datos en funci\u00f3n de su uso de las Aplicaciones:<\/p><p class=\"p4\">-<span class=\"s1\"><b>Datos de identificaci\u00f3n<\/b><\/span> apellidos, nombre, direcci\u00f3n de correo electr\u00f3nico.<\/p><p class=\"p4\">-<span class=\"s1\"><b>Datos t\u00e9cnicos<\/b><\/span> identificadores de dispositivos, tipo de sistema operativo (iOS, Android), versi\u00f3n de las aplicaciones, registros de conexi\u00f3n.<\/p><p class=\"p4\">-<span class=\"s1\"><b>Datos de navegaci\u00f3n<\/b><\/span> interacciones con Aplicaciones, p\u00e1ginas visitadas, funciones utilizadas.<\/p><p class=\"p1\">Garantizamos que estos datos se recopilan respetando el principio de minimizaci\u00f3n, es decir, que s\u00f3lo se recopilan los datos estrictamente necesarios para el fin previsto.<\/p><p class=\"p3\"><b>4. Uso de los datos<\/b><b><\/b><\/p><p class=\"p1\">Sus datos podr\u00e1n utilizarse para :<\/p><p class=\"p4\">-Proporcionar, personalizar y mejorar la funcionalidad de las Aplicaciones.<\/p><p class=\"p4\">-Analizar la audiencia y el comportamiento de los usuarios para mejorar la experiencia y el rendimiento de las Aplicaciones.<\/p><p class=\"p4\">-Enviarle informaci\u00f3n sobre Aplicaciones, actualizaciones y notificaciones importantes.<\/p><p class=\"p4\">-Cumplir con nuestras obligaciones legales y reglamentarias.<\/p><p class=\"p3\"><b>5. Base jur\u00eddica del tratamiento<\/b><b><\/b><\/p><p class=\"p1\">De conformidad con el RGPD, nuestras operaciones de tratamiento se basan en :<\/p><p class=\"p4\">-<span class=\"s1\"><b>Su consentimiento<\/b><\/span> Para determinadas funcionalidades, en particular el env\u00edo de notificaciones, le pediremos su consentimiento previo.<\/p><p class=\"p4\">-<span class=\"s1\"><b>Cumplimiento de las obligaciones legales<\/b><\/span> cuando exista la obligaci\u00f3n de conservar o transmitir determinados datos.<\/p><p class=\"p4\">-<span class=\"s1\"><b>Nuestro inter\u00e9s leg\u00edtimo<\/b><\/span> mejorar las Aplicaciones, prevenir el fraude y garantizar la seguridad de nuestros servicios.<\/p><p class=\"p3\"><b>6. Intercambio de datos<\/b><b><\/b><\/p><p class=\"p1\">Nos comprometemos a no compartir, vender ni alquilar sus datos a terceros con fines comerciales.<\/p><p class=\"p3\"><b>7. 7. Conservaci\u00f3n de datos<\/b><b><\/b><\/p><p class=\"p1\">Conservamos sus datos s\u00f3lo durante el tiempo necesario para cumplir la finalidad para la que fueron recogidos, de conformidad con los requisitos legales vigentes. Los periodos de conservaci\u00f3n pueden variar en funci\u00f3n de la naturaleza de los datos y de las obligaciones legales y reglamentarias.<\/p><p class=\"p3\"><b>8. Derechos de los usuarios<\/b><b><\/b><\/p><p class=\"p1\">De conformidad con el RGPD y la legislaci\u00f3n francesa sobre protecci\u00f3n de datos, usted tiene los siguientes derechos:<\/p><p class=\"p4\">-<span class=\"s1\"><b>Derecho de acceso<\/b><\/span> Obtenga confirmaci\u00f3n de que sus datos est\u00e1n siendo procesados y reciba una copia.<\/p><p class=\"p4\">-<span class=\"s1\"><b>Derecho de rectificaci\u00f3n<\/b><\/span> actualizar o corregir informaci\u00f3n inexacta sobre usted.<\/p><p class=\"p4\">-<span class=\"s1\"><b>Derecho de supresi\u00f3n (derecho al olvido)<\/b><\/span> Solicitar la supresi\u00f3n de sus datos personales, a menos que estemos legalmente obligados a conservarlos.<\/p><p class=\"p4\">-<span class=\"s1\"><b>Derecho a restringir el tratamiento<\/b><\/span> Solicitar la suspensi\u00f3n temporal del tratamiento de sus datos.<\/p><p class=\"p4\">-<span class=\"s1\"><b>Derecho de oposici\u00f3n<\/b><\/span> Oponerse al tratamiento de sus datos por motivos relacionados con su situaci\u00f3n particular.<\/p><p class=\"p4\">-<span class=\"s1\"><b>Derecho a la portabilidad<\/b><\/span> Recibir sus datos en un formato estructurado y de uso com\u00fan.<\/p><p class=\"p1\">Para ejercer estos derechos, p\u00f3ngase en contacto con nosotros en <a href=\"https:\/\/www.stodeus.com\/es\/contact\/\">formulario de contacto<\/a> o a trav\u00e9s de la funci\u00f3n de asistencia de las aplicaciones. Responderemos a su solicitud lo antes posible.<\/p><p class=\"p3\"><b>9. 9. Seguridad de los datos<\/b><b><\/b><\/p><p class=\"p1\">Aplicamos medidas de seguridad t\u00e9cnicas y organizativas adecuadas para proteger sus datos contra p\u00e9rdida, robo, alteraci\u00f3n o acceso no autorizado. Sin embargo, ninguna transmisi\u00f3n de datos por Internet o m\u00e9todo de almacenamiento electr\u00f3nico es completamente seguro, y no podemos garantizar una seguridad absoluta.<\/p><p class=\"p3\"><b>10. Servicios de terceros y enlaces externos<\/b><b><\/b><\/p><p class=\"p1\">Las Aplicaciones no incluyen enlaces a sitios o servicios de terceros ni utilizan bibliotecas o SDK externos.<\/p><p class=\"p3\"><b>11. Pol\u00edtica de infancia<\/b><b><\/b><\/p><p class=\"p1\">Las Aplicaciones no est\u00e1n destinadas espec\u00edficamente a los ni\u00f1os y no contienen ning\u00fan contenido inapropiado.<\/p><p class=\"p3\"><b>12. Cambios en la pol\u00edtica de privacidad<\/b><b><\/b><\/p><p class=\"p1\">Nos reservamos el derecho a modificar esta Pol\u00edtica de Privacidad en cualquier momento. Los cambios se publicar\u00e1n en las Aplicaciones o en nuestra p\u00e1gina web, junto con la fecha de la actualizaci\u00f3n. Le invitamos a consultar esta p\u00e1gina con regularidad para conocer la versi\u00f3n m\u00e1s reciente de nuestra Pol\u00edtica de Privacidad.<\/p><p><b>13. Derecho a la supresi\u00f3n de datos<\/b><\/p><p>De conformidad con el Reglamento General de Protecci\u00f3n de Datos (RGPD) y la legislaci\u00f3n francesa en materia de protecci\u00f3n de datos, tiene derecho a solicitar la eliminaci\u00f3n de sus datos personales (incluidos, entre otros, su nombre, direcci\u00f3n de correo electr\u00f3nico, direcci\u00f3n postal y n\u00famero de tel\u00e9fono) que recopilamos a trav\u00e9s de nuestra tienda en l\u00ednea, el servicio de asistencia por correo electr\u00f3nico o la aplicaci\u00f3n BipLink.<\/p><p>Puede eliminar su cuenta enviando una simple solicitud a <a href=\"https:\/\/www.stodeus.com\/es\/contact\/\">formulario de contacto<\/a>.<\/p><p>Si presenta una solicitud de supresi\u00f3n, eliminaremos de forma permanente e irreversible sus datos personales de nuestros sistemas. Una vez eliminados, sus datos, en particular sus rastros, no podr\u00e1n restaurarse. Despu\u00e9s de eliminar su cuenta, la eliminaci\u00f3n de sus datos personales de nuestros sistemas puede tardar hasta 90 d\u00edas. Adem\u00e1s, podremos conservar la informaci\u00f3n cuando se solicite su supresi\u00f3n para cumplir la ley y emprender otras acciones exigidas por ella.<\/p><p class=\"p3\"><b>14. Contacto<\/b><\/p><p class=\"p1\">Si tiene alguna pregunta, queja o solicitud sobre esta Pol\u00edtica de Privacidad o el tratamiento de sus datos, p\u00f3ngase en contacto con nosotros en <a href=\"https:\/\/www.stodeus.com\/es\/contact\/\">formulario de contacto<\/a>.<\/p>\t\t\t\t\t\t<\/div>\n\t\t\t\t<\/div>\n\t\t\t\t\t<\/div>\n\t\t\t\t<\/div>\n\t\t\t\t<\/div>","protected":false},"excerpt":{"rendered":"<p>Politique de Confidentialit\u00e9 Derni\u00e8re mise \u00e0 jour : 12 Mars 2025 1. Introduction Cette Politique de Confidentialit\u00e9 explique comment nous collectons, utilisons, stockons et prot\u00e9geons vos donn\u00e9es personnelles lorsque vous utilisez la newsletter ou les applications Stodeus (ci-apr\u00e8s d\u00e9nomm\u00e9e \u00ab les Applications \u00bb), conform\u00e9ment aux exigences du R\u00e8glement g\u00e9n\u00e9ral sur la protection des donn\u00e9es (RGPD), [&hellip;]<\/p>\n","protected":false},"author":2,"featured_media":0,"parent":0,"menu_order":0,"comment_status":"closed","ping_status":"closed","template":"","meta":{"footnotes":""},"class_list":["post-15608","page","type-page","status-publish","hentry"],"_links":{"self":[{"href":"https:\/\/www.stodeus.com\/es\/wp-json\/wp\/v2\/pages\/15608","targetHints":{"allow":["GET"]}}],"collection":[{"href":"https:\/\/www.stodeus.com\/es\/wp-json\/wp\/v2\/pages"}],"about":[{"href":"https:\/\/www.stodeus.com\/es\/wp-json\/wp\/v2\/types\/page"}],"author":[{"embeddable":true,"href":"https:\/\/www.stodeus.com\/es\/wp-json\/wp\/v2\/users\/2"}],"replies":[{"embeddable":true,"href":"https:\/\/www.stodeus.com\/es\/wp-json\/wp\/v2\/comments?post=15608"}],"version-history":[{"count":40,"href":"https:\/\/www.stodeus.com\/es\/wp-json\/wp\/v2\/pages\/15608\/revisions"}],"predecessor-version":[{"id":15657,"href":"https:\/\/www.stodeus.com\/es\/wp-json\/wp\/v2\/pages\/15608\/revisions\/15657"}],"wp:attachment":[{"href":"https:\/\/www.stodeus.com\/es\/wp-json\/wp\/v2\/media?parent=15608"}],"curies":[{"name":"wp","href":"https:\/\/api.w.org\/{rel}","templated":true}]}}