{"id":1826,"date":"2016-09-28T20:15:37","date_gmt":"2016-09-28T19:15:37","guid":{"rendered":"http:\/\/www.stodeus.com\/?page_id=1826"},"modified":"2022-10-28T11:47:50","modified_gmt":"2022-10-28T09:47:50","slug":"xcsoar-for-kobo","status":"publish","type":"page","link":"https:\/\/www.stodeus.com\/es\/xcsoar-for-kobo\/","title":{"rendered":"XCSoar para Kobo"},"content":{"rendered":"<p>[vc_row][vc_column][vc_custom_heading text=\u00a0\u00bbInstallation\u00a0\u00bb font_container=\u00a0\u00bbtag:h2|font_size:34px|text_align:left\u00a0\u00bb google_fonts=\u00a0\u00bbfont_family:Roboto%20Condensed%3A300%2C300italic%2Cregular%2Citalic%2C700%2C700italic|font_style:300%20light%20regular%3A300%3Anormal\u00a0\u00bb][\/vc_column][\/vc_row][vc_row][vc_column][vc_column_text]Veuillez suivre la proc\u00e9dure suivante, \u00e9tape par \u00e9tape :[\/vc_column_text][vc_message message_box_color=\u00a0\u00bborange\u00a0\u00bb icon_fontawesome=\u00a0\u00bbfa fa-check\u00a0\u00bb]Installez le logiciel sur votre p\u00e9riph\u00e9rique (bouton ci-dessous)[\/vc_message][\/vc_column][\/vc_row][vc_row][vc_column][vc_btn title=\u00a0\u00bbT\u00e9l\u00e9charger &amp; Installer XCSoar pour Kobo\u00a0\u00bb style=\u00a0\u00bbflat\u00a0\u00bb color=\u00a0\u00bbwarning\u00a0\u00bb align=\u00a0\u00bbcenter\u00a0\u00bb link=\u00a0\u00bburl:https%3A%2F%2Fwww.xcsoar.org%2Fdownload%2F||target:%20_blank\u00a0\u00bb][\/vc_column][\/vc_row][vc_row][vc_column][vc_message message_box_color=\u00a0\u00bborange\u00a0\u00bb icon_fontawesome=\u00a0\u00bbfa fa-check\u00a0\u00bb]Activez le mode Connectivit\u00e9 de votre GPSBip via <a href=\"http:\/\/www.stodeus.com\/fr\/legpsbip-configurator\/\">le Configurator<\/a>[\/vc_message][\/vc_column][\/vc_row][vc_row][vc_column width=\u00a0\u00bb1\/2&Prime;][vc_single_image image=\u00a0\u00bb1683&Prime; img_size=\u00a0\u00bblarge\u00a0\u00bb alignment=\u00a0\u00bbcenter\u00a0\u00bb title=\u00a0\u00bbActiver le mode Connectivit\u00e9 via le Configurator\u00a0\u00bb][\/vc_column][vc_column width=\u00a0\u00bb1\/2&Prime;][vc_single_image image=\u00a0\u00bb1469&Prime; img_size=\u00a0\u00bblarge\u00a0\u00bb alignment=\u00a0\u00bbcenter\u00a0\u00bb style=\u00a0\u00bbvc_box_outline\u00a0\u00bb onclick=\u00a0\u00bblink_image\u00a0\u00bb title=\u00a0\u00bbConnecter leGPSBip \u00e0 votre tablette avec le c\u00e2ble USB OTG\u00a0\u00bb][\/vc_column][\/vc_row][vc_row][vc_column][vc_message message_box_color=\u00a0\u00bborange\u00a0\u00bb icon_fontawesome=\u00a0\u00bbfa fa-check\u00a0\u00bb]Toujours dans <a href=\"http:\/\/www.stodeus.com\/fr\/legpsbip-configurator\/\">le Configurator<\/a> :<\/p>\n<ol>\n<li>d\u00e9sactivez l&rsquo;extinction auto<\/li>\n<li>passez la fr\u00e9quence GPS \u00e0 1Hz<\/li>\n<\/ol>\n<p>[\/vc_message][\/vc_column][\/vc_row][vc_row][vc_column][vc_message message_box_color=\u00a0\u00bborange\u00a0\u00bb icon_fontawesome=\u00a0\u00bbfa fa-check\u00a0\u00bb]Allumez votre tablette et d\u00e9marrez le logiciel.[\/vc_message][vc_message message_box_color=\u00a0\u00bborange\u00a0\u00bb icon_fontawesome=\u00a0\u00bbfa fa-check\u00a0\u00bb]Connectez votre GPSBip \u00e0 votre tablette en utilisant le c\u00e2ble USB OTG fourni[\/vc_message][vc_message message_box_color=\u00a0\u00bborange\u00a0\u00bb icon_fontawesome=\u00a0\u00bbfa fa-check\u00a0\u00bb]Puis, <strong>seulement lorsque le logiciel tourne<\/strong>, allumez votre GPSBip[\/vc_message][\/vc_column][\/vc_row][vc_row][vc_column][vc_column_text]<\/p>\n<h4 style=\"text-align: center;\">Param\u00e8tres pour XCSoar<\/h4>\n<p>[\/vc_column_text][vc_message message_box_color=\u00a0\u00bborange\u00a0\u00bb icon_fontawesome=\u00a0\u00bbfa fa-check\u00a0\u00bb]<strong>Sur l&rsquo;\u00e9cran de d\u00e9marrage de XCSoar<br \/>\n<\/strong><\/p>\n<p style=\"padding-left: 30px;\">Cliquer sur <strong>System<\/strong>, puis<strong> Enable USB-OTG<\/strong><\/p>\n<p><strong>En mode Fly<br \/>\n<\/strong><\/p>\n<p style=\"padding-left: 30px;\">Cliquer sur <strong>M (menu) &gt; Config<\/strong> &gt; <strong>Devices<br \/>\n<\/strong><\/p>\n<p style=\"padding-left: 60px;\">Selectioner <strong>Devices A:<\/strong> puis cliquer sur <strong>Edit<\/strong><\/p>\n<p style=\"padding-left: 60px;\">Cliquer sur <strong>Port<\/strong>, selectioner <strong>ttyACM0<\/strong><\/p>\n<p style=\"padding-left: 60px;\">Baud rate: 4800 (pas important)<\/p>\n<p style=\"padding-left: 60px;\">Driver : GENERIC ou BlueFly Vario ou C-Probe ou FlyNet Vario<\/p>\n<p>[\/vc_message][\/vc_column][\/vc_row][vc_row][vc_column][vc_message message_box_color=\u00a0\u00bborange\u00a0\u00bb icon_fontawesome=\u00a0\u00bbfa fa-check\u00a0\u00bb]Retournez sur l&rsquo;\u00e9cran principal et <strong>patientez au moins 45sec<\/strong> pour la connexion automatique[\/vc_message][\/vc_column][\/vc_row][vc_row][vc_column][vc_tta_accordion active_section=\u00a0\u00bb\u00a0\u00bb collapsible_all=\u00a0\u00bbtrue\u00a0\u00bb][vc_tta_section title=\u00a0\u00bbInstallation alternative avec une batterie externe\u00a0\u00bb tab_id=\u00a0\u00bb1463929657804-69b38c4a-20b4&Prime;][vc_column_text]Si vous avez besoin d&rsquo;une batterie externe pour votre Kobo, telle que <a href=\"http:\/\/www.stodeus.com\/solar-usb-battery\/\">leSolarPad<\/a>, veillez \u00e0 utiliser le <a href=\"http:\/\/www.stodeus.com\/shop\/index.php?id_product=6&amp;controller=product&amp;id_lang=2\">c\u00e2ble splitter<\/a>.[\/vc_column_text][vc_single_image image=\u00a0\u00bb1486&Prime; img_size=\u00a0\u00bblarge\u00a0\u00bb alignment=\u00a0\u00bbcenter\u00a0\u00bb style=\u00a0\u00bbvc_box_outline\u00a0\u00bb onclick=\u00a0\u00bblink_image\u00a0\u00bb][\/vc_tta_section][\/vc_tta_accordion][\/vc_column][\/vc_row]<\/p>\n","protected":false},"excerpt":{"rendered":"<p>[vc_row][vc_column][vc_custom_heading text=\u00a0\u00bbInstallation\u00a0\u00bb font_container=\u00a0\u00bbtag:h2|font_size:34px|text_align:left\u00a0\u00bb google_fonts=\u00a0\u00bbfont_family:Roboto%20Condensed%3A300%2C300italic%2Cregular%2Citalic%2C700%2C700italic|font_style:300%20light%20regular%3A300%3Anormal\u00a0\u00bb][\/vc_column][\/vc_row][vc_row][vc_column][vc_column_text]Veuillez suivre la proc\u00e9dure suivante, \u00e9tape par \u00e9tape :[\/vc_column_text][vc_message message_box_color=\u00a0\u00bborange\u00a0\u00bb icon_fontawesome=\u00a0\u00bbfa fa-check\u00a0\u00bb]Installez le logiciel sur votre p\u00e9riph\u00e9rique (bouton ci-dessous)[\/vc_message][\/vc_column][\/vc_row][vc_row][vc_column][vc_btn title=\u00a0\u00bbT\u00e9l\u00e9charger &amp; Installer XCSoar pour Kobo\u00a0\u00bb style=\u00a0\u00bbflat\u00a0\u00bb color=\u00a0\u00bbwarning\u00a0\u00bb align=\u00a0\u00bbcenter\u00a0\u00bb link=\u00a0\u00bburl:https%3A%2F%2Fwww.xcsoar.org%2Fdownload%2F||target:%20_blank\u00a0\u00bb][\/vc_column][\/vc_row][vc_row][vc_column][vc_message message_box_color=\u00a0\u00bborange\u00a0\u00bb icon_fontawesome=\u00a0\u00bbfa fa-check\u00a0\u00bb]Activez le mode Connectivit\u00e9 de votre GPSBip via le Configurator[\/vc_message][\/vc_column][\/vc_row][vc_row][vc_column width=\u00a0\u00bb1\/2&Prime;][vc_single_image image=\u00a0\u00bb1683&Prime; img_size=\u00a0\u00bblarge\u00a0\u00bb alignment=\u00a0\u00bbcenter\u00a0\u00bb title=\u00a0\u00bbActiver le mode Connectivit\u00e9 via le Configurator\u00a0\u00bb][\/vc_column][vc_column [&hellip;]<\/p>\n","protected":false},"author":2,"featured_media":0,"parent":0,"menu_order":0,"comment_status":"closed","ping_status":"open","template":"","meta":{"footnotes":""},"class_list":["post-1826","page","type-page","status-publish","hentry"],"_links":{"self":[{"href":"https:\/\/www.stodeus.com\/es\/wp-json\/wp\/v2\/pages\/1826","targetHints":{"allow":["GET"]}}],"collection":[{"href":"https:\/\/www.stodeus.com\/es\/wp-json\/wp\/v2\/pages"}],"about":[{"href":"https:\/\/www.stodeus.com\/es\/wp-json\/wp\/v2\/types\/page"}],"author":[{"embeddable":true,"href":"https:\/\/www.stodeus.com\/es\/wp-json\/wp\/v2\/users\/2"}],"replies":[{"embeddable":true,"href":"https:\/\/www.stodeus.com\/es\/wp-json\/wp\/v2\/comments?post=1826"}],"version-history":[{"count":2,"href":"https:\/\/www.stodeus.com\/es\/wp-json\/wp\/v2\/pages\/1826\/revisions"}],"predecessor-version":[{"id":5704,"href":"https:\/\/www.stodeus.com\/es\/wp-json\/wp\/v2\/pages\/1826\/revisions\/5704"}],"wp:attachment":[{"href":"https:\/\/www.stodeus.com\/es\/wp-json\/wp\/v2\/media?parent=1826"}],"curies":[{"name":"wp","href":"https:\/\/api.w.org\/{rel}","templated":true}]}}