{"id":3448,"date":"2019-05-06T11:35:16","date_gmt":"2019-05-06T09:35:16","guid":{"rendered":"https:\/\/www.stodeus.com\/?page_id=3448"},"modified":"2026-04-01T15:33:05","modified_gmt":"2026-04-01T13:33:05","slug":"gps-logger-track-recording","status":"publish","type":"page","link":"https:\/\/www.stodeus.com\/es\/gps-logger-track-recording\/","title":{"rendered":"Registrador GPS y grabaci\u00f3n de pistas"},"content":{"rendered":"<div data-elementor-type=\"wp-page\" data-elementor-id=\"3448\" class=\"elementor elementor-3448\" data-elementor-post-type=\"page\">\n\t\t\t\t<div class=\"elementor-element elementor-element-b721645 e-flex e-con-boxed e-con e-parent\" data-id=\"b721645\" data-element_type=\"container\">\n\t\t\t\t\t<div class=\"e-con-inner\">\n\t\t<div class=\"elementor-element elementor-element-369d7ed e-con-full e-flex e-con e-child\" data-id=\"369d7ed\" data-element_type=\"container\">\n\t\t\t\t<div class=\"elementor-element elementor-element-cacb7bb elementor-widget elementor-widget-spacer\" data-id=\"cacb7bb\" data-element_type=\"widget\" data-widget_type=\"spacer.default\">\n\t\t\t\t<div class=\"elementor-widget-container\">\n\t\t\t\t\t<div class=\"elementor-spacer\">\n\t\t\t<div class=\"elementor-spacer-inner\"><\/div>\n\t\t<\/div>\n\t\t\t\t<\/div>\n\t\t\t\t<\/div>\n\t\t\t\t<\/div>\n\t\t\t\t\t<\/div>\n\t\t\t\t<\/div>\n\t\t<div class=\"elementor-element elementor-element-ff05011 e-flex e-con-boxed e-con e-parent\" data-id=\"ff05011\" data-element_type=\"container\">\n\t\t\t\t\t<div class=\"e-con-inner\">\n\t\t<div class=\"elementor-element elementor-element-51c3b89 e-con-full e-flex e-con e-child\" data-id=\"51c3b89\" data-element_type=\"container\">\n\t\t\t\t<div class=\"elementor-element elementor-element-6b86bd5 elementor-widget elementor-widget-heading\" data-id=\"6b86bd5\" data-element_type=\"widget\" data-widget_type=\"heading.default\">\n\t\t\t\t<div class=\"elementor-widget-container\">\n\t\t\t<h3 class=\"elementor-heading-title elementor-size-xl\">GPS y grabaci\u00f3n de pistas<\/h3>\t\t<\/div>\n\t\t\t\t<\/div>\n\t\t\t\t<\/div>\n\t\t\t\t\t<\/div>\n\t\t\t\t<\/div>\n\t\t<div class=\"elementor-element elementor-element-e8e1cdc e-flex e-con-boxed e-con e-parent\" data-id=\"e8e1cdc\" data-element_type=\"container\">\n\t\t\t\t\t<div class=\"e-con-inner\">\n\t\t\t\t<div class=\"elementor-element elementor-element-daa92d8 elementor-widget elementor-widget-spacer\" data-id=\"daa92d8\" data-element_type=\"widget\" data-widget_type=\"spacer.default\">\n\t\t\t\t<div class=\"elementor-widget-container\">\n\t\t\t\t\t<div class=\"elementor-spacer\">\n\t\t\t<div class=\"elementor-spacer-inner\"><\/div>\n\t\t<\/div>\n\t\t\t\t<\/div>\n\t\t\t\t<\/div>\n\t\t\t\t\t<\/div>\n\t\t\t\t<\/div>\n\t\t<div class=\"elementor-element elementor-element-b82249f e-flex e-con-boxed e-con e-parent\" data-id=\"b82249f\" data-element_type=\"container\">\n\t\t\t\t\t<div class=\"e-con-inner\">\n\t\t\t\t<div class=\"elementor-element elementor-element-f992571 elementor-widget elementor-widget-heading\" data-id=\"f992571\" data-element_type=\"widget\" data-widget_type=\"heading.default\">\n\t\t\t\t<div class=\"elementor-widget-container\">\n\t\t\t<h3 class=\"elementor-heading-title elementor-size-xl\">Pistas grabadas<\/h3>\t\t<\/div>\n\t\t\t\t<\/div>\n\t\t\t\t\t<\/div>\n\t\t\t\t<\/div>\n\t\t<div class=\"elementor-element elementor-element-1a8ed80 e-flex e-con-boxed e-con e-parent\" data-id=\"1a8ed80\" data-element_type=\"container\">\n\t\t\t\t\t<div class=\"e-con-inner\">\n\t\t<div class=\"elementor-element elementor-element-d7d6cee e-con-full e-flex e-con e-child\" data-id=\"d7d6cee\" data-element_type=\"container\">\n\t\t\t\t<div class=\"elementor-element elementor-element-b9d8edb elementor-widget elementor-widget-text-editor\" data-id=\"b9d8edb\" data-element_type=\"widget\" data-widget_type=\"text-editor.default\">\n\t\t\t\t<div class=\"elementor-widget-container\">\n\t\t\t\t\t\t\t<p>La memoria interna de nuestros instrumentos GPS es de 4 a 8 GB. \u00a1Pueden grabar entre 10.000 y 20.000 vuelos!<\/p><p><strong>Para ver un vuelo :<\/strong><\/p><p>Al aterrizar, visualice instant\u00e1neamente su vuelo en el <a href=\"https:\/\/www.stodeus.com\/es\/stodeus-logbook\/\">LogBook Stodeus<\/a>.<br \/>Cada pista se graba en IGC y KML, y luego se sincroniza autom\u00e1ticamente por Bluetooth a trav\u00e9s de la aplicaci\u00f3n. <a href=\"https:\/\/www.stodeus.com\/es\/stodeus-app-biplink\/\">BipLink<\/a>.<\/p><p>En el Diario de a bordo, localiza tus vuelos en un mapa, analiza tus estad\u00edsticas detalladas y haz un seguimiento del desgaste de tus velas a lo largo del tiempo.<br \/>Para cada vuelo, consulta tu velocidad m\u00e1xima, altitud m\u00e1xima, distancia recorrida y tiempo total.<\/p><p><strong>El archivo IGC generado por el UltraBip est\u00e1 certificado FAI-CIVL<\/strong>, y se recupera f\u00e1cilmente mediante Bluetooth utilizando el <a href=\"https:\/\/www.stodeus.com\/es\/stodeus-logbook\/\">LogBook Stodeus<\/a>. A continuaci\u00f3n, podr\u00e1 declararlo directamente en el sitio web de su federaci\u00f3n (FFVL, DHV, SHV, USHPA, BHPA, etc.) o para sus competiciones.<\/p>\t\t\t\t\t\t<\/div>\n\t\t\t\t<\/div>\n\t\t\t\t<div class=\"elementor-element elementor-element-fe534b8 elementor-widget elementor-widget-image\" data-id=\"fe534b8\" data-element_type=\"widget\" data-widget_type=\"image.default\">\n\t\t\t\t<div class=\"elementor-widget-container\">\n\t\t\t\t\t\t\t\t\t\t\t\t\t<img fetchpriority=\"high\" decoding=\"async\" width=\"300\" height=\"184\" src=\"https:\/\/www.stodeus.com\/wp-content\/uploads\/2018\/08\/fai-civl.jpg\" class=\"attachment-large size-large wp-image-3153\" alt=\"\" \/>\t\t\t\t\t\t\t\t\t\t\t\t\t<\/div>\n\t\t\t\t<\/div>\n\t\t\t\t<\/div>\n\t\t<div class=\"elementor-element elementor-element-6b0ce59 e-con-full e-flex e-con e-child\" data-id=\"6b0ce59\" data-element_type=\"container\">\n\t\t\t\t<div class=\"elementor-element elementor-element-0df09cf elementor-widget elementor-widget-html\" data-id=\"0df09cf\" data-element_type=\"widget\" data-widget_type=\"html.default\">\n\t\t\t\t<div class=\"elementor-widget-container\">\n\t\t\t<div class=\"iphone16-wrap\">\n  <div class=\"iphone16-frame\">\n    <div class=\"iphone16-screen\">\n      <div class=\"dynamic-island\"><\/div>\n      <video autoplay loop muted playsinline>\n        <source src=\"https:\/\/www.stodeus.com\/wp-content\/uploads\/2026\/03\/Stodeus_logbook_overview_animated.mp4\" type=\"video\/mp4\">\n      <\/video>\n    <\/div>\n  <\/div>\n<\/div>\n\n<style>\n.iphone16-wrap {\n  width: min(360px, 92vw);\n  margin: 0 auto;\n}\n\n.iphone16-frame {\n  display: inline-block;\n  position: relative;\n  padding: 10px;\n  border-radius: 60px;\n  background: linear-gradient(145deg, #1c1c1e, #2c2c2e);\n  box-shadow:\n    inset 0 0 0 1px rgba(255,255,255,0.05),\n    0 25px 60px rgba(0,0,0,0.35);\n}\n\n.iphone16-screen {\n  position: relative;\n  overflow: hidden;\n  border-radius: 52px;\n  background: #000;\n}\n\n.iphone16-screen video {\n  display: block;\n  width: 100%;\n  height: auto;\n  max-width: 100%;\n}\n\n.dynamic-island {\n  position: absolute;\n  top: 8px;\n  left: 50%;\n  transform: translateX(-50%);\n  width: 110px;\n  height: 26px;\n  background: #000;\n  border-radius: 20px;\n  z-index: 3;\n  box-shadow: 0 2px 4px rgba(0,0,0,0.35);\n  pointer-events: none;\n}\n\n@media (max-width: 767px) {\n  .iphone16-wrap {\n    width: min(300px, 92vw);\n  }\n\n  .iphone16-frame {\n    padding: 8px;\n    border-radius: 60px;\n  }\n\n  .iphone16-screen {\n    border-radius: 52px;\n  }\n\n  .dynamic-island {\n    width: 96px;\n    height: 24px;\n    top: 7px;\n  }\n}\n<\/style>\t\t<\/div>\n\t\t\t\t<\/div>\n\t\t\t\t<\/div>\n\t\t\t\t\t<\/div>\n\t\t\t\t<\/div>\n\t\t<div class=\"elementor-element elementor-element-6b49ba4 e-flex e-con-boxed e-con e-parent\" data-id=\"6b49ba4\" data-element_type=\"container\">\n\t\t\t\t\t<div class=\"e-con-inner\">\n\t\t<div class=\"elementor-element elementor-element-c090b73 e-con-full e-flex e-con e-child\" data-id=\"c090b73\" data-element_type=\"container\">\n\t\t\t\t<div class=\"elementor-element elementor-element-b193f04 elementor-widget elementor-widget-text-editor\" data-id=\"b193f04\" data-element_type=\"widget\" data-widget_type=\"text-editor.default\">\n\t\t\t\t<div class=\"elementor-widget-container\">\n\t\t\t\t\t\t\t<p><strong>Gesti\u00f3n de la altitud :<\/strong><br \/>Como nuestros instrumentos no tienen pantalla, no tienen la posibilidad de introducir el QNH (presi\u00f3n a nivel del mar). Por ello, el GNSS (Sistema Mundial de Navegaci\u00f3n por Sat\u00e9lite, o GPS) la calibra autom\u00e1ticamente antes del despegue.<br \/>Cuanto mayor sea el tiempo entre la fijaci\u00f3n GNSS y el despegue (con la detecci\u00f3n de despegue activada, por defecto), m\u00e1s precisa ser\u00e1 la calibraci\u00f3n de altitud.<\/p><p>En las aplicaciones de vuelo, la altitud QFE puede calibrarse a menudo antes del despegue (utilizando la altitud conocida en tierra).<\/p><p><strong>Anuncio vocal de altitud :<\/strong><br \/>Es la altitud obtenida del sensor de presi\u00f3n y calibrada inicialmente de forma autom\u00e1tica por el GNSS antes del despegue.<\/p>\t\t\t\t\t\t<\/div>\n\t\t\t\t<\/div>\n\t\t\t\t<\/div>\n\t\t\t\t\t<\/div>\n\t\t\t\t<\/div>\n\t\t<div class=\"elementor-element elementor-element-d6a13e4 e-flex e-con-boxed e-con e-parent\" data-id=\"d6a13e4\" data-element_type=\"container\">\n\t\t\t\t\t<div class=\"e-con-inner\">\n\t\t<div class=\"elementor-element elementor-element-4265348 e-con-full e-flex e-con e-child\" data-id=\"4265348\" data-element_type=\"container\">\n\t\t\t\t<div class=\"elementor-element elementor-element-ce1c077 elementor-widget elementor-widget-text-editor\" data-id=\"ce1c077\" data-element_type=\"widget\" data-widget_type=\"text-editor.default\">\n\t\t\t\t<div class=\"elementor-widget-container\">\n\t\t\t\t\t\t\t<p><strong>Altitud en el archivo KML :<\/strong><br \/>Se trata de la altitud obtenida del sensor de presi\u00f3n y calibrada inicialmente de forma autom\u00e1tica por el GNSS antes del despegue, actualizada en cada punto.<\/p><p><strong>Altitud en el archivo IGC :<\/strong><br \/>Se registran dos altitudes:<\/p><ul><li>Altitud barom\u00e9trica est\u00e1ndar, sin calibraci\u00f3n inicial<\/li><li>GNSS<\/li><\/ul><p><strong>Nota sobre la visualizaci\u00f3n de la altitud :<\/strong><\/p><ul><li><strong>HFCK :<\/strong><br \/>Es posible que, al volar cerca del terreno, se produzca una colisi\u00f3n entre el terreno y la pista: esto es normal.<br \/>De hecho, GoogleEarth utiliza elevaciones del terreno SRTM (Shuttle Radar Topography Mission) con una precisi\u00f3n de \u00b1 20 m.<br \/>Como resultado, la representaci\u00f3n del terreno en Google Earth es aproximada. Las pendientes son err\u00f3neas y los picos est\u00e1n cepillados.<\/li><\/ul><ul><li><strong>CIG :<\/strong><br \/>Como hay 2 altitudes, dependiendo del visor de la pista CIG, preste atenci\u00f3n a cu\u00e1l se muestra (presi\u00f3n atmosf\u00e9rica no calibrada o GNSS).<\/li><li><strong>En LogBook Stodeus :<\/strong><br \/>Las 2 altitudes del archivo IGC (presi\u00f3n atmosf\u00e9rica no calibrada y GNSS) son visibles.<\/li><\/ul>\t\t\t\t\t\t<\/div>\n\t\t\t\t<\/div>\n\t\t\t\t<\/div>\n\t\t<div class=\"elementor-element elementor-element-cbd702e e-con-full e-flex e-con e-child\" data-id=\"cbd702e\" data-element_type=\"container\">\n\t\t\t\t<div class=\"elementor-element elementor-element-7362f7d elementor-widget elementor-widget-image\" data-id=\"7362f7d\" data-element_type=\"widget\" data-widget_type=\"image.default\">\n\t\t\t\t<div class=\"elementor-widget-container\">\n\t\t\t\t\t\t\t\t\t\t\t\t\t<img decoding=\"async\" width=\"1920\" height=\"1032\" src=\"https:\/\/www.stodeus.com\/wp-content\/uploads\/2018\/08\/Capture-Google-Earth.png\" class=\"attachment-full size-full wp-image-2941\" alt=\"\" srcset=\"https:\/\/www.stodeus.com\/wp-content\/uploads\/2018\/08\/Capture-Google-Earth.png 1920w, https:\/\/www.stodeus.com\/wp-content\/uploads\/2018\/08\/Capture-Google-Earth-300x161.png 300w, https:\/\/www.stodeus.com\/wp-content\/uploads\/2018\/08\/Capture-Google-Earth-1024x550.png 1024w, https:\/\/www.stodeus.com\/wp-content\/uploads\/2018\/08\/Capture-Google-Earth-768x413.png 768w, https:\/\/www.stodeus.com\/wp-content\/uploads\/2018\/08\/Capture-Google-Earth-1536x826.png 1536w\" sizes=\"(max-width: 1920px) 100vw, 1920px\" \/>\t\t\t\t\t\t\t\t\t\t\t\t\t<\/div>\n\t\t\t\t<\/div>\n\t\t\t\t<\/div>\n\t\t\t\t\t<\/div>\n\t\t\t\t<\/div>\n\t\t<div class=\"elementor-element elementor-element-95b9df3 e-flex e-con-boxed e-con e-parent\" data-id=\"95b9df3\" data-element_type=\"container\">\n\t\t\t\t\t<div class=\"e-con-inner\">\n\t\t<div class=\"elementor-element elementor-element-4e7fe35 e-con-full e-flex e-con e-child\" data-id=\"4e7fe35\" data-element_type=\"container\">\n\t\t\t\t<div class=\"elementor-element elementor-element-1d741b5 elementor-widget elementor-widget-text-editor\" data-id=\"1d741b5\" data-element_type=\"widget\" data-widget_type=\"text-editor.default\">\n\t\t\t\t<div class=\"elementor-widget-container\">\n\t\t\t\t\t\t\t<p><strong>Inscripci\u00f3n :<\/strong><br \/>Nuestros instrumentos GPS graban el track internamente, incluso cuando est\u00e1n conectados a un smartphone. Siempre que, por supuesto, hayas activado la grabaci\u00f3n de tracks en el<a href=\"https:\/\/www.stodeus.com\/es\/stodeus-app-biplink\/\">aplicaci\u00f3n BipLink<\/a> (funci\u00f3n activada por defecto).<\/p>\t\t\t\t\t\t<\/div>\n\t\t\t\t<\/div>\n\t\t\t\t<\/div>\n\t\t\t\t\t<\/div>\n\t\t\t\t<\/div>\n\t\t<div class=\"elementor-element elementor-element-fb879cf e-flex e-con-boxed e-con e-parent\" data-id=\"fb879cf\" data-element_type=\"container\">\n\t\t\t\t\t<div class=\"e-con-inner\">\n\t\t\t\t<div class=\"elementor-element elementor-element-e7c0c9e elementor-widget elementor-widget-text-editor\" data-id=\"e7c0c9e\" data-element_type=\"widget\" data-widget_type=\"text-editor.default\">\n\t\t\t\t<div class=\"elementor-widget-container\">\n\t\t\t\t\t\t\t<p style=\"text-align: center;\"><strong><a id=\"link-red\" href=\"https:\/\/www.stodeus.com\/es\/pal-takats-red-bull-x-alps-2023-7-days-and-1223-km-recorded-by-the-ultrabip\/\">\u00a1UltraBip grab\u00f3 los 1223 km recorridos en 7 d\u00edas por P\u00e1l Tak\u00e1ts durante la RedBull X-Alps!<\/a><\/strong><\/p>\t\t\t\t\t\t<\/div>\n\t\t\t\t<\/div>\n\t\t\t\t<div class=\"elementor-element elementor-element-e498b9b elementor-widget elementor-widget-image\" data-id=\"e498b9b\" data-element_type=\"widget\" data-widget_type=\"image.default\">\n\t\t\t\t<div class=\"elementor-widget-container\">\n\t\t\t\t\t\t\t\t\t\t<figure class=\"wp-caption\">\n\t\t\t\t\t\t\t\t\t\t\t<a href=\"https:\/\/www.stodeus.com\/wp-content\/uploads\/2023\/12\/screenshot_google_earth_red_bull_x_alps_2023_pal_takats_ultrabip_tracks_r.jpg\" data-elementor-open-lightbox=\"yes\" data-elementor-lightbox-title=\"screenshot_google_earth_red_bull_x_alps_2023_pal_takats_ultrabip_tracks_r\" data-e-action-hash=\"#elementor-action%3Aaction%3Dlightbox%26settings%3DeyJpZCI6MTQ1ODAsInVybCI6Imh0dHBzOlwvXC93d3cuc3RvZGV1cy5jb21cL3dwLWNvbnRlbnRcL3VwbG9hZHNcLzIwMjNcLzEyXC9zY3JlZW5zaG90X2dvb2dsZV9lYXJ0aF9yZWRfYnVsbF94X2FscHNfMjAyM19wYWxfdGFrYXRzX3VsdHJhYmlwX3RyYWNrc19yLmpwZyJ9\">\n\t\t\t\t\t\t\t<img decoding=\"async\" width=\"768\" height=\"393\" src=\"https:\/\/www.stodeus.com\/wp-content\/uploads\/2023\/12\/screenshot_google_earth_red_bull_x_alps_2023_pal_takats_ultrabip_tracks_r-768x393.jpg\" class=\"attachment-medium_large size-medium_large wp-image-14580\" alt=\"\" srcset=\"https:\/\/www.stodeus.com\/wp-content\/uploads\/2023\/12\/screenshot_google_earth_red_bull_x_alps_2023_pal_takats_ultrabip_tracks_r-768x393.jpg 768w, https:\/\/www.stodeus.com\/wp-content\/uploads\/2023\/12\/screenshot_google_earth_red_bull_x_alps_2023_pal_takats_ultrabip_tracks_r-300x154.jpg 300w, https:\/\/www.stodeus.com\/wp-content\/uploads\/2023\/12\/screenshot_google_earth_red_bull_x_alps_2023_pal_takats_ultrabip_tracks_r-1024x525.jpg 1024w, https:\/\/www.stodeus.com\/wp-content\/uploads\/2023\/12\/screenshot_google_earth_red_bull_x_alps_2023_pal_takats_ultrabip_tracks_r-1536x787.jpg 1536w, https:\/\/www.stodeus.com\/wp-content\/uploads\/2023\/12\/screenshot_google_earth_red_bull_x_alps_2023_pal_takats_ultrabip_tracks_r-18x9.jpg 18w, https:\/\/www.stodeus.com\/wp-content\/uploads\/2023\/12\/screenshot_google_earth_red_bull_x_alps_2023_pal_takats_ultrabip_tracks_r.jpg 1800w\" sizes=\"(max-width: 768px) 100vw, 768px\" \/>\t\t\t\t\t\t\t\t<\/a>\n\t\t\t\t\t\t\t\t\t\t\t<figcaption class=\"widget-image-caption wp-caption-text\">Los 1223 km de P\u00e1l Tak\u00e1ts registrados por el UltraBip en la Red Bull X-Alps<\/figcaption>\n\t\t\t\t\t\t\t\t\t\t<\/figure>\n\t\t\t\t\t\t\t<\/div>\n\t\t\t\t<\/div>\n\t\t\t\t<div class=\"elementor-element elementor-element-d5b7f6c elementor-widget elementor-widget-spacer\" data-id=\"d5b7f6c\" data-element_type=\"widget\" data-widget_type=\"spacer.default\">\n\t\t\t\t<div class=\"elementor-widget-container\">\n\t\t\t\t\t<div class=\"elementor-spacer\">\n\t\t\t<div class=\"elementor-spacer-inner\"><\/div>\n\t\t<\/div>\n\t\t\t\t<\/div>\n\t\t\t\t<\/div>\n\t\t\t\t\t<\/div>\n\t\t\t\t<\/div>\n\t\t\t\t<section class=\"elementor-section elementor-top-section elementor-element elementor-element-608f0ae elementor-hidden-mobile elementor-hidden-tablet elementor-section-boxed elementor-section-height-default elementor-section-height-default\" data-id=\"608f0ae\" data-element_type=\"section\" data-settings=\"{&quot;background_background&quot;:&quot;gradient&quot;}\">\n\t\t\t\t\t\t<div class=\"elementor-container elementor-column-gap-default\">\n\t\t\t\t\t<div class=\"elementor-column elementor-col-100 elementor-top-column elementor-element elementor-element-cd6b238\" data-id=\"cd6b238\" data-element_type=\"column\" data-settings=\"{&quot;background_background&quot;:&quot;classic&quot;}\">\n\t\t\t<div class=\"elementor-widget-wrap elementor-element-populated\">\n\t\t\t\t\t<div class=\"elementor-background-overlay\"><\/div>\n\t\t\t\t\t\t<div class=\"elementor-element elementor-element-dfefac5 elementor-widget elementor-widget-heading\" data-id=\"dfefac5\" data-element_type=\"widget\" data-widget_type=\"heading.default\">\n\t\t\t\t<div class=\"elementor-widget-container\">\n\t\t\t<h2 class=\"elementor-heading-title elementor-size-default\">Varios y GPS<\/h2>\t\t<\/div>\n\t\t\t\t<\/div>\n\t\t\t\t<div class=\"elementor-element elementor-element-4f2cc2f elementor-widget elementor-widget-text-editor\" data-id=\"4f2cc2f\" data-element_type=\"widget\" data-widget_type=\"text-editor.default\">\n\t\t\t\t<div class=\"elementor-widget-container\">\n\t\t\t\t\t\t\t<p>Instrumentos de navegaci\u00f3n para parapentes.<\/p>\t\t\t\t\t\t<\/div>\n\t\t\t\t<\/div>\n\t\t\t\t<div class=\"elementor-element elementor-element-213ddad elementor-align-left elementor-widget elementor-widget-button\" data-id=\"213ddad\" data-element_type=\"widget\" data-widget_type=\"button.default\">\n\t\t\t\t<div class=\"elementor-widget-container\">\n\t\t\t\t\t\t\t<div class=\"elementor-button-wrapper\">\n\t\t\t\t\t<a class=\"elementor-button elementor-button-link elementor-size-md\" href=\"https:\/\/www.stodeus.com\/es\/stodeus_paragliding_instruments_range\/\">\n\t\t\t\t\t\t<span class=\"elementor-button-content-wrapper\">\n\t\t\t\t\t\t<span class=\"elementor-button-icon\">\n\t\t\t\t<i aria-hidden=\"true\" class=\"fas fa-caret-right\"><\/i>\t\t\t<\/span>\n\t\t\t\t\t\t\t\t\t<span class=\"elementor-button-text\">Descubra la gama Stodeus<\/span>\n\t\t\t\t\t<\/span>\n\t\t\t\t\t<\/a>\n\t\t\t\t<\/div>\n\t\t\t\t\t\t<\/div>\n\t\t\t\t<\/div>\n\t\t\t\t\t<\/div>\n\t\t<\/div>\n\t\t\t\t\t<\/div>\n\t\t<\/section>\n\t\t\t\t<section class=\"elementor-section elementor-top-section elementor-element elementor-element-f80ff2a elementor-hidden-desktop elementor-section-boxed elementor-section-height-default elementor-section-height-default\" data-id=\"f80ff2a\" data-element_type=\"section\" data-settings=\"{&quot;background_background&quot;:&quot;gradient&quot;}\">\n\t\t\t\t\t\t<div class=\"elementor-container elementor-column-gap-default\">\n\t\t\t\t\t<div class=\"elementor-column elementor-col-100 elementor-top-column elementor-element elementor-element-81ea791\" data-id=\"81ea791\" data-element_type=\"column\" data-settings=\"{&quot;background_background&quot;:&quot;classic&quot;}\">\n\t\t\t<div class=\"elementor-widget-wrap elementor-element-populated\">\n\t\t\t\t\t<div class=\"elementor-background-overlay\"><\/div>\n\t\t\t\t\t\t<div class=\"elementor-element elementor-element-315eeeb elementor-widget elementor-widget-heading\" data-id=\"315eeeb\" data-element_type=\"widget\" data-widget_type=\"heading.default\">\n\t\t\t\t<div class=\"elementor-widget-container\">\n\t\t\t<h2 class=\"elementor-heading-title elementor-size-default\"><span style=\"text-align: start;background-color: transparent\">Varios y GPS<\/span><\/h2>\t\t<\/div>\n\t\t\t\t<\/div>\n\t\t\t\t<div class=\"elementor-element elementor-element-23e6326 elementor-widget elementor-widget-text-editor\" data-id=\"23e6326\" data-element_type=\"widget\" data-widget_type=\"text-editor.default\">\n\t\t\t\t<div class=\"elementor-widget-container\">\n\t\t\t\t\t\t\t<p style=\"text-align: center;\"><span style=\"text-align: start;\">Instrumentos de navegaci\u00f3n para parapentes.<br \/><\/span><\/p>\t\t\t\t\t\t<\/div>\n\t\t\t\t<\/div>\n\t\t\t\t<div class=\"elementor-element elementor-element-8d7ed11 elementor-widget elementor-widget-image\" data-id=\"8d7ed11\" data-element_type=\"widget\" data-widget_type=\"image.default\">\n\t\t\t\t<div class=\"elementor-widget-container\">\n\t\t\t\t\t\t\t\t\t\t\t\t\t<img loading=\"lazy\" decoding=\"async\" width=\"923\" height=\"573\" src=\"https:\/\/www.stodeus.com\/wp-content\/uploads\/2023\/06\/gamme_stodeus.png\" class=\"attachment-full size-full wp-image-13899\" alt=\"\" srcset=\"https:\/\/www.stodeus.com\/wp-content\/uploads\/2023\/06\/gamme_stodeus.png 923w, https:\/\/www.stodeus.com\/wp-content\/uploads\/2023\/06\/gamme_stodeus-300x186.png 300w, https:\/\/www.stodeus.com\/wp-content\/uploads\/2023\/06\/gamme_stodeus-768x477.png 768w, https:\/\/www.stodeus.com\/wp-content\/uploads\/2023\/06\/gamme_stodeus-18x12.png 18w\" sizes=\"(max-width: 923px) 100vw, 923px\" \/>\t\t\t\t\t\t\t\t\t\t\t\t\t<\/div>\n\t\t\t\t<\/div>\n\t\t\t\t<div class=\"elementor-element elementor-element-0e68ad0 elementor-align-left elementor-mobile-align-center elementor-tablet-align-center elementor-widget elementor-widget-button\" data-id=\"0e68ad0\" data-element_type=\"widget\" data-widget_type=\"button.default\">\n\t\t\t\t<div class=\"elementor-widget-container\">\n\t\t\t\t\t\t\t<div class=\"elementor-button-wrapper\">\n\t\t\t\t\t<a class=\"elementor-button elementor-button-link elementor-size-md\" href=\"https:\/\/www.stodeus.com\/es\/stodeus_paragliding_instruments_range\/\">\n\t\t\t\t\t\t<span class=\"elementor-button-content-wrapper\">\n\t\t\t\t\t\t<span class=\"elementor-button-icon\">\n\t\t\t\t<i aria-hidden=\"true\" class=\"fas fa-caret-right\"><\/i>\t\t\t<\/span>\n\t\t\t\t\t\t\t\t\t<span class=\"elementor-button-text\">La gama Stodeus<\/span>\n\t\t\t\t\t<\/span>\n\t\t\t\t\t<\/a>\n\t\t\t\t<\/div>\n\t\t\t\t\t\t<\/div>\n\t\t\t\t<\/div>\n\t\t\t\t\t<\/div>\n\t\t<\/div>\n\t\t\t\t\t<\/div>\n\t\t<\/section>\n\t\t\t\t<\/div>","protected":false},"excerpt":{"rendered":"<p>GPS et enregistrement de traces Traces enregistr\u00e9es La m\u00e9moire interne de nos instruments GPS est de 4 \u00e0 8GB. Ils peuvent enregistrer entre 10 000 et 20 000 vols ! Pour visualiser un vol : \u00c0 l\u2019atterrissage, visualisez instantan\u00e9ment votre vol dans le LogBook Stodeus.Chaque trace est enregistr\u00e9e en IGC et KML, puis synchronis\u00e9e automatiquement [&hellip;]<\/p>\n","protected":false},"author":2,"featured_media":0,"parent":0,"menu_order":0,"comment_status":"closed","ping_status":"closed","template":"","meta":{"footnotes":""},"class_list":["post-3448","page","type-page","status-publish","hentry"],"_links":{"self":[{"href":"https:\/\/www.stodeus.com\/es\/wp-json\/wp\/v2\/pages\/3448","targetHints":{"allow":["GET"]}}],"collection":[{"href":"https:\/\/www.stodeus.com\/es\/wp-json\/wp\/v2\/pages"}],"about":[{"href":"https:\/\/www.stodeus.com\/es\/wp-json\/wp\/v2\/types\/page"}],"author":[{"embeddable":true,"href":"https:\/\/www.stodeus.com\/es\/wp-json\/wp\/v2\/users\/2"}],"replies":[{"embeddable":true,"href":"https:\/\/www.stodeus.com\/es\/wp-json\/wp\/v2\/comments?post=3448"}],"version-history":[{"count":65,"href":"https:\/\/www.stodeus.com\/es\/wp-json\/wp\/v2\/pages\/3448\/revisions"}],"predecessor-version":[{"id":17125,"href":"https:\/\/www.stodeus.com\/es\/wp-json\/wp\/v2\/pages\/3448\/revisions\/17125"}],"wp:attachment":[{"href":"https:\/\/www.stodeus.com\/es\/wp-json\/wp\/v2\/media?parent=3448"}],"curies":[{"name":"wp","href":"https:\/\/api.w.org\/{rel}","templated":true}]}}