{"id":4685,"date":"2021-02-22T12:40:46","date_gmt":"2021-02-22T10:40:46","guid":{"rendered":"https:\/\/www.stodeus.com\/?page_id=4685"},"modified":"2025-09-01T12:44:08","modified_gmt":"2025-09-01T10:44:08","slug":"minibip-user-manual","status":"publish","type":"page","link":"https:\/\/www.stodeus.com\/fr\/minibip-user-manual\/","title":{"rendered":"miniBip user manual"},"content":{"rendered":"\t\t<div data-elementor-type=\"wp-page\" data-elementor-id=\"4685\" class=\"elementor elementor-4685\" data-elementor-post-type=\"page\">\n\t\t\t\t\t\t<section class=\"elementor-section elementor-top-section elementor-element elementor-element-343a9b2 elementor-section-boxed elementor-section-height-default elementor-section-height-default\" data-id=\"343a9b2\" data-element_type=\"section\">\n\t\t\t\t\t\t<div class=\"elementor-container elementor-column-gap-default\">\n\t\t\t\t\t<div class=\"elementor-column elementor-col-100 elementor-top-column elementor-element elementor-element-b768fa0\" data-id=\"b768fa0\" data-element_type=\"column\">\n\t\t\t<div class=\"elementor-widget-wrap elementor-element-populated\">\n\t\t\t\t\t\t<div class=\"elementor-element elementor-element-c5c44a8 elementor-widget elementor-widget-spacer\" data-id=\"c5c44a8\" data-element_type=\"widget\" data-widget_type=\"spacer.default\">\n\t\t\t\t<div class=\"elementor-widget-container\">\n\t\t\t\t\t<div class=\"elementor-spacer\">\n\t\t\t<div class=\"elementor-spacer-inner\"><\/div>\n\t\t<\/div>\n\t\t\t\t<\/div>\n\t\t\t\t<\/div>\n\t\t\t\t\t<\/div>\n\t\t<\/div>\n\t\t\t\t\t<\/div>\n\t\t<\/section>\n\t\t\t\t<section class=\"elementor-section elementor-top-section elementor-element elementor-element-f4198c0 elementor-section-boxed elementor-section-height-default elementor-section-height-default\" data-id=\"f4198c0\" data-element_type=\"section\">\n\t\t\t\t\t\t<div class=\"elementor-container elementor-column-gap-default\">\n\t\t\t\t\t<div class=\"elementor-column elementor-col-100 elementor-top-column elementor-element elementor-element-378565e\" data-id=\"378565e\" data-element_type=\"column\">\n\t\t\t<div class=\"elementor-widget-wrap elementor-element-populated\">\n\t\t\t\t\t\t<div class=\"elementor-element elementor-element-b7c2dae elementor-widget elementor-widget-heading\" data-id=\"b7c2dae\" data-element_type=\"widget\" data-widget_type=\"heading.default\">\n\t\t\t\t<div class=\"elementor-widget-container\">\n\t\t\t<h2 class=\"elementor-heading-title elementor-size-default\">miniBip V2 : guide d'utilisation d\u00e9taill\u00e9<\/h2>\t\t<\/div>\n\t\t\t\t<\/div>\n\t\t\t\t\t<\/div>\n\t\t<\/div>\n\t\t\t\t\t<\/div>\n\t\t<\/section>\n\t\t\t\t<section class=\"elementor-section elementor-top-section elementor-element elementor-element-70fb4e6 elementor-section-boxed elementor-section-height-default elementor-section-height-default\" data-id=\"70fb4e6\" data-element_type=\"section\">\n\t\t\t\t\t\t<div class=\"elementor-container elementor-column-gap-default\">\n\t\t\t\t\t<div class=\"elementor-column elementor-col-100 elementor-top-column elementor-element elementor-element-207eb9a\" data-id=\"207eb9a\" data-element_type=\"column\">\n\t\t\t<div class=\"elementor-widget-wrap elementor-element-populated\">\n\t\t\t\t\t\t<div class=\"elementor-element elementor-element-148c208 elementor-widget elementor-widget-spacer\" data-id=\"148c208\" data-element_type=\"widget\" data-widget_type=\"spacer.default\">\n\t\t\t\t<div class=\"elementor-widget-container\">\n\t\t\t\t\t<div class=\"elementor-spacer\">\n\t\t\t<div class=\"elementor-spacer-inner\"><\/div>\n\t\t<\/div>\n\t\t\t\t<\/div>\n\t\t\t\t<\/div>\n\t\t\t\t\t<\/div>\n\t\t<\/div>\n\t\t\t\t\t<\/div>\n\t\t<\/section>\n\t\t\t\t<section class=\"elementor-section elementor-top-section elementor-element elementor-element-855846c elementor-section-boxed elementor-section-height-default elementor-section-height-default\" data-id=\"855846c\" data-element_type=\"section\">\n\t\t\t\t\t\t<div class=\"elementor-container elementor-column-gap-default\">\n\t\t\t\t\t<div class=\"elementor-column elementor-col-33 elementor-top-column elementor-element elementor-element-2785f5e\" data-id=\"2785f5e\" data-element_type=\"column\">\n\t\t\t<div class=\"elementor-widget-wrap elementor-element-populated\">\n\t\t\t\t\t\t<div class=\"elementor-element elementor-element-16873b6 elementor-widget elementor-widget-image\" data-id=\"16873b6\" data-element_type=\"widget\" data-widget_type=\"image.default\">\n\t\t\t\t<div class=\"elementor-widget-container\">\n\t\t\t\t\t\t\t\t\t\t\t\t\t<img fetchpriority=\"high\" decoding=\"async\" width=\"755\" height=\"539\" src=\"https:\/\/www.stodeus.com\/wp-content\/uploads\/2021\/03\/minibip_bulles_web_FR_montage.png\" class=\"attachment-large size-large wp-image-4700\" alt=\"\" srcset=\"https:\/\/www.stodeus.com\/wp-content\/uploads\/2021\/03\/minibip_bulles_web_FR_montage.png 755w, https:\/\/www.stodeus.com\/wp-content\/uploads\/2021\/03\/minibip_bulles_web_FR_montage-300x214.png 300w\" sizes=\"(max-width: 755px) 100vw, 755px\" \/>\t\t\t\t\t\t\t\t\t\t\t\t\t<\/div>\n\t\t\t\t<\/div>\n\t\t\t\t<div class=\"elementor-element elementor-element-2ac7983 elementor-widget elementor-widget-text-editor\" data-id=\"2ac7983\" data-element_type=\"widget\" data-widget_type=\"text-editor.default\">\n\t\t\t\t<div class=\"elementor-widget-container\">\n\t\t\t\t\t\t\t<p><strong>Montage :<\/strong>\u00a0R\u00e9alisez une t\u00eate d\u2019alouette avec la suspente d\u2019attache afin de s\u00e9curiser le miniBip V2.<\/p><ol><li>Passez la petite boucle de la suspente d\u2019attache dans la poign\u00e9e du miniBip V2.<\/li><li>Faites passer l\u2019autre extr\u00e9mit\u00e9 de la suspente (grande boucle) \u00e0 l\u2019int\u00e9rieur de la petite boucle.<\/li><\/ol>\t\t\t\t\t\t<\/div>\n\t\t\t\t<\/div>\n\t\t\t\t\t<\/div>\n\t\t<\/div>\n\t\t\t\t<div class=\"elementor-column elementor-col-33 elementor-top-column elementor-element elementor-element-37ed441\" data-id=\"37ed441\" data-element_type=\"column\">\n\t\t\t<div class=\"elementor-widget-wrap elementor-element-populated\">\n\t\t\t\t\t\t<div class=\"elementor-element elementor-element-a6f1a37 elementor-widget elementor-widget-image\" data-id=\"a6f1a37\" data-element_type=\"widget\" data-widget_type=\"image.default\">\n\t\t\t\t<div class=\"elementor-widget-container\">\n\t\t\t\t\t\t\t\t\t\t\t\t\t<img decoding=\"async\" width=\"755\" height=\"539\" src=\"https:\/\/www.stodeus.com\/wp-content\/uploads\/2021\/03\/minibip_bulles_web_FR_installation.png\" class=\"attachment-large size-large wp-image-4699\" alt=\"\" srcset=\"https:\/\/www.stodeus.com\/wp-content\/uploads\/2021\/03\/minibip_bulles_web_FR_installation.png 755w, https:\/\/www.stodeus.com\/wp-content\/uploads\/2021\/03\/minibip_bulles_web_FR_installation-300x214.png 300w\" sizes=\"(max-width: 755px) 100vw, 755px\" \/>\t\t\t\t\t\t\t\t\t\t\t\t\t<\/div>\n\t\t\t\t<\/div>\n\t\t\t\t<div class=\"elementor-element elementor-element-f388e2c elementor-widget elementor-widget-text-editor\" data-id=\"f388e2c\" data-element_type=\"widget\" data-widget_type=\"text-editor.default\">\n\t\t\t\t<div class=\"elementor-widget-container\">\n\t\t\t\t\t\t\t<p><strong>Installation :\u00a0<\/strong>2 velcros boucles sont fournis avec le miniBip V2 afin de le fixer sur votre \u00e9quipement.<br \/>Vous pouvez coller un velcro \u00e0 l\u2019arri\u00e8re de votre casque, et si besoin, coller\/coudre le second sur la bretelle de votre sellette, ou utiliser les deux velcros boucle coll\u00e9s l\u2019un \u00e0 l\u2019autre autour de l\u2019\u00e9l\u00e9vateur.<\/p><p><em>Note :\u00a0<strong>L\u2019installation sur la bretelle de la sellette est recommand\u00e9e.<\/strong><\/em><br \/><em>Sur le casque, assurez-vous de toujours placer le miniBip V2 \u00e0 l\u2019arri\u00e8re du casque, et non sur le c\u00f4t\u00e9, de fa\u00e7on \u00e0 \u00e9viter d\u2019avoir des bips incoh\u00e9rents li\u00e9s aux variations du vent relatif (par exemple lorsque le pilote tourne la t\u00eate).<\/em><\/p>\t\t\t\t\t\t<\/div>\n\t\t\t\t<\/div>\n\t\t\t\t\t<\/div>\n\t\t<\/div>\n\t\t\t\t<div class=\"elementor-column elementor-col-33 elementor-top-column elementor-element elementor-element-df99c71\" data-id=\"df99c71\" data-element_type=\"column\">\n\t\t\t<div class=\"elementor-widget-wrap elementor-element-populated\">\n\t\t\t\t\t\t<div class=\"elementor-element elementor-element-caddd1c elementor-widget elementor-widget-image\" data-id=\"caddd1c\" data-element_type=\"widget\" data-widget_type=\"image.default\">\n\t\t\t\t<div class=\"elementor-widget-container\">\n\t\t\t\t\t\t\t\t\t\t\t\t\t<img decoding=\"async\" width=\"755\" height=\"539\" src=\"https:\/\/www.stodeus.com\/wp-content\/uploads\/2021\/03\/minibip_bulles_web_FR_on-off.png\" class=\"attachment-large size-large wp-image-4701\" alt=\"\" srcset=\"https:\/\/www.stodeus.com\/wp-content\/uploads\/2021\/03\/minibip_bulles_web_FR_on-off.png 755w, https:\/\/www.stodeus.com\/wp-content\/uploads\/2021\/03\/minibip_bulles_web_FR_on-off-300x214.png 300w\" sizes=\"(max-width: 755px) 100vw, 755px\" \/>\t\t\t\t\t\t\t\t\t\t\t\t\t<\/div>\n\t\t\t\t<\/div>\n\t\t\t\t<div class=\"elementor-element elementor-element-33577a4 elementor-widget elementor-widget-text-editor\" data-id=\"33577a4\" data-element_type=\"widget\" data-widget_type=\"text-editor.default\">\n\t\t\t\t<div class=\"elementor-widget-container\">\n\t\t\t\t\t\t\t<p><strong>ON :<\/strong>\u00a0pour allumer votre miniBip V2, maintenez le bouton appuy\u00e9 pendant 3 secondes. Vous entendrez la m\u00e9lodie de d\u00e9marrage, suivie du niveau de batterie.<\/p><ul><li>3 bips + LED verte : batterie 100%.<\/li><li>2 bips + LED orange : batterie 50%.<\/li><li>1 bip + LED rouge : batterie 10%.<\/li><\/ul><p>\u00a0<\/p><p><strong>OFF : <\/strong>pour \u00e9teindre votre miniBip V2, maintenez le bouton appuy\u00e9 pendant 3 secondes, vous entendrez la m\u00e9lodie d\u2019extinction.<\/p><p><em>Note : Si la LED clignote rouge toutes les 3 secondes, c\u2019est que la batterie est vide, le miniBip V2 a besoin d\u2019\u00eatre recharg\u00e9.<\/em><\/p>\t\t\t\t\t\t<\/div>\n\t\t\t\t<\/div>\n\t\t\t\t\t<\/div>\n\t\t<\/div>\n\t\t\t\t\t<\/div>\n\t\t<\/section>\n\t\t\t\t<section class=\"elementor-section elementor-top-section elementor-element elementor-element-96231c9 elementor-section-boxed elementor-section-height-default elementor-section-height-default\" data-id=\"96231c9\" data-element_type=\"section\">\n\t\t\t\t\t\t<div class=\"elementor-container elementor-column-gap-default\">\n\t\t\t\t\t<div class=\"elementor-column elementor-col-33 elementor-top-column elementor-element elementor-element-e8ba912\" data-id=\"e8ba912\" data-element_type=\"column\">\n\t\t\t<div class=\"elementor-widget-wrap elementor-element-populated\">\n\t\t\t\t\t\t<div class=\"elementor-element elementor-element-c90ba96 elementor-widget elementor-widget-image\" data-id=\"c90ba96\" data-element_type=\"widget\" data-widget_type=\"image.default\">\n\t\t\t\t<div class=\"elementor-widget-container\">\n\t\t\t\t\t\t\t\t\t\t\t\t\t<img loading=\"lazy\" decoding=\"async\" width=\"755\" height=\"539\" src=\"https:\/\/www.stodeus.com\/wp-content\/uploads\/2021\/03\/minibip_bulles_web_FR_volume.png\" class=\"attachment-large size-large wp-image-4703\" alt=\"\" srcset=\"https:\/\/www.stodeus.com\/wp-content\/uploads\/2021\/03\/minibip_bulles_web_FR_volume.png 755w, https:\/\/www.stodeus.com\/wp-content\/uploads\/2021\/03\/minibip_bulles_web_FR_volume-300x214.png 300w\" sizes=\"(max-width: 755px) 100vw, 755px\" \/>\t\t\t\t\t\t\t\t\t\t\t\t\t<\/div>\n\t\t\t\t<\/div>\n\t\t\t\t<div class=\"elementor-element elementor-element-7c71f0b elementor-widget elementor-widget-text-editor\" data-id=\"7c71f0b\" data-element_type=\"widget\" data-widget_type=\"text-editor.default\">\n\t\t\t\t<div class=\"elementor-widget-container\">\n\t\t\t\t\t\t\t<p><strong>Volume :<\/strong>\u00a0A tout moment en vol ou au sol, vous pouvez s\u00e9lectionner parmi trois volumes diff\u00e9rents par un simple clic sur le bouton :<\/p><ul><li>minimum<\/li><li>moyen<\/li><li>fort<\/li><\/ul>\t\t\t\t\t\t<\/div>\n\t\t\t\t<\/div>\n\t\t\t\t\t<\/div>\n\t\t<\/div>\n\t\t\t\t<div class=\"elementor-column elementor-col-33 elementor-top-column elementor-element elementor-element-0e30637\" data-id=\"0e30637\" data-element_type=\"column\">\n\t\t\t<div class=\"elementor-widget-wrap elementor-element-populated\">\n\t\t\t\t\t\t<div class=\"elementor-element elementor-element-f039650 elementor-widget elementor-widget-image\" data-id=\"f039650\" data-element_type=\"widget\" data-widget_type=\"image.default\">\n\t\t\t\t<div class=\"elementor-widget-container\">\n\t\t\t\t\t\t\t\t\t\t\t\t\t<img loading=\"lazy\" decoding=\"async\" width=\"755\" height=\"540\" src=\"https:\/\/www.stodeus.com\/wp-content\/uploads\/2023\/10\/minibip_V2_bulles_web_FR_batterie.png\" class=\"attachment-large size-large wp-image-14220\" alt=\"\" srcset=\"https:\/\/www.stodeus.com\/wp-content\/uploads\/2023\/10\/minibip_V2_bulles_web_FR_batterie.png 755w, https:\/\/www.stodeus.com\/wp-content\/uploads\/2023\/10\/minibip_V2_bulles_web_FR_batterie-300x215.png 300w, https:\/\/www.stodeus.com\/wp-content\/uploads\/2023\/10\/minibip_V2_bulles_web_FR_batterie-18x12.png 18w\" sizes=\"(max-width: 755px) 100vw, 755px\" \/>\t\t\t\t\t\t\t\t\t\t\t\t\t<\/div>\n\t\t\t\t<\/div>\n\t\t\t\t<div class=\"elementor-element elementor-element-a49168b elementor-widget elementor-widget-text-editor\" data-id=\"a49168b\" data-element_type=\"widget\" data-widget_type=\"text-editor.default\">\n\t\t\t\t<div class=\"elementor-widget-container\">\n\t\t\t\t\t\t\t<p><strong>Charge :<\/strong>\u00a0Lorsque le niveau de batterie est bas (10%), la LED clignote rouge. Cela vous indique que vous devez recharger le miniBip V2.<\/p><p>Pour recharger le miniBip V2, il doit \u00eatre \u00e9teint. Utilisez un c\u00e2ble USB-C et un chargeur secteur (5V, 200mA minimum).<br \/>La LED rougeoie, puis devient vert fixe quand la charge est termin\u00e9e.<\/p><p><em>Note :\u00a0<strong>Attention \u00e0 ne pas laisser le miniBip V2 dans une voiture par temp\u00e9ratures \u00e9lev\u00e9es, cela endommagerait la batterie.<\/strong><\/em><\/p><p><em>Retrouvez les c\u00e2bles USB-C Stodeus <a href=\"https:\/\/www.stodeus.com\/shop\/\">dans notre boutique en ligne<\/a>, cat\u00e9gorie \u00ab\u00a0Accessoires\u00a0\u00bb.<\/em><\/p>\t\t\t\t\t\t<\/div>\n\t\t\t\t<\/div>\n\t\t\t\t\t<\/div>\n\t\t<\/div>\n\t\t\t\t<div class=\"elementor-column elementor-col-33 elementor-top-column elementor-element elementor-element-aded27f\" data-id=\"aded27f\" data-element_type=\"column\">\n\t\t\t<div class=\"elementor-widget-wrap elementor-element-populated\">\n\t\t\t\t\t\t<div class=\"elementor-element elementor-element-237b0a5 elementor-widget elementor-widget-image\" data-id=\"237b0a5\" data-element_type=\"widget\" data-widget_type=\"image.default\">\n\t\t\t\t<div class=\"elementor-widget-container\">\n\t\t\t\t\t\t\t\t\t\t\t\t\t<img loading=\"lazy\" decoding=\"async\" width=\"755\" height=\"540\" src=\"https:\/\/www.stodeus.com\/wp-content\/uploads\/2023\/10\/minibip_V2_bulles_web_FR_reinitialisation.png\" class=\"attachment-large size-large wp-image-14221\" alt=\"\" srcset=\"https:\/\/www.stodeus.com\/wp-content\/uploads\/2023\/10\/minibip_V2_bulles_web_FR_reinitialisation.png 755w, https:\/\/www.stodeus.com\/wp-content\/uploads\/2023\/10\/minibip_V2_bulles_web_FR_reinitialisation-300x215.png 300w, https:\/\/www.stodeus.com\/wp-content\/uploads\/2023\/10\/minibip_V2_bulles_web_FR_reinitialisation-18x12.png 18w\" sizes=\"(max-width: 755px) 100vw, 755px\" \/>\t\t\t\t\t\t\t\t\t\t\t\t\t<\/div>\n\t\t\t\t<\/div>\n\t\t\t\t<div class=\"elementor-element elementor-element-28cc734 elementor-widget elementor-widget-text-editor\" data-id=\"28cc734\" data-element_type=\"widget\" data-widget_type=\"text-editor.default\">\n\t\t\t\t<div class=\"elementor-widget-container\">\n\t\t\t\t\t\t\t<p><strong>Reset :\u00a0<\/strong>En cas de besoin, vous pouvez \u00e0 tout moment faire une r\u00e9initialisation usine en effectuant un appui long sur le bouton d\u2019environ 15 secondes.<\/p>\t\t\t\t\t\t<\/div>\n\t\t\t\t<\/div>\n\t\t\t\t\t<\/div>\n\t\t<\/div>\n\t\t\t\t\t<\/div>\n\t\t<\/section>\n\t\t\t\t<section class=\"elementor-section elementor-top-section elementor-element elementor-element-69c4905 elementor-section-boxed elementor-section-height-default elementor-section-height-default\" data-id=\"69c4905\" data-element_type=\"section\">\n\t\t\t\t\t\t<div class=\"elementor-container elementor-column-gap-default\">\n\t\t\t\t\t<div class=\"elementor-column elementor-col-100 elementor-top-column elementor-element elementor-element-2ac2ae5\" data-id=\"2ac2ae5\" data-element_type=\"column\">\n\t\t\t<div class=\"elementor-widget-wrap elementor-element-populated\">\n\t\t\t\t\t\t<div class=\"elementor-element elementor-element-193754b elementor-widget elementor-widget-spacer\" data-id=\"193754b\" data-element_type=\"widget\" data-widget_type=\"spacer.default\">\n\t\t\t\t<div class=\"elementor-widget-container\">\n\t\t\t\t\t<div class=\"elementor-spacer\">\n\t\t\t<div class=\"elementor-spacer-inner\"><\/div>\n\t\t<\/div>\n\t\t\t\t<\/div>\n\t\t\t\t<\/div>\n\t\t\t\t<div class=\"elementor-element elementor-element-faaa3ca elementor-widget elementor-widget-heading\" data-id=\"faaa3ca\" data-element_type=\"widget\" data-widget_type=\"heading.default\">\n\t\t\t\t<div class=\"elementor-widget-container\">\n\t\t\t<h2 class=\"elementor-heading-title elementor-size-default\">Ici, t\u00e9l\u00e9chargez la version imprimable du guide d'utilisation<\/h2>\t\t<\/div>\n\t\t\t\t<\/div>\n\t\t\t\t<div class=\"elementor-element elementor-element-f8f63cf elementor-widget elementor-widget-spacer\" data-id=\"f8f63cf\" data-element_type=\"widget\" data-widget_type=\"spacer.default\">\n\t\t\t\t<div class=\"elementor-widget-container\">\n\t\t\t\t\t<div class=\"elementor-spacer\">\n\t\t\t<div class=\"elementor-spacer-inner\"><\/div>\n\t\t<\/div>\n\t\t\t\t<\/div>\n\t\t\t\t<\/div>\n\t\t\t\t\t<\/div>\n\t\t<\/div>\n\t\t\t\t\t<\/div>\n\t\t<\/section>\n\t\t\t\t<section class=\"elementor-section elementor-top-section elementor-element elementor-element-100700e elementor-section-boxed elementor-section-height-default elementor-section-height-default\" data-id=\"100700e\" data-element_type=\"section\">\n\t\t\t\t\t\t<div class=\"elementor-container elementor-column-gap-default\">\n\t\t\t\t\t<div class=\"elementor-column elementor-col-100 elementor-top-column elementor-element elementor-element-2693815\" data-id=\"2693815\" data-element_type=\"column\">\n\t\t\t<div class=\"elementor-widget-wrap elementor-element-populated\">\n\t\t\t\t\t\t<div class=\"elementor-element elementor-element-43719ce elementor-widget elementor-widget-image\" data-id=\"43719ce\" data-element_type=\"widget\" data-widget_type=\"image.default\">\n\t\t\t\t<div class=\"elementor-widget-container\">\n\t\t\t\t\t\t\t\t\t\t\t\t\t<img decoding=\"async\" src=\"https:\/\/www.stodeus.com\/wp-content\/uploads\/2023\/10\/minibip_V2_notice_utilisation_web_r.jpeg\" title=\"\" alt=\"\" loading=\"lazy\" \/>\t\t\t\t\t\t\t\t\t\t\t\t\t<\/div>\n\t\t\t\t<\/div>\n\t\t\t\t\t<\/div>\n\t\t<\/div>\n\t\t\t\t\t<\/div>\n\t\t<\/section>\n\t\t\t\t<section class=\"elementor-section elementor-top-section elementor-element elementor-element-803d7ea elementor-section-boxed elementor-section-height-default elementor-section-height-default\" data-id=\"803d7ea\" data-element_type=\"section\">\n\t\t\t\t\t\t<div class=\"elementor-container elementor-column-gap-default\">\n\t\t\t\t\t<div class=\"elementor-column elementor-col-100 elementor-top-column elementor-element elementor-element-e518976\" data-id=\"e518976\" data-element_type=\"column\">\n\t\t\t<div class=\"elementor-widget-wrap elementor-element-populated\">\n\t\t\t\t\t\t<div class=\"elementor-element elementor-element-90d9f46 elementor-widget elementor-widget-image\" data-id=\"90d9f46\" data-element_type=\"widget\" data-widget_type=\"image.default\">\n\t\t\t\t<div class=\"elementor-widget-container\">\n\t\t\t\t\t\t\t\t\t\t<figure class=\"wp-caption\">\n\t\t\t\t\t\t\t\t\t\t\t<a href=\"https:\/\/www.stodeus.com\/wp-content\/uploads\/2023\/10\/minibip_V2_notice_utilisation_web.pdf\">\n\t\t\t\t\t\t\t<img decoding=\"async\" src=\"https:\/\/www.stodeus.com\/wp-content\/uploads\/elementor\/thumbs\/pdf-ozbqobpytae0hdbke2owbht6lk8ysegnm1tyzitres.png\" title=\"pdf\" alt=\"pdf\" loading=\"lazy\" \/>\t\t\t\t\t\t\t\t<\/a>\n\t\t\t\t\t\t\t\t\t\t\t<figcaption class=\"widget-image-caption wp-caption-text\">T\u00e9l\u00e9chargement<\/figcaption>\n\t\t\t\t\t\t\t\t\t\t<\/figure>\n\t\t\t\t\t\t\t<\/div>\n\t\t\t\t<\/div>\n\t\t\t\t\t<\/div>\n\t\t<\/div>\n\t\t\t\t\t<\/div>\n\t\t<\/section>\n\t\t\t\t<section class=\"elementor-section elementor-top-section elementor-element elementor-element-5a312e3 elementor-section-boxed elementor-section-height-default elementor-section-height-default\" data-id=\"5a312e3\" data-element_type=\"section\">\n\t\t\t\t\t\t<div class=\"elementor-container elementor-column-gap-default\">\n\t\t\t\t\t<div class=\"elementor-column elementor-col-100 elementor-top-column elementor-element elementor-element-c408dc7\" data-id=\"c408dc7\" data-element_type=\"column\">\n\t\t\t<div class=\"elementor-widget-wrap elementor-element-populated\">\n\t\t\t\t\t\t<div class=\"elementor-element elementor-element-6b56efe elementor-widget elementor-widget-spacer\" data-id=\"6b56efe\" data-element_type=\"widget\" data-widget_type=\"spacer.default\">\n\t\t\t\t<div class=\"elementor-widget-container\">\n\t\t\t\t\t<div class=\"elementor-spacer\">\n\t\t\t<div class=\"elementor-spacer-inner\"><\/div>\n\t\t<\/div>\n\t\t\t\t<\/div>\n\t\t\t\t<\/div>\n\t\t\t\t<div class=\"elementor-element elementor-element-5dc807e elementor-widget elementor-widget-heading\" data-id=\"5dc807e\" data-element_type=\"widget\" data-widget_type=\"heading.default\">\n\t\t\t\t<div class=\"elementor-widget-container\">\n\t\t\t<h2 class=\"elementor-heading-title elementor-size-default\">Ou enregistrez-le au format image sur votre smartphone<\/h2>\t\t<\/div>\n\t\t\t\t<\/div>\n\t\t\t\t<div class=\"elementor-element elementor-element-bc1d171 elementor-widget elementor-widget-spacer\" data-id=\"bc1d171\" data-element_type=\"widget\" data-widget_type=\"spacer.default\">\n\t\t\t\t<div class=\"elementor-widget-container\">\n\t\t\t\t\t<div class=\"elementor-spacer\">\n\t\t\t<div class=\"elementor-spacer-inner\"><\/div>\n\t\t<\/div>\n\t\t\t\t<\/div>\n\t\t\t\t<\/div>\n\t\t\t\t\t<\/div>\n\t\t<\/div>\n\t\t\t\t\t<\/div>\n\t\t<\/section>\n\t\t\t\t<section class=\"elementor-section elementor-top-section elementor-element elementor-element-7a94f87 elementor-section-boxed elementor-section-height-default elementor-section-height-default\" data-id=\"7a94f87\" data-element_type=\"section\">\n\t\t\t\t\t\t<div class=\"elementor-container elementor-column-gap-default\">\n\t\t\t\t\t<div class=\"elementor-column elementor-col-100 elementor-top-column elementor-element elementor-element-8e5e781\" data-id=\"8e5e781\" data-element_type=\"column\">\n\t\t\t<div class=\"elementor-widget-wrap elementor-element-populated\">\n\t\t\t\t\t\t<div class=\"elementor-element elementor-element-7acbd07 elementor-widget elementor-widget-image\" data-id=\"7acbd07\" data-element_type=\"widget\" data-widget_type=\"image.default\">\n\t\t\t\t<div class=\"elementor-widget-container\">\n\t\t\t\t\t\t\t\t\t\t<figure class=\"wp-caption\">\n\t\t\t\t\t\t\t\t\t\t\t<a href=\"https:\/\/www.stodeus.com\/wp-content\/uploads\/2023\/10\/minibip_V2_notice_utilisation_web_r.jpeg\">\n\t\t\t\t\t\t\t<img decoding=\"async\" src=\"https:\/\/www.stodeus.com\/wp-content\/uploads\/elementor\/thumbs\/png-ozbqodln6ygl4l8u33i5ghc3sbzp7so4ab4xy2qz2c.png\" title=\"png\" alt=\"png\" loading=\"lazy\" \/>\t\t\t\t\t\t\t\t<\/a>\n\t\t\t\t\t\t\t\t\t\t\t<figcaption class=\"widget-image-caption wp-caption-text\">T\u00e9l\u00e9chargement<\/figcaption>\n\t\t\t\t\t\t\t\t\t\t<\/figure>\n\t\t\t\t\t\t\t<\/div>\n\t\t\t\t<\/div>\n\t\t\t\t\t<\/div>\n\t\t<\/div>\n\t\t\t\t\t<\/div>\n\t\t<\/section>\n\t\t\t\t<\/div>\n\t\t","protected":false},"excerpt":{"rendered":"<p>miniBip V2 : guide d&rsquo;utilisation d\u00e9taill\u00e9 Montage :\u00a0R\u00e9alisez une t\u00eate d\u2019alouette avec la suspente d\u2019attache afin de s\u00e9curiser le miniBip V2. Passez la petite boucle de la suspente d\u2019attache dans la poign\u00e9e du miniBip V2. Faites passer l\u2019autre extr\u00e9mit\u00e9 de la suspente (grande boucle) \u00e0 l\u2019int\u00e9rieur de la petite boucle. Installation :\u00a02 velcros boucles sont [&hellip;]<\/p>\n","protected":false},"author":2,"featured_media":0,"parent":0,"menu_order":0,"comment_status":"closed","ping_status":"closed","template":"","meta":{"footnotes":""},"class_list":["post-4685","page","type-page","status-publish","hentry"],"_links":{"self":[{"href":"https:\/\/www.stodeus.com\/fr\/wp-json\/wp\/v2\/pages\/4685","targetHints":{"allow":["GET"]}}],"collection":[{"href":"https:\/\/www.stodeus.com\/fr\/wp-json\/wp\/v2\/pages"}],"about":[{"href":"https:\/\/www.stodeus.com\/fr\/wp-json\/wp\/v2\/types\/page"}],"author":[{"embeddable":true,"href":"https:\/\/www.stodeus.com\/fr\/wp-json\/wp\/v2\/users\/2"}],"replies":[{"embeddable":true,"href":"https:\/\/www.stodeus.com\/fr\/wp-json\/wp\/v2\/comments?post=4685"}],"version-history":[{"count":82,"href":"https:\/\/www.stodeus.com\/fr\/wp-json\/wp\/v2\/pages\/4685\/revisions"}],"predecessor-version":[{"id":15982,"href":"https:\/\/www.stodeus.com\/fr\/wp-json\/wp\/v2\/pages\/4685\/revisions\/15982"}],"wp:attachment":[{"href":"https:\/\/www.stodeus.com\/fr\/wp-json\/wp\/v2\/media?parent=4685"}],"curies":[{"name":"wp","href":"https:\/\/api.w.org\/{rel}","templated":true}]}}