{"id":9524,"date":"2022-12-14T15:50:34","date_gmt":"2022-12-14T14:50:34","guid":{"rendered":"https:\/\/www.stodeus.com\/?page_id=9524"},"modified":"2023-08-19T16:48:04","modified_gmt":"2023-08-19T14:48:04","slug":"team-pilots-stodeus","status":"publish","type":"page","link":"https:\/\/www.stodeus.com\/fr\/team-pilots-stodeus\/","title":{"rendered":"Team pilots Stodeus"},"content":{"rendered":"\t\t<div data-elementor-type=\"wp-page\" data-elementor-id=\"9524\" class=\"elementor elementor-9524\" data-elementor-post-type=\"page\">\n\t\t\t\t<div class=\"elementor-element elementor-element-dec84b1 e-con-full e-flex e-con e-parent\" data-id=\"dec84b1\" data-element_type=\"container\">\n\t\t\t\t<div class=\"elementor-element elementor-element-73e1d8e elementor-widget__width-inherit elementor--h-position-center elementor--v-position-middle elementor-widget elementor-widget-slides\" data-id=\"73e1d8e\" data-element_type=\"widget\" data-settings=\"{&quot;navigation&quot;:&quot;none&quot;,&quot;autoplay&quot;:&quot;yes&quot;,&quot;pause_on_hover&quot;:&quot;yes&quot;,&quot;pause_on_interaction&quot;:&quot;yes&quot;,&quot;autoplay_speed&quot;:5000,&quot;infinite&quot;:&quot;yes&quot;,&quot;transition&quot;:&quot;slide&quot;,&quot;transition_speed&quot;:500}\" data-widget_type=\"slides.default\">\n\t\t\t\t<div class=\"elementor-widget-container\">\n\t\t\t\t\t<div class=\"elementor-swiper\">\n\t\t\t<div class=\"elementor-slides-wrapper elementor-main-swiper swiper\" dir=\"ltr\" data-animation=\"\">\n\t\t\t\t<div class=\"swiper-wrapper elementor-slides\">\n\t\t\t\t\t\t\t\t\t\t<div class=\"elementor-repeater-item-22683fa swiper-slide\"><div class=\"swiper-slide-bg\" role=\"img\"><\/div><div class=\"elementor-background-overlay\"><\/div><div class=\"swiper-slide-inner\" ><div class=\"swiper-slide-contents\"><div class=\"elementor-slide-heading\">ENSEMBLE, ON VA PLUS LOIN.<\/div><div class=\"elementor-slide-description\">Nous avons la chance d\u2019\u00eatre entour\u00e9s d\u2019une communaut\u00e9 de pilotes passionn\u00e9s qui contribue fortement \u00e0 l\u2019am\u00e9lioration de nos produits et \u00e0 les rendre toujours plus performants.\n<br\/>\nMis au point avec la contribution des plus grands parapentistes de France, sur des sites de vol libre l\u00e9gendaires, c\u2019est la garantie d\u2019instruments de qualit\u00e9.<\/div><\/div><\/div><\/div>\t\t\t\t<\/div>\n\t\t\t\t\t\t\t<\/div>\n\t\t<\/div>\n\t\t\t\t<\/div>\n\t\t\t\t<\/div>\n\t\t\t\t<\/div>\n\t\t<div class=\"elementor-element elementor-element-d59ae6a e-flex e-con-boxed e-con e-parent\" data-id=\"d59ae6a\" data-element_type=\"container\">\n\t\t\t\t\t<div class=\"e-con-inner\">\n\t\t\t\t<div class=\"elementor-element elementor-element-fe77c70 elementor-widget elementor-widget-heading\" data-id=\"fe77c70\" data-element_type=\"widget\" data-widget_type=\"heading.default\">\n\t\t\t\t<div class=\"elementor-widget-container\">\n\t\t\t<h3 class=\"elementor-heading-title elementor-size-xl\">Team pilots Stodeus<\/h3>\t\t<\/div>\n\t\t\t\t<\/div>\n\t\t\t\t\t<\/div>\n\t\t\t\t<\/div>\n\t\t<div class=\"elementor-element elementor-element-a05a296 e-flex e-con-boxed e-con e-parent\" data-id=\"a05a296\" data-element_type=\"container\">\n\t\t\t\t\t<div class=\"e-con-inner\">\n\t\t<div class=\"elementor-element elementor-element-a0967d0 e-flex e-con-boxed e-con e-parent\" data-id=\"a0967d0\" data-element_type=\"container\">\n\t\t\t\t\t<div class=\"e-con-inner\">\n\t\t\t\t<div class=\"elementor-element elementor-element-8d3eece elementor-widget elementor-widget-image\" data-id=\"8d3eece\" data-element_type=\"widget\" data-widget_type=\"image.default\">\n\t\t\t\t<div class=\"elementor-widget-container\">\n\t\t\t\t\t\t\t\t\t\t\t\t\t<img fetchpriority=\"high\" decoding=\"async\" width=\"632\" height=\"900\" src=\"https:\/\/www.stodeus.com\/wp-content\/uploads\/2023\/08\/Remi_Blanchard_r.jpg\" class=\"attachment-large size-large wp-image-14119\" alt=\"\" srcset=\"https:\/\/www.stodeus.com\/wp-content\/uploads\/2023\/08\/Remi_Blanchard_r.jpg 632w, https:\/\/www.stodeus.com\/wp-content\/uploads\/2023\/08\/Remi_Blanchard_r-211x300.jpg 211w, https:\/\/www.stodeus.com\/wp-content\/uploads\/2023\/08\/Remi_Blanchard_r-8x12.jpg 8w\" sizes=\"(max-width: 632px) 100vw, 632px\" \/>\t\t\t\t\t\t\t\t\t\t\t\t\t<\/div>\n\t\t\t\t<\/div>\n\t\t\t\t<div class=\"elementor-element elementor-element-b68cca5 elementor-widget elementor-widget-heading\" data-id=\"b68cca5\" data-element_type=\"widget\" data-widget_type=\"heading.default\">\n\t\t\t\t<div class=\"elementor-widget-container\">\n\t\t\t<h2 class=\"elementor-heading-title elementor-size-default\">R\u00e9mi Blanchard<\/h2>\t\t<\/div>\n\t\t\t\t<\/div>\n\t\t\t\t<div class=\"elementor-element elementor-element-6d8346f elementor-widget-divider--view-line elementor-widget elementor-widget-divider\" data-id=\"6d8346f\" data-element_type=\"widget\" data-widget_type=\"divider.default\">\n\t\t\t\t<div class=\"elementor-widget-container\">\n\t\t\t\t\t<div class=\"elementor-divider\">\n\t\t\t<span class=\"elementor-divider-separator\">\n\t\t\t\t\t\t<\/span>\n\t\t<\/div>\n\t\t\t\t<\/div>\n\t\t\t\t<\/div>\n\t\t\t\t<div class=\"elementor-element elementor-element-eaa5253 elementor-widget elementor-widget-text-editor\" data-id=\"eaa5253\" data-element_type=\"widget\" data-widget_type=\"text-editor.default\">\n\t\t\t\t<div class=\"elementor-widget-container\">\n\t\t\t\t\t\t\t<p>R\u00e9mi est un fervent crosseur. Il aime \u00e9galement partager sa passion avec les autres en les emmenant en biplace, et il n&rsquo;h\u00e9site pas \u00e0 apporter son \u00e9quipement au bureau afin de pouvoir voler pendant sa pause d\u00e9jeuner.<\/p><p>&#8211; Son plus grand vol : <strong>triangle de 235km au d\u00e9part du Col Vert, et survol de quatre massifs<\/strong> (Vercors, Chartreuse, Bauges, Belledonne) &#8211; <em>Alpes Fran\u00e7aises, 2022.<\/em><\/p><p>&#8211; Son plus beau vol : l&rsquo;incroyable <strong>survol du Mont Blanc, altitude max : 5596m<\/strong> &#8211; <em>2019<\/em><\/p>\t\t\t\t\t\t<\/div>\n\t\t\t\t<\/div>\n\t\t\t\t\t<\/div>\n\t\t\t\t<\/div>\n\t\t<div class=\"elementor-element elementor-element-441be1d e-flex e-con-boxed e-con e-parent\" data-id=\"441be1d\" data-element_type=\"container\">\n\t\t\t\t\t<div class=\"e-con-inner\">\n\t\t\t\t<div class=\"elementor-element elementor-element-fa753f4 elementor-widget elementor-widget-image\" data-id=\"fa753f4\" data-element_type=\"widget\" data-widget_type=\"image.default\">\n\t\t\t\t<div class=\"elementor-widget-container\">\n\t\t\t\t\t\t\t\t\t\t\t\t\t<img decoding=\"async\" width=\"632\" height=\"900\" src=\"https:\/\/www.stodeus.com\/wp-content\/uploads\/2023\/01\/Jacques_Frournier_Grand_Jack_r.jpg\" class=\"attachment-large size-large wp-image-9801\" alt=\"\" srcset=\"https:\/\/www.stodeus.com\/wp-content\/uploads\/2023\/01\/Jacques_Frournier_Grand_Jack_r.jpg 632w, https:\/\/www.stodeus.com\/wp-content\/uploads\/2023\/01\/Jacques_Frournier_Grand_Jack_r-211x300.jpg 211w, https:\/\/www.stodeus.com\/wp-content\/uploads\/2023\/01\/Jacques_Frournier_Grand_Jack_r-8x12.jpg 8w\" sizes=\"(max-width: 632px) 100vw, 632px\" \/>\t\t\t\t\t\t\t\t\t\t\t\t\t<\/div>\n\t\t\t\t<\/div>\n\t\t\t\t<div class=\"elementor-element elementor-element-762df53 elementor-widget elementor-widget-heading\" data-id=\"762df53\" data-element_type=\"widget\" data-widget_type=\"heading.default\">\n\t\t\t\t<div class=\"elementor-widget-container\">\n\t\t\t<h2 class=\"elementor-heading-title elementor-size-default\">Jacques Fournier<\/h2>\t\t<\/div>\n\t\t\t\t<\/div>\n\t\t\t\t<div class=\"elementor-element elementor-element-b3b7b5f elementor-widget-divider--view-line elementor-widget elementor-widget-divider\" data-id=\"b3b7b5f\" data-element_type=\"widget\" data-widget_type=\"divider.default\">\n\t\t\t\t<div class=\"elementor-widget-container\">\n\t\t\t\t\t<div class=\"elementor-divider\">\n\t\t\t<span class=\"elementor-divider-separator\">\n\t\t\t\t\t\t<\/span>\n\t\t<\/div>\n\t\t\t\t<\/div>\n\t\t\t\t<\/div>\n\t\t\t\t<div class=\"elementor-element elementor-element-8512008 elementor-widget elementor-widget-text-editor\" data-id=\"8512008\" data-element_type=\"widget\" data-widget_type=\"text-editor.default\">\n\t\t\t\t<div class=\"elementor-widget-container\">\n\t\t\t\t\t\t\t<p>Jacques, alias Grand Jack, est comp\u00e9titeur international et passionn\u00e9 de cross.<\/p><p>&#8211; <strong>Premier record du Monde en triangle FAI de plus de 300km<\/strong>, avec un vol superbe qui finit en passant au-dessus du massif des Ecrins &#8211; <em>Alpes Fran\u00e7aises, 2014<\/em>.<\/p><p>&#8211; <strong>Seul pilote \u00e0 atteindre le goal<\/strong> lors de la 6\u00e8me manche de la super finale de Coupe du Monde &#8211; <em>Turquie, 2010<\/em>.<\/p><p>&#8211; <strong>Un superbe vol d\u00e9couverte pr\u00e8s des volcans \u00e0 la suite de la super finale de Valle de Bravo<\/strong>. La 2\u00e8me fois que des parapentes volaient dans cette r\u00e9gion &#8211; <em>Nayarit, Mexique, 2022<\/em>.<\/p>\t\t\t\t\t\t<\/div>\n\t\t\t\t<\/div>\n\t\t\t\t\t<\/div>\n\t\t\t\t<\/div>\n\t\t<div class=\"elementor-element elementor-element-f26bfeb e-flex e-con-boxed e-con e-parent\" data-id=\"f26bfeb\" data-element_type=\"container\">\n\t\t\t\t\t<div class=\"e-con-inner\">\n\t\t\t\t<div class=\"elementor-element elementor-element-52c1e49 elementor-widget elementor-widget-image\" data-id=\"52c1e49\" data-element_type=\"widget\" data-widget_type=\"image.default\">\n\t\t\t\t<div class=\"elementor-widget-container\">\n\t\t\t\t\t\t\t\t\t\t\t\t\t<img decoding=\"async\" width=\"632\" height=\"900\" src=\"https:\/\/www.stodeus.com\/wp-content\/uploads\/2022\/12\/Antoine_Boisselier_copyright_Jerome_Maupoint_r.jpg\" class=\"attachment-large size-large wp-image-9629\" alt=\"\" srcset=\"https:\/\/www.stodeus.com\/wp-content\/uploads\/2022\/12\/Antoine_Boisselier_copyright_Jerome_Maupoint_r.jpg 632w, https:\/\/www.stodeus.com\/wp-content\/uploads\/2022\/12\/Antoine_Boisselier_copyright_Jerome_Maupoint_r-211x300.jpg 211w, https:\/\/www.stodeus.com\/wp-content\/uploads\/2022\/12\/Antoine_Boisselier_copyright_Jerome_Maupoint_r-8x12.jpg 8w\" sizes=\"(max-width: 632px) 100vw, 632px\" \/>\t\t\t\t\t\t\t\t\t\t\t\t\t<\/div>\n\t\t\t\t<\/div>\n\t\t\t\t<div class=\"elementor-element elementor-element-a1a7f73 elementor-widget elementor-widget-heading\" data-id=\"a1a7f73\" data-element_type=\"widget\" data-widget_type=\"heading.default\">\n\t\t\t\t<div class=\"elementor-widget-container\">\n\t\t\t<h2 class=\"elementor-heading-title elementor-size-default\">Antoine Boisselier<\/h2>\t\t<\/div>\n\t\t\t\t<\/div>\n\t\t\t\t<div class=\"elementor-element elementor-element-0c5c67c elementor-widget-divider--view-line elementor-widget elementor-widget-divider\" data-id=\"0c5c67c\" data-element_type=\"widget\" data-widget_type=\"divider.default\">\n\t\t\t\t<div class=\"elementor-widget-container\">\n\t\t\t\t\t<div class=\"elementor-divider\">\n\t\t\t<span class=\"elementor-divider-separator\">\n\t\t\t\t\t\t<\/span>\n\t\t<\/div>\n\t\t\t\t<\/div>\n\t\t\t\t<\/div>\n\t\t\t\t<div class=\"elementor-element elementor-element-cc610ab elementor-widget elementor-widget-text-editor\" data-id=\"cc610ab\" data-element_type=\"widget\" data-widget_type=\"text-editor.default\">\n\t\t\t\t<div class=\"elementor-widget-container\">\n\t\t\t\t\t\t\t<p>R\u00e9alisateur de films et adepte des combos (vol cross + speed riding).<\/p><p>&#8211; <strong>Travers\u00e9e des Alpes en vol-bivouac<\/strong> : 750km entre Saint-Hilaire-du-Touvet et la mer Adriatique, une aventure humaine au gr\u00e9 des vents &#8211; <em>2018<\/em>. <a href=\"https:\/\/www.youtube.com\/watch?v=q4k1gYEXSuQ\" target=\"_blank\" rel=\"noopener\">Voir le film.<\/a><\/p><p>&#8211; <strong>Travers\u00e9e des Pyr\u00e9n\u00e9es en vol-bivouac<\/strong> : de l&rsquo;oc\u00e9an Atlantique \u00e0 la mer M\u00e9diterran\u00e9e, chaque rencontre marquera son p\u00e9riple en parapente &#8211; <em>2021<\/em>. <a href=\"https:\/\/vimeo.com\/ondemand\/jiraiatterrircchezvous3\/561025959\" target=\"_blank\" rel=\"noopener\">Voir le film.<\/a><\/p><p>&#8211; <strong>350km en deltaplane<\/strong> entre le col de Bleine (Alpes Maritimes) et Sion (Suisse) &#8211; <em>2015<\/em>. <a href=\"https:\/\/vimeo.com\/ondemand\/librescommelair?embedded=true&amp;source=vimeo_logo&amp;owner=94881097\" target=\"_blank\" rel=\"noopener\">Voir le film.<\/a><\/p>\t\t\t\t\t\t<\/div>\n\t\t\t\t<\/div>\n\t\t\t\t\t<\/div>\n\t\t\t\t<\/div>\n\t\t\t\t\t<\/div>\n\t\t\t\t<\/div>\n\t\t<div class=\"elementor-element elementor-element-1cec3e1 e-flex e-con-boxed e-con e-parent\" data-id=\"1cec3e1\" data-element_type=\"container\">\n\t\t\t\t\t<div class=\"e-con-inner\">\n\t\t<div class=\"elementor-element elementor-element-5a4f805 e-flex e-con-boxed e-con e-parent\" data-id=\"5a4f805\" data-element_type=\"container\">\n\t\t\t\t\t<div class=\"e-con-inner\">\n\t\t\t\t<div class=\"elementor-element elementor-element-8e170e0 elementor-widget elementor-widget-image\" data-id=\"8e170e0\" data-element_type=\"widget\" data-widget_type=\"image.default\">\n\t\t\t\t<div class=\"elementor-widget-container\">\n\t\t\t\t\t\t\t\t\t\t\t\t\t<img loading=\"lazy\" decoding=\"async\" width=\"632\" height=\"900\" src=\"https:\/\/www.stodeus.com\/wp-content\/uploads\/2023\/03\/Kinga_Masztalerz_r.jpg\" class=\"attachment-large size-large wp-image-10729\" alt=\"\" srcset=\"https:\/\/www.stodeus.com\/wp-content\/uploads\/2023\/03\/Kinga_Masztalerz_r.jpg 632w, https:\/\/www.stodeus.com\/wp-content\/uploads\/2023\/03\/Kinga_Masztalerz_r-211x300.jpg 211w, https:\/\/www.stodeus.com\/wp-content\/uploads\/2023\/03\/Kinga_Masztalerz_r-8x12.jpg 8w\" sizes=\"(max-width: 632px) 100vw, 632px\" \/>\t\t\t\t\t\t\t\t\t\t\t\t\t<\/div>\n\t\t\t\t<\/div>\n\t\t\t\t<div class=\"elementor-element elementor-element-1eaeab0 elementor-widget elementor-widget-heading\" data-id=\"1eaeab0\" data-element_type=\"widget\" data-widget_type=\"heading.default\">\n\t\t\t\t<div class=\"elementor-widget-container\">\n\t\t\t<h2 class=\"elementor-heading-title elementor-size-default\">Kinga Masztalerz<\/h2>\t\t<\/div>\n\t\t\t\t<\/div>\n\t\t\t\t<div class=\"elementor-element elementor-element-9495527 elementor-widget-divider--view-line elementor-widget elementor-widget-divider\" data-id=\"9495527\" data-element_type=\"widget\" data-widget_type=\"divider.default\">\n\t\t\t\t<div class=\"elementor-widget-container\">\n\t\t\t\t\t<div class=\"elementor-divider\">\n\t\t\t<span class=\"elementor-divider-separator\">\n\t\t\t\t\t\t<\/span>\n\t\t<\/div>\n\t\t\t\t<\/div>\n\t\t\t\t<\/div>\n\t\t\t\t<div class=\"elementor-element elementor-element-f609571 elementor-widget elementor-widget-text-editor\" data-id=\"f609571\" data-element_type=\"widget\" data-widget_type=\"text-editor.default\">\n\t\t\t\t<div class=\"elementor-widget-container\">\n\t\t\t\t\t\t\t<p>Athl\u00e8te RedBull X-Alps, championne de Nouvelle-Z\u00e9lande et d\u00e9tentrice de deux records de distance, Kinga est une pilote sp\u00e9cialis\u00e9e en exp\u00e9ditions solo de vol-bivouac. Elle organise des stages \u00e0 travers le Monde.<\/p><p>Ses vols pr\u00e9f\u00e9r\u00e9s :<\/p><p>&#8211; <strong>Le Tour du Mont Blanc lors de sa premi\u00e8re saison de cross<\/strong>. La vue sur le Glacier du Miage lui a ouvert les yeux sur les possibilit\u00e9s qu&rsquo;offre le parapente.<\/p><p>&#8211; Sa premi\u00e8re <strong>grande exp\u00e9dition solo de vol-bivouac en Nouvelle-Z\u00e9lande<\/strong>. Une exp\u00e9rience incroyable en terre inconnue.<\/p><p>&#8211; <strong>Faire du vol d&rsquo;ondes en parapente<\/strong>. Vitesse de croisi\u00e8re : 75 km\/h. &#8211; <em>Massif des Bauges, 2022.<\/em><\/p><p>Site web : <a href=\"http:\/\/www.kingamaszta.com\" target=\"_blank\" rel=\"noopener\">www.kingamaszta.com<\/a> <br \/>Instagram : <a href=\"https:\/\/www.instagram.com\/kingamaszta\/\" target=\"_blank\" rel=\"noopener\">@kingamaszta<\/a><br \/>Facebook : <a href=\"https:\/\/www.facebook.com\/KingaGoneWild\" target=\"_blank\" rel=\"noopener\">@KingaGoneWild<\/a><\/p>\t\t\t\t\t\t<\/div>\n\t\t\t\t<\/div>\n\t\t\t\t\t<\/div>\n\t\t\t\t<\/div>\n\t\t<div class=\"elementor-element elementor-element-2838f1d e-flex e-con-boxed e-con e-parent\" data-id=\"2838f1d\" data-element_type=\"container\">\n\t\t\t\t\t<div class=\"e-con-inner\">\n\t\t\t\t<div class=\"elementor-element elementor-element-3ffef33 elementor-widget elementor-widget-image\" data-id=\"3ffef33\" data-element_type=\"widget\" data-widget_type=\"image.default\">\n\t\t\t\t<div class=\"elementor-widget-container\">\n\t\t\t\t\t\t\t\t\t\t\t\t\t<img loading=\"lazy\" decoding=\"async\" width=\"632\" height=\"900\" src=\"https:\/\/www.stodeus.com\/wp-content\/uploads\/2023\/04\/Pal_Takats_r.jpg\" class=\"attachment-large size-large wp-image-11664\" alt=\"\" srcset=\"https:\/\/www.stodeus.com\/wp-content\/uploads\/2023\/04\/Pal_Takats_r.jpg 632w, https:\/\/www.stodeus.com\/wp-content\/uploads\/2023\/04\/Pal_Takats_r-211x300.jpg 211w, https:\/\/www.stodeus.com\/wp-content\/uploads\/2023\/04\/Pal_Takats_r-8x12.jpg 8w\" sizes=\"(max-width: 632px) 100vw, 632px\" \/>\t\t\t\t\t\t\t\t\t\t\t\t\t<\/div>\n\t\t\t\t<\/div>\n\t\t\t\t<div class=\"elementor-element elementor-element-7cd89ab elementor-widget elementor-widget-heading\" data-id=\"7cd89ab\" data-element_type=\"widget\" data-widget_type=\"heading.default\">\n\t\t\t\t<div class=\"elementor-widget-container\">\n\t\t\t<h2 class=\"elementor-heading-title elementor-size-default\">P\u00e1l Tak\u00e1ts<\/h2>\t\t<\/div>\n\t\t\t\t<\/div>\n\t\t\t\t<div class=\"elementor-element elementor-element-1306a17 elementor-widget-divider--view-line elementor-widget elementor-widget-divider\" data-id=\"1306a17\" data-element_type=\"widget\" data-widget_type=\"divider.default\">\n\t\t\t\t<div class=\"elementor-widget-container\">\n\t\t\t\t\t<div class=\"elementor-divider\">\n\t\t\t<span class=\"elementor-divider-separator\">\n\t\t\t\t\t\t<\/span>\n\t\t<\/div>\n\t\t\t\t<\/div>\n\t\t\t\t<\/div>\n\t\t\t\t<div class=\"elementor-element elementor-element-7b551bf elementor-widget elementor-widget-text-editor\" data-id=\"7b551bf\" data-element_type=\"widget\" data-widget_type=\"text-editor.default\">\n\t\t\t\t<div class=\"elementor-widget-container\">\n\t\t\t\t\t\t\t<p>Multiple champion du Monde d&rsquo;acrobatie, inventeur de nouvelles manoeuvres, athtl\u00e8te RedBull X-Alps, comp\u00e9titeur international, P\u00e1l Tak\u00e1ts est un pilote touche-\u00e0-tout.<\/p><p>Il est consid\u00e9r\u00e9 comme l&rsquo;un des meilleurs pilotes d&rsquo;acro au Monde. Il est aussi <strong>connu pour son d\u00e9vouement \u00e0 la promotion du parapente sous toutes ses formes<\/strong>.<\/p><p>&#8211; <strong>3\u00e8me place lors de la PWC<\/strong> &#8211; Argentine, 2019.<\/p><p>&#8211; d\u00e9tenteur du <strong>record du Monde du plus grand nombre d&rsquo;Infinity Tumbling cons\u00e9cutifs en biplace<\/strong>, avec 140 r\u00e9volutions<em> &#8211; Argentine, 2014<\/em>.<\/p><p>&#8211; Hike&amp;fly depuis l&rsquo;Acatenango, et <strong>soaring pr\u00e8s du Volc\u00e1n de Fuego en activit\u00e9<\/strong>. Une v\u00e9ritable exp\u00e9rience de la puissance de M\u00e8re Nature.<em> &#8211; Guatemala, 2021.<\/em><\/p><p>Site web : <a href=\"https:\/\/justacro.com\/\" target=\"_blank\" rel=\"noopener\">www.justacro.com<\/a><br \/>Instagram : <a href=\"https:\/\/www.instagram.com\/paltakats\/\" target=\"_blank\" rel=\"noopener\">@paltakats<\/a><\/p>\t\t\t\t\t\t<\/div>\n\t\t\t\t<\/div>\n\t\t\t\t\t<\/div>\n\t\t\t\t<\/div>\n\t\t<div class=\"elementor-element elementor-element-8aafb97 e-flex e-con-boxed e-con e-parent\" data-id=\"8aafb97\" data-element_type=\"container\">\n\t\t\t\t\t<div class=\"e-con-inner\">\n\t\t\t\t<div class=\"elementor-element elementor-element-b6129e9 elementor-widget elementor-widget-image\" data-id=\"b6129e9\" data-element_type=\"widget\" data-widget_type=\"image.default\">\n\t\t\t\t<div class=\"elementor-widget-container\">\n\t\t\t\t\t\t\t\t\t\t\t\t\t<img loading=\"lazy\" decoding=\"async\" width=\"632\" height=\"900\" src=\"https:\/\/www.stodeus.com\/wp-content\/uploads\/2023\/01\/Julien_Morat_r.jpg\" class=\"attachment-large size-large wp-image-9787\" alt=\"\" srcset=\"https:\/\/www.stodeus.com\/wp-content\/uploads\/2023\/01\/Julien_Morat_r.jpg 632w, https:\/\/www.stodeus.com\/wp-content\/uploads\/2023\/01\/Julien_Morat_r-211x300.jpg 211w, https:\/\/www.stodeus.com\/wp-content\/uploads\/2023\/01\/Julien_Morat_r-8x12.jpg 8w\" sizes=\"(max-width: 632px) 100vw, 632px\" \/>\t\t\t\t\t\t\t\t\t\t\t\t\t<\/div>\n\t\t\t\t<\/div>\n\t\t\t\t<div class=\"elementor-element elementor-element-b41e9b0 elementor-widget elementor-widget-heading\" data-id=\"b41e9b0\" data-element_type=\"widget\" data-widget_type=\"heading.default\">\n\t\t\t\t<div class=\"elementor-widget-container\">\n\t\t\t<h2 class=\"elementor-heading-title elementor-size-default\">Julien Morat<\/h2>\t\t<\/div>\n\t\t\t\t<\/div>\n\t\t\t\t<div class=\"elementor-element elementor-element-8b64c6e elementor-widget-divider--view-line elementor-widget elementor-widget-divider\" data-id=\"8b64c6e\" data-element_type=\"widget\" data-widget_type=\"divider.default\">\n\t\t\t\t<div class=\"elementor-widget-container\">\n\t\t\t\t\t<div class=\"elementor-divider\">\n\t\t\t<span class=\"elementor-divider-separator\">\n\t\t\t\t\t\t<\/span>\n\t\t<\/div>\n\t\t\t\t<\/div>\n\t\t\t\t<\/div>\n\t\t\t\t<div class=\"elementor-element elementor-element-7945863 elementor-widget elementor-widget-text-editor\" data-id=\"7945863\" data-element_type=\"widget\" data-widget_type=\"text-editor.default\">\n\t\t\t\t<div class=\"elementor-widget-container\">\n\t\t\t\t\t\t\t<p>Julien est <strong>fan de vols de groupe, des pos\u00e9s-ap\u00e9ros avec les copains<\/strong> en haut du Grand Colon (Belledonne), et aime photographier les lamas perdus en Chartreuse.<\/p>\t\t\t\t\t\t<\/div>\n\t\t\t\t<\/div>\n\t\t\t\t\t<\/div>\n\t\t\t\t<\/div>\n\t\t\t\t\t<\/div>\n\t\t\t\t<\/div>\n\t\t<div class=\"elementor-element elementor-element-36c5243 e-flex e-con-boxed e-con e-parent\" data-id=\"36c5243\" data-element_type=\"container\">\n\t\t\t\t\t<div class=\"e-con-inner\">\n\t\t<div class=\"elementor-element elementor-element-a248f09 e-flex e-con-boxed e-con e-parent\" data-id=\"a248f09\" data-element_type=\"container\">\n\t\t\t\t\t<div class=\"e-con-inner\">\n\t\t\t\t<div class=\"elementor-element elementor-element-aa7c704 elementor-widget elementor-widget-image\" data-id=\"aa7c704\" data-element_type=\"widget\" data-widget_type=\"image.default\">\n\t\t\t\t<div class=\"elementor-widget-container\">\n\t\t\t\t\t\t\t\t\t\t\t\t\t<img loading=\"lazy\" decoding=\"async\" width=\"752\" height=\"564\" src=\"https:\/\/www.stodeus.com\/wp-content\/uploads\/2023\/01\/Manfred_Reinart_2.jpg\" class=\"attachment-full size-full wp-image-10011\" alt=\"\" srcset=\"https:\/\/www.stodeus.com\/wp-content\/uploads\/2023\/01\/Manfred_Reinart_2.jpg 752w, https:\/\/www.stodeus.com\/wp-content\/uploads\/2023\/01\/Manfred_Reinart_2-300x225.jpg 300w, https:\/\/www.stodeus.com\/wp-content\/uploads\/2023\/01\/Manfred_Reinart_2-16x12.jpg 16w\" sizes=\"(max-width: 752px) 100vw, 752px\" \/>\t\t\t\t\t\t\t\t\t\t\t\t\t<\/div>\n\t\t\t\t<\/div>\n\t\t\t\t<div class=\"elementor-element elementor-element-c1dc103 elementor-widget elementor-widget-heading\" data-id=\"c1dc103\" data-element_type=\"widget\" data-widget_type=\"heading.default\">\n\t\t\t\t<div class=\"elementor-widget-container\">\n\t\t\t<h2 class=\"elementor-heading-title elementor-size-default\">Manfred Reinart<\/h2>\t\t<\/div>\n\t\t\t\t<\/div>\n\t\t\t\t<div class=\"elementor-element elementor-element-a3654bc elementor-widget-divider--view-line elementor-widget elementor-widget-divider\" data-id=\"a3654bc\" data-element_type=\"widget\" data-widget_type=\"divider.default\">\n\t\t\t\t<div class=\"elementor-widget-container\">\n\t\t\t\t\t<div class=\"elementor-divider\">\n\t\t\t<span class=\"elementor-divider-separator\">\n\t\t\t\t\t\t<\/span>\n\t\t<\/div>\n\t\t\t\t<\/div>\n\t\t\t\t<\/div>\n\t\t\t\t<div class=\"elementor-element elementor-element-10962b1 elementor-widget elementor-widget-text-editor\" data-id=\"10962b1\" data-element_type=\"widget\" data-widget_type=\"text-editor.default\">\n\t\t\t\t<div class=\"elementor-widget-container\">\n\t\t\t\t\t\t\t<p>Passionn\u00e9 de parapente depuis 2014. <strong>Il aime voler pour le plaisir de contempler la nature vue du ciel<\/strong>, chez lui au Palatinat (Allemagne). Et c&rsquo;est toujours avec son parapente qu&rsquo;il part en voyage \u00e0 la d\u00e9couverte de nouveaux paysages, en France (Auvergne, Alsace, Savoie), Italie, Gr\u00e8ce, ou encore en Espagne.<\/p>\t\t\t\t\t\t<\/div>\n\t\t\t\t<\/div>\n\t\t\t\t\t<\/div>\n\t\t\t\t<\/div>\n\t\t<div class=\"elementor-element elementor-element-b99ea7d e-flex e-con-boxed e-con e-parent\" data-id=\"b99ea7d\" data-element_type=\"container\">\n\t\t\t\t\t<div class=\"e-con-inner\">\n\t\t\t\t\t<\/div>\n\t\t\t\t<\/div>\n\t\t<div class=\"elementor-element elementor-element-b66bde9 e-flex e-con-boxed e-con e-parent\" data-id=\"b66bde9\" data-element_type=\"container\">\n\t\t\t\t\t<div class=\"e-con-inner\">\n\t\t\t\t\t<\/div>\n\t\t\t\t<\/div>\n\t\t\t\t\t<\/div>\n\t\t\t\t<\/div>\n\t\t\t\t<\/div>\n\t\t","protected":false},"excerpt":{"rendered":"<p>ENSEMBLE, ON VA PLUS LOIN.Nous avons la chance d\u2019\u00eatre entour\u00e9s d\u2019une communaut\u00e9 de pilotes passionn\u00e9s qui contribue fortement \u00e0 l\u2019am\u00e9lioration de nos produits et \u00e0 les rendre toujours plus performants. Mis au point avec la contribution des plus grands parapentistes de France, sur des sites de vol libre l\u00e9gendaires, c\u2019est la garantie d\u2019instruments de qualit\u00e9. [&hellip;]<\/p>\n","protected":false},"author":2,"featured_media":0,"parent":0,"menu_order":0,"comment_status":"closed","ping_status":"closed","template":"","meta":{"footnotes":""},"class_list":["post-9524","page","type-page","status-publish","hentry"],"_links":{"self":[{"href":"https:\/\/www.stodeus.com\/fr\/wp-json\/wp\/v2\/pages\/9524","targetHints":{"allow":["GET"]}}],"collection":[{"href":"https:\/\/www.stodeus.com\/fr\/wp-json\/wp\/v2\/pages"}],"about":[{"href":"https:\/\/www.stodeus.com\/fr\/wp-json\/wp\/v2\/types\/page"}],"author":[{"embeddable":true,"href":"https:\/\/www.stodeus.com\/fr\/wp-json\/wp\/v2\/users\/2"}],"replies":[{"embeddable":true,"href":"https:\/\/www.stodeus.com\/fr\/wp-json\/wp\/v2\/comments?post=9524"}],"version-history":[{"count":157,"href":"https:\/\/www.stodeus.com\/fr\/wp-json\/wp\/v2\/pages\/9524\/revisions"}],"predecessor-version":[{"id":14123,"href":"https:\/\/www.stodeus.com\/fr\/wp-json\/wp\/v2\/pages\/9524\/revisions\/14123"}],"wp:attachment":[{"href":"https:\/\/www.stodeus.com\/fr\/wp-json\/wp\/v2\/media?parent=9524"}],"curies":[{"name":"wp","href":"https:\/\/api.w.org\/{rel}","templated":true}]}}