{"id":15608,"date":"2025-03-12T11:29:02","date_gmt":"2025-03-12T10:29:02","guid":{"rendered":"https:\/\/www.stodeus.com\/?page_id=15608"},"modified":"2025-03-12T16:36:52","modified_gmt":"2025-03-12T15:36:52","slug":"privacy-policy","status":"publish","type":"page","link":"https:\/\/www.stodeus.com\/it\/privacy-policy\/","title":{"rendered":"Informativa sulla privacy"},"content":{"rendered":"<div data-elementor-type=\"wp-page\" data-elementor-id=\"15608\" class=\"elementor elementor-15608\" data-elementor-post-type=\"page\">\n\t\t\t\t<div class=\"elementor-element elementor-element-8d4595b e-flex e-con-boxed e-con e-parent\" data-id=\"8d4595b\" data-element_type=\"container\">\n\t\t\t\t\t<div class=\"e-con-inner\">\n\t\t\t\t<div class=\"elementor-element elementor-element-0d4e6ec elementor-widget elementor-widget-heading\" data-id=\"0d4e6ec\" data-element_type=\"widget\" data-widget_type=\"heading.default\">\n\t\t\t\t<div class=\"elementor-widget-container\">\n\t\t\t<h2 class=\"elementor-heading-title elementor-size-default\">Informativa sulla privacy<\/h2>\t\t<\/div>\n\t\t\t\t<\/div>\n\t\t\t\t<div class=\"elementor-element elementor-element-7e411cf elementor-widget elementor-widget-text-editor\" data-id=\"7e411cf\" data-element_type=\"widget\" data-widget_type=\"text-editor.default\">\n\t\t\t\t<div class=\"elementor-widget-container\">\n\t\t\t\t\t\t\t<p class=\"p1\">Ultimo aggiornamento: 12 marzo 2025<\/p><p class=\"p3\"><b>1. Introduzione<\/b><b><\/b><\/p><p class=\"p1\">La presente Informativa sulla privacy spiega come raccogliamo, utilizziamo, conserviamo e proteggiamo i vostri dati personali quando utilizzate la newsletter o le applicazioni di Stodeus (di seguito denominate \"le Applicazioni\"), in conformit\u00e0 con i requisiti del Regolamento generale sulla protezione dei dati (GDPR) e della legislazione francese sulla protezione dei dati. La presente informativa \u00e8 stata redatta in francese. Nella misura in cui una versione tradotta sia in conflitto con la versione francese, prevarr\u00e0 la versione francese. Se non diversamente specificato, la presente Informativa sulla privacy non si applica a prodotti o servizi di terze parti o alle pratiche di societ\u00e0 che non possediamo o controlliamo, incluse altre societ\u00e0 con cui potreste interagire su o tramite le Applicazioni.<\/p><p class=\"p3\"><b>2. Persona responsabile dell'elaborazione<\/b><b><\/b><\/p><p class=\"p1\">Il responsabile del trattamento dei dati \u00e8 <span class=\"s1\">Stodeus SAS<\/span>situato in <span class=\"s1\">Veurey-Voroize (Francia)<\/span>. In caso di domande sulla presente Informativa sulla privacy o sull'esercizio dei propri diritti, \u00e8 possibile contattarci a <a href=\"https:\/\/www.stodeus.com\/it\/contact\/\">modulo di contatto<\/a>.<\/p><p class=\"p3\"><b>3. Dati raccolti<\/b><b><\/b><\/p><p class=\"p1\">Possiamo raccogliere le seguenti categorie di dati a seconda dell'utilizzo delle Applicazioni:<\/p><p class=\"p4\">-<span class=\"s1\"><b>Dati di identificazione<\/b><\/span> cognome, nome, indirizzo e-mail.<\/p><p class=\"p4\">-<span class=\"s1\"><b>Dati tecnici<\/b><\/span> identificativi del dispositivo, tipo di sistema operativo (iOS, Android), versione delle applicazioni, registri di connessione.<\/p><p class=\"p4\">-<span class=\"s1\"><b>Dati di navigazione<\/b><\/span> interazioni con le applicazioni, pagine visitate, funzioni utilizzate.<\/p><p class=\"p1\">Ci assicuriamo che questi dati vengano raccolti nel rispetto del principio di minimizzazione, ossia che vengano raccolti solo i dati strettamente necessari per lo scopo previsto.<\/p><p class=\"p3\"><b>4. Utilizzo dei dati<\/b><b><\/b><\/p><p class=\"p1\">I vostri dati potranno essere utilizzati per :<\/p><p class=\"p4\">-Per fornire, personalizzare e migliorare la funzionalit\u00e0 delle Applicazioni.<\/p><p class=\"p4\">-Analizzare il pubblico e il comportamento degli utenti per migliorare l'esperienza e le prestazioni delle applicazioni.<\/p><p class=\"p4\">-Inviarvi informazioni su applicazioni, aggiornamenti e notifiche importanti.<\/p><p class=\"p4\">-Per adempiere ai nostri obblighi legali e normativi.<\/p><p class=\"p3\"><b>5. Base giuridica del trattamento<\/b><b><\/b><\/p><p class=\"p1\">In conformit\u00e0 al RGPD, le nostre operazioni di trattamento si basano su :<\/p><p class=\"p4\">-<span class=\"s1\"><b>Il vostro consenso<\/b><\/span> Per alcune funzionalit\u00e0, in particolare l'invio di notifiche, chiederemo il vostro consenso preventivo.<\/p><p class=\"p4\">-<span class=\"s1\"><b>Conformit\u00e0 agli obblighi di legge<\/b><\/span> quando esiste l'obbligo di conservare o trasmettere determinati dati.<\/p><p class=\"p4\">-<span class=\"s1\"><b>Il nostro interesse legittimo<\/b><\/span> per migliorare le Applicazioni, prevenire le frodi e garantire la sicurezza dei nostri servizi.<\/p><p class=\"p3\"><b>6. Condivisione dei dati<\/b><b><\/b><\/p><p class=\"p1\">Ci impegniamo a non condividere, vendere o affittare i vostri dati a terzi per scopi di marketing.<\/p><p class=\"p3\"><b>7. Conservazione dei dati<\/b><b><\/b><\/p><p class=\"p1\">Conserviamo i vostri dati solo per il tempo necessario a soddisfare lo scopo per cui sono stati raccolti, in conformit\u00e0 con i requisiti legali in vigore. I periodi di conservazione possono variare a seconda della natura dei dati e degli obblighi legali e normativi.<\/p><p class=\"p3\"><b>8. Diritti dell'utente<\/b><b><\/b><\/p><p class=\"p1\">Ai sensi del RGPD e delle leggi francesi sulla protezione dei dati, avete i seguenti diritti:<\/p><p class=\"p4\">-<span class=\"s1\"><b>Diritto di accesso<\/b><\/span> Ottenere la conferma del trattamento dei dati e riceverne una copia.<\/p><p class=\"p4\">-<span class=\"s1\"><b>Diritto di rettifica<\/b><\/span> aggiornare o correggere informazioni inesatte sull'utente.<\/p><p class=\"p4\">-<span class=\"s1\"><b>Diritto alla cancellazione (diritto all'oblio)<\/b><\/span> Per richiedere la cancellazione dei vostri dati personali, a meno che non siamo legalmente obbligati a conservarli.<\/p><p class=\"p4\">-<span class=\"s1\"><b>Diritto di limitare il trattamento<\/b><\/span> Per richiedere la sospensione temporanea del trattamento dei vostri dati.<\/p><p class=\"p4\">-<span class=\"s1\"><b>Diritto di opposizione<\/b><\/span> Opporsi al trattamento dei dati per motivi legati alla propria situazione particolare.<\/p><p class=\"p4\">-<span class=\"s1\"><b>Diritto alla portabilit\u00e0<\/b><\/span> Per ricevere i vostri dati in un formato strutturato e comunemente utilizzato.<\/p><p class=\"p1\">Per esercitare questi diritti, contattateci all'indirizzo <a href=\"https:\/\/www.stodeus.com\/it\/contact\/\">modulo di contatto<\/a> o tramite la funzione di supporto delle applicazioni. Risponderemo alla vostra richiesta nel pi\u00f9 breve tempo possibile.<\/p><p class=\"p3\"><b>9. Sicurezza dei dati<\/b><b><\/b><\/p><p class=\"p1\">Implementiamo misure di sicurezza tecniche e organizzative adeguate per proteggere i vostri dati da perdita, furto, alterazione o accesso non autorizzato. Tuttavia, nessuna trasmissione di dati su Internet o metodo di archiviazione elettronica \u00e8 completamente sicura e non possiamo garantire una sicurezza assoluta.<\/p><p class=\"p3\"><b>10. Servizi di terze parti e link esterni<\/b><b><\/b><\/p><p class=\"p1\">Le Applicazioni non includono collegamenti a siti o servizi di terzi e non utilizzano librerie o SDK esterni.<\/p><p class=\"p3\"><b>11. Politica per i bambini<\/b><b><\/b><\/p><p class=\"p1\">Le Applicazioni non sono specificamente destinate ai bambini e non contengono contenuti inappropriati.<\/p><p class=\"p3\"><b>12. Modifiche all'Informativa sulla privacy<\/b><b><\/b><\/p><p class=\"p1\">Ci riserviamo il diritto di modificare la presente Informativa sulla privacy in qualsiasi momento. Le modifiche saranno pubblicate nelle Applicazioni o sul nostro sito web, insieme alla data dell'aggiornamento. Vi invitiamo a consultare regolarmente questa pagina per essere a conoscenza della versione pi\u00f9 recente della nostra Informativa sulla privacy.<\/p><p><b>13. Diritto alla cancellazione dei dati<\/b><\/p><p>In conformit\u00e0 al Regolamento generale sulla protezione dei dati (GDPR) e alle leggi francesi sulla protezione dei dati, l'utente ha il diritto di richiedere la cancellazione dei propri dati personali (tra cui, a titolo esemplificativo e non esaustivo, il nome, l'indirizzo e-mail, l'indirizzo postale e il numero di telefono) raccolti tramite il nostro negozio online, il servizio di assistenza via e-mail o l'app BipLink.<\/p><p>\u00c8 possibile eliminare il proprio account inviando una semplice richiesta a <a href=\"https:\/\/www.stodeus.com\/it\/contact\/\">modulo di contatto<\/a>.<\/p><p>In caso di richiesta di cancellazione, cancelleremo in modo permanente e irreversibile i vostri dati personali dai nostri sistemi. Una volta eliminati, i vostri dati, in particolare le vostre tracce, non potranno essere ripristinati. Una volta cancellato il vostro account, potrebbero essere necessari fino a 90 giorni per rimuovere i vostri dati personali dai nostri sistemi. Inoltre, potremmo conservare le informazioni in caso di richieste di cancellazione per ottemperare alla legge e per intraprendere altre azioni richieste dalla legge.<\/p><p class=\"p3\"><b>14. Contatto<\/b><\/p><p class=\"p1\">In caso di domande, reclami o richieste relative alla presente Informativa sulla privacy o al trattamento dei vostri dati, vi invitiamo a contattarci a <a href=\"https:\/\/www.stodeus.com\/it\/contact\/\">modulo di contatto<\/a>.<\/p>\t\t\t\t\t\t<\/div>\n\t\t\t\t<\/div>\n\t\t\t\t\t<\/div>\n\t\t\t\t<\/div>\n\t\t\t\t<\/div>","protected":false},"excerpt":{"rendered":"<p>Politique de Confidentialit\u00e9 Derni\u00e8re mise \u00e0 jour : 12 Mars 2025 1. Introduction Cette Politique de Confidentialit\u00e9 explique comment nous collectons, utilisons, stockons et prot\u00e9geons vos donn\u00e9es personnelles lorsque vous utilisez la newsletter ou les applications Stodeus (ci-apr\u00e8s d\u00e9nomm\u00e9e \u00ab les Applications \u00bb), conform\u00e9ment aux exigences du R\u00e8glement g\u00e9n\u00e9ral sur la protection des donn\u00e9es (RGPD), [&hellip;]<\/p>\n","protected":false},"author":2,"featured_media":0,"parent":0,"menu_order":0,"comment_status":"closed","ping_status":"closed","template":"","meta":{"footnotes":""},"class_list":["post-15608","page","type-page","status-publish","hentry"],"_links":{"self":[{"href":"https:\/\/www.stodeus.com\/it\/wp-json\/wp\/v2\/pages\/15608","targetHints":{"allow":["GET"]}}],"collection":[{"href":"https:\/\/www.stodeus.com\/it\/wp-json\/wp\/v2\/pages"}],"about":[{"href":"https:\/\/www.stodeus.com\/it\/wp-json\/wp\/v2\/types\/page"}],"author":[{"embeddable":true,"href":"https:\/\/www.stodeus.com\/it\/wp-json\/wp\/v2\/users\/2"}],"replies":[{"embeddable":true,"href":"https:\/\/www.stodeus.com\/it\/wp-json\/wp\/v2\/comments?post=15608"}],"version-history":[{"count":40,"href":"https:\/\/www.stodeus.com\/it\/wp-json\/wp\/v2\/pages\/15608\/revisions"}],"predecessor-version":[{"id":15657,"href":"https:\/\/www.stodeus.com\/it\/wp-json\/wp\/v2\/pages\/15608\/revisions\/15657"}],"wp:attachment":[{"href":"https:\/\/www.stodeus.com\/it\/wp-json\/wp\/v2\/media?parent=15608"}],"curies":[{"name":"wp","href":"https:\/\/api.w.org\/{rel}","templated":true}]}}