{"id":15608,"date":"2025-03-12T11:29:02","date_gmt":"2025-03-12T10:29:02","guid":{"rendered":"https:\/\/www.stodeus.com\/?page_id=15608"},"modified":"2025-03-12T16:36:52","modified_gmt":"2025-03-12T15:36:52","slug":"privacy-policy","status":"publish","type":"page","link":"https:\/\/www.stodeus.com\/nl\/privacy-policy\/","title":{"rendered":"Privacybeleid"},"content":{"rendered":"<div data-elementor-type=\"wp-page\" data-elementor-id=\"15608\" class=\"elementor elementor-15608\" data-elementor-post-type=\"page\">\n\t\t\t\t<div class=\"elementor-element elementor-element-8d4595b e-flex e-con-boxed e-con e-parent\" data-id=\"8d4595b\" data-element_type=\"container\">\n\t\t\t\t\t<div class=\"e-con-inner\">\n\t\t\t\t<div class=\"elementor-element elementor-element-0d4e6ec elementor-widget elementor-widget-heading\" data-id=\"0d4e6ec\" data-element_type=\"widget\" data-widget_type=\"heading.default\">\n\t\t\t\t<div class=\"elementor-widget-container\">\n\t\t\t<h2 class=\"elementor-heading-title elementor-size-default\">Privacybeleid<\/h2>\t\t<\/div>\n\t\t\t\t<\/div>\n\t\t\t\t<div class=\"elementor-element elementor-element-7e411cf elementor-widget elementor-widget-text-editor\" data-id=\"7e411cf\" data-element_type=\"widget\" data-widget_type=\"text-editor.default\">\n\t\t\t\t<div class=\"elementor-widget-container\">\n\t\t\t\t\t\t\t<p class=\"p1\">Laatst bijgewerkt op: 12 maart 2025<\/p><p class=\"p3\"><b>1. Inleiding<\/b><b><\/b><\/p><p class=\"p1\">Dit privacybeleid legt uit hoe wij uw persoonlijke gegevens verzamelen, gebruiken, opslaan en beschermen wanneer u de Stodeus-nieuwsbrief of -applicaties (hierna \"de Applicaties\" genoemd) gebruikt, in overeenstemming met de vereisten van de General Data Protection Regulation (GDPR) en de Franse wetgeving inzake gegevensbescherming. Dit beleid is opgesteld in het Frans. Voor zover een vertaalde versie in strijd is met de Franse versie, prevaleert de Franse versie. Tenzij anders vermeld, is dit Privacybeleid niet van toepassing op producten of diensten van derden of op de praktijken van bedrijven die wij niet bezitten of controleren, met inbegrip van andere bedrijven waarmee u mogelijk contact hebt op of via de Applicaties.<\/p><p class=\"p3\"><b>2. Verantwoordelijke voor de verwerking<\/b><b><\/b><\/p><p class=\"p1\">De gegevensbeheerder is <span class=\"s1\">Stodeus SAS<\/span>gevestigd in <span class=\"s1\">Veurey-Voroize (Frankrijk)<\/span>. Als u vragen hebt over dit Privacybeleid of over het uitoefenen van uw rechten, kunt u contact met ons opnemen via <a href=\"https:\/\/www.stodeus.com\/nl\/contact\/\">contactformulier<\/a>.<\/p><p class=\"p3\"><b>3. Verzamelde gegevens<\/b><b><\/b><\/p><p class=\"p1\">Wij kunnen de volgende categorie\u00ebn gegevens verzamelen, afhankelijk van uw gebruik van de Applicaties:<\/p><p class=\"p4\">-<span class=\"s1\"><b>Identificatiegegevens<\/b><\/span> achternaam, voornaam, e-mailadres.<\/p><p class=\"p4\">-<span class=\"s1\"><b>Technische gegevens<\/b><\/span> apparaat-id's, type besturingssysteem (iOS, Android), versie van applicaties, verbindingslogs.<\/p><p class=\"p4\">-<span class=\"s1\"><b>Zoekgegevens<\/b><\/span> interacties met Toepassingen, bezochte pagina's, gebruikte functies.<\/p><p class=\"p1\">We zorgen ervoor dat deze gegevens worden verzameld in overeenstemming met het principe van minimalisatie, d.w.z. dat alleen gegevens worden verzameld die strikt noodzakelijk zijn voor het beoogde doel.<\/p><p class=\"p3\"><b>4. Gebruik van gegevens<\/b><b><\/b><\/p><p class=\"p1\">Uw gegevens kunnen worden gebruikt voor :<\/p><p class=\"p4\">-de functionaliteit van de Applicaties leveren, aanpassen en verbeteren.<\/p><p class=\"p4\">-het publiek en gebruikersgedrag analyseren om de ervaring en prestaties van de Applicaties te verbeteren.<\/p><p class=\"p4\">-u informatie sturen over toepassingen, updates en belangrijke meldingen.<\/p><p class=\"p4\">-Om te voldoen aan onze wettelijke en reglementaire verplichtingen.<\/p><p class=\"p3\"><b>5. Wettelijke basis voor verwerking<\/b><b><\/b><\/p><p class=\"p1\">In overeenstemming met de RGPD zijn onze verwerkingsactiviteiten gebaseerd op :<\/p><p class=\"p4\">-<span class=\"s1\"><b>Uw toestemming<\/b><\/span> Voor bepaalde functionaliteiten, in het bijzonder voor het verzenden van meldingen, vragen we uw voorafgaande toestemming.<\/p><p class=\"p4\">-<span class=\"s1\"><b>Naleving van wettelijke verplichtingen<\/b><\/span> wanneer er een verplichting is om bepaalde gegevens te bewaren of door te geven.<\/p><p class=\"p4\">-<span class=\"s1\"><b>Ons rechtmatig belang<\/b><\/span> om de Toepassingen te verbeteren, fraude te voorkomen en de veiligheid van onze services te waarborgen.<\/p><p class=\"p3\"><b>6. Delen van gegevens<\/b><b><\/b><\/p><p class=\"p1\">Wij verbinden ons ertoe uw gegevens niet te delen, te verkopen of te verhuren aan derden voor marketingdoeleinden.<\/p><p class=\"p3\"><b>7. Bewaren van gegevens<\/b><b><\/b><\/p><p class=\"p1\">We bewaren uw gegevens niet langer dan nodig is om het doel te bereiken waarvoor ze zijn verzameld, in overeenstemming met de geldende wettelijke vereisten. Bewaartermijnen kunnen vari\u00ebren afhankelijk van de aard van de gegevens en wettelijke en reglementaire verplichtingen.<\/p><p class=\"p3\"><b>8. Gebruikersrechten<\/b><b><\/b><\/p><p class=\"p1\">In overeenstemming met de RGPD en de Franse wetgeving inzake gegevensbescherming hebt u de volgende rechten:<\/p><p class=\"p4\">-<span class=\"s1\"><b>Recht op toegang<\/b><\/span> Vraag een bevestiging dat uw gegevens worden verwerkt en ontvang een kopie.<\/p><p class=\"p4\">-<span class=\"s1\"><b>Recht op correctie<\/b><\/span> onjuiste informatie over u bij te werken of te corrigeren.<\/p><p class=\"p4\">-<span class=\"s1\"><b>Recht op wissen (recht om vergeten te worden)<\/b><\/span> Om de verwijdering van uw persoonlijke gegevens aan te vragen, tenzij we wettelijk verplicht zijn om ze te bewaren.<\/p><p class=\"p4\">-<span class=\"s1\"><b>Recht op beperking van de verwerking<\/b><\/span> Om de tijdelijke opschorting van de verwerking van uw gegevens aan te vragen.<\/p><p class=\"p4\">-<span class=\"s1\"><b>Recht op bezwaar<\/b><\/span> Zich verzetten tegen de verwerking van uw gegevens om redenen die verband houden met uw specifieke situatie.<\/p><p class=\"p4\">-<span class=\"s1\"><b>Recht op overdraagbaarheid<\/b><\/span> Om uw gegevens in een gestructureerd en algemeen gebruikt formaat te ontvangen.<\/p><p class=\"p1\">Om deze rechten uit te oefenen, kunt u contact met ons opnemen via <a href=\"https:\/\/www.stodeus.com\/nl\/contact\/\">contactformulier<\/a> of via de ondersteuningsfunctie voor applicaties. We zullen zo snel mogelijk op je verzoek reageren.<\/p><p class=\"p3\"><b>9. Beveiliging van gegevens<\/b><b><\/b><\/p><p class=\"p1\">We implementeren gepaste technische en organisatorische veiligheidsmaatregelen om uw gegevens te beschermen tegen verlies, diefstal, wijziging of ongeoorloofde toegang. Geen enkele gegevensoverdracht via het internet of methode van elektronische opslag is echter volledig veilig en we kunnen geen absolute veiligheid garanderen.<\/p><p class=\"p3\"><b>10. Diensten van derden en externe koppelingen<\/b><b><\/b><\/p><p class=\"p1\">De Applicaties bevatten geen koppelingen naar sites of services van derden en maken geen gebruik van externe bibliotheken of SDK's.<\/p><p class=\"p3\"><b>11. Kinderbeleid<\/b><b><\/b><\/p><p class=\"p1\">De Applicaties zijn niet specifiek bedoeld voor kinderen en bevatten geen ongepaste inhoud.<\/p><p class=\"p3\"><b>12. Wijzigingen in het privacybeleid<\/b><b><\/b><\/p><p class=\"p1\">Wij behouden ons het recht voor om dit Privacybeleid te allen tijde te wijzigen. Wijzigingen zullen worden gepubliceerd in de Applicaties of op onze website, samen met de datum van de update. Wij nodigen u uit om deze pagina regelmatig te raadplegen, zodat u op de hoogte bent van de meest recente versie van ons Privacybeleid.<\/p><p><b>13. Recht op verwijdering van gegevens<\/b><\/p><p>In overeenstemming met de General Data Protection Regulation (GDPR) en de Franse wetgeving inzake gegevensbescherming, heb je het recht om de verwijdering van je persoonlijke gegevens aan te vragen (met inbegrip van, maar niet beperkt tot, je naam, e-mailadres, postadres en telefoonnummer) die we verzamelen via onze online winkel, e-mailondersteuningsservice of BipLink-app.<\/p><p>Je kunt je account verwijderen door een eenvoudig verzoek te sturen naar <a href=\"https:\/\/www.stodeus.com\/nl\/contact\/\">contactformulier<\/a>.<\/p><p>Als u een verzoek tot verwijdering indient, zullen wij uw persoonlijke gegevens permanent en onomkeerbaar uit onze systemen verwijderen. Eenmaal verwijderd kunnen uw gegevens, in het bijzonder uw sporen, niet meer worden hersteld. Zodra uw account is verwijderd, kan het tot 90 dagen duren voordat uw persoonlijke gegevens uit onze systemen zijn verwijderd. Daarnaast kunnen we informatie bewaren wanneer verzoeken tot verwijdering worden gedaan om te voldoen aan de wet en om andere acties te ondernemen die door de wet worden vereist.<\/p><p class=\"p3\"><b>14. Neem contact op met<\/b><\/p><p class=\"p1\">Als u vragen, klachten of verzoeken hebt met betrekking tot dit Privacybeleid of de verwerking van uw gegevens, kunt u contact met ons opnemen via <a href=\"https:\/\/www.stodeus.com\/nl\/contact\/\">contactformulier<\/a>.<\/p>\t\t\t\t\t\t<\/div>\n\t\t\t\t<\/div>\n\t\t\t\t\t<\/div>\n\t\t\t\t<\/div>\n\t\t\t\t<\/div>","protected":false},"excerpt":{"rendered":"<p>Politique de Confidentialit\u00e9 Derni\u00e8re mise \u00e0 jour : 12 Mars 2025 1. Introduction Cette Politique de Confidentialit\u00e9 explique comment nous collectons, utilisons, stockons et prot\u00e9geons vos donn\u00e9es personnelles lorsque vous utilisez la newsletter ou les applications Stodeus (ci-apr\u00e8s d\u00e9nomm\u00e9e \u00ab les Applications \u00bb), conform\u00e9ment aux exigences du R\u00e8glement g\u00e9n\u00e9ral sur la protection des donn\u00e9es (RGPD), [&hellip;]<\/p>\n","protected":false},"author":2,"featured_media":0,"parent":0,"menu_order":0,"comment_status":"closed","ping_status":"closed","template":"","meta":{"footnotes":""},"class_list":["post-15608","page","type-page","status-publish","hentry"],"_links":{"self":[{"href":"https:\/\/www.stodeus.com\/nl\/wp-json\/wp\/v2\/pages\/15608","targetHints":{"allow":["GET"]}}],"collection":[{"href":"https:\/\/www.stodeus.com\/nl\/wp-json\/wp\/v2\/pages"}],"about":[{"href":"https:\/\/www.stodeus.com\/nl\/wp-json\/wp\/v2\/types\/page"}],"author":[{"embeddable":true,"href":"https:\/\/www.stodeus.com\/nl\/wp-json\/wp\/v2\/users\/2"}],"replies":[{"embeddable":true,"href":"https:\/\/www.stodeus.com\/nl\/wp-json\/wp\/v2\/comments?post=15608"}],"version-history":[{"count":40,"href":"https:\/\/www.stodeus.com\/nl\/wp-json\/wp\/v2\/pages\/15608\/revisions"}],"predecessor-version":[{"id":15657,"href":"https:\/\/www.stodeus.com\/nl\/wp-json\/wp\/v2\/pages\/15608\/revisions\/15657"}],"wp:attachment":[{"href":"https:\/\/www.stodeus.com\/nl\/wp-json\/wp\/v2\/media?parent=15608"}],"curies":[{"name":"wp","href":"https:\/\/api.w.org\/{rel}","templated":true}]}}