{"id":9449,"date":"2022-12-14T12:54:35","date_gmt":"2022-12-14T11:54:35","guid":{"rendered":"https:\/\/www.stodeus.com\/?page_id=9449"},"modified":"2023-05-10T16:43:32","modified_gmt":"2023-05-10T14:43:32","slug":"stodeus-team","status":"publish","type":"page","link":"https:\/\/www.stodeus.com\/nl\/stodeus-team\/","title":{"rendered":"Het Stodeus team"},"content":{"rendered":"<div data-elementor-type=\"wp-page\" data-elementor-id=\"9449\" class=\"elementor elementor-9449\" data-elementor-post-type=\"page\">\n\t\t\t\t<div class=\"elementor-element elementor-element-dec84b1 e-con-full e-flex e-con e-parent\" data-id=\"dec84b1\" data-element_type=\"container\">\n\t\t\t\t<div class=\"elementor-element elementor-element-73e1d8e elementor-widget__width-inherit elementor--h-position-center elementor--v-position-middle elementor-widget elementor-widget-slides\" data-id=\"73e1d8e\" data-element_type=\"widget\" data-settings=\"{&quot;navigation&quot;:&quot;none&quot;,&quot;autoplay&quot;:&quot;yes&quot;,&quot;pause_on_hover&quot;:&quot;yes&quot;,&quot;pause_on_interaction&quot;:&quot;yes&quot;,&quot;autoplay_speed&quot;:5000,&quot;infinite&quot;:&quot;yes&quot;,&quot;transition&quot;:&quot;slide&quot;,&quot;transition_speed&quot;:500}\" data-widget_type=\"slides.default\">\n\t\t\t\t<div class=\"elementor-widget-container\">\n\t\t\t\t\t<div class=\"elementor-swiper\">\n\t\t\t<div class=\"elementor-slides-wrapper elementor-main-swiper swiper\" dir=\"ltr\" data-animation=\"\">\n\t\t\t\t<div class=\"swiper-wrapper elementor-slides\">\n\t\t\t\t\t\t\t\t\t\t<div class=\"elementor-repeater-item-22683fa swiper-slide\"><div class=\"swiper-slide-bg\" role=\"img\"><\/div><div class=\"elementor-background-overlay\"><\/div><div class=\"swiper-slide-inner\" ><div class=\"swiper-slide-contents\"><div class=\"elementor-slide-heading\">INNOVATE. ALTIJD.<\/div><div class=\"elementor-slide-description\">Bij Stodeus zijn we hongerig naar innovatie. Wij geloven dat we door anders te denken en doortastend te zijn onze klanten de beste instrumenten kunnen bieden. Daarom werken we voortdurend aan nieuwe idee\u00ebn en verbeteren we onze varios. Wij zijn een klein bedrijf van enthousiastelingen, en innovatie is onze brandstof.<\/div><\/div><\/div><\/div>\t\t\t\t<\/div>\n\t\t\t\t\t\t\t<\/div>\n\t\t<\/div>\n\t\t\t\t<\/div>\n\t\t\t\t<\/div>\n\t\t\t\t<\/div>\n\t\t<div class=\"elementor-element elementor-element-e5bf392 e-flex e-con-boxed e-con e-parent\" data-id=\"e5bf392\" data-element_type=\"container\">\n\t\t\t\t\t<div class=\"e-con-inner\">\n\t\t\t\t<div class=\"elementor-element elementor-element-add6d7e elementor-widget elementor-widget-heading\" data-id=\"add6d7e\" data-element_type=\"widget\" data-widget_type=\"heading.default\">\n\t\t\t\t<div class=\"elementor-widget-container\">\n\t\t\t<h3 class=\"elementor-heading-title elementor-size-xl\">Stodeus, een geschiedenis van liefhebbers<\/h3>\t\t<\/div>\n\t\t\t\t<\/div>\n\t\t\t\t\t<\/div>\n\t\t\t\t<\/div>\n\t\t<div class=\"elementor-element elementor-element-2845beb e-flex e-con-boxed e-con e-parent\" data-id=\"2845beb\" data-element_type=\"container\">\n\t\t\t\t\t<div class=\"e-con-inner\">\n\t\t<div class=\"elementor-element elementor-element-9a3fbd9 e-flex e-con-boxed e-con e-parent\" data-id=\"9a3fbd9\" data-element_type=\"container\">\n\t\t\t\t\t<div class=\"e-con-inner\">\n\t\t\t\t<div class=\"elementor-element elementor-element-737746b elementor-widget elementor-widget-image\" data-id=\"737746b\" data-element_type=\"widget\" data-widget_type=\"image.default\">\n\t\t\t\t<div class=\"elementor-widget-container\">\n\t\t\t\t\t\t\t\t\t\t<figure class=\"wp-caption\">\n\t\t\t\t\t\t\t\t\t\t<img fetchpriority=\"high\" decoding=\"async\" width=\"900\" height=\"506\" src=\"https:\/\/www.stodeus.com\/wp-content\/uploads\/2022\/12\/Tim_Clarisse_Mont_Blanc_r.png\" class=\"attachment-full size-full wp-image-9482\" alt=\"\" srcset=\"https:\/\/www.stodeus.com\/wp-content\/uploads\/2022\/12\/Tim_Clarisse_Mont_Blanc_r.png 900w, https:\/\/www.stodeus.com\/wp-content\/uploads\/2022\/12\/Tim_Clarisse_Mont_Blanc_r-300x169.png 300w, https:\/\/www.stodeus.com\/wp-content\/uploads\/2022\/12\/Tim_Clarisse_Mont_Blanc_r-768x432.png 768w, https:\/\/www.stodeus.com\/wp-content\/uploads\/2022\/12\/Tim_Clarisse_Mont_Blanc_r-18x10.png 18w\" sizes=\"(max-width: 900px) 100vw, 900px\" \/>\t\t\t\t\t\t\t\t\t\t\t<figcaption class=\"widget-image-caption wp-caption-text\">Timoth\u00e9e &amp; Clarisse tijdens een cross country wedstrijd in de Alpen, tussen Les Richards en Les Saisies (150km). In de verte, de Mont Blanc.<\/figcaption>\n\t\t\t\t\t\t\t\t\t\t<\/figure>\n\t\t\t\t\t\t\t<\/div>\n\t\t\t\t<\/div>\n\t\t\t\t\t<\/div>\n\t\t\t\t<\/div>\n\t\t<div class=\"elementor-element elementor-element-83a5fa8 e-flex e-con-boxed e-con e-parent\" data-id=\"83a5fa8\" data-element_type=\"container\">\n\t\t\t\t\t<div class=\"e-con-inner\">\n\t\t\t\t<div class=\"elementor-element elementor-element-2ba70d6 elementor-widget elementor-widget-text-editor\" data-id=\"2ba70d6\" data-element_type=\"widget\" data-widget_type=\"text-editor.default\">\n\t\t\t\t<div class=\"elementor-widget-container\">\n\t\t\t\t\t\t\t<p>Timoth\u00e9e heeft zijn eigen bedrijf meer dan 10 jaar geleden opgericht, in 2011, toen hij begon met parapente. Stodeus, een klein bedrijf in Grenoble, is ontstaan uit zijn behoefte aan een op zonne-energie werkende, ultralichte, veelzijdige en krachtige vario.<br \/>De eerste BipBip zette meteen na zijn introductie de minivariomarkt op zijn kop met zijn onbeperkte autonomie, zelfs zonder zonlicht, en zijn korte en reactieve piepjes.<\/p><p>Met Clarisse heeft Stodeus zich verder ontwikkeld en de magische formule gevonden voor effectieve communicatie en succesvolle klantrelaties.<\/p><p><a href=\"https:\/\/www.stodeus.com\/nl\/discover-the-enthusiasts-at-stodeus\/\">Samen worden we gedreven door afstandsvliegen, maar alleen in tandem!<\/a> Met verschillende vluchten tussen 100 en 150 km onder onze riem is elke vlucht een groot avontuur, vlak voor onze deur in de Alpen.<\/p>\t\t\t\t\t\t<\/div>\n\t\t\t\t<\/div>\n\t\t\t\t\t<\/div>\n\t\t\t\t<\/div>\n\t\t\t\t\t<\/div>\n\t\t\t\t<\/div>\n\t\t<div class=\"elementor-element elementor-element-5ec6fa0 e-flex e-con-boxed e-con e-parent\" data-id=\"5ec6fa0\" data-element_type=\"container\">\n\t\t\t\t\t<div class=\"e-con-inner\">\n\t\t<div class=\"elementor-element elementor-element-e961820 e-flex e-con-boxed e-con e-parent\" data-id=\"e961820\" data-element_type=\"container\">\n\t\t\t\t\t<div class=\"e-con-inner\">\n\t\t\t\t<div class=\"elementor-element elementor-element-e2c8a43 elementor-widget elementor-widget-text-editor\" data-id=\"e2c8a43\" data-element_type=\"widget\" data-widget_type=\"text-editor.default\">\n\t\t\t\t<div class=\"elementor-widget-container\">\n\t\t\t\t\t\t\t<p>Wij zijn voortdurend op zoek naar innovatie en nieuwe manieren om onze instrumenten te verbeteren. Daarom doen we het niet alleen.<\/p><p>Stodeus kan rekenen op een nauwe samenwerking met getalenteerde Franse freelance ingenieurs, die beschikken over een zeer hoog kennisniveau en uitzonderlijke technische expertise.<\/p><p>Wij hebben ook het geluk omringd te zijn door een gemeenschap van <a href=\"https:\/\/www.stodeus.com\/nl\/team-pilots-stodeus\/\">gepassioneerde chauffeurs<\/a> wat sterk bijdraagt tot de verbetering van onze producten.<\/p><p>Dankzij dit teamwork zijn er in de loop der jaren andere varios bijgekomen en heeft Stodeus snel naam gemaakt in de paragliding-industrie.<\/p>\t\t\t\t\t\t<\/div>\n\t\t\t\t<\/div>\n\t\t\t\t\t<\/div>\n\t\t\t\t<\/div>\n\t\t<div class=\"elementor-element elementor-element-412ac52 e-flex e-con-boxed e-con e-parent\" data-id=\"412ac52\" data-element_type=\"container\">\n\t\t\t\t\t<div class=\"e-con-inner\">\n\t\t\t\t<div class=\"elementor-element elementor-element-682d453 elementor-widget elementor-widget-image\" data-id=\"682d453\" data-element_type=\"widget\" data-widget_type=\"image.default\">\n\t\t\t\t<div class=\"elementor-widget-container\">\n\t\t\t\t\t\t\t\t\t\t<figure class=\"wp-caption\">\n\t\t\t\t\t\t\t\t\t\t<img decoding=\"async\" width=\"900\" height=\"600\" src=\"https:\/\/www.stodeus.com\/wp-content\/uploads\/2022\/12\/Tim_Clarisse_portrait-Copyright-Bruno-Lavit_r.jpg\" class=\"attachment-full size-full wp-image-9483\" alt=\"\" srcset=\"https:\/\/www.stodeus.com\/wp-content\/uploads\/2022\/12\/Tim_Clarisse_portrait-Copyright-Bruno-Lavit_r.jpg 900w, https:\/\/www.stodeus.com\/wp-content\/uploads\/2022\/12\/Tim_Clarisse_portrait-Copyright-Bruno-Lavit_r-300x200.jpg 300w, https:\/\/www.stodeus.com\/wp-content\/uploads\/2022\/12\/Tim_Clarisse_portrait-Copyright-Bruno-Lavit_r-768x512.jpg 768w, https:\/\/www.stodeus.com\/wp-content\/uploads\/2022\/12\/Tim_Clarisse_portrait-Copyright-Bruno-Lavit_r-18x12.jpg 18w\" sizes=\"(max-width: 900px) 100vw, 900px\" \/>\t\t\t\t\t\t\t\t\t\t\t<figcaption class=\"widget-image-caption wp-caption-text\">Timoth\u00e9e &amp; Clarisse presenteren de GPSBip+, het allereerste steminstrument. Tot op heden biedt alleen Stodeus instrumenten voor paragliders aan met een spraakassistent.<\/figcaption>\n\t\t\t\t\t\t\t\t\t\t<\/figure>\n\t\t\t\t\t\t\t<\/div>\n\t\t\t\t<\/div>\n\t\t\t\t\t<\/div>\n\t\t\t\t<\/div>\n\t\t\t\t\t<\/div>\n\t\t\t\t<\/div>\n\t\t<div class=\"elementor-element elementor-element-0dd81ba e-flex e-con-boxed e-con e-parent\" data-id=\"0dd81ba\" data-element_type=\"container\">\n\t\t\t\t\t<div class=\"e-con-inner\">\n\t\t<div class=\"elementor-element elementor-element-817d2f6 e-flex e-con-boxed e-con e-parent\" data-id=\"817d2f6\" data-element_type=\"container\">\n\t\t\t\t\t<div class=\"e-con-inner\">\n\t\t\t\t<div class=\"elementor-element elementor-element-52e8663 elementor-blockquote--skin-quotation elementor-blockquote--align-right elementor-blockquote--button-color-official elementor-widget elementor-widget-blockquote\" data-id=\"52e8663\" data-element_type=\"widget\" data-widget_type=\"blockquote.default\">\n\t\t\t\t<div class=\"elementor-widget-container\">\n\t\t\t\t\t<blockquote class=\"elementor-blockquote\">\n\t\t\t<p class=\"elementor-blockquote__content\">\n\t\t\t\tIk heb de BipBip ontwikkeld omdat ik een lichtgewicht vario wilde die je op je apparatuur kunt laten zitten en je geen zorgen hoeft te maken over het batterijniveau. En omdat ik aan cross country, acro, tandem en zelfs bivakvluchten deed, had ik een vario met hoge prestaties nodig.\t\t\t<\/p>\n\t\t\t\t\t\t\t<div class=\"e-q-footer\">\n\t\t\t\t\t\t\t\t\t\t\t<cite class=\"elementor-blockquote__author\">Timoth\u00e9e MANAUD, oprichter van Stodeus<\/cite>\n\t\t\t\t\t\t\t\t\t\t\t\t\t\t<\/div>\n\t\t\t\t\t<\/blockquote>\n\t\t\t\t<\/div>\n\t\t\t\t<\/div>\n\t\t\t\t\t<\/div>\n\t\t\t\t<\/div>\n\t\t\t\t\t<\/div>\n\t\t\t\t<\/div>\n\t\t<div class=\"elementor-element elementor-element-d59ae6a e-flex e-con-boxed e-con e-parent\" data-id=\"d59ae6a\" data-element_type=\"container\">\n\t\t\t\t\t<div class=\"e-con-inner\">\n\t\t\t\t<div class=\"elementor-element elementor-element-fe77c70 elementor-widget elementor-widget-heading\" data-id=\"fe77c70\" data-element_type=\"widget\" data-widget_type=\"heading.default\">\n\t\t\t\t<div class=\"elementor-widget-container\">\n\t\t\t<h3 class=\"elementor-heading-title elementor-size-xl\">Verken<\/h3>\t\t<\/div>\n\t\t\t\t<\/div>\n\t\t\t\t\t<\/div>\n\t\t\t\t<\/div>\n\t\t<div class=\"elementor-element elementor-element-8f1d83a e-flex e-con-boxed e-con e-parent\" data-id=\"8f1d83a\" data-element_type=\"container\">\n\t\t\t\t\t<div class=\"e-con-inner\">\n\t\t<div class=\"elementor-element elementor-element-3ffc242 e-flex e-con-boxed e-con e-parent\" data-id=\"3ffc242\" data-element_type=\"container\">\n\t\t\t\t\t<div class=\"e-con-inner\">\n\t\t\t\t<div class=\"elementor-element elementor-element-60443cd elementor-cta--skin-cover elementor-animated-content elementor-bg-transform elementor-bg-transform-zoom-in elementor-widget elementor-widget-call-to-action\" data-id=\"60443cd\" data-element_type=\"widget\" data-widget_type=\"call-to-action.default\">\n\t\t\t\t<div class=\"elementor-widget-container\">\n\t\t\t\t\t<a class=\"elementor-cta\" href=\"https:\/\/www.stodeus.com\/nl\/team-pilots-stodeus\/\">\n\t\t\t\t\t<div class=\"elementor-cta__bg-wrapper\">\n\t\t\t\t<div class=\"elementor-cta__bg elementor-bg\" style=\"background-image: url(https:\/\/www.stodeus.com\/wp-content\/uploads\/2020\/03\/legpsbip_thermique_2.jpg);\" role=\"img\" aria-label=\"stodeus_vario_thermisch\"><\/div>\n\t\t\t\t<div class=\"elementor-cta__bg-overlay\"><\/div>\n\t\t\t<\/div>\n\t\t\t\t\t\t\t<div class=\"elementor-cta__content\">\n\t\t\t\t\n\t\t\t\t\t\t\t\t\t<h2 class=\"elementor-cta__title elementor-cta__content-item elementor-content-item elementor-animated-item--grow\">\n\t\t\t\t\t\tTEAM PILOTS\t\t\t\t\t<\/h2>\n\t\t\t\t\n\t\t\t\t\n\t\t\t\t\t\t\t\t\t<div class=\"elementor-cta__button-wrapper elementor-cta__content-item elementor-content-item elementor-animated-item--grow\">\n\t\t\t\t\t<span class=\"elementor-cta__button elementor-button elementor-size-\">\n\t\t\t\t\t\tOntdek\t\t\t\t\t<\/span>\n\t\t\t\t\t<\/div>\n\t\t\t\t\t\t\t<\/div>\n\t\t\t\t\t\t<\/a>\n\t\t\t\t<\/div>\n\t\t\t\t<\/div>\n\t\t\t\t\t<\/div>\n\t\t\t\t<\/div>\n\t\t<div class=\"elementor-element elementor-element-8c47b65 e-flex e-con-boxed e-con e-parent\" data-id=\"8c47b65\" data-element_type=\"container\">\n\t\t\t\t\t<div class=\"e-con-inner\">\n\t\t\t\t<div class=\"elementor-element elementor-element-ad5bb7f elementor-cta--skin-cover elementor-animated-content elementor-bg-transform elementor-bg-transform-zoom-in elementor-widget elementor-widget-call-to-action\" data-id=\"ad5bb7f\" data-element_type=\"widget\" data-widget_type=\"call-to-action.default\">\n\t\t\t\t<div class=\"elementor-widget-container\">\n\t\t\t\t\t<a class=\"elementor-cta\" href=\"https:\/\/www.stodeus.com\/nl\/expertise\/\">\n\t\t\t\t\t<div class=\"elementor-cta__bg-wrapper\">\n\t\t\t\t<div class=\"elementor-cta__bg elementor-bg\" style=\"background-image: url(https:\/\/www.stodeus.com\/wp-content\/uploads\/2020\/11\/DSCF2125_c_r.jpg);\" role=\"img\" aria-label=\"bipbip_pro_ac\"><\/div>\n\t\t\t\t<div class=\"elementor-cta__bg-overlay\"><\/div>\n\t\t\t<\/div>\n\t\t\t\t\t\t\t<div class=\"elementor-cta__content\">\n\t\t\t\t\n\t\t\t\t\t\t\t\t\t<h2 class=\"elementor-cta__title elementor-cta__content-item elementor-content-item elementor-animated-item--grow\">\n\t\t\t\t\t\tKNOWHOW &amp; EXPERTISE\t\t\t\t\t<\/h2>\n\t\t\t\t\n\t\t\t\t\n\t\t\t\t\t\t\t\t\t<div class=\"elementor-cta__button-wrapper elementor-cta__content-item elementor-content-item elementor-animated-item--grow\">\n\t\t\t\t\t<span class=\"elementor-cta__button elementor-button elementor-size-\">\n\t\t\t\t\t\tOntdek\t\t\t\t\t<\/span>\n\t\t\t\t\t<\/div>\n\t\t\t\t\t\t\t<\/div>\n\t\t\t\t\t\t<\/a>\n\t\t\t\t<\/div>\n\t\t\t\t<\/div>\n\t\t\t\t\t<\/div>\n\t\t\t\t<\/div>\n\t\t<div class=\"elementor-element elementor-element-c3b67c5 e-flex e-con-boxed e-con e-parent\" data-id=\"c3b67c5\" data-element_type=\"container\">\n\t\t\t\t\t<div class=\"e-con-inner\">\n\t\t\t\t<div class=\"elementor-element elementor-element-7bc610e elementor-cta--skin-cover elementor-animated-content elementor-bg-transform elementor-bg-transform-zoom-in elementor-widget elementor-widget-call-to-action\" data-id=\"7bc610e\" data-element_type=\"widget\" data-widget_type=\"call-to-action.default\">\n\t\t\t\t<div class=\"elementor-widget-container\">\n\t\t\t\t\t<div class=\"elementor-cta\">\n\t\t\t\t\t<div class=\"elementor-cta__bg-wrapper\">\n\t\t\t\t<div class=\"elementor-cta__bg elementor-bg\" style=\"background-image: url(https:\/\/www.stodeus.com\/wp-content\/uploads\/2020\/11\/grenoble-1024x561-1.jpg);\" role=\"img\" aria-label=\"made_in_grenoble\"><\/div>\n\t\t\t\t<div class=\"elementor-cta__bg-overlay\"><\/div>\n\t\t\t<\/div>\n\t\t\t\t\t\t\t<div class=\"elementor-cta__content\">\n\t\t\t\t\n\t\t\t\t\t\t\t\t\t<h2 class=\"elementor-cta__title elementor-cta__content-item elementor-content-item elementor-animated-item--grow\">\n\t\t\t\t\t\tONZE VERPLICHTINGEN\t\t\t\t\t<\/h2>\n\t\t\t\t\n\t\t\t\t\t\t\t\t\t<div class=\"elementor-cta__description elementor-cta__content-item elementor-content-item elementor-animated-item--grow\">\n\t\t\t\t\t\t(pagina onder constructie)\t\t\t\t\t<\/div>\n\t\t\t\t\n\t\t\t\t\t\t\t\t\t<div class=\"elementor-cta__button-wrapper elementor-cta__content-item elementor-content-item elementor-animated-item--grow\">\n\t\t\t\t\t<a class=\"elementor-cta__button elementor-button elementor-size-\">\n\t\t\t\t\t\tOntdek\t\t\t\t\t<\/a>\n\t\t\t\t\t<\/div>\n\t\t\t\t\t\t\t<\/div>\n\t\t\t\t\t\t<\/div>\n\t\t\t\t<\/div>\n\t\t\t\t<\/div>\n\t\t\t\t\t<\/div>\n\t\t\t\t<\/div>\n\t\t\t\t\t<\/div>\n\t\t\t\t<\/div>\n\t\t\t\t<\/div>","protected":false},"excerpt":{"rendered":"<p>INNOVER. TOUJOURS.Chez Stodeus, nous avons soif d&rsquo;innovation. Nous croyons que c&rsquo;est en pensant diff\u00e9remment et en \u00e9tant audacieux que nous pouvons proposer les meilleurs instruments \u00e0 nos clients. C&rsquo;est pourquoi nous travaillons sans rel\u00e2che sur de nouvelles id\u00e9es et sur l&rsquo;am\u00e9lioration de nos varios. Nous sommes une petite entreprise de passionn\u00e9s, et l&rsquo;innovation est notre [&hellip;]<\/p>\n","protected":false},"author":2,"featured_media":0,"parent":0,"menu_order":0,"comment_status":"closed","ping_status":"closed","template":"","meta":{"footnotes":""},"class_list":["post-9449","page","type-page","status-publish","hentry"],"_links":{"self":[{"href":"https:\/\/www.stodeus.com\/nl\/wp-json\/wp\/v2\/pages\/9449","targetHints":{"allow":["GET"]}}],"collection":[{"href":"https:\/\/www.stodeus.com\/nl\/wp-json\/wp\/v2\/pages"}],"about":[{"href":"https:\/\/www.stodeus.com\/nl\/wp-json\/wp\/v2\/types\/page"}],"author":[{"embeddable":true,"href":"https:\/\/www.stodeus.com\/nl\/wp-json\/wp\/v2\/users\/2"}],"replies":[{"embeddable":true,"href":"https:\/\/www.stodeus.com\/nl\/wp-json\/wp\/v2\/comments?post=9449"}],"version-history":[{"count":142,"href":"https:\/\/www.stodeus.com\/nl\/wp-json\/wp\/v2\/pages\/9449\/revisions"}],"predecessor-version":[{"id":12791,"href":"https:\/\/www.stodeus.com\/nl\/wp-json\/wp\/v2\/pages\/9449\/revisions\/12791"}],"wp:attachment":[{"href":"https:\/\/www.stodeus.com\/nl\/wp-json\/wp\/v2\/media?parent=9449"}],"curies":[{"name":"wp","href":"https:\/\/api.w.org\/{rel}","templated":true}]}}