{"id":9524,"date":"2022-12-14T15:50:34","date_gmt":"2022-12-14T14:50:34","guid":{"rendered":"https:\/\/www.stodeus.com\/?page_id=9524"},"modified":"2023-08-19T16:48:04","modified_gmt":"2023-08-19T14:48:04","slug":"team-pilots-stodeus","status":"publish","type":"page","link":"https:\/\/www.stodeus.com\/nl\/team-pilots-stodeus\/","title":{"rendered":"Team piloten Stodeus"},"content":{"rendered":"<div data-elementor-type=\"wp-page\" data-elementor-id=\"9524\" class=\"elementor elementor-9524\" data-elementor-post-type=\"page\">\n\t\t\t\t<div class=\"elementor-element elementor-element-dec84b1 e-con-full e-flex e-con e-parent\" data-id=\"dec84b1\" data-element_type=\"container\">\n\t\t\t\t<div class=\"elementor-element elementor-element-73e1d8e elementor-widget__width-inherit elementor--h-position-center elementor--v-position-middle elementor-widget elementor-widget-slides\" data-id=\"73e1d8e\" data-element_type=\"widget\" data-settings=\"{&quot;navigation&quot;:&quot;none&quot;,&quot;autoplay&quot;:&quot;yes&quot;,&quot;pause_on_hover&quot;:&quot;yes&quot;,&quot;pause_on_interaction&quot;:&quot;yes&quot;,&quot;autoplay_speed&quot;:5000,&quot;infinite&quot;:&quot;yes&quot;,&quot;transition&quot;:&quot;slide&quot;,&quot;transition_speed&quot;:500}\" data-widget_type=\"slides.default\">\n\t\t\t\t<div class=\"elementor-widget-container\">\n\t\t\t\t\t<div class=\"elementor-swiper\">\n\t\t\t<div class=\"elementor-slides-wrapper elementor-main-swiper swiper\" dir=\"ltr\" data-animation=\"\">\n\t\t\t\t<div class=\"swiper-wrapper elementor-slides\">\n\t\t\t\t\t\t\t\t\t\t<div class=\"elementor-repeater-item-22683fa swiper-slide\"><div class=\"swiper-slide-bg\" role=\"img\"><\/div><div class=\"elementor-background-overlay\"><\/div><div class=\"swiper-slide-inner\" ><div class=\"swiper-slide-contents\"><div class=\"elementor-slide-heading\">GAAN WE SAMEN VERDER.<\/div><div class=\"elementor-slide-description\">Wij hebben het geluk omringd te zijn door een gemeenschap van gepassioneerde bestuurders die een grote bijdrage leveren aan de verbetering van onze producten en ze steeds effici\u00ebnter maken.\n<br\/>\nOntwikkeld met de bijdrage van de grootste paragliders van Frankrijk, op legendarische free flight sites, is het de garantie voor kwaliteitsinstrumenten.<\/div><\/div><\/div><\/div>\t\t\t\t<\/div>\n\t\t\t\t\t\t\t<\/div>\n\t\t<\/div>\n\t\t\t\t<\/div>\n\t\t\t\t<\/div>\n\t\t\t\t<\/div>\n\t\t<div class=\"elementor-element elementor-element-d59ae6a e-flex e-con-boxed e-con e-parent\" data-id=\"d59ae6a\" data-element_type=\"container\">\n\t\t\t\t\t<div class=\"e-con-inner\">\n\t\t\t\t<div class=\"elementor-element elementor-element-fe77c70 elementor-widget elementor-widget-heading\" data-id=\"fe77c70\" data-element_type=\"widget\" data-widget_type=\"heading.default\">\n\t\t\t\t<div class=\"elementor-widget-container\">\n\t\t\t<h3 class=\"elementor-heading-title elementor-size-xl\">Team piloten Stodeus<\/h3>\t\t<\/div>\n\t\t\t\t<\/div>\n\t\t\t\t\t<\/div>\n\t\t\t\t<\/div>\n\t\t<div class=\"elementor-element elementor-element-a05a296 e-flex e-con-boxed e-con e-parent\" data-id=\"a05a296\" data-element_type=\"container\">\n\t\t\t\t\t<div class=\"e-con-inner\">\n\t\t<div class=\"elementor-element elementor-element-a0967d0 e-flex e-con-boxed e-con e-parent\" data-id=\"a0967d0\" data-element_type=\"container\">\n\t\t\t\t\t<div class=\"e-con-inner\">\n\t\t\t\t<div class=\"elementor-element elementor-element-8d3eece elementor-widget elementor-widget-image\" data-id=\"8d3eece\" data-element_type=\"widget\" data-widget_type=\"image.default\">\n\t\t\t\t<div class=\"elementor-widget-container\">\n\t\t\t\t\t\t\t\t\t\t\t\t\t<img fetchpriority=\"high\" decoding=\"async\" width=\"632\" height=\"900\" src=\"https:\/\/www.stodeus.com\/wp-content\/uploads\/2023\/08\/Remi_Blanchard_r.jpg\" class=\"attachment-large size-large wp-image-14119\" alt=\"\" srcset=\"https:\/\/www.stodeus.com\/wp-content\/uploads\/2023\/08\/Remi_Blanchard_r.jpg 632w, https:\/\/www.stodeus.com\/wp-content\/uploads\/2023\/08\/Remi_Blanchard_r-211x300.jpg 211w, https:\/\/www.stodeus.com\/wp-content\/uploads\/2023\/08\/Remi_Blanchard_r-8x12.jpg 8w\" sizes=\"(max-width: 632px) 100vw, 632px\" \/>\t\t\t\t\t\t\t\t\t\t\t\t\t<\/div>\n\t\t\t\t<\/div>\n\t\t\t\t<div class=\"elementor-element elementor-element-b68cca5 elementor-widget elementor-widget-heading\" data-id=\"b68cca5\" data-element_type=\"widget\" data-widget_type=\"heading.default\">\n\t\t\t\t<div class=\"elementor-widget-container\">\n\t\t\t<h2 class=\"elementor-heading-title elementor-size-default\">R\u00e9mi Blanchard<\/h2>\t\t<\/div>\n\t\t\t\t<\/div>\n\t\t\t\t<div class=\"elementor-element elementor-element-6d8346f elementor-widget-divider--view-line elementor-widget elementor-widget-divider\" data-id=\"6d8346f\" data-element_type=\"widget\" data-widget_type=\"divider.default\">\n\t\t\t\t<div class=\"elementor-widget-container\">\n\t\t\t\t\t<div class=\"elementor-divider\">\n\t\t\t<span class=\"elementor-divider-separator\">\n\t\t\t\t\t\t<\/span>\n\t\t<\/div>\n\t\t\t\t<\/div>\n\t\t\t\t<\/div>\n\t\t\t\t<div class=\"elementor-element elementor-element-eaa5253 elementor-widget elementor-widget-text-editor\" data-id=\"eaa5253\" data-element_type=\"widget\" data-widget_type=\"text-editor.default\">\n\t\t\t\t<div class=\"elementor-widget-container\">\n\t\t\t\t\t\t\t<p>R\u00e9mi is een fervent langlaufer. Hij deelt zijn passie ook graag met anderen door hen mee te nemen op tandemvluchten, en hij aarzelt niet om zijn materiaal mee naar kantoor te nemen zodat hij tijdens zijn lunchpauze kan vliegen.<\/p><p>- Zijn grootste vlucht: <strong>235 km driehoek met vertrek vanaf Col Vert, en vliegen over vier bergmassieven<\/strong> (Vercors, Chartreuse, Bauges, Belledonne) - <em>Franse Alpen, 2022.<\/em><\/p><p>- Zijn mooiste vlucht: de ongelooflijke <strong>vlucht over de Mont Blanc, maximale hoogte: 5596m<\/strong> - <em>2019<\/em><\/p>\t\t\t\t\t\t<\/div>\n\t\t\t\t<\/div>\n\t\t\t\t\t<\/div>\n\t\t\t\t<\/div>\n\t\t<div class=\"elementor-element elementor-element-441be1d e-flex e-con-boxed e-con e-parent\" data-id=\"441be1d\" data-element_type=\"container\">\n\t\t\t\t\t<div class=\"e-con-inner\">\n\t\t\t\t<div class=\"elementor-element elementor-element-fa753f4 elementor-widget elementor-widget-image\" data-id=\"fa753f4\" data-element_type=\"widget\" data-widget_type=\"image.default\">\n\t\t\t\t<div class=\"elementor-widget-container\">\n\t\t\t\t\t\t\t\t\t\t\t\t\t<img decoding=\"async\" width=\"632\" height=\"900\" src=\"https:\/\/www.stodeus.com\/wp-content\/uploads\/2023\/01\/Jacques_Frournier_Grand_Jack_r.jpg\" class=\"attachment-large size-large wp-image-9801\" alt=\"\" srcset=\"https:\/\/www.stodeus.com\/wp-content\/uploads\/2023\/01\/Jacques_Frournier_Grand_Jack_r.jpg 632w, https:\/\/www.stodeus.com\/wp-content\/uploads\/2023\/01\/Jacques_Frournier_Grand_Jack_r-211x300.jpg 211w, https:\/\/www.stodeus.com\/wp-content\/uploads\/2023\/01\/Jacques_Frournier_Grand_Jack_r-8x12.jpg 8w\" sizes=\"(max-width: 632px) 100vw, 632px\" \/>\t\t\t\t\t\t\t\t\t\t\t\t\t<\/div>\n\t\t\t\t<\/div>\n\t\t\t\t<div class=\"elementor-element elementor-element-762df53 elementor-widget elementor-widget-heading\" data-id=\"762df53\" data-element_type=\"widget\" data-widget_type=\"heading.default\">\n\t\t\t\t<div class=\"elementor-widget-container\">\n\t\t\t<h2 class=\"elementor-heading-title elementor-size-default\">Jacques Fournier<\/h2>\t\t<\/div>\n\t\t\t\t<\/div>\n\t\t\t\t<div class=\"elementor-element elementor-element-b3b7b5f elementor-widget-divider--view-line elementor-widget elementor-widget-divider\" data-id=\"b3b7b5f\" data-element_type=\"widget\" data-widget_type=\"divider.default\">\n\t\t\t\t<div class=\"elementor-widget-container\">\n\t\t\t\t\t<div class=\"elementor-divider\">\n\t\t\t<span class=\"elementor-divider-separator\">\n\t\t\t\t\t\t<\/span>\n\t\t<\/div>\n\t\t\t\t<\/div>\n\t\t\t\t<\/div>\n\t\t\t\t<div class=\"elementor-element elementor-element-8512008 elementor-widget elementor-widget-text-editor\" data-id=\"8512008\" data-element_type=\"widget\" data-widget_type=\"text-editor.default\">\n\t\t\t\t<div class=\"elementor-widget-container\">\n\t\t\t\t\t\t\t<p>Jacques, alias Grand Jack, is een internationale deelnemer en cross-country liefhebber.<\/p><p>- <strong>Eerste FAI driehoek wereldrecord van meer dan 300km<\/strong>Een prachtige vlucht die eindigt boven het Ecrins-massief - <em>Franse Alpen, 2014<\/em>.<\/p><p>- <strong>Alleen piloot om doel te bereiken<\/strong> tijdens de 6e ronde van de World Cup Super Final - <em>Turkije, 2010<\/em>.<\/p><p>- <strong>Een geweldige ontdekkingsvlucht bij de vulkanen na de Valle de Bravo superfinale<\/strong>. De 2e keer dat paragliders in deze regio vlogen - <em>Nayarit, Mexico, 2022<\/em>.<\/p>\t\t\t\t\t\t<\/div>\n\t\t\t\t<\/div>\n\t\t\t\t\t<\/div>\n\t\t\t\t<\/div>\n\t\t<div class=\"elementor-element elementor-element-f26bfeb e-flex e-con-boxed e-con e-parent\" data-id=\"f26bfeb\" data-element_type=\"container\">\n\t\t\t\t\t<div class=\"e-con-inner\">\n\t\t\t\t<div class=\"elementor-element elementor-element-52c1e49 elementor-widget elementor-widget-image\" data-id=\"52c1e49\" data-element_type=\"widget\" data-widget_type=\"image.default\">\n\t\t\t\t<div class=\"elementor-widget-container\">\n\t\t\t\t\t\t\t\t\t\t\t\t\t<img decoding=\"async\" width=\"632\" height=\"900\" src=\"https:\/\/www.stodeus.com\/wp-content\/uploads\/2022\/12\/Antoine_Boisselier_copyright_Jerome_Maupoint_r.jpg\" class=\"attachment-large size-large wp-image-9629\" alt=\"\" srcset=\"https:\/\/www.stodeus.com\/wp-content\/uploads\/2022\/12\/Antoine_Boisselier_copyright_Jerome_Maupoint_r.jpg 632w, https:\/\/www.stodeus.com\/wp-content\/uploads\/2022\/12\/Antoine_Boisselier_copyright_Jerome_Maupoint_r-211x300.jpg 211w, https:\/\/www.stodeus.com\/wp-content\/uploads\/2022\/12\/Antoine_Boisselier_copyright_Jerome_Maupoint_r-8x12.jpg 8w\" sizes=\"(max-width: 632px) 100vw, 632px\" \/>\t\t\t\t\t\t\t\t\t\t\t\t\t<\/div>\n\t\t\t\t<\/div>\n\t\t\t\t<div class=\"elementor-element elementor-element-a1a7f73 elementor-widget elementor-widget-heading\" data-id=\"a1a7f73\" data-element_type=\"widget\" data-widget_type=\"heading.default\">\n\t\t\t\t<div class=\"elementor-widget-container\">\n\t\t\t<h2 class=\"elementor-heading-title elementor-size-default\">Antoine Boisselier<\/h2>\t\t<\/div>\n\t\t\t\t<\/div>\n\t\t\t\t<div class=\"elementor-element elementor-element-0c5c67c elementor-widget-divider--view-line elementor-widget elementor-widget-divider\" data-id=\"0c5c67c\" data-element_type=\"widget\" data-widget_type=\"divider.default\">\n\t\t\t\t<div class=\"elementor-widget-container\">\n\t\t\t\t\t<div class=\"elementor-divider\">\n\t\t\t<span class=\"elementor-divider-separator\">\n\t\t\t\t\t\t<\/span>\n\t\t<\/div>\n\t\t\t\t<\/div>\n\t\t\t\t<\/div>\n\t\t\t\t<div class=\"elementor-element elementor-element-cc610ab elementor-widget elementor-widget-text-editor\" data-id=\"cc610ab\" data-element_type=\"widget\" data-widget_type=\"text-editor.default\">\n\t\t\t\t<div class=\"elementor-widget-container\">\n\t\t\t\t\t\t\t<p>Filmregisseur en combo liefhebber (cross country vliegen + speed rijden).<\/p><p>- <strong>De Alpen oversteken in een vlucht-bivak<\/strong> 750 km tussen Saint-Hilaire-du-Touvet en de Adriatische Zee, een menselijk avontuur in de wind -... <em>2018<\/em>. <a href=\"https:\/\/www.youtube.com\/watch?v=q4k1gYEXSuQ\" target=\"_blank\" rel=\"noopener\">Bekijk de film.<\/a><\/p><p>- <strong>De Pyrenee\u00ebn oversteken in een vlucht-bivak<\/strong> Van de Atlantische Oceaan tot de Middellandse Zee, elke ontmoeting zal zijn paragliding reis markeren. <em>2021<\/em>. <a href=\"https:\/\/vimeo.com\/ondemand\/jiraiatterrircchezvous3\/561025959\" target=\"_blank\" rel=\"noopener\">Bekijk de film.<\/a><\/p><p>- <strong>350km deltavliegen<\/strong> tussen de Col de Bleine (Alpes Maritimes) en Sion (Zwitserland) -... <em>2015<\/em>. <a href=\"https:\/\/vimeo.com\/ondemand\/librescommelair?embedded=true&amp;source=vimeo_logo&amp;owner=94881097\" target=\"_blank\" rel=\"noopener\">Bekijk de film.<\/a><\/p>\t\t\t\t\t\t<\/div>\n\t\t\t\t<\/div>\n\t\t\t\t\t<\/div>\n\t\t\t\t<\/div>\n\t\t\t\t\t<\/div>\n\t\t\t\t<\/div>\n\t\t<div class=\"elementor-element elementor-element-1cec3e1 e-flex e-con-boxed e-con e-parent\" data-id=\"1cec3e1\" data-element_type=\"container\">\n\t\t\t\t\t<div class=\"e-con-inner\">\n\t\t<div class=\"elementor-element elementor-element-5a4f805 e-flex e-con-boxed e-con e-parent\" data-id=\"5a4f805\" data-element_type=\"container\">\n\t\t\t\t\t<div class=\"e-con-inner\">\n\t\t\t\t<div class=\"elementor-element elementor-element-8e170e0 elementor-widget elementor-widget-image\" data-id=\"8e170e0\" data-element_type=\"widget\" data-widget_type=\"image.default\">\n\t\t\t\t<div class=\"elementor-widget-container\">\n\t\t\t\t\t\t\t\t\t\t\t\t\t<img loading=\"lazy\" decoding=\"async\" width=\"632\" height=\"900\" src=\"https:\/\/www.stodeus.com\/wp-content\/uploads\/2023\/03\/Kinga_Masztalerz_r.jpg\" class=\"attachment-large size-large wp-image-10729\" alt=\"\" srcset=\"https:\/\/www.stodeus.com\/wp-content\/uploads\/2023\/03\/Kinga_Masztalerz_r.jpg 632w, https:\/\/www.stodeus.com\/wp-content\/uploads\/2023\/03\/Kinga_Masztalerz_r-211x300.jpg 211w, https:\/\/www.stodeus.com\/wp-content\/uploads\/2023\/03\/Kinga_Masztalerz_r-8x12.jpg 8w\" sizes=\"(max-width: 632px) 100vw, 632px\" \/>\t\t\t\t\t\t\t\t\t\t\t\t\t<\/div>\n\t\t\t\t<\/div>\n\t\t\t\t<div class=\"elementor-element elementor-element-1eaeab0 elementor-widget elementor-widget-heading\" data-id=\"1eaeab0\" data-element_type=\"widget\" data-widget_type=\"heading.default\">\n\t\t\t\t<div class=\"elementor-widget-container\">\n\t\t\t<h2 class=\"elementor-heading-title elementor-size-default\">Kinga Masztalerz<\/h2>\t\t<\/div>\n\t\t\t\t<\/div>\n\t\t\t\t<div class=\"elementor-element elementor-element-9495527 elementor-widget-divider--view-line elementor-widget elementor-widget-divider\" data-id=\"9495527\" data-element_type=\"widget\" data-widget_type=\"divider.default\">\n\t\t\t\t<div class=\"elementor-widget-container\">\n\t\t\t\t\t<div class=\"elementor-divider\">\n\t\t\t<span class=\"elementor-divider-separator\">\n\t\t\t\t\t\t<\/span>\n\t\t<\/div>\n\t\t\t\t<\/div>\n\t\t\t\t<\/div>\n\t\t\t\t<div class=\"elementor-element elementor-element-f609571 elementor-widget elementor-widget-text-editor\" data-id=\"f609571\" data-element_type=\"widget\" data-widget_type=\"text-editor.default\">\n\t\t\t\t<div class=\"elementor-widget-container\">\n\t\t\t\t\t\t\t<p>Kinga, RedBull X-Alps atlete, Nieuw-Zeelands kampioen en houdster van twee afstandsrecords, is een piloot gespecialiseerd in solo bivakvluchten. Ze organiseert cursussen over de hele wereld.<\/p><p>Zijn favoriete vluchten:<\/p><p>- <strong>De Tour du Mont Blanc in zijn eerste cross-country seizoen<\/strong>. Het uitzicht op de Miage gletsjer opende zijn ogen voor de mogelijkheden van paragliding.<\/p><p>- Zijn eerste <strong>grote solo vlucht-bivak expeditie in Nieuw Zeeland<\/strong>. Een ongelooflijke ervaring in een onbekend land.<\/p><p>- <strong>Paragliding golfvlucht<\/strong>. Kruissnelheid: 75 km\/u. - <em>Massif des Bauges, 2022.<\/em><\/p><p>Website : <a href=\"http:\/\/www.kingamaszta.com\" target=\"_blank\" rel=\"noopener\">www.kingamaszta.com<\/a> <br \/>Instagram : <a href=\"https:\/\/www.instagram.com\/kingamaszta\/\" target=\"_blank\" rel=\"noopener\">@kingamaszta<\/a><br \/>Facebook : <a href=\"https:\/\/www.facebook.com\/KingaGoneWild\" target=\"_blank\" rel=\"noopener\">@KingaGoneWild<\/a><\/p>\t\t\t\t\t\t<\/div>\n\t\t\t\t<\/div>\n\t\t\t\t\t<\/div>\n\t\t\t\t<\/div>\n\t\t<div class=\"elementor-element elementor-element-2838f1d e-flex e-con-boxed e-con e-parent\" data-id=\"2838f1d\" data-element_type=\"container\">\n\t\t\t\t\t<div class=\"e-con-inner\">\n\t\t\t\t<div class=\"elementor-element elementor-element-3ffef33 elementor-widget elementor-widget-image\" data-id=\"3ffef33\" data-element_type=\"widget\" data-widget_type=\"image.default\">\n\t\t\t\t<div class=\"elementor-widget-container\">\n\t\t\t\t\t\t\t\t\t\t\t\t\t<img loading=\"lazy\" decoding=\"async\" width=\"632\" height=\"900\" src=\"https:\/\/www.stodeus.com\/wp-content\/uploads\/2023\/04\/Pal_Takats_r.jpg\" class=\"attachment-large size-large wp-image-11664\" alt=\"\" srcset=\"https:\/\/www.stodeus.com\/wp-content\/uploads\/2023\/04\/Pal_Takats_r.jpg 632w, https:\/\/www.stodeus.com\/wp-content\/uploads\/2023\/04\/Pal_Takats_r-211x300.jpg 211w, https:\/\/www.stodeus.com\/wp-content\/uploads\/2023\/04\/Pal_Takats_r-8x12.jpg 8w\" sizes=\"(max-width: 632px) 100vw, 632px\" \/>\t\t\t\t\t\t\t\t\t\t\t\t\t<\/div>\n\t\t\t\t<\/div>\n\t\t\t\t<div class=\"elementor-element elementor-element-7cd89ab elementor-widget elementor-widget-heading\" data-id=\"7cd89ab\" data-element_type=\"widget\" data-widget_type=\"heading.default\">\n\t\t\t\t<div class=\"elementor-widget-container\">\n\t\t\t<h2 class=\"elementor-heading-title elementor-size-default\">P\u00e1l Tak\u00e1ts<\/h2>\t\t<\/div>\n\t\t\t\t<\/div>\n\t\t\t\t<div class=\"elementor-element elementor-element-1306a17 elementor-widget-divider--view-line elementor-widget elementor-widget-divider\" data-id=\"1306a17\" data-element_type=\"widget\" data-widget_type=\"divider.default\">\n\t\t\t\t<div class=\"elementor-widget-container\">\n\t\t\t\t\t<div class=\"elementor-divider\">\n\t\t\t<span class=\"elementor-divider-separator\">\n\t\t\t\t\t\t<\/span>\n\t\t<\/div>\n\t\t\t\t<\/div>\n\t\t\t\t<\/div>\n\t\t\t\t<div class=\"elementor-element elementor-element-7b551bf elementor-widget elementor-widget-text-editor\" data-id=\"7b551bf\" data-element_type=\"widget\" data-widget_type=\"text-editor.default\">\n\t\t\t\t<div class=\"elementor-widget-container\">\n\t\t\t\t\t\t\t<p>Meervoudig wereldkampioen acrobatiek, uitvinder van nieuwe manoeuvres, RedBull X-Alps atleet, internationaal deelnemer, P\u00e1l Tak\u00e1ts is een manusje-van-alles.<\/p><p>Hij wordt beschouwd als een van de beste acrobatische piloten ter wereld. Hij is ook <strong>bekend om zijn toewijding aan de promotie van paragliding in al zijn vormen<\/strong>.<\/p><p>- <strong>3e plaats op de PWC<\/strong> - Argentini\u00eb, 2019.<\/p><p>- houder van de <strong>Wereldrecord voor de meeste opeenvolgende Infinity Tumbling-tandem<\/strong>met 140 omwentelingen<em> - Argentini\u00eb, 2014<\/em>.<\/p><p>- Hike&amp;fly van de Acatenango, en <strong>zwevend in de buurt van de actieve Volc\u00e1n de Fuego<\/strong>. Een ware ervaring van de kracht van Moeder Natuur.<em> - Guatemala, 2021.<\/em><\/p><p>Website : <a href=\"https:\/\/justacro.com\/\" target=\"_blank\" rel=\"noopener\">www.justacro.com<\/a><br \/>Instagram : <a href=\"https:\/\/www.instagram.com\/paltakats\/\" target=\"_blank\" rel=\"noopener\">@paltakats<\/a><\/p>\t\t\t\t\t\t<\/div>\n\t\t\t\t<\/div>\n\t\t\t\t\t<\/div>\n\t\t\t\t<\/div>\n\t\t<div class=\"elementor-element elementor-element-8aafb97 e-flex e-con-boxed e-con e-parent\" data-id=\"8aafb97\" data-element_type=\"container\">\n\t\t\t\t\t<div class=\"e-con-inner\">\n\t\t\t\t<div class=\"elementor-element elementor-element-b6129e9 elementor-widget elementor-widget-image\" data-id=\"b6129e9\" data-element_type=\"widget\" data-widget_type=\"image.default\">\n\t\t\t\t<div class=\"elementor-widget-container\">\n\t\t\t\t\t\t\t\t\t\t\t\t\t<img loading=\"lazy\" decoding=\"async\" width=\"632\" height=\"900\" src=\"https:\/\/www.stodeus.com\/wp-content\/uploads\/2023\/01\/Julien_Morat_r.jpg\" class=\"attachment-large size-large wp-image-9787\" alt=\"\" srcset=\"https:\/\/www.stodeus.com\/wp-content\/uploads\/2023\/01\/Julien_Morat_r.jpg 632w, https:\/\/www.stodeus.com\/wp-content\/uploads\/2023\/01\/Julien_Morat_r-211x300.jpg 211w, https:\/\/www.stodeus.com\/wp-content\/uploads\/2023\/01\/Julien_Morat_r-8x12.jpg 8w\" sizes=\"(max-width: 632px) 100vw, 632px\" \/>\t\t\t\t\t\t\t\t\t\t\t\t\t<\/div>\n\t\t\t\t<\/div>\n\t\t\t\t<div class=\"elementor-element elementor-element-b41e9b0 elementor-widget elementor-widget-heading\" data-id=\"b41e9b0\" data-element_type=\"widget\" data-widget_type=\"heading.default\">\n\t\t\t\t<div class=\"elementor-widget-container\">\n\t\t\t<h2 class=\"elementor-heading-title elementor-size-default\">Julien Morat<\/h2>\t\t<\/div>\n\t\t\t\t<\/div>\n\t\t\t\t<div class=\"elementor-element elementor-element-8b64c6e elementor-widget-divider--view-line elementor-widget elementor-widget-divider\" data-id=\"8b64c6e\" data-element_type=\"widget\" data-widget_type=\"divider.default\">\n\t\t\t\t<div class=\"elementor-widget-container\">\n\t\t\t\t\t<div class=\"elementor-divider\">\n\t\t\t<span class=\"elementor-divider-separator\">\n\t\t\t\t\t\t<\/span>\n\t\t<\/div>\n\t\t\t\t<\/div>\n\t\t\t\t<\/div>\n\t\t\t\t<div class=\"elementor-element elementor-element-7945863 elementor-widget elementor-widget-text-editor\" data-id=\"7945863\" data-element_type=\"widget\" data-widget_type=\"text-editor.default\">\n\t\t\t\t<div class=\"elementor-widget-container\">\n\t\t\t\t\t\t\t<p>Julian is <strong>fan van groepsvluchten, luchtlandingen met vrienden<\/strong> op de top van de Grand Colon (Belledonne), en fotografeert graag lama's verdwaald in de Chartreuse.<\/p>\t\t\t\t\t\t<\/div>\n\t\t\t\t<\/div>\n\t\t\t\t\t<\/div>\n\t\t\t\t<\/div>\n\t\t\t\t\t<\/div>\n\t\t\t\t<\/div>\n\t\t<div class=\"elementor-element elementor-element-36c5243 e-flex e-con-boxed e-con e-parent\" data-id=\"36c5243\" data-element_type=\"container\">\n\t\t\t\t\t<div class=\"e-con-inner\">\n\t\t<div class=\"elementor-element elementor-element-a248f09 e-flex e-con-boxed e-con e-parent\" data-id=\"a248f09\" data-element_type=\"container\">\n\t\t\t\t\t<div class=\"e-con-inner\">\n\t\t\t\t<div class=\"elementor-element elementor-element-aa7c704 elementor-widget elementor-widget-image\" data-id=\"aa7c704\" data-element_type=\"widget\" data-widget_type=\"image.default\">\n\t\t\t\t<div class=\"elementor-widget-container\">\n\t\t\t\t\t\t\t\t\t\t\t\t\t<img loading=\"lazy\" decoding=\"async\" width=\"752\" height=\"564\" src=\"https:\/\/www.stodeus.com\/wp-content\/uploads\/2023\/01\/Manfred_Reinart_2.jpg\" class=\"attachment-full size-full wp-image-10011\" alt=\"\" srcset=\"https:\/\/www.stodeus.com\/wp-content\/uploads\/2023\/01\/Manfred_Reinart_2.jpg 752w, https:\/\/www.stodeus.com\/wp-content\/uploads\/2023\/01\/Manfred_Reinart_2-300x225.jpg 300w, https:\/\/www.stodeus.com\/wp-content\/uploads\/2023\/01\/Manfred_Reinart_2-16x12.jpg 16w\" sizes=\"(max-width: 752px) 100vw, 752px\" \/>\t\t\t\t\t\t\t\t\t\t\t\t\t<\/div>\n\t\t\t\t<\/div>\n\t\t\t\t<div class=\"elementor-element elementor-element-c1dc103 elementor-widget elementor-widget-heading\" data-id=\"c1dc103\" data-element_type=\"widget\" data-widget_type=\"heading.default\">\n\t\t\t\t<div class=\"elementor-widget-container\">\n\t\t\t<h2 class=\"elementor-heading-title elementor-size-default\">Manfred Reinart<\/h2>\t\t<\/div>\n\t\t\t\t<\/div>\n\t\t\t\t<div class=\"elementor-element elementor-element-a3654bc elementor-widget-divider--view-line elementor-widget elementor-widget-divider\" data-id=\"a3654bc\" data-element_type=\"widget\" data-widget_type=\"divider.default\">\n\t\t\t\t<div class=\"elementor-widget-container\">\n\t\t\t\t\t<div class=\"elementor-divider\">\n\t\t\t<span class=\"elementor-divider-separator\">\n\t\t\t\t\t\t<\/span>\n\t\t<\/div>\n\t\t\t\t<\/div>\n\t\t\t\t<\/div>\n\t\t\t\t<div class=\"elementor-element elementor-element-10962b1 elementor-widget elementor-widget-text-editor\" data-id=\"10962b1\" data-element_type=\"widget\" data-widget_type=\"text-editor.default\">\n\t\t\t\t<div class=\"elementor-widget-container\">\n\t\t\t\t\t\t\t<p>Gepassioneerd door paragliding sinds 2014. <strong>Hij vliegt graag om de natuur vanuit de lucht te bekijken.<\/strong>Thuis in de Pfalz (Duitsland). En het is altijd met zijn paraglider dat hij reist om nieuwe landschappen te ontdekken, in Frankrijk (Auvergne, Elzas, Savoie), Itali\u00eb, Griekenland of zelfs Spanje.<\/p>\t\t\t\t\t\t<\/div>\n\t\t\t\t<\/div>\n\t\t\t\t\t<\/div>\n\t\t\t\t<\/div>\n\t\t<div class=\"elementor-element elementor-element-b99ea7d e-flex e-con-boxed e-con e-parent\" data-id=\"b99ea7d\" data-element_type=\"container\">\n\t\t\t\t\t<div class=\"e-con-inner\">\n\t\t\t\t\t<\/div>\n\t\t\t\t<\/div>\n\t\t<div class=\"elementor-element elementor-element-b66bde9 e-flex e-con-boxed e-con e-parent\" data-id=\"b66bde9\" data-element_type=\"container\">\n\t\t\t\t\t<div class=\"e-con-inner\">\n\t\t\t\t\t<\/div>\n\t\t\t\t<\/div>\n\t\t\t\t\t<\/div>\n\t\t\t\t<\/div>\n\t\t\t\t<\/div>","protected":false},"excerpt":{"rendered":"<p>ENSEMBLE, ON VA PLUS LOIN.Nous avons la chance d\u2019\u00eatre entour\u00e9s d\u2019une communaut\u00e9 de pilotes passionn\u00e9s qui contribue fortement \u00e0 l\u2019am\u00e9lioration de nos produits et \u00e0 les rendre toujours plus performants. Mis au point avec la contribution des plus grands parapentistes de France, sur des sites de vol libre l\u00e9gendaires, c\u2019est la garantie d\u2019instruments de qualit\u00e9. [&hellip;]<\/p>\n","protected":false},"author":2,"featured_media":0,"parent":0,"menu_order":0,"comment_status":"closed","ping_status":"closed","template":"","meta":{"footnotes":""},"class_list":["post-9524","page","type-page","status-publish","hentry"],"_links":{"self":[{"href":"https:\/\/www.stodeus.com\/nl\/wp-json\/wp\/v2\/pages\/9524","targetHints":{"allow":["GET"]}}],"collection":[{"href":"https:\/\/www.stodeus.com\/nl\/wp-json\/wp\/v2\/pages"}],"about":[{"href":"https:\/\/www.stodeus.com\/nl\/wp-json\/wp\/v2\/types\/page"}],"author":[{"embeddable":true,"href":"https:\/\/www.stodeus.com\/nl\/wp-json\/wp\/v2\/users\/2"}],"replies":[{"embeddable":true,"href":"https:\/\/www.stodeus.com\/nl\/wp-json\/wp\/v2\/comments?post=9524"}],"version-history":[{"count":157,"href":"https:\/\/www.stodeus.com\/nl\/wp-json\/wp\/v2\/pages\/9524\/revisions"}],"predecessor-version":[{"id":14123,"href":"https:\/\/www.stodeus.com\/nl\/wp-json\/wp\/v2\/pages\/9524\/revisions\/14123"}],"wp:attachment":[{"href":"https:\/\/www.stodeus.com\/nl\/wp-json\/wp\/v2\/media?parent=9524"}],"curies":[{"name":"wp","href":"https:\/\/api.w.org\/{rel}","templated":true}]}}