{"id":9724,"date":"2022-12-20T16:49:05","date_gmt":"2022-12-20T15:49:05","guid":{"rendered":"https:\/\/www.stodeus.com\/?page_id=9724"},"modified":"2023-04-20T16:52:11","modified_gmt":"2023-04-20T14:52:11","slug":"download","status":"publish","type":"page","link":"https:\/\/www.stodeus.com\/nl\/download\/","title":{"rendered":"Download"},"content":{"rendered":"<div data-elementor-type=\"wp-page\" data-elementor-id=\"9724\" class=\"elementor elementor-9724\" data-elementor-post-type=\"page\">\n\t\t\t\t\t\t<section class=\"elementor-section elementor-top-section elementor-element elementor-element-f1b742c elementor-section-boxed elementor-section-height-default elementor-section-height-default\" data-id=\"f1b742c\" data-element_type=\"section\">\n\t\t\t\t\t\t<div class=\"elementor-container elementor-column-gap-default\">\n\t\t\t\t\t<div class=\"elementor-column elementor-col-100 elementor-top-column elementor-element elementor-element-bd7c424\" data-id=\"bd7c424\" data-element_type=\"column\">\n\t\t\t<div class=\"elementor-widget-wrap elementor-element-populated\">\n\t\t\t\t\t\t<div class=\"elementor-element elementor-element-bd7ba3e elementor-widget elementor-widget-spacer\" data-id=\"bd7ba3e\" data-element_type=\"widget\" data-widget_type=\"spacer.default\">\n\t\t\t\t<div class=\"elementor-widget-container\">\n\t\t\t\t\t<div class=\"elementor-spacer\">\n\t\t\t<div class=\"elementor-spacer-inner\"><\/div>\n\t\t<\/div>\n\t\t\t\t<\/div>\n\t\t\t\t<\/div>\n\t\t\t\t\t<\/div>\n\t\t<\/div>\n\t\t\t\t\t<\/div>\n\t\t<\/section>\n\t\t<div class=\"elementor-element elementor-element-2bb9fea e-flex e-con-boxed e-con e-parent\" data-id=\"2bb9fea\" data-element_type=\"container\">\n\t\t\t\t\t<div class=\"e-con-inner\">\n\t\t<div class=\"elementor-element elementor-element-9cd0384 e-con-full e-flex e-con e-parent\" data-id=\"9cd0384\" data-element_type=\"container\">\n\t\t\t\t<div class=\"elementor-element elementor-element-05db5f9 elementor-widget elementor-widget-heading\" data-id=\"05db5f9\" data-element_type=\"widget\" data-widget_type=\"heading.default\">\n\t\t\t\t<div class=\"elementor-widget-container\">\n\t\t\t<h2 class=\"elementor-heading-title elementor-size-default\">Hier vindt u de laatste updates voor uw Stodeus instrument.<\/h2>\t\t<\/div>\n\t\t\t\t<\/div>\n\t\t\t\t<div class=\"elementor-element elementor-element-484b83a elementor-widget-divider--view-line elementor-widget elementor-widget-divider\" data-id=\"484b83a\" data-element_type=\"widget\" data-widget_type=\"divider.default\">\n\t\t\t\t<div class=\"elementor-widget-container\">\n\t\t\t\t\t<div class=\"elementor-divider\">\n\t\t\t<span class=\"elementor-divider-separator\">\n\t\t\t\t\t\t<\/span>\n\t\t<\/div>\n\t\t\t\t<\/div>\n\t\t\t\t<\/div>\n\t\t\t\t<\/div>\n\t\t\t\t\t<\/div>\n\t\t\t\t<\/div>\n\t\t<div class=\"elementor-element elementor-element-1412bed e-flex e-con-boxed e-con e-parent\" data-id=\"1412bed\" data-element_type=\"container\">\n\t\t\t\t\t<div class=\"e-con-inner\">\n\t\t<div class=\"elementor-element elementor-element-19fba17 e-con-full e-flex e-con e-parent\" data-id=\"19fba17\" data-element_type=\"container\">\n\t\t\t\t<div class=\"elementor-element elementor-element-68f8b06 elementor-widget elementor-widget-heading\" data-id=\"68f8b06\" data-element_type=\"widget\" data-widget_type=\"heading.default\">\n\t\t\t\t<div class=\"elementor-widget-container\">\n\t\t\t<h2 class=\"elementor-heading-title elementor-size-default\">UltraBip<\/h2>\t\t<\/div>\n\t\t\t\t<\/div>\n\t\t\t\t<div class=\"elementor-element elementor-element-6686efd elementor-widget elementor-widget-button\" data-id=\"6686efd\" data-element_type=\"widget\" data-widget_type=\"button.default\">\n\t\t\t\t<div class=\"elementor-widget-container\">\n\t\t\t\t\t\t\t<div class=\"elementor-button-wrapper\">\n\t\t\t\t\t<a class=\"elementor-button elementor-button-link elementor-size-sm\" href=\"\/nl\/ultrabip-firmware\/\">\n\t\t\t\t\t\t<span class=\"elementor-button-content-wrapper\">\n\t\t\t\t\t\t\t\t\t<span class=\"elementor-button-text\">Download UltraBip-firmware<\/span>\n\t\t\t\t\t<\/span>\n\t\t\t\t\t<\/a>\n\t\t\t\t<\/div>\n\t\t\t\t\t\t<\/div>\n\t\t\t\t<\/div>\n\t\t\t\t<\/div>\n\t\t<div class=\"elementor-element elementor-element-35386e2 e-flex e-con-boxed e-con e-parent\" data-id=\"35386e2\" data-element_type=\"container\">\n\t\t\t\t\t<div class=\"e-con-inner\">\n\t\t\t\t<div class=\"elementor-element elementor-element-9606b7a elementor-widget elementor-widget-heading\" data-id=\"9606b7a\" data-element_type=\"widget\" data-widget_type=\"heading.default\">\n\t\t\t\t<div class=\"elementor-widget-container\">\n\t\t\t<h2 class=\"elementor-heading-title elementor-size-default\">leGPSBip &amp; leGPSBip+<\/h2>\t\t<\/div>\n\t\t\t\t<\/div>\n\t\t\t\t<div class=\"elementor-element elementor-element-11d378d elementor-widget elementor-widget-button\" data-id=\"11d378d\" data-element_type=\"widget\" data-widget_type=\"button.default\">\n\t\t\t\t<div class=\"elementor-widget-container\">\n\t\t\t\t\t\t\t<div class=\"elementor-button-wrapper\">\n\t\t\t\t\t<a class=\"elementor-button elementor-button-link elementor-size-sm\" href=\"\/nl\/gpsbip-download\/\">\n\t\t\t\t\t\t<span class=\"elementor-button-content-wrapper\">\n\t\t\t\t\t\t\t\t\t<span class=\"elementor-button-text\">Firmware leGPSBip+ downloaden<\/span>\n\t\t\t\t\t<\/span>\n\t\t\t\t\t<\/a>\n\t\t\t\t<\/div>\n\t\t\t\t\t\t<\/div>\n\t\t\t\t<\/div>\n\t\t\t\t\t<\/div>\n\t\t\t\t<\/div>\n\t\t\t\t\t<\/div>\n\t\t\t\t<\/div>\n\t\t<div class=\"elementor-element elementor-element-5280d36 e-flex e-con-boxed e-con e-parent\" data-id=\"5280d36\" data-element_type=\"container\">\n\t\t\t\t\t<div class=\"e-con-inner\">\n\t\t<div class=\"elementor-element elementor-element-ac7b7e6 e-con-full e-flex e-con e-parent\" data-id=\"ac7b7e6\" data-element_type=\"container\">\n\t\t\t\t<div class=\"elementor-element elementor-element-394d36c elementor-widget elementor-widget-spacer\" data-id=\"394d36c\" data-element_type=\"widget\" data-widget_type=\"spacer.default\">\n\t\t\t\t<div class=\"elementor-widget-container\">\n\t\t\t\t\t<div class=\"elementor-spacer\">\n\t\t\t<div class=\"elementor-spacer-inner\"><\/div>\n\t\t<\/div>\n\t\t\t\t<\/div>\n\t\t\t\t<\/div>\n\t\t\t\t<div class=\"elementor-element elementor-element-fead8f9 elementor-widget elementor-widget-heading\" data-id=\"fead8f9\" data-element_type=\"widget\" data-widget_type=\"heading.default\">\n\t\t\t\t<div class=\"elementor-widget-container\">\n\t\t\t<h2 class=\"elementor-heading-title elementor-size-default\">Mis de volgende update niet<\/h2>\t\t<\/div>\n\t\t\t\t<\/div>\n\t\t\t\t<div class=\"elementor-element elementor-element-1742fed elementor-widget elementor-widget-text-editor\" data-id=\"1742fed\" data-element_type=\"widget\" data-widget_type=\"text-editor.default\">\n\t\t\t\t<div class=\"elementor-widget-container\">\n\t\t\t\t\t\t\t<p style=\"text-align: left;\"><a id=\"link-vert\" href=\"https:\/\/www.stodeus.com\/nl\/newsletter\/\">Voer gewoon uw e-mail hier in<\/a>en je wordt op de hoogte gehouden!<\/p>\t\t\t\t\t\t<\/div>\n\t\t\t\t<\/div>\n\t\t\t\t<\/div>\n\t\t\t\t\t<\/div>\n\t\t\t\t<\/div>\n\t\t<div class=\"elementor-element elementor-element-0d0bf93 e-flex e-con-boxed e-con e-parent\" data-id=\"0d0bf93\" data-element_type=\"container\">\n\t\t\t\t\t<div class=\"e-con-inner\">\n\t\t<div class=\"elementor-element elementor-element-5f29780 e-con-full e-flex e-con e-parent\" data-id=\"5f29780\" data-element_type=\"container\">\n\t\t\t\t<div class=\"elementor-element elementor-element-f45b625 elementor-widget-divider--view-line elementor-widget elementor-widget-divider\" data-id=\"f45b625\" data-element_type=\"widget\" data-widget_type=\"divider.default\">\n\t\t\t\t<div class=\"elementor-widget-container\">\n\t\t\t\t\t<div class=\"elementor-divider\">\n\t\t\t<span class=\"elementor-divider-separator\">\n\t\t\t\t\t\t<\/span>\n\t\t<\/div>\n\t\t\t\t<\/div>\n\t\t\t\t<\/div>\n\t\t\t\t<div class=\"elementor-element elementor-element-a1a9a15 elementor-widget elementor-widget-heading\" data-id=\"a1a9a15\" data-element_type=\"widget\" data-widget_type=\"heading.default\">\n\t\t\t\t<div class=\"elementor-widget-container\">\n\t\t\t<h2 class=\"elementor-heading-title elementor-size-default\">Heb je hulp nodig?<\/h2>\t\t<\/div>\n\t\t\t\t<\/div>\n\t\t\t\t<div class=\"elementor-element elementor-element-5ef9a4b elementor-widget elementor-widget-text-editor\" data-id=\"5ef9a4b\" data-element_type=\"widget\" data-widget_type=\"text-editor.default\">\n\t\t\t\t<div class=\"elementor-widget-container\">\n\t\t\t\t\t\t\t<p>Voor meer informatie over de GPSBip+ en GPSBip, zie de <a id=\"link-orange\" href=\"https:\/\/www.stodeus.com\/nl\/legpsbip-plus-manual\/\">FAQ leGPSBip+<\/a>.<\/p><p>Voor meer informatie over de UltraBip, zie de <a id=\"link-red\" href=\"https:\/\/www.stodeus.com\/nl\/ultrabip-user-manual\/#faq\">FAQ UltraBip<\/a>.<\/p>\t\t\t\t\t\t<\/div>\n\t\t\t\t<\/div>\n\t\t\t\t<\/div>\n\t\t\t\t\t<\/div>\n\t\t\t\t<\/div>\n\t\t\t\t<\/div>","protected":false},"excerpt":{"rendered":"<p>Ici, retrouvez les derni\u00e8res mises-\u00e0-jour pour votre instrument Stodeus. UltraBip T\u00e9l\u00e9chargement firmware UltraBip leGPSBip &#038; leGPSBip+ T\u00e9l\u00e9chargement firmware leGPSBip+ Ne manquez pas la prochaine mise-\u00e0-jour Renseignez simplement votre email ici, et vous serez tenu inform\u00e9 ! Besoin d&rsquo;aide ? Pour plus d\u2019information sur le GPSBip+ et le GPSBip, consultez la FAQ leGPSBip+. Pour plus d\u2019information [&hellip;]<\/p>\n","protected":false},"author":2,"featured_media":0,"parent":0,"menu_order":0,"comment_status":"closed","ping_status":"open","template":"","meta":{"footnotes":""},"class_list":["post-9724","page","type-page","status-publish","hentry"],"_links":{"self":[{"href":"https:\/\/www.stodeus.com\/nl\/wp-json\/wp\/v2\/pages\/9724","targetHints":{"allow":["GET"]}}],"collection":[{"href":"https:\/\/www.stodeus.com\/nl\/wp-json\/wp\/v2\/pages"}],"about":[{"href":"https:\/\/www.stodeus.com\/nl\/wp-json\/wp\/v2\/types\/page"}],"author":[{"embeddable":true,"href":"https:\/\/www.stodeus.com\/nl\/wp-json\/wp\/v2\/users\/2"}],"replies":[{"embeddable":true,"href":"https:\/\/www.stodeus.com\/nl\/wp-json\/wp\/v2\/comments?post=9724"}],"version-history":[{"count":27,"href":"https:\/\/www.stodeus.com\/nl\/wp-json\/wp\/v2\/pages\/9724\/revisions"}],"predecessor-version":[{"id":12353,"href":"https:\/\/www.stodeus.com\/nl\/wp-json\/wp\/v2\/pages\/9724\/revisions\/12353"}],"wp:attachment":[{"href":"https:\/\/www.stodeus.com\/nl\/wp-json\/wp\/v2\/media?parent=9724"}],"curies":[{"name":"wp","href":"https:\/\/api.w.org\/{rel}","templated":true}]}}