{"id":15608,"date":"2025-03-12T11:29:02","date_gmt":"2025-03-12T10:29:02","guid":{"rendered":"https:\/\/www.stodeus.com\/?page_id=15608"},"modified":"2025-03-12T16:36:52","modified_gmt":"2025-03-12T15:36:52","slug":"privacy-policy","status":"publish","type":"page","link":"https:\/\/www.stodeus.com\/pl\/privacy-policy\/","title":{"rendered":"Polityka prywatno\u015bci"},"content":{"rendered":"<div data-elementor-type=\"wp-page\" data-elementor-id=\"15608\" class=\"elementor elementor-15608\" data-elementor-post-type=\"page\">\n\t\t\t\t<div class=\"elementor-element elementor-element-8d4595b e-flex e-con-boxed e-con e-parent\" data-id=\"8d4595b\" data-element_type=\"container\">\n\t\t\t\t\t<div class=\"e-con-inner\">\n\t\t\t\t<div class=\"elementor-element elementor-element-0d4e6ec elementor-widget elementor-widget-heading\" data-id=\"0d4e6ec\" data-element_type=\"widget\" data-widget_type=\"heading.default\">\n\t\t\t\t<div class=\"elementor-widget-container\">\n\t\t\t<h2 class=\"elementor-heading-title elementor-size-default\">Polityka prywatno\u015bci<\/h2>\t\t<\/div>\n\t\t\t\t<\/div>\n\t\t\t\t<div class=\"elementor-element elementor-element-7e411cf elementor-widget elementor-widget-text-editor\" data-id=\"7e411cf\" data-element_type=\"widget\" data-widget_type=\"text-editor.default\">\n\t\t\t\t<div class=\"elementor-widget-container\">\n\t\t\t\t\t\t\t<p class=\"p1\">Ostatnia aktualizacja: 12 marca 2025 r.<\/p><p class=\"p3\"><b>1. Wprowadzenie<\/b><b><\/b><\/p><p class=\"p1\">Niniejsza Polityka prywatno\u015bci wyja\u015bnia, w jaki spos\u00f3b gromadzimy, wykorzystujemy, przechowujemy i chronimy Twoje dane osobowe podczas korzystania z newslettera lub aplikacji Stodeus (zwanych dalej \"Aplikacjami\"), zgodnie z wymogami og\u00f3lnego rozporz\u0105dzenia o ochronie danych (RODO) i francuskich przepis\u00f3w o ochronie danych. Niniejsza polityka zosta\u0142a sporz\u0105dzona w j\u0119zyku francuskim. W zakresie, w jakim wersja przet\u0142umaczona jest sprzeczna z wersj\u0105 francusk\u0105, pierwsze\u0144stwo ma wersja francuska. O ile nie okre\u015blono inaczej, niniejsza Polityka prywatno\u015bci nie ma zastosowania do produkt\u00f3w lub us\u0142ug stron trzecich ani do praktyk firm, kt\u00f3rych nie jeste\u015bmy w\u0142a\u015bcicielem ani kt\u00f3rych nie kontrolujemy, w tym innych firm, z kt\u00f3rymi u\u017cytkownik mo\u017ce wchodzi\u0107 w interakcje w Aplikacjach lub za ich po\u015brednictwem.<\/p><p class=\"p3\"><b>2. Osoba odpowiedzialna za przetwarzanie<\/b><b><\/b><\/p><p class=\"p1\">Administratorem danych jest <span class=\"s1\">Stodeus SAS<\/span>zlokalizowany w <span class=\"s1\">Veurey-Voroize (Francja)<\/span>. W przypadku jakichkolwiek pyta\u0144 dotycz\u0105cych niniejszej Polityki prywatno\u015bci lub korzystania z przys\u0142uguj\u0105cych praw, mo\u017cna skontaktowa\u0107 si\u0119 z nami pod adresem <a href=\"https:\/\/www.stodeus.com\/pl\/contact\/\">formularz kontaktowy<\/a>.<\/p><p class=\"p3\"><b>3. Zebrane dane<\/b><b><\/b><\/p><p class=\"p1\">Mo\u017cemy gromadzi\u0107 nast\u0119puj\u0105ce kategorie danych w zale\u017cno\u015bci od sposobu korzystania z Aplikacji przez u\u017cytkownika:<\/p><p class=\"p4\">-<span class=\"s1\"><b>Dane identyfikacyjne<\/b><\/span> nazwisko, imi\u0119, adres e-mail.<\/p><p class=\"p4\">-<span class=\"s1\"><b>Dane techniczne<\/b><\/span> identyfikatory urz\u0105dze\u0144, typ systemu operacyjnego (iOS, Android), wersje aplikacji, dzienniki po\u0142\u0105cze\u0144.<\/p><p class=\"p4\">-<span class=\"s1\"><b>Dane przegl\u0105dania<\/b><\/span> interakcje z aplikacjami, odwiedzane strony, u\u017cywane funkcje.<\/p><p class=\"p1\">Zapewniamy, \u017ce dane te s\u0105 gromadzone zgodnie z zasad\u0105 minimalizacji, tj. \u017ce gromadzone s\u0105 tylko te dane, kt\u00f3re s\u0105 absolutnie niezb\u0119dne do zamierzonego celu.<\/p><p class=\"p3\"><b>4. Wykorzystanie danych<\/b><b><\/b><\/p><p class=\"p1\">Dane u\u017cytkownika mog\u0105 by\u0107 wykorzystywane do :<\/p><p class=\"p4\">-Dostarczanie, dostosowywanie i ulepszanie funkcjonalno\u015bci Aplikacji.<\/p><p class=\"p4\">-Analiza odbiorc\u00f3w i zachowa\u0144 u\u017cytkownik\u00f3w w celu poprawy do\u015bwiadczenia i wydajno\u015bci Aplikacji.<\/p><p class=\"p4\">-Wysy\u0142anie informacji o aplikacjach, aktualizacjach i wa\u017cnych powiadomieniach.<\/p><p class=\"p4\">-Przestrzeganie naszych zobowi\u0105za\u0144 prawnych i regulacyjnych.<\/p><p class=\"p3\"><b>5. Podstawa prawna przetwarzania<\/b><b><\/b><\/p><p class=\"p1\">Zgodnie z dyrektyw\u0105 RGPD nasze operacje przetwarzania opieraj\u0105 si\u0119 na :<\/p><p class=\"p4\">-<span class=\"s1\"><b>Zgoda u\u017cytkownika<\/b><\/span> W przypadku niekt\u00f3rych funkcji, w szczeg\u00f3lno\u015bci wysy\u0142ania powiadomie\u0144, poprosimy o uprzedni\u0105 zgod\u0119 u\u017cytkownika.<\/p><p class=\"p4\">-<span class=\"s1\"><b>Zgodno\u015b\u0107 ze zobowi\u0105zaniami prawnymi<\/b><\/span> gdy istnieje obowi\u0105zek zatrzymania lub przekazania okre\u015blonych danych.<\/p><p class=\"p4\">-<span class=\"s1\"><b>Nasz uzasadniony interes<\/b><\/span> w celu ulepszania Aplikacji, zapobiegania oszustwom i zapewnienia bezpiecze\u0144stwa naszych us\u0142ug.<\/p><p class=\"p3\"><b>6. Udost\u0119pnianie danych<\/b><b><\/b><\/p><p class=\"p1\">Zobowi\u0105zujemy si\u0119 nie udost\u0119pnia\u0107, nie sprzedawa\u0107 ani nie wynajmowa\u0107 danych u\u017cytkownika stronom trzecim w celach marketingowych.<\/p><p class=\"p3\"><b>7. Zatrzymywanie danych<\/b><b><\/b><\/p><p class=\"p1\">Przechowujemy dane u\u017cytkownika tylko tak d\u0142ugo, jak jest to konieczne do realizacji celu, dla kt\u00f3rego zosta\u0142y zebrane, zgodnie z obowi\u0105zuj\u0105cymi wymogami prawnymi. Okresy przechowywania mog\u0105 si\u0119 r\u00f3\u017cni\u0107 w zale\u017cno\u015bci od charakteru danych oraz zobowi\u0105za\u0144 prawnych i regulacyjnych.<\/p><p class=\"p3\"><b>8. Prawa u\u017cytkownika<\/b><b><\/b><\/p><p class=\"p1\">Zgodnie z dyrektyw\u0105 RGPD i francuskimi przepisami o ochronie danych u\u017cytkownikowi przys\u0142uguj\u0105 nast\u0119puj\u0105ce prawa:<\/p><p class=\"p4\">-<span class=\"s1\"><b>Prawo dost\u0119pu<\/b><\/span> Uzyska\u0107 potwierdzenie, \u017ce dane u\u017cytkownika s\u0105 przetwarzane i otrzyma\u0107 jego kopi\u0119.<\/p><p class=\"p4\">-<span class=\"s1\"><b>Prawo do sprostowania<\/b><\/span> aktualizowania lub poprawiania niedok\u0142adnych informacji o u\u017cytkowniku.<\/p><p class=\"p4\">-<span class=\"s1\"><b>Prawo do usuni\u0119cia danych (prawo do bycia zapomnianym)<\/b><\/span> \u017b\u0105danie usuni\u0119cia danych osobowych u\u017cytkownika, chyba \u017ce jeste\u015bmy prawnie zobowi\u0105zani do ich zachowania.<\/p><p class=\"p4\">-<span class=\"s1\"><b>Prawo do ograniczenia przetwarzania<\/b><\/span> \u017b\u0105danie tymczasowego zawieszenia przetwarzania danych u\u017cytkownika.<\/p><p class=\"p4\">-<span class=\"s1\"><b>Prawo do sprzeciwu<\/b><\/span> Aby sprzeciwi\u0107 si\u0119 przetwarzaniu danych u\u017cytkownika z przyczyn zwi\u0105zanych z jego szczeg\u00f3ln\u0105 sytuacj\u0105.<\/p><p class=\"p4\">-<span class=\"s1\"><b>Prawo do przenoszenia<\/b><\/span> Otrzymywanie danych w ustrukturyzowanym i powszechnie u\u017cywanym formacie.<\/p><p class=\"p1\">Aby skorzysta\u0107 z tych praw, prosimy o kontakt pod adresem <a href=\"https:\/\/www.stodeus.com\/pl\/contact\/\">formularz kontaktowy<\/a> lub za po\u015brednictwem funkcji wsparcia aplikacji. Odpowiemy na Twoj\u0105 pro\u015bb\u0119 tak szybko, jak to mo\u017cliwe.<\/p><p class=\"p3\"><b>9. Bezpiecze\u0144stwo danych<\/b><b><\/b><\/p><p class=\"p1\">Wdra\u017camy odpowiednie techniczne i organizacyjne \u015brodki bezpiecze\u0144stwa w celu ochrony danych u\u017cytkownika przed utrat\u0105, kradzie\u017c\u0105, zmian\u0105 lub nieuprawnionym dost\u0119pem. Jednak \u017cadna transmisja danych przez Internet lub metoda elektronicznego przechowywania danych nie jest ca\u0142kowicie bezpieczna i nie mo\u017cemy zagwarantowa\u0107 ca\u0142kowitego bezpiecze\u0144stwa.<\/p><p class=\"p3\"><b>10. Us\u0142ugi stron trzecich i \u0142\u0105cza zewn\u0119trzne<\/b><b><\/b><\/p><p class=\"p1\">Aplikacje nie zawieraj\u0105 link\u00f3w do witryn lub us\u0142ug stron trzecich i nie korzystaj\u0105 z zewn\u0119trznych bibliotek ani zestaw\u00f3w SDK.<\/p><p class=\"p3\"><b>11. Polityka dotycz\u0105ca dzieci<\/b><b><\/b><\/p><p class=\"p1\">Aplikacje nie s\u0105 przeznaczone specjalnie dla dzieci i nie zawieraj\u0105 \u017cadnych nieodpowiednich tre\u015bci.<\/p><p class=\"p3\"><b>12. Zmiany w Polityce Prywatno\u015bci<\/b><b><\/b><\/p><p class=\"p1\">Zastrzegamy sobie prawo do zmiany niniejszej Polityki prywatno\u015bci w dowolnym momencie. Zmiany b\u0119d\u0105 publikowane w Aplikacjach lub na naszej stronie internetowej wraz z dat\u0105 aktualizacji. Zach\u0119camy do regularnego odwiedzania tej strony w celu zapoznania si\u0119 z najnowsz\u0105 wersj\u0105 naszej Polityki prywatno\u015bci.<\/p><p><b>13. Prawo do usuni\u0119cia danych<\/b><\/p><p>Zgodnie z og\u00f3lnym rozporz\u0105dzeniem o ochronie danych (RODO) i francuskimi przepisami o ochronie danych, u\u017cytkownik ma prawo za\u017c\u0105da\u0107 usuni\u0119cia swoich danych osobowych (w tym mi\u0119dzy innymi imienia i nazwiska, adresu e-mail, adresu pocztowego i numeru telefonu), kt\u00f3re gromadzimy za po\u015brednictwem naszego sklepu internetowego, us\u0142ugi wsparcia e-mail lub aplikacji BipLink.<\/p><p>Konto mo\u017cna usun\u0105\u0107, wysy\u0142aj\u0105c prost\u0105 pro\u015bb\u0119 na adres <a href=\"https:\/\/www.stodeus.com\/pl\/contact\/\">formularz kontaktowy<\/a>.<\/p><p>Je\u015bli u\u017cytkownik za\u017c\u0105da usuni\u0119cia danych, trwale i nieodwracalnie usuniemy jego dane osobowe z naszych system\u00f3w. Po usuni\u0119ciu dane u\u017cytkownika, w szczeg\u00f3lno\u015bci jego \u015blady, nie mog\u0105 zosta\u0107 przywr\u00f3cone. Po usuni\u0119ciu konta u\u017cytkownika usuni\u0119cie jego danych osobowych z naszych system\u00f3w mo\u017ce potrwa\u0107 do 90 dni. Ponadto mo\u017cemy zachowa\u0107 informacje w przypadku \u017c\u0105dania usuni\u0119cia w celu zachowania zgodno\u015bci z prawem i podj\u0119cia innych dzia\u0142a\u0144 wymaganych przez prawo.<\/p><p class=\"p3\"><b>14. Kontakt<\/b><\/p><p class=\"p1\">W przypadku jakichkolwiek pyta\u0144, skarg lub wniosk\u00f3w dotycz\u0105cych niniejszej Polityki prywatno\u015bci lub przetwarzania danych u\u017cytkownika, prosimy o kontakt pod adresem <a href=\"https:\/\/www.stodeus.com\/pl\/contact\/\">formularz kontaktowy<\/a>.<\/p>\t\t\t\t\t\t<\/div>\n\t\t\t\t<\/div>\n\t\t\t\t\t<\/div>\n\t\t\t\t<\/div>\n\t\t\t\t<\/div>","protected":false},"excerpt":{"rendered":"<p>Politique de Confidentialit\u00e9 Derni\u00e8re mise \u00e0 jour : 12 Mars 2025 1. Introduction Cette Politique de Confidentialit\u00e9 explique comment nous collectons, utilisons, stockons et prot\u00e9geons vos donn\u00e9es personnelles lorsque vous utilisez la newsletter ou les applications Stodeus (ci-apr\u00e8s d\u00e9nomm\u00e9e \u00ab les Applications \u00bb), conform\u00e9ment aux exigences du R\u00e8glement g\u00e9n\u00e9ral sur la protection des donn\u00e9es (RGPD), [&hellip;]<\/p>\n","protected":false},"author":2,"featured_media":0,"parent":0,"menu_order":0,"comment_status":"closed","ping_status":"closed","template":"","meta":{"footnotes":""},"class_list":["post-15608","page","type-page","status-publish","hentry"],"_links":{"self":[{"href":"https:\/\/www.stodeus.com\/pl\/wp-json\/wp\/v2\/pages\/15608","targetHints":{"allow":["GET"]}}],"collection":[{"href":"https:\/\/www.stodeus.com\/pl\/wp-json\/wp\/v2\/pages"}],"about":[{"href":"https:\/\/www.stodeus.com\/pl\/wp-json\/wp\/v2\/types\/page"}],"author":[{"embeddable":true,"href":"https:\/\/www.stodeus.com\/pl\/wp-json\/wp\/v2\/users\/2"}],"replies":[{"embeddable":true,"href":"https:\/\/www.stodeus.com\/pl\/wp-json\/wp\/v2\/comments?post=15608"}],"version-history":[{"count":40,"href":"https:\/\/www.stodeus.com\/pl\/wp-json\/wp\/v2\/pages\/15608\/revisions"}],"predecessor-version":[{"id":15657,"href":"https:\/\/www.stodeus.com\/pl\/wp-json\/wp\/v2\/pages\/15608\/revisions\/15657"}],"wp:attachment":[{"href":"https:\/\/www.stodeus.com\/pl\/wp-json\/wp\/v2\/media?parent=15608"}],"curies":[{"name":"wp","href":"https:\/\/api.w.org\/{rel}","templated":true}]}}