{"id":3448,"date":"2019-05-06T11:35:16","date_gmt":"2019-05-06T09:35:16","guid":{"rendered":"https:\/\/www.stodeus.com\/?page_id=3448"},"modified":"2026-04-01T15:33:05","modified_gmt":"2026-04-01T13:33:05","slug":"gps-logger-track-recording","status":"publish","type":"page","link":"https:\/\/www.stodeus.com\/pl\/gps-logger-track-recording\/","title":{"rendered":"Rejestrator GPS i zapis \u015bladu"},"content":{"rendered":"<div data-elementor-type=\"wp-page\" data-elementor-id=\"3448\" class=\"elementor elementor-3448\" data-elementor-post-type=\"page\">\n\t\t\t\t<div class=\"elementor-element elementor-element-b721645 e-flex e-con-boxed e-con e-parent\" data-id=\"b721645\" data-element_type=\"container\">\n\t\t\t\t\t<div class=\"e-con-inner\">\n\t\t<div class=\"elementor-element elementor-element-369d7ed e-con-full e-flex e-con e-child\" data-id=\"369d7ed\" data-element_type=\"container\">\n\t\t\t\t<div class=\"elementor-element elementor-element-cacb7bb elementor-widget elementor-widget-spacer\" data-id=\"cacb7bb\" data-element_type=\"widget\" data-widget_type=\"spacer.default\">\n\t\t\t\t<div class=\"elementor-widget-container\">\n\t\t\t\t\t<div class=\"elementor-spacer\">\n\t\t\t<div class=\"elementor-spacer-inner\"><\/div>\n\t\t<\/div>\n\t\t\t\t<\/div>\n\t\t\t\t<\/div>\n\t\t\t\t<\/div>\n\t\t\t\t\t<\/div>\n\t\t\t\t<\/div>\n\t\t<div class=\"elementor-element elementor-element-ff05011 e-flex e-con-boxed e-con e-parent\" data-id=\"ff05011\" data-element_type=\"container\">\n\t\t\t\t\t<div class=\"e-con-inner\">\n\t\t<div class=\"elementor-element elementor-element-51c3b89 e-con-full e-flex e-con e-child\" data-id=\"51c3b89\" data-element_type=\"container\">\n\t\t\t\t<div class=\"elementor-element elementor-element-6b86bd5 elementor-widget elementor-widget-heading\" data-id=\"6b86bd5\" data-element_type=\"widget\" data-widget_type=\"heading.default\">\n\t\t\t\t<div class=\"elementor-widget-container\">\n\t\t\t<h3 class=\"elementor-heading-title elementor-size-xl\">GPS i rejestrowanie trasy<\/h3>\t\t<\/div>\n\t\t\t\t<\/div>\n\t\t\t\t<\/div>\n\t\t\t\t\t<\/div>\n\t\t\t\t<\/div>\n\t\t<div class=\"elementor-element elementor-element-e8e1cdc e-flex e-con-boxed e-con e-parent\" data-id=\"e8e1cdc\" data-element_type=\"container\">\n\t\t\t\t\t<div class=\"e-con-inner\">\n\t\t\t\t<div class=\"elementor-element elementor-element-daa92d8 elementor-widget elementor-widget-spacer\" data-id=\"daa92d8\" data-element_type=\"widget\" data-widget_type=\"spacer.default\">\n\t\t\t\t<div class=\"elementor-widget-container\">\n\t\t\t\t\t<div class=\"elementor-spacer\">\n\t\t\t<div class=\"elementor-spacer-inner\"><\/div>\n\t\t<\/div>\n\t\t\t\t<\/div>\n\t\t\t\t<\/div>\n\t\t\t\t\t<\/div>\n\t\t\t\t<\/div>\n\t\t<div class=\"elementor-element elementor-element-b82249f e-flex e-con-boxed e-con e-parent\" data-id=\"b82249f\" data-element_type=\"container\">\n\t\t\t\t\t<div class=\"e-con-inner\">\n\t\t\t\t<div class=\"elementor-element elementor-element-f992571 elementor-widget elementor-widget-heading\" data-id=\"f992571\" data-element_type=\"widget\" data-widget_type=\"heading.default\">\n\t\t\t\t<div class=\"elementor-widget-container\">\n\t\t\t<h3 class=\"elementor-heading-title elementor-size-xl\">Nagrane utwory<\/h3>\t\t<\/div>\n\t\t\t\t<\/div>\n\t\t\t\t\t<\/div>\n\t\t\t\t<\/div>\n\t\t<div class=\"elementor-element elementor-element-1a8ed80 e-flex e-con-boxed e-con e-parent\" data-id=\"1a8ed80\" data-element_type=\"container\">\n\t\t\t\t\t<div class=\"e-con-inner\">\n\t\t<div class=\"elementor-element elementor-element-d7d6cee e-con-full e-flex e-con e-child\" data-id=\"d7d6cee\" data-element_type=\"container\">\n\t\t\t\t<div class=\"elementor-element elementor-element-b9d8edb elementor-widget elementor-widget-text-editor\" data-id=\"b9d8edb\" data-element_type=\"widget\" data-widget_type=\"text-editor.default\">\n\t\t\t\t<div class=\"elementor-widget-container\">\n\t\t\t\t\t\t\t<p>Pami\u0119\u0107 wewn\u0119trzna naszych urz\u0105dze\u0144 GPS wynosi od 4 do 8 GB. Mog\u0105 one rejestrowa\u0107 od 10 000 do 20 000 lot\u00f3w!<\/p><p><strong>Aby wy\u015bwietli\u0107 lot :<\/strong><\/p><p>Po wyl\u0105dowaniu natychmiast wizualizuj sw\u00f3j lot w <a href=\"https:\/\/www.stodeus.com\/pl\/stodeus-logbook\/\">LogBook Stodeus<\/a>.<br \/>Ka\u017cda \u015bcie\u017cka jest rejestrowana w IGC i KML, a nast\u0119pnie automatycznie synchronizowana przez Bluetooth za po\u015brednictwem aplikacji. <a href=\"https:\/\/www.stodeus.com\/pl\/stodeus-app-biplink\/\">BipLink<\/a>.<\/p><p>W LogBook mo\u017cna znale\u017a\u0107 swoje loty na mapie, analizowa\u0107 szczeg\u00f3\u0142owe statystyki i \u015bledzi\u0107 zu\u017cycie \u017cagli w czasie.<br \/>Dla ka\u017cdego lotu mo\u017cna sprawdzi\u0107 maksymaln\u0105 pr\u0119dko\u015b\u0107, maksymaln\u0105 wysoko\u015b\u0107, pokonany dystans i ca\u0142kowity czas.<\/p><p><strong>Plik IGC wygenerowany przez UltraBip posiada certyfikat FAI-CIVL<\/strong>, i jest \u0142atwo pobierany przez Bluetooth przy u\u017cyciu <a href=\"https:\/\/www.stodeus.com\/pl\/stodeus-logbook\/\">LogBook Stodeus<\/a>. Nast\u0119pnie mo\u017cesz zadeklarowa\u0107 to bezpo\u015brednio na stronie internetowej swojej federacji (FFVL, DHV, SHV, USHPA, BHPA itp.) lub na zawodach.<\/p>\t\t\t\t\t\t<\/div>\n\t\t\t\t<\/div>\n\t\t\t\t<div class=\"elementor-element elementor-element-fe534b8 elementor-widget elementor-widget-image\" data-id=\"fe534b8\" data-element_type=\"widget\" data-widget_type=\"image.default\">\n\t\t\t\t<div class=\"elementor-widget-container\">\n\t\t\t\t\t\t\t\t\t\t\t\t\t<img fetchpriority=\"high\" decoding=\"async\" width=\"300\" height=\"184\" src=\"https:\/\/www.stodeus.com\/wp-content\/uploads\/2018\/08\/fai-civl.jpg\" class=\"attachment-large size-large wp-image-3153\" alt=\"\" \/>\t\t\t\t\t\t\t\t\t\t\t\t\t<\/div>\n\t\t\t\t<\/div>\n\t\t\t\t<\/div>\n\t\t<div class=\"elementor-element elementor-element-6b0ce59 e-con-full e-flex e-con e-child\" data-id=\"6b0ce59\" data-element_type=\"container\">\n\t\t\t\t<div class=\"elementor-element elementor-element-0df09cf elementor-widget elementor-widget-html\" data-id=\"0df09cf\" data-element_type=\"widget\" data-widget_type=\"html.default\">\n\t\t\t\t<div class=\"elementor-widget-container\">\n\t\t\t<div class=\"iphone16-wrap\">\n  <div class=\"iphone16-frame\">\n    <div class=\"iphone16-screen\">\n      <div class=\"dynamic-island\"><\/div>\n      <video autoplay loop muted playsinline>\n        <source src=\"https:\/\/www.stodeus.com\/wp-content\/uploads\/2026\/03\/Stodeus_logbook_overview_animated.mp4\" type=\"video\/mp4\">\n      <\/video>\n    <\/div>\n  <\/div>\n<\/div>\n\n<style>\n.iphone16-wrap {\n  width: min(360px, 92vw);\n  margin: 0 auto;\n}\n\n.iphone16-frame {\n  display: inline-block;\n  position: relative;\n  padding: 10px;\n  border-radius: 60px;\n  background: linear-gradient(145deg, #1c1c1e, #2c2c2e);\n  box-shadow:\n    inset 0 0 0 1px rgba(255,255,255,0.05),\n    0 25px 60px rgba(0,0,0,0.35);\n}\n\n.iphone16-screen {\n  position: relative;\n  overflow: hidden;\n  border-radius: 52px;\n  background: #000;\n}\n\n.iphone16-screen video {\n  display: block;\n  width: 100%;\n  height: auto;\n  max-width: 100%;\n}\n\n.dynamic-island {\n  position: absolute;\n  top: 8px;\n  left: 50%;\n  transform: translateX(-50%);\n  width: 110px;\n  height: 26px;\n  background: #000;\n  border-radius: 20px;\n  z-index: 3;\n  box-shadow: 0 2px 4px rgba(0,0,0,0.35);\n  pointer-events: none;\n}\n\n@media (max-width: 767px) {\n  .iphone16-wrap {\n    width: min(300px, 92vw);\n  }\n\n  .iphone16-frame {\n    padding: 8px;\n    border-radius: 60px;\n  }\n\n  .iphone16-screen {\n    border-radius: 52px;\n  }\n\n  .dynamic-island {\n    width: 96px;\n    height: 24px;\n    top: 7px;\n  }\n}\n<\/style>\t\t<\/div>\n\t\t\t\t<\/div>\n\t\t\t\t<\/div>\n\t\t\t\t\t<\/div>\n\t\t\t\t<\/div>\n\t\t<div class=\"elementor-element elementor-element-6b49ba4 e-flex e-con-boxed e-con e-parent\" data-id=\"6b49ba4\" data-element_type=\"container\">\n\t\t\t\t\t<div class=\"e-con-inner\">\n\t\t<div class=\"elementor-element elementor-element-c090b73 e-con-full e-flex e-con e-child\" data-id=\"c090b73\" data-element_type=\"container\">\n\t\t\t\t<div class=\"elementor-element elementor-element-b193f04 elementor-widget elementor-widget-text-editor\" data-id=\"b193f04\" data-element_type=\"widget\" data-widget_type=\"text-editor.default\">\n\t\t\t\t<div class=\"elementor-widget-container\">\n\t\t\t\t\t\t\t<p><strong>Zarz\u0105dzanie wysoko\u015bci\u0105 :<\/strong><br \/>Poniewa\u017c nasze przyrz\u0105dy nie maj\u0105 ekranu, nie maj\u0105 mo\u017cliwo\u015bci wprowadzenia QNH (ci\u015bnienia na poziomie morza). Jest ono zatem kalibrowane automatycznie przez GNSS (Globalny System Nawigacji Satelitarnej lub GPS) przed startem.<br \/>Im d\u0142u\u017cszy czas mi\u0119dzy ustaleniem GNSS a startem (przy domy\u015blnie w\u0142\u0105czonym wykrywaniu startu), tym dok\u0142adniejsza kalibracja wysoko\u015bci.<\/p><p>W aplikacjach lotniczych wysoko\u015b\u0107 QFE mo\u017cna cz\u0119sto skalibrowa\u0107 przed startem (przy u\u017cyciu znanej wysoko\u015bci na ziemi).<\/p><p><strong>G\u0142osowy komunikat o wysoko\u015bci :<\/strong><br \/>Jest to wysoko\u015b\u0107 uzyskana z czujnika ci\u015bnienia i wst\u0119pnie skalibrowana automatycznie przez GNSS przed startem.<\/p>\t\t\t\t\t\t<\/div>\n\t\t\t\t<\/div>\n\t\t\t\t<\/div>\n\t\t\t\t\t<\/div>\n\t\t\t\t<\/div>\n\t\t<div class=\"elementor-element elementor-element-d6a13e4 e-flex e-con-boxed e-con e-parent\" data-id=\"d6a13e4\" data-element_type=\"container\">\n\t\t\t\t\t<div class=\"e-con-inner\">\n\t\t<div class=\"elementor-element elementor-element-4265348 e-con-full e-flex e-con e-child\" data-id=\"4265348\" data-element_type=\"container\">\n\t\t\t\t<div class=\"elementor-element elementor-element-ce1c077 elementor-widget elementor-widget-text-editor\" data-id=\"ce1c077\" data-element_type=\"widget\" data-widget_type=\"text-editor.default\">\n\t\t\t\t<div class=\"elementor-widget-container\">\n\t\t\t\t\t\t\t<p><strong>Wysoko\u015b\u0107 w pliku KML :<\/strong><br \/>Jest to wysoko\u015b\u0107 uzyskana z czujnika ci\u015bnienia i pocz\u0105tkowo skalibrowana automatycznie przez GNSS przed startem, a nast\u0119pnie aktualizowana w ka\u017cdym punkcie.<\/p><p><strong>Wysoko\u015b\u0107 w pliku IGC :<\/strong><br \/>Rejestrowane s\u0105 dwie wysoko\u015bci:<\/p><ul><li>Standardowa wysoko\u015b\u0107 barometryczna, bez wst\u0119pnej kalibracji<\/li><li>GNSS<\/li><\/ul><p><strong>Uwaga dotycz\u0105ca wy\u015bwietlania wysoko\u015bci:<\/strong><\/p><ul><li><strong>KML :<\/strong><br \/>Podczas lotu blisko ziemi mo\u017cliwe jest zderzenie ziemi z torem: jest to normalne zjawisko.<br \/>GoogleEarth u\u017cywa wysoko\u015bci terenu SRTM (Shuttle Radar Topography Mission) z dok\u0142adno\u015bci\u0105 \u00b1 20 m.<br \/>W rezultacie odwzorowanie terenu w Google Earth jest przybli\u017cone. Nachylenia s\u0105 nieprawid\u0142owe, a szczyty s\u0105 nieregularne.<\/li><\/ul><ul><li><strong>IGC :<\/strong><br \/>Poniewa\u017c dost\u0119pne s\u0105 2 wysoko\u015bci, w zale\u017cno\u015bci od przegl\u0105darki \u015bladu IGC, nale\u017cy zwr\u00f3ci\u0107 uwag\u0119 na to, kt\u00f3ra z nich jest wy\u015bwietlana (nieskalibrowane ci\u015bnienie atmosferyczne lub GNSS).<\/li><li><strong>W LogBook Stodeus :<\/strong><br \/>Widoczne s\u0105 2 wysoko\u015bci w pliku IGC (nieskalibrowane ci\u015bnienie atmosferyczne i GNSS).<\/li><\/ul>\t\t\t\t\t\t<\/div>\n\t\t\t\t<\/div>\n\t\t\t\t<\/div>\n\t\t<div class=\"elementor-element elementor-element-cbd702e e-con-full e-flex e-con e-child\" data-id=\"cbd702e\" data-element_type=\"container\">\n\t\t\t\t<div class=\"elementor-element elementor-element-7362f7d elementor-widget elementor-widget-image\" data-id=\"7362f7d\" data-element_type=\"widget\" data-widget_type=\"image.default\">\n\t\t\t\t<div class=\"elementor-widget-container\">\n\t\t\t\t\t\t\t\t\t\t\t\t\t<img decoding=\"async\" width=\"1920\" height=\"1032\" src=\"https:\/\/www.stodeus.com\/wp-content\/uploads\/2018\/08\/Capture-Google-Earth.png\" class=\"attachment-full size-full wp-image-2941\" alt=\"\" srcset=\"https:\/\/www.stodeus.com\/wp-content\/uploads\/2018\/08\/Capture-Google-Earth.png 1920w, https:\/\/www.stodeus.com\/wp-content\/uploads\/2018\/08\/Capture-Google-Earth-300x161.png 300w, https:\/\/www.stodeus.com\/wp-content\/uploads\/2018\/08\/Capture-Google-Earth-1024x550.png 1024w, https:\/\/www.stodeus.com\/wp-content\/uploads\/2018\/08\/Capture-Google-Earth-768x413.png 768w, https:\/\/www.stodeus.com\/wp-content\/uploads\/2018\/08\/Capture-Google-Earth-1536x826.png 1536w\" sizes=\"(max-width: 1920px) 100vw, 1920px\" \/>\t\t\t\t\t\t\t\t\t\t\t\t\t<\/div>\n\t\t\t\t<\/div>\n\t\t\t\t<\/div>\n\t\t\t\t\t<\/div>\n\t\t\t\t<\/div>\n\t\t<div class=\"elementor-element elementor-element-95b9df3 e-flex e-con-boxed e-con e-parent\" data-id=\"95b9df3\" data-element_type=\"container\">\n\t\t\t\t\t<div class=\"e-con-inner\">\n\t\t<div class=\"elementor-element elementor-element-4e7fe35 e-con-full e-flex e-con e-child\" data-id=\"4e7fe35\" data-element_type=\"container\">\n\t\t\t\t<div class=\"elementor-element elementor-element-1d741b5 elementor-widget elementor-widget-text-editor\" data-id=\"1d741b5\" data-element_type=\"widget\" data-widget_type=\"text-editor.default\">\n\t\t\t\t<div class=\"elementor-widget-container\">\n\t\t\t\t\t\t\t<p><strong>Rejestracja:<\/strong><br \/>Nasze urz\u0105dzenia GPS rejestruj\u0105 \u015blad wewn\u0119trznie, nawet po pod\u0142\u0105czeniu do smartfona. Oczywi\u015bcie pod warunkiem, \u017ce aktywowa\u0142e\u015b nagrywanie \u015bcie\u017cki w aplikacji<a href=\"https:\/\/www.stodeus.com\/pl\/stodeus-app-biplink\/\">aplikacja BipLink<\/a> (funkcja domy\u015blnie w\u0142\u0105czona).<\/p>\t\t\t\t\t\t<\/div>\n\t\t\t\t<\/div>\n\t\t\t\t<\/div>\n\t\t\t\t\t<\/div>\n\t\t\t\t<\/div>\n\t\t<div class=\"elementor-element elementor-element-fb879cf e-flex e-con-boxed e-con e-parent\" data-id=\"fb879cf\" data-element_type=\"container\">\n\t\t\t\t\t<div class=\"e-con-inner\">\n\t\t\t\t<div class=\"elementor-element elementor-element-e7c0c9e elementor-widget elementor-widget-text-editor\" data-id=\"e7c0c9e\" data-element_type=\"widget\" data-widget_type=\"text-editor.default\">\n\t\t\t\t<div class=\"elementor-widget-container\">\n\t\t\t\t\t\t\t<p style=\"text-align: center;\"><strong><a id=\"link-red\" href=\"https:\/\/www.stodeus.com\/pl\/pal-takats-red-bull-x-alps-2023-7-days-and-1223-km-recorded-by-the-ultrabip\/\">UltraBip zarejestrowa\u0142 1223 km pokonane w 7 dni przez P\u00e1la Tak\u00e1tsa podczas RedBull X-Alps!<\/a><\/strong><\/p>\t\t\t\t\t\t<\/div>\n\t\t\t\t<\/div>\n\t\t\t\t<div class=\"elementor-element elementor-element-e498b9b elementor-widget elementor-widget-image\" data-id=\"e498b9b\" data-element_type=\"widget\" data-widget_type=\"image.default\">\n\t\t\t\t<div class=\"elementor-widget-container\">\n\t\t\t\t\t\t\t\t\t\t<figure class=\"wp-caption\">\n\t\t\t\t\t\t\t\t\t\t\t<a href=\"https:\/\/www.stodeus.com\/wp-content\/uploads\/2023\/12\/screenshot_google_earth_red_bull_x_alps_2023_pal_takats_ultrabip_tracks_r.jpg\" data-elementor-open-lightbox=\"yes\" data-elementor-lightbox-title=\"screenshot_google_earth_red_bull_x_alps_2023_pal_takats_ultrabip_tracks_r\" data-e-action-hash=\"#elementor-action%3Aaction%3Dlightbox%26settings%3DeyJpZCI6MTQ1ODAsInVybCI6Imh0dHBzOlwvXC93d3cuc3RvZGV1cy5jb21cL3dwLWNvbnRlbnRcL3VwbG9hZHNcLzIwMjNcLzEyXC9zY3JlZW5zaG90X2dvb2dsZV9lYXJ0aF9yZWRfYnVsbF94X2FscHNfMjAyM19wYWxfdGFrYXRzX3VsdHJhYmlwX3RyYWNrc19yLmpwZyJ9\">\n\t\t\t\t\t\t\t<img decoding=\"async\" width=\"768\" height=\"393\" src=\"https:\/\/www.stodeus.com\/wp-content\/uploads\/2023\/12\/screenshot_google_earth_red_bull_x_alps_2023_pal_takats_ultrabip_tracks_r-768x393.jpg\" class=\"attachment-medium_large size-medium_large wp-image-14580\" alt=\"\" srcset=\"https:\/\/www.stodeus.com\/wp-content\/uploads\/2023\/12\/screenshot_google_earth_red_bull_x_alps_2023_pal_takats_ultrabip_tracks_r-768x393.jpg 768w, https:\/\/www.stodeus.com\/wp-content\/uploads\/2023\/12\/screenshot_google_earth_red_bull_x_alps_2023_pal_takats_ultrabip_tracks_r-300x154.jpg 300w, https:\/\/www.stodeus.com\/wp-content\/uploads\/2023\/12\/screenshot_google_earth_red_bull_x_alps_2023_pal_takats_ultrabip_tracks_r-1024x525.jpg 1024w, https:\/\/www.stodeus.com\/wp-content\/uploads\/2023\/12\/screenshot_google_earth_red_bull_x_alps_2023_pal_takats_ultrabip_tracks_r-1536x787.jpg 1536w, https:\/\/www.stodeus.com\/wp-content\/uploads\/2023\/12\/screenshot_google_earth_red_bull_x_alps_2023_pal_takats_ultrabip_tracks_r-18x9.jpg 18w, https:\/\/www.stodeus.com\/wp-content\/uploads\/2023\/12\/screenshot_google_earth_red_bull_x_alps_2023_pal_takats_ultrabip_tracks_r.jpg 1800w\" sizes=\"(max-width: 768px) 100vw, 768px\" \/>\t\t\t\t\t\t\t\t<\/a>\n\t\t\t\t\t\t\t\t\t\t\t<figcaption class=\"widget-image-caption wp-caption-text\">1223 km P\u00e1la Tak\u00e1tsa zarejestrowane przez UltraBip podczas Red Bull X-Alps<\/figcaption>\n\t\t\t\t\t\t\t\t\t\t<\/figure>\n\t\t\t\t\t\t\t<\/div>\n\t\t\t\t<\/div>\n\t\t\t\t<div class=\"elementor-element elementor-element-d5b7f6c elementor-widget elementor-widget-spacer\" data-id=\"d5b7f6c\" data-element_type=\"widget\" data-widget_type=\"spacer.default\">\n\t\t\t\t<div class=\"elementor-widget-container\">\n\t\t\t\t\t<div class=\"elementor-spacer\">\n\t\t\t<div class=\"elementor-spacer-inner\"><\/div>\n\t\t<\/div>\n\t\t\t\t<\/div>\n\t\t\t\t<\/div>\n\t\t\t\t\t<\/div>\n\t\t\t\t<\/div>\n\t\t\t\t<section class=\"elementor-section elementor-top-section elementor-element elementor-element-608f0ae elementor-hidden-mobile elementor-hidden-tablet elementor-section-boxed elementor-section-height-default elementor-section-height-default\" data-id=\"608f0ae\" data-element_type=\"section\" data-settings=\"{&quot;background_background&quot;:&quot;gradient&quot;}\">\n\t\t\t\t\t\t<div class=\"elementor-container elementor-column-gap-default\">\n\t\t\t\t\t<div class=\"elementor-column elementor-col-100 elementor-top-column elementor-element elementor-element-cd6b238\" data-id=\"cd6b238\" data-element_type=\"column\" data-settings=\"{&quot;background_background&quot;:&quot;classic&quot;}\">\n\t\t\t<div class=\"elementor-widget-wrap elementor-element-populated\">\n\t\t\t\t\t<div class=\"elementor-background-overlay\"><\/div>\n\t\t\t\t\t\t<div class=\"elementor-element elementor-element-dfefac5 elementor-widget elementor-widget-heading\" data-id=\"dfefac5\" data-element_type=\"widget\" data-widget_type=\"heading.default\">\n\t\t\t\t<div class=\"elementor-widget-container\">\n\t\t\t<h2 class=\"elementor-heading-title elementor-size-default\">Varios i GPS<\/h2>\t\t<\/div>\n\t\t\t\t<\/div>\n\t\t\t\t<div class=\"elementor-element elementor-element-4f2cc2f elementor-widget elementor-widget-text-editor\" data-id=\"4f2cc2f\" data-element_type=\"widget\" data-widget_type=\"text-editor.default\">\n\t\t\t\t<div class=\"elementor-widget-container\">\n\t\t\t\t\t\t\t<p>Instrumenty nawigacyjne dla paralotniarzy.<\/p>\t\t\t\t\t\t<\/div>\n\t\t\t\t<\/div>\n\t\t\t\t<div class=\"elementor-element elementor-element-213ddad elementor-align-left elementor-widget elementor-widget-button\" data-id=\"213ddad\" data-element_type=\"widget\" data-widget_type=\"button.default\">\n\t\t\t\t<div class=\"elementor-widget-container\">\n\t\t\t\t\t\t\t<div class=\"elementor-button-wrapper\">\n\t\t\t\t\t<a class=\"elementor-button elementor-button-link elementor-size-md\" href=\"https:\/\/www.stodeus.com\/pl\/stodeus_paragliding_instruments_range\/\">\n\t\t\t\t\t\t<span class=\"elementor-button-content-wrapper\">\n\t\t\t\t\t\t<span class=\"elementor-button-icon\">\n\t\t\t\t<i aria-hidden=\"true\" class=\"fas fa-caret-right\"><\/i>\t\t\t<\/span>\n\t\t\t\t\t\t\t\t\t<span class=\"elementor-button-text\">Odkryj gam\u0119 produkt\u00f3w Stodeus<\/span>\n\t\t\t\t\t<\/span>\n\t\t\t\t\t<\/a>\n\t\t\t\t<\/div>\n\t\t\t\t\t\t<\/div>\n\t\t\t\t<\/div>\n\t\t\t\t\t<\/div>\n\t\t<\/div>\n\t\t\t\t\t<\/div>\n\t\t<\/section>\n\t\t\t\t<section class=\"elementor-section elementor-top-section elementor-element elementor-element-f80ff2a elementor-hidden-desktop elementor-section-boxed elementor-section-height-default elementor-section-height-default\" data-id=\"f80ff2a\" data-element_type=\"section\" data-settings=\"{&quot;background_background&quot;:&quot;gradient&quot;}\">\n\t\t\t\t\t\t<div class=\"elementor-container elementor-column-gap-default\">\n\t\t\t\t\t<div class=\"elementor-column elementor-col-100 elementor-top-column elementor-element elementor-element-81ea791\" data-id=\"81ea791\" data-element_type=\"column\" data-settings=\"{&quot;background_background&quot;:&quot;classic&quot;}\">\n\t\t\t<div class=\"elementor-widget-wrap elementor-element-populated\">\n\t\t\t\t\t<div class=\"elementor-background-overlay\"><\/div>\n\t\t\t\t\t\t<div class=\"elementor-element elementor-element-315eeeb elementor-widget elementor-widget-heading\" data-id=\"315eeeb\" data-element_type=\"widget\" data-widget_type=\"heading.default\">\n\t\t\t\t<div class=\"elementor-widget-container\">\n\t\t\t<h2 class=\"elementor-heading-title elementor-size-default\"><span style=\"text-align: start;background-color: transparent\">Varios i GPS<\/span><\/h2>\t\t<\/div>\n\t\t\t\t<\/div>\n\t\t\t\t<div class=\"elementor-element elementor-element-23e6326 elementor-widget elementor-widget-text-editor\" data-id=\"23e6326\" data-element_type=\"widget\" data-widget_type=\"text-editor.default\">\n\t\t\t\t<div class=\"elementor-widget-container\">\n\t\t\t\t\t\t\t<p style=\"text-align: center;\"><span style=\"text-align: start;\">Instrumenty nawigacyjne dla paralotniarzy.<br \/><\/span><\/p>\t\t\t\t\t\t<\/div>\n\t\t\t\t<\/div>\n\t\t\t\t<div class=\"elementor-element elementor-element-8d7ed11 elementor-widget elementor-widget-image\" data-id=\"8d7ed11\" data-element_type=\"widget\" data-widget_type=\"image.default\">\n\t\t\t\t<div class=\"elementor-widget-container\">\n\t\t\t\t\t\t\t\t\t\t\t\t\t<img loading=\"lazy\" decoding=\"async\" width=\"923\" height=\"573\" src=\"https:\/\/www.stodeus.com\/wp-content\/uploads\/2023\/06\/gamme_stodeus.png\" class=\"attachment-full size-full wp-image-13899\" alt=\"\" srcset=\"https:\/\/www.stodeus.com\/wp-content\/uploads\/2023\/06\/gamme_stodeus.png 923w, https:\/\/www.stodeus.com\/wp-content\/uploads\/2023\/06\/gamme_stodeus-300x186.png 300w, https:\/\/www.stodeus.com\/wp-content\/uploads\/2023\/06\/gamme_stodeus-768x477.png 768w, https:\/\/www.stodeus.com\/wp-content\/uploads\/2023\/06\/gamme_stodeus-18x12.png 18w\" sizes=\"(max-width: 923px) 100vw, 923px\" \/>\t\t\t\t\t\t\t\t\t\t\t\t\t<\/div>\n\t\t\t\t<\/div>\n\t\t\t\t<div class=\"elementor-element elementor-element-0e68ad0 elementor-align-left elementor-mobile-align-center elementor-tablet-align-center elementor-widget elementor-widget-button\" data-id=\"0e68ad0\" data-element_type=\"widget\" data-widget_type=\"button.default\">\n\t\t\t\t<div class=\"elementor-widget-container\">\n\t\t\t\t\t\t\t<div class=\"elementor-button-wrapper\">\n\t\t\t\t\t<a class=\"elementor-button elementor-button-link elementor-size-md\" href=\"https:\/\/www.stodeus.com\/pl\/stodeus_paragliding_instruments_range\/\">\n\t\t\t\t\t\t<span class=\"elementor-button-content-wrapper\">\n\t\t\t\t\t\t<span class=\"elementor-button-icon\">\n\t\t\t\t<i aria-hidden=\"true\" class=\"fas fa-caret-right\"><\/i>\t\t\t<\/span>\n\t\t\t\t\t\t\t\t\t<span class=\"elementor-button-text\">Gama Stodeus<\/span>\n\t\t\t\t\t<\/span>\n\t\t\t\t\t<\/a>\n\t\t\t\t<\/div>\n\t\t\t\t\t\t<\/div>\n\t\t\t\t<\/div>\n\t\t\t\t\t<\/div>\n\t\t<\/div>\n\t\t\t\t\t<\/div>\n\t\t<\/section>\n\t\t\t\t<\/div>","protected":false},"excerpt":{"rendered":"<p>GPS et enregistrement de traces Traces enregistr\u00e9es La m\u00e9moire interne de nos instruments GPS est de 4 \u00e0 8GB. Ils peuvent enregistrer entre 10 000 et 20 000 vols ! Pour visualiser un vol : \u00c0 l\u2019atterrissage, visualisez instantan\u00e9ment votre vol dans le LogBook Stodeus.Chaque trace est enregistr\u00e9e en IGC et KML, puis synchronis\u00e9e automatiquement [&hellip;]<\/p>\n","protected":false},"author":2,"featured_media":0,"parent":0,"menu_order":0,"comment_status":"closed","ping_status":"closed","template":"","meta":{"footnotes":""},"class_list":["post-3448","page","type-page","status-publish","hentry"],"_links":{"self":[{"href":"https:\/\/www.stodeus.com\/pl\/wp-json\/wp\/v2\/pages\/3448","targetHints":{"allow":["GET"]}}],"collection":[{"href":"https:\/\/www.stodeus.com\/pl\/wp-json\/wp\/v2\/pages"}],"about":[{"href":"https:\/\/www.stodeus.com\/pl\/wp-json\/wp\/v2\/types\/page"}],"author":[{"embeddable":true,"href":"https:\/\/www.stodeus.com\/pl\/wp-json\/wp\/v2\/users\/2"}],"replies":[{"embeddable":true,"href":"https:\/\/www.stodeus.com\/pl\/wp-json\/wp\/v2\/comments?post=3448"}],"version-history":[{"count":65,"href":"https:\/\/www.stodeus.com\/pl\/wp-json\/wp\/v2\/pages\/3448\/revisions"}],"predecessor-version":[{"id":17125,"href":"https:\/\/www.stodeus.com\/pl\/wp-json\/wp\/v2\/pages\/3448\/revisions\/17125"}],"wp:attachment":[{"href":"https:\/\/www.stodeus.com\/pl\/wp-json\/wp\/v2\/media?parent=3448"}],"curies":[{"name":"wp","href":"https:\/\/api.w.org\/{rel}","templated":true}]}}