{"id":9449,"date":"2022-12-14T12:54:35","date_gmt":"2022-12-14T11:54:35","guid":{"rendered":"https:\/\/www.stodeus.com\/?page_id=9449"},"modified":"2023-05-10T16:43:32","modified_gmt":"2023-05-10T14:43:32","slug":"stodeus-team","status":"publish","type":"page","link":"https:\/\/www.stodeus.com\/pl\/stodeus-team\/","title":{"rendered":"Zesp\u00f3\u0142 Stodeus"},"content":{"rendered":"<div data-elementor-type=\"wp-page\" data-elementor-id=\"9449\" class=\"elementor elementor-9449\" data-elementor-post-type=\"page\">\n\t\t\t\t<div class=\"elementor-element elementor-element-dec84b1 e-con-full e-flex e-con e-parent\" data-id=\"dec84b1\" data-element_type=\"container\">\n\t\t\t\t<div class=\"elementor-element elementor-element-73e1d8e elementor-widget__width-inherit elementor--h-position-center elementor--v-position-middle elementor-widget elementor-widget-slides\" data-id=\"73e1d8e\" data-element_type=\"widget\" data-settings=\"{&quot;navigation&quot;:&quot;none&quot;,&quot;autoplay&quot;:&quot;yes&quot;,&quot;pause_on_hover&quot;:&quot;yes&quot;,&quot;pause_on_interaction&quot;:&quot;yes&quot;,&quot;autoplay_speed&quot;:5000,&quot;infinite&quot;:&quot;yes&quot;,&quot;transition&quot;:&quot;slide&quot;,&quot;transition_speed&quot;:500}\" data-widget_type=\"slides.default\">\n\t\t\t\t<div class=\"elementor-widget-container\">\n\t\t\t\t\t<div class=\"elementor-swiper\">\n\t\t\t<div class=\"elementor-slides-wrapper elementor-main-swiper swiper\" dir=\"ltr\" data-animation=\"\">\n\t\t\t\t<div class=\"swiper-wrapper elementor-slides\">\n\t\t\t\t\t\t\t\t\t\t<div class=\"elementor-repeater-item-22683fa swiper-slide\"><div class=\"swiper-slide-bg\" role=\"img\"><\/div><div class=\"elementor-background-overlay\"><\/div><div class=\"swiper-slide-inner\" ><div class=\"swiper-slide-contents\"><div class=\"elementor-slide-heading\">INNOWACJA. ZAWSZE.<\/div><div class=\"elementor-slide-description\">W firmie Stodeus jeste\u015bmy g\u0142odni innowacji. Wierzymy, \u017ce my\u015bl\u0105c inaczej i b\u0119d\u0105c odwa\u017cnym mo\u017cemy zaoferowa\u0107 naszym klientom najlepsze instrumenty. Dlatego ci\u0105gle pracujemy nad nowymi pomys\u0142ami i ulepszamy nasze varios. Jeste\u015bmy ma\u0142\u0105 firm\u0105 pasjonat\u00f3w, a innowacja jest naszym paliwem.<\/div><\/div><\/div><\/div>\t\t\t\t<\/div>\n\t\t\t\t\t\t\t<\/div>\n\t\t<\/div>\n\t\t\t\t<\/div>\n\t\t\t\t<\/div>\n\t\t\t\t<\/div>\n\t\t<div class=\"elementor-element elementor-element-e5bf392 e-flex e-con-boxed e-con e-parent\" data-id=\"e5bf392\" data-element_type=\"container\">\n\t\t\t\t\t<div class=\"e-con-inner\">\n\t\t\t\t<div class=\"elementor-element elementor-element-add6d7e elementor-widget elementor-widget-heading\" data-id=\"add6d7e\" data-element_type=\"widget\" data-widget_type=\"heading.default\">\n\t\t\t\t<div class=\"elementor-widget-container\">\n\t\t\t<h3 class=\"elementor-heading-title elementor-size-xl\">Stodeus, historia pasjonat\u00f3w<\/h3>\t\t<\/div>\n\t\t\t\t<\/div>\n\t\t\t\t\t<\/div>\n\t\t\t\t<\/div>\n\t\t<div class=\"elementor-element elementor-element-2845beb e-flex e-con-boxed e-con e-parent\" data-id=\"2845beb\" data-element_type=\"container\">\n\t\t\t\t\t<div class=\"e-con-inner\">\n\t\t<div class=\"elementor-element elementor-element-9a3fbd9 e-flex e-con-boxed e-con e-parent\" data-id=\"9a3fbd9\" data-element_type=\"container\">\n\t\t\t\t\t<div class=\"e-con-inner\">\n\t\t\t\t<div class=\"elementor-element elementor-element-737746b elementor-widget elementor-widget-image\" data-id=\"737746b\" data-element_type=\"widget\" data-widget_type=\"image.default\">\n\t\t\t\t<div class=\"elementor-widget-container\">\n\t\t\t\t\t\t\t\t\t\t<figure class=\"wp-caption\">\n\t\t\t\t\t\t\t\t\t\t<img fetchpriority=\"high\" decoding=\"async\" width=\"900\" height=\"506\" src=\"https:\/\/www.stodeus.com\/wp-content\/uploads\/2022\/12\/Tim_Clarisse_Mont_Blanc_r.png\" class=\"attachment-full size-full wp-image-9482\" alt=\"\" srcset=\"https:\/\/www.stodeus.com\/wp-content\/uploads\/2022\/12\/Tim_Clarisse_Mont_Blanc_r.png 900w, https:\/\/www.stodeus.com\/wp-content\/uploads\/2022\/12\/Tim_Clarisse_Mont_Blanc_r-300x169.png 300w, https:\/\/www.stodeus.com\/wp-content\/uploads\/2022\/12\/Tim_Clarisse_Mont_Blanc_r-768x432.png 768w, https:\/\/www.stodeus.com\/wp-content\/uploads\/2022\/12\/Tim_Clarisse_Mont_Blanc_r-18x10.png 18w\" sizes=\"(max-width: 900px) 100vw, 900px\" \/>\t\t\t\t\t\t\t\t\t\t\t<figcaption class=\"widget-image-caption wp-caption-text\">Timoth\u00e9e &amp; Clarisse podczas wy\u015bcigu cross country w Alpach, pomi\u0119dzy Les Richards a Les Saisies (150km). W oddali wida\u0107 Mont Blanc.<\/figcaption>\n\t\t\t\t\t\t\t\t\t\t<\/figure>\n\t\t\t\t\t\t\t<\/div>\n\t\t\t\t<\/div>\n\t\t\t\t\t<\/div>\n\t\t\t\t<\/div>\n\t\t<div class=\"elementor-element elementor-element-83a5fa8 e-flex e-con-boxed e-con e-parent\" data-id=\"83a5fa8\" data-element_type=\"container\">\n\t\t\t\t\t<div class=\"e-con-inner\">\n\t\t\t\t<div class=\"elementor-element elementor-element-2ba70d6 elementor-widget elementor-widget-text-editor\" data-id=\"2ba70d6\" data-element_type=\"widget\" data-widget_type=\"text-editor.default\">\n\t\t\t\t<div class=\"elementor-widget-container\">\n\t\t\t\t\t\t\t<p>Timoth\u00e9e stworzy\u0142 swoj\u0105 w\u0142asn\u0105 firm\u0119 ponad 10 lat temu, w 2011 roku, kiedy zacz\u0105\u0142 uprawia\u0107 paralotniarstwo. Stodeus, ma\u0142a firma z Grenoble, powsta\u0142a z jego potrzeby posiadania zasilanego energi\u0105 s\u0142oneczn\u0105, ultralekkiego, wszechstronnego i wydajnego vario.<br \/>Pierwszy BipBip, jak tylko zosta\u0142 wypuszczony, wywr\u00f3ci\u0142 rynek mini vario do g\u00f3ry nogami swoj\u0105 nieograniczon\u0105 autonomi\u0105 nawet bez \u015bwiat\u0142a s\u0142onecznego oraz kr\u00f3tkimi i reaktywnymi sygna\u0142ami d\u017awi\u0119kowymi.<\/p><p>Z Clarisse, Stodeus kontynuowa\u0142 rozw\u00f3j i znalaz\u0142 magiczn\u0105 formu\u0142\u0119 dla efektywnej komunikacji i udanych relacji z klientami.<\/p><p><a href=\"https:\/\/www.stodeus.com\/pl\/discover-the-enthusiasts-at-stodeus\/\">Razem nap\u0119dzamy si\u0119 lotami na odleg\u0142o\u015b\u0107, ale tylko w tandemie!<\/a> Maj\u0105c pod sob\u0105 kilka lot\u00f3w na dystansie od 100 do 150 km, ka\u017cdy lot to wspania\u0142a przygoda, tu\u017c za naszymi progami w Alpach.<\/p>\t\t\t\t\t\t<\/div>\n\t\t\t\t<\/div>\n\t\t\t\t\t<\/div>\n\t\t\t\t<\/div>\n\t\t\t\t\t<\/div>\n\t\t\t\t<\/div>\n\t\t<div class=\"elementor-element elementor-element-5ec6fa0 e-flex e-con-boxed e-con e-parent\" data-id=\"5ec6fa0\" data-element_type=\"container\">\n\t\t\t\t\t<div class=\"e-con-inner\">\n\t\t<div class=\"elementor-element elementor-element-e961820 e-flex e-con-boxed e-con e-parent\" data-id=\"e961820\" data-element_type=\"container\">\n\t\t\t\t\t<div class=\"e-con-inner\">\n\t\t\t\t<div class=\"elementor-element elementor-element-e2c8a43 elementor-widget elementor-widget-text-editor\" data-id=\"e2c8a43\" data-element_type=\"widget\" data-widget_type=\"text-editor.default\">\n\t\t\t\t<div class=\"elementor-widget-container\">\n\t\t\t\t\t\t\t<p>Nieustannie poszukujemy innowacji i nowych sposob\u00f3w na udoskonalenie naszych instrument\u00f3w. Dlatego nie robimy tego sami.<\/p><p>Stodeus mo\u017ce liczy\u0107 na \u015bcis\u0142\u0105 wsp\u00f3\u0142prac\u0119 z utalentowanymi francuskimi in\u017cynierami freelancerami, kt\u00f3rzy posiadaj\u0105 bardzo wysoki poziom wiedzy i wyj\u0105tkowe do\u015bwiadczenie techniczne.<\/p><p>Mamy r\u00f3wnie\u017c szcz\u0119\u015bcie by\u0107 otoczeni przez spo\u0142eczno\u015b\u0107 <a href=\"https:\/\/www.stodeus.com\/pl\/team-pilots-stodeus\/\">zapaleni kierowcy<\/a> co w znacznym stopniu przyczynia si\u0119 do udoskonalenia naszych produkt\u00f3w.<\/p><p>Dzi\u0119ki tej pracy zespo\u0142owej, przez lata do rodziny do\u0142\u0105czy\u0142y inne varios, a Stodeus szybko wyrobi\u0142 sobie mark\u0119 w bran\u017cy paralotniowej.<\/p>\t\t\t\t\t\t<\/div>\n\t\t\t\t<\/div>\n\t\t\t\t\t<\/div>\n\t\t\t\t<\/div>\n\t\t<div class=\"elementor-element elementor-element-412ac52 e-flex e-con-boxed e-con e-parent\" data-id=\"412ac52\" data-element_type=\"container\">\n\t\t\t\t\t<div class=\"e-con-inner\">\n\t\t\t\t<div class=\"elementor-element elementor-element-682d453 elementor-widget elementor-widget-image\" data-id=\"682d453\" data-element_type=\"widget\" data-widget_type=\"image.default\">\n\t\t\t\t<div class=\"elementor-widget-container\">\n\t\t\t\t\t\t\t\t\t\t<figure class=\"wp-caption\">\n\t\t\t\t\t\t\t\t\t\t<img decoding=\"async\" width=\"900\" height=\"600\" src=\"https:\/\/www.stodeus.com\/wp-content\/uploads\/2022\/12\/Tim_Clarisse_portrait-Copyright-Bruno-Lavit_r.jpg\" class=\"attachment-full size-full wp-image-9483\" alt=\"\" srcset=\"https:\/\/www.stodeus.com\/wp-content\/uploads\/2022\/12\/Tim_Clarisse_portrait-Copyright-Bruno-Lavit_r.jpg 900w, https:\/\/www.stodeus.com\/wp-content\/uploads\/2022\/12\/Tim_Clarisse_portrait-Copyright-Bruno-Lavit_r-300x200.jpg 300w, https:\/\/www.stodeus.com\/wp-content\/uploads\/2022\/12\/Tim_Clarisse_portrait-Copyright-Bruno-Lavit_r-768x512.jpg 768w, https:\/\/www.stodeus.com\/wp-content\/uploads\/2022\/12\/Tim_Clarisse_portrait-Copyright-Bruno-Lavit_r-18x12.jpg 18w\" sizes=\"(max-width: 900px) 100vw, 900px\" \/>\t\t\t\t\t\t\t\t\t\t\t<figcaption class=\"widget-image-caption wp-caption-text\">Timoth\u00e9e &amp; Clarisse prezentuj\u0105 GPSBip+, pierwszy instrument g\u0142osowy. Do dzi\u015b tylko Stodeus oferuje instrumenty dla paralotniarzy z asystentem g\u0142osowym.<\/figcaption>\n\t\t\t\t\t\t\t\t\t\t<\/figure>\n\t\t\t\t\t\t\t<\/div>\n\t\t\t\t<\/div>\n\t\t\t\t\t<\/div>\n\t\t\t\t<\/div>\n\t\t\t\t\t<\/div>\n\t\t\t\t<\/div>\n\t\t<div class=\"elementor-element elementor-element-0dd81ba e-flex e-con-boxed e-con e-parent\" data-id=\"0dd81ba\" data-element_type=\"container\">\n\t\t\t\t\t<div class=\"e-con-inner\">\n\t\t<div class=\"elementor-element elementor-element-817d2f6 e-flex e-con-boxed e-con e-parent\" data-id=\"817d2f6\" data-element_type=\"container\">\n\t\t\t\t\t<div class=\"e-con-inner\">\n\t\t\t\t<div class=\"elementor-element elementor-element-52e8663 elementor-blockquote--skin-quotation elementor-blockquote--align-right elementor-blockquote--button-color-official elementor-widget elementor-widget-blockquote\" data-id=\"52e8663\" data-element_type=\"widget\" data-widget_type=\"blockquote.default\">\n\t\t\t\t<div class=\"elementor-widget-container\">\n\t\t\t\t\t<blockquote class=\"elementor-blockquote\">\n\t\t\t<p class=\"elementor-blockquote__content\">\n\t\t\t\tOpracowa\u0142em model BipBip, poniewa\u017c chcia\u0142em mie\u0107 lekkie vario, kt\u00f3re mo\u017cna zostawi\u0107 na swoim sprz\u0119cie i nie musie\u0107 si\u0119 martwi\u0107 o poziom baterii. A \u017ce uprawia\u0142em loty cross country, acro, tandemowe, a nawet biwakowe, to potrzebowa\u0142em wysokowydajnego vario.\t\t\t<\/p>\n\t\t\t\t\t\t\t<div class=\"e-q-footer\">\n\t\t\t\t\t\t\t\t\t\t\t<cite class=\"elementor-blockquote__author\">Timoth\u00e9e MANAUD, za\u0142o\u017cyciel firmy Stodeus<\/cite>\n\t\t\t\t\t\t\t\t\t\t\t\t\t\t<\/div>\n\t\t\t\t\t<\/blockquote>\n\t\t\t\t<\/div>\n\t\t\t\t<\/div>\n\t\t\t\t\t<\/div>\n\t\t\t\t<\/div>\n\t\t\t\t\t<\/div>\n\t\t\t\t<\/div>\n\t\t<div class=\"elementor-element elementor-element-d59ae6a e-flex e-con-boxed e-con e-parent\" data-id=\"d59ae6a\" data-element_type=\"container\">\n\t\t\t\t\t<div class=\"e-con-inner\">\n\t\t\t\t<div class=\"elementor-element elementor-element-fe77c70 elementor-widget elementor-widget-heading\" data-id=\"fe77c70\" data-element_type=\"widget\" data-widget_type=\"heading.default\">\n\t\t\t\t<div class=\"elementor-widget-container\">\n\t\t\t<h3 class=\"elementor-heading-title elementor-size-xl\">Poznaj<\/h3>\t\t<\/div>\n\t\t\t\t<\/div>\n\t\t\t\t\t<\/div>\n\t\t\t\t<\/div>\n\t\t<div class=\"elementor-element elementor-element-8f1d83a e-flex e-con-boxed e-con e-parent\" data-id=\"8f1d83a\" data-element_type=\"container\">\n\t\t\t\t\t<div class=\"e-con-inner\">\n\t\t<div class=\"elementor-element elementor-element-3ffc242 e-flex e-con-boxed e-con e-parent\" data-id=\"3ffc242\" data-element_type=\"container\">\n\t\t\t\t\t<div class=\"e-con-inner\">\n\t\t\t\t<div class=\"elementor-element elementor-element-60443cd elementor-cta--skin-cover elementor-animated-content elementor-bg-transform elementor-bg-transform-zoom-in elementor-widget elementor-widget-call-to-action\" data-id=\"60443cd\" data-element_type=\"widget\" data-widget_type=\"call-to-action.default\">\n\t\t\t\t<div class=\"elementor-widget-container\">\n\t\t\t\t\t<a class=\"elementor-cta\" href=\"https:\/\/www.stodeus.com\/pl\/team-pilots-stodeus\/\">\n\t\t\t\t\t<div class=\"elementor-cta__bg-wrapper\">\n\t\t\t\t<div class=\"elementor-cta__bg elementor-bg\" style=\"background-image: url(https:\/\/www.stodeus.com\/wp-content\/uploads\/2020\/03\/legpsbip_thermique_2.jpg);\" role=\"img\" aria-label=\"stodeus_vario_thermal\"><\/div>\n\t\t\t\t<div class=\"elementor-cta__bg-overlay\"><\/div>\n\t\t\t<\/div>\n\t\t\t\t\t\t\t<div class=\"elementor-cta__content\">\n\t\t\t\t\n\t\t\t\t\t\t\t\t\t<h2 class=\"elementor-cta__title elementor-cta__content-item elementor-content-item elementor-animated-item--grow\">\n\t\t\t\t\t\tPILOTY ZESPO\u0141OWE\t\t\t\t\t<\/h2>\n\t\t\t\t\n\t\t\t\t\n\t\t\t\t\t\t\t\t\t<div class=\"elementor-cta__button-wrapper elementor-cta__content-item elementor-content-item elementor-animated-item--grow\">\n\t\t\t\t\t<span class=\"elementor-cta__button elementor-button elementor-size-\">\n\t\t\t\t\t\tOdkryj\t\t\t\t\t<\/span>\n\t\t\t\t\t<\/div>\n\t\t\t\t\t\t\t<\/div>\n\t\t\t\t\t\t<\/a>\n\t\t\t\t<\/div>\n\t\t\t\t<\/div>\n\t\t\t\t\t<\/div>\n\t\t\t\t<\/div>\n\t\t<div class=\"elementor-element elementor-element-8c47b65 e-flex e-con-boxed e-con e-parent\" data-id=\"8c47b65\" data-element_type=\"container\">\n\t\t\t\t\t<div class=\"e-con-inner\">\n\t\t\t\t<div class=\"elementor-element elementor-element-ad5bb7f elementor-cta--skin-cover elementor-animated-content elementor-bg-transform elementor-bg-transform-zoom-in elementor-widget elementor-widget-call-to-action\" data-id=\"ad5bb7f\" data-element_type=\"widget\" data-widget_type=\"call-to-action.default\">\n\t\t\t\t<div class=\"elementor-widget-container\">\n\t\t\t\t\t<a class=\"elementor-cta\" href=\"https:\/\/www.stodeus.com\/pl\/expertise\/\">\n\t\t\t\t\t<div class=\"elementor-cta__bg-wrapper\">\n\t\t\t\t<div class=\"elementor-cta__bg elementor-bg\" style=\"background-image: url(https:\/\/www.stodeus.com\/wp-content\/uploads\/2020\/11\/DSCF2125_c_r.jpg);\" role=\"img\" aria-label=\"bipbip_pro_ac\"><\/div>\n\t\t\t\t<div class=\"elementor-cta__bg-overlay\"><\/div>\n\t\t\t<\/div>\n\t\t\t\t\t\t\t<div class=\"elementor-cta__content\">\n\t\t\t\t\n\t\t\t\t\t\t\t\t\t<h2 class=\"elementor-cta__title elementor-cta__content-item elementor-content-item elementor-animated-item--grow\">\n\t\t\t\t\t\tKNOW-HOW &amp; EXPERTISE\t\t\t\t\t<\/h2>\n\t\t\t\t\n\t\t\t\t\n\t\t\t\t\t\t\t\t\t<div class=\"elementor-cta__button-wrapper elementor-cta__content-item elementor-content-item elementor-animated-item--grow\">\n\t\t\t\t\t<span class=\"elementor-cta__button elementor-button elementor-size-\">\n\t\t\t\t\t\tOdkryj\t\t\t\t\t<\/span>\n\t\t\t\t\t<\/div>\n\t\t\t\t\t\t\t<\/div>\n\t\t\t\t\t\t<\/a>\n\t\t\t\t<\/div>\n\t\t\t\t<\/div>\n\t\t\t\t\t<\/div>\n\t\t\t\t<\/div>\n\t\t<div class=\"elementor-element elementor-element-c3b67c5 e-flex e-con-boxed e-con e-parent\" data-id=\"c3b67c5\" data-element_type=\"container\">\n\t\t\t\t\t<div class=\"e-con-inner\">\n\t\t\t\t<div class=\"elementor-element elementor-element-7bc610e elementor-cta--skin-cover elementor-animated-content elementor-bg-transform elementor-bg-transform-zoom-in elementor-widget elementor-widget-call-to-action\" data-id=\"7bc610e\" data-element_type=\"widget\" data-widget_type=\"call-to-action.default\">\n\t\t\t\t<div class=\"elementor-widget-container\">\n\t\t\t\t\t<div class=\"elementor-cta\">\n\t\t\t\t\t<div class=\"elementor-cta__bg-wrapper\">\n\t\t\t\t<div class=\"elementor-cta__bg elementor-bg\" style=\"background-image: url(https:\/\/www.stodeus.com\/wp-content\/uploads\/2020\/11\/grenoble-1024x561-1.jpg);\" role=\"img\" aria-label=\"made_in_grenoble\"><\/div>\n\t\t\t\t<div class=\"elementor-cta__bg-overlay\"><\/div>\n\t\t\t<\/div>\n\t\t\t\t\t\t\t<div class=\"elementor-cta__content\">\n\t\t\t\t\n\t\t\t\t\t\t\t\t\t<h2 class=\"elementor-cta__title elementor-cta__content-item elementor-content-item elementor-animated-item--grow\">\n\t\t\t\t\t\tNASZE ZOBOWI\u0104ZANIA\t\t\t\t\t<\/h2>\n\t\t\t\t\n\t\t\t\t\t\t\t\t\t<div class=\"elementor-cta__description elementor-cta__content-item elementor-content-item elementor-animated-item--grow\">\n\t\t\t\t\t\t(strona w budowie)\t\t\t\t\t<\/div>\n\t\t\t\t\n\t\t\t\t\t\t\t\t\t<div class=\"elementor-cta__button-wrapper elementor-cta__content-item elementor-content-item elementor-animated-item--grow\">\n\t\t\t\t\t<a class=\"elementor-cta__button elementor-button elementor-size-\">\n\t\t\t\t\t\tOdkryj\t\t\t\t\t<\/a>\n\t\t\t\t\t<\/div>\n\t\t\t\t\t\t\t<\/div>\n\t\t\t\t\t\t<\/div>\n\t\t\t\t<\/div>\n\t\t\t\t<\/div>\n\t\t\t\t\t<\/div>\n\t\t\t\t<\/div>\n\t\t\t\t\t<\/div>\n\t\t\t\t<\/div>\n\t\t\t\t<\/div>","protected":false},"excerpt":{"rendered":"<p>INNOVER. TOUJOURS.Chez Stodeus, nous avons soif d&rsquo;innovation. Nous croyons que c&rsquo;est en pensant diff\u00e9remment et en \u00e9tant audacieux que nous pouvons proposer les meilleurs instruments \u00e0 nos clients. C&rsquo;est pourquoi nous travaillons sans rel\u00e2che sur de nouvelles id\u00e9es et sur l&rsquo;am\u00e9lioration de nos varios. Nous sommes une petite entreprise de passionn\u00e9s, et l&rsquo;innovation est notre [&hellip;]<\/p>\n","protected":false},"author":2,"featured_media":0,"parent":0,"menu_order":0,"comment_status":"closed","ping_status":"closed","template":"","meta":{"footnotes":""},"class_list":["post-9449","page","type-page","status-publish","hentry"],"_links":{"self":[{"href":"https:\/\/www.stodeus.com\/pl\/wp-json\/wp\/v2\/pages\/9449","targetHints":{"allow":["GET"]}}],"collection":[{"href":"https:\/\/www.stodeus.com\/pl\/wp-json\/wp\/v2\/pages"}],"about":[{"href":"https:\/\/www.stodeus.com\/pl\/wp-json\/wp\/v2\/types\/page"}],"author":[{"embeddable":true,"href":"https:\/\/www.stodeus.com\/pl\/wp-json\/wp\/v2\/users\/2"}],"replies":[{"embeddable":true,"href":"https:\/\/www.stodeus.com\/pl\/wp-json\/wp\/v2\/comments?post=9449"}],"version-history":[{"count":142,"href":"https:\/\/www.stodeus.com\/pl\/wp-json\/wp\/v2\/pages\/9449\/revisions"}],"predecessor-version":[{"id":12791,"href":"https:\/\/www.stodeus.com\/pl\/wp-json\/wp\/v2\/pages\/9449\/revisions\/12791"}],"wp:attachment":[{"href":"https:\/\/www.stodeus.com\/pl\/wp-json\/wp\/v2\/media?parent=9449"}],"curies":[{"name":"wp","href":"https:\/\/api.w.org\/{rel}","templated":true}]}}