{"id":1189,"date":"2016-01-06T14:17:34","date_gmt":"2016-01-06T13:17:34","guid":{"rendered":"http:\/\/www.stodeus.com\/?page_id=1189"},"modified":"2023-04-20T17:03:16","modified_gmt":"2023-04-20T15:03:16","slug":"gpsbip-connectivity","status":"publish","type":"page","link":"https:\/\/www.stodeus.com\/ru\/gpsbip-connectivity\/","title":{"rendered":"\u0412\u043e\u0437\u043c\u043e\u0436\u043d\u043e\u0441\u0442\u044c \u043f\u043e\u0434\u043a\u043b\u044e\u0447\u0435\u043d\u0438\u044f \u043f\u043b\u0430\u043d\u0448\u0435\u0442\u0430"},"content":{"rendered":"<div data-elementor-type=\"wp-page\" data-elementor-id=\"1189\" class=\"elementor elementor-1189\" data-elementor-post-type=\"page\">\n\t\t\t\t\t\t<section class=\"elementor-section elementor-top-section elementor-element elementor-element-b6ca6af elementor-section-boxed elementor-section-height-default elementor-section-height-default\" data-id=\"b6ca6af\" data-element_type=\"section\">\n\t\t\t\t\t\t<div class=\"elementor-container elementor-column-gap-default\">\n\t\t\t\t\t<div class=\"elementor-column elementor-col-100 elementor-top-column elementor-element elementor-element-2595133\" data-id=\"2595133\" data-element_type=\"column\">\n\t\t\t<div class=\"elementor-widget-wrap elementor-element-populated\">\n\t\t\t\t\t\t<div class=\"elementor-element elementor-element-606a15e elementor-widget elementor-widget-spacer\" data-id=\"606a15e\" data-element_type=\"widget\" data-widget_type=\"spacer.default\">\n\t\t\t\t<div class=\"elementor-widget-container\">\n\t\t\t\t\t<div class=\"elementor-spacer\">\n\t\t\t<div class=\"elementor-spacer-inner\"><\/div>\n\t\t<\/div>\n\t\t\t\t<\/div>\n\t\t\t\t<\/div>\n\t\t\t\t\t<\/div>\n\t\t<\/div>\n\t\t\t\t\t<\/div>\n\t\t<\/section>\n\t\t\t\t<section class=\"elementor-section elementor-top-section elementor-element elementor-element-214a428 elementor-section-boxed elementor-section-height-default elementor-section-height-default\" data-id=\"214a428\" data-element_type=\"section\">\n\t\t\t\t\t\t<div class=\"elementor-container elementor-column-gap-default\">\n\t\t\t\t\t<div class=\"elementor-column elementor-col-100 elementor-top-column elementor-element elementor-element-e2b7cb5\" data-id=\"e2b7cb5\" data-element_type=\"column\">\n\t\t\t<div class=\"elementor-widget-wrap elementor-element-populated\">\n\t\t\t\t\t\t<div class=\"elementor-element elementor-element-15fa31a elementor-widget elementor-widget-heading\" data-id=\"15fa31a\" data-element_type=\"widget\" data-widget_type=\"heading.default\">\n\t\t\t\t<div class=\"elementor-widget-container\">\n\t\t\t<h2 class=\"elementor-heading-title elementor-size-default\">\u0414\u043e\u0431\u0430\u0432\u044c\u0442\u0435 \u0434\u0438\u0441\u043f\u043b\u0435\u0439 \u043a \u0432\u0430\u0448\u0435\u043c\u0443 GPSBip+ \u0438 \u043d\u0430\u0431\u0435\u0440\u0438\u0442\u0435 \u0441\u0432\u043e\u0439 \u0431\u043e\u0440\u0442\u043e\u0432\u043e\u0439 \u043a\u043e\u043c\u043f\u044c\u044e\u0442\u0435\u0440<\/h2>\t\t<\/div>\n\t\t\t\t<\/div>\n\t\t\t\t<div class=\"elementor-element elementor-element-5f214c4 elementor-widget elementor-widget-text-editor\" data-id=\"5f214c4\" data-element_type=\"widget\" data-widget_type=\"text-editor.default\">\n\t\t\t\t<div class=\"elementor-widget-container\">\n\t\t\t\t\t\t\t<p style=\"text-align: center;\">\u041f\u043e\u0434\u043a\u043b\u044e\u0447\u0438\u0442\u0435 GPSBip+ \u043a \u0441\u043c\u0430\u0440\u0442\u0444\u043e\u043d\u0443 \u0438\u043b\u0438 \u043f\u043b\u0430\u043d\u0448\u0435\u0442\u0443: \u0434\u0430\u043d\u043d\u044b\u0435 GPS, \u0431\u0430\u0440\u043e-, \u0430\u043a\u0441\u0435\u043b\u0435\u0440\u043e- \u0438 \u0433\u0438\u0440\u043e\u0441\u043a\u043e\u043f\u0430 \u0441 GPSBip+ \u043f\u0440\u0438\u043d\u0438\u043c\u0430\u044e\u0442\u0441\u044f, \u043f\u0440\u0435\u0434\u043e\u0441\u0442\u0430\u0432\u043b\u044f\u044f \u0432\u0430\u043c \u043c\u0430\u043a\u0441\u0438\u043c\u0443\u043c \u0438\u043d\u0444\u043e\u0440\u043c\u0430\u0446\u0438\u0438 \u0432 \u043f\u043e\u043b\u0435\u0442\u0435.<\/p>\t\t\t\t\t\t<\/div>\n\t\t\t\t<\/div>\n\t\t\t\t<div class=\"elementor-element elementor-element-b012ab0 elementor-widget elementor-widget-spacer\" data-id=\"b012ab0\" data-element_type=\"widget\" data-widget_type=\"spacer.default\">\n\t\t\t\t<div class=\"elementor-widget-container\">\n\t\t\t\t\t<div class=\"elementor-spacer\">\n\t\t\t<div class=\"elementor-spacer-inner\"><\/div>\n\t\t<\/div>\n\t\t\t\t<\/div>\n\t\t\t\t<\/div>\n\t\t\t\t<div class=\"elementor-element elementor-element-03c1c5d elementor-widget elementor-widget-heading\" data-id=\"03c1c5d\" data-element_type=\"widget\" data-widget_type=\"heading.default\">\n\t\t\t\t<div class=\"elementor-widget-container\">\n\t\t\t<h2 class=\"elementor-heading-title elementor-size-default\">\u0421\u043e\u0432\u043c\u0435\u0441\u0442\u0438\u043c\u044b\u0435 \u0443\u0441\u0442\u0440\u043e\u0439\u0441\u0442\u0432\u0430<\/h2>\t\t<\/div>\n\t\t\t\t<\/div>\n\t\t\t\t<div class=\"elementor-element elementor-element-c6c6f4e elementor-widget elementor-widget-spacer\" data-id=\"c6c6f4e\" data-element_type=\"widget\" data-widget_type=\"spacer.default\">\n\t\t\t\t<div class=\"elementor-widget-container\">\n\t\t\t\t\t<div class=\"elementor-spacer\">\n\t\t\t<div class=\"elementor-spacer-inner\"><\/div>\n\t\t<\/div>\n\t\t\t\t<\/div>\n\t\t\t\t<\/div>\n\t\t\t\t\t<\/div>\n\t\t<\/div>\n\t\t\t\t\t<\/div>\n\t\t<\/section>\n\t\t\t\t<section class=\"elementor-section elementor-top-section elementor-element elementor-element-1bf12db elementor-section-boxed elementor-section-height-default elementor-section-height-default\" data-id=\"1bf12db\" data-element_type=\"section\">\n\t\t\t\t\t\t<div class=\"elementor-container elementor-column-gap-default\">\n\t\t\t\t\t<div class=\"elementor-column elementor-col-50 elementor-top-column elementor-element elementor-element-0d720d6\" data-id=\"0d720d6\" data-element_type=\"column\">\n\t\t\t<div class=\"elementor-widget-wrap elementor-element-populated\">\n\t\t\t\t\t\t<div class=\"elementor-element elementor-element-e141871 elementor-widget elementor-widget-text-editor\" data-id=\"e141871\" data-element_type=\"widget\" data-widget_type=\"text-editor.default\">\n\t\t\t\t<div class=\"elementor-widget-container\">\n\t\t\t\t\t\t\t<p>leGPSBip+ \u0441\u043e\u0432\u043c\u0435\u0441\u0442\u0438\u043c \u0441\u043e \u0441\u043b\u0435\u0434\u0443\u044e\u0449\u0438\u043c\u0438 \u0443\u0441\u0442\u0440\u043e\u0439\u0441\u0442\u0432\u0430\u043c\u0438:<\/p><p><b>\u0421\u043c\u0430\u0440\u0442\u0444\u043e\u043d\u044b \u0438 \u043f\u043b\u0430\u043d\u0448\u0435\u0442\u044b Android :<\/b><\/p><ul><li>\u0421\u043c\u0430\u0440\u0442\u0444\u043e\u043d \u0438\u043b\u0438 \u043f\u043b\u0430\u043d\u0448\u0435\u0442 \u0441 \u0441\u043e\u0432\u043c\u0435\u0441\u0442\u0438\u043c\u043e\u0441\u0442\u044c\u044e USB OTG. (\u0435\u0441\u043b\u0438 \u043f\u043e\u0440\u0442 USB-C, \u043d\u0435 \u0437\u0430\u0431\u0443\u0434\u044c\u0442\u0435 \u0434\u043e\u0431\u0430\u0432\u0438\u0442\u044c\u00a0<a id=\"link-orange\" href=\"https:\/\/www.stodeus.com\/shop\/index.php?id_product=25&amp;controller=product&amp;\" rel=\"noopener\">\u0432\u0430\u0440\u0438\u0430\u043d\u0442 \u043a\u0430\u0431\u0435\u043b\u044f micro-USB - USB-C<\/a>).<br \/><i>\u0421\u043e\u0432\u043c\u0435\u0441\u0442\u0438\u043c\u043e\u0441\u0442\u044c \u0441 USB OTG \u043c\u043e\u0436\u043d\u043e \u043f\u0440\u043e\u0432\u0435\u0440\u0438\u0442\u044c \u0441 \u043f\u043e\u043c\u043e\u0449\u044c\u044e\u00a0<a id=\"link-orange\" href=\"https:\/\/play.google.com\/store\/apps\/details?id=com.faitaujapon.otg\" target=\"_blank\" rel=\"noopener\">\u0434\u0430\u043d\u043d\u043e\u0435 \u043f\u0440\u0438\u043b\u043e\u0436\u0435\u043d\u0438\u0435<\/a>.<\/i><\/li><\/ul>\t\t\t\t\t\t<\/div>\n\t\t\t\t<\/div>\n\t\t\t\t\t<\/div>\n\t\t<\/div>\n\t\t\t\t<div class=\"elementor-column elementor-col-50 elementor-top-column elementor-element elementor-element-d57600f\" data-id=\"d57600f\" data-element_type=\"column\">\n\t\t\t<div class=\"elementor-widget-wrap elementor-element-populated\">\n\t\t\t\t\t\t<div class=\"elementor-element elementor-element-6e7f7a7 elementor-widget elementor-widget-image\" data-id=\"6e7f7a7\" data-element_type=\"widget\" data-widget_type=\"image.default\">\n\t\t\t\t<div class=\"elementor-widget-container\">\n\t\t\t\t\t\t\t\t\t\t\t\t\t<img fetchpriority=\"high\" decoding=\"async\" width=\"2304\" height=\"1536\" src=\"https:\/\/www.stodeus.com\/wp-content\/uploads\/2015\/09\/legpsbip_connected_yotaphone.jpg\" class=\"attachment-full size-full wp-image-2423\" alt=\"\" srcset=\"https:\/\/www.stodeus.com\/wp-content\/uploads\/2015\/09\/legpsbip_connected_yotaphone.jpg 2304w, https:\/\/www.stodeus.com\/wp-content\/uploads\/2015\/09\/legpsbip_connected_yotaphone-300x200.jpg 300w, https:\/\/www.stodeus.com\/wp-content\/uploads\/2015\/09\/legpsbip_connected_yotaphone-1024x683.jpg 1024w, https:\/\/www.stodeus.com\/wp-content\/uploads\/2015\/09\/legpsbip_connected_yotaphone-768x512.jpg 768w, https:\/\/www.stodeus.com\/wp-content\/uploads\/2015\/09\/legpsbip_connected_yotaphone-1536x1024.jpg 1536w, https:\/\/www.stodeus.com\/wp-content\/uploads\/2015\/09\/legpsbip_connected_yotaphone-2048x1365.jpg 2048w\" sizes=\"(max-width: 2304px) 100vw, 2304px\" \/>\t\t\t\t\t\t\t\t\t\t\t\t\t<\/div>\n\t\t\t\t<\/div>\n\t\t\t\t\t<\/div>\n\t\t<\/div>\n\t\t\t\t\t<\/div>\n\t\t<\/section>\n\t\t\t\t<section class=\"elementor-section elementor-top-section elementor-element elementor-element-21bd0d8 elementor-section-boxed elementor-section-height-default elementor-section-height-default\" data-id=\"21bd0d8\" data-element_type=\"section\">\n\t\t\t\t\t\t<div class=\"elementor-container elementor-column-gap-default\">\n\t\t\t\t\t<div class=\"elementor-column elementor-col-100 elementor-top-column elementor-element elementor-element-a259e79\" data-id=\"a259e79\" data-element_type=\"column\">\n\t\t\t<div class=\"elementor-widget-wrap elementor-element-populated\">\n\t\t\t\t\t\t<div class=\"elementor-element elementor-element-a163417 elementor-widget elementor-widget-spacer\" data-id=\"a163417\" data-element_type=\"widget\" data-widget_type=\"spacer.default\">\n\t\t\t\t<div class=\"elementor-widget-container\">\n\t\t\t\t\t<div class=\"elementor-spacer\">\n\t\t\t<div class=\"elementor-spacer-inner\"><\/div>\n\t\t<\/div>\n\t\t\t\t<\/div>\n\t\t\t\t<\/div>\n\t\t\t\t<div class=\"elementor-element elementor-element-8aa3e64 elementor-widget elementor-widget-heading\" data-id=\"8aa3e64\" data-element_type=\"widget\" data-widget_type=\"heading.default\">\n\t\t\t\t<div class=\"elementor-widget-container\">\n\t\t\t<h2 class=\"elementor-heading-title elementor-size-default\">\u0421\u043e\u0432\u043c\u0435\u0441\u0442\u0438\u043c\u043e\u0435 \u043f\u0440\u043e\u0433\u0440\u0430\u043c\u043c\u043d\u043e\u0435 \u043e\u0431\u0435\u0441\u043f\u0435\u0447\u0435\u043d\u0438\u0435<\/h2>\t\t<\/div>\n\t\t\t\t<\/div>\n\t\t\t\t<div class=\"elementor-element elementor-element-7a64c5e elementor-widget elementor-widget-text-editor\" data-id=\"7a64c5e\" data-element_type=\"widget\" data-widget_type=\"text-editor.default\">\n\t\t\t\t<div class=\"elementor-widget-container\">\n\t\t\t\t\t\t\t<p>\u0421\u043b\u0435\u0434\u0443\u044e\u0449\u0435\u0435 \u043f\u0440\u043e\u0433\u0440\u0430\u043c\u043c\u043d\u043e\u0435 \u043e\u0431\u0435\u0441\u043f\u0435\u0447\u0435\u043d\u0438\u0435 \u0441\u043e\u0432\u043c\u0435\u0441\u0442\u0438\u043c\u043e \u0441 leGPSBip+:<\/p><p><strong>\u041d\u0430\u0436\u043c\u0438\u0442\u0435 \u043d\u0430 \u043a\u043d\u043e\u043f\u043a\u0438 \u043d\u0438\u0436\u0435, \u0447\u0442\u043e\u0431\u044b \u0443\u0437\u043d\u0430\u0442\u044c, \u043a\u0430\u043a\u0438\u0435 \u043f\u0430\u0440\u0430\u043c\u0435\u0442\u0440\u044b \u043d\u0443\u0436\u043d\u043e \u0432\u0432\u0435\u0441\u0442\u0438 \u0434\u043b\u044f \u043a\u0430\u0436\u0434\u043e\u0433\u043e \u043f\u0440\u0438\u043b\u043e\u0436\u0435\u043d\u0438\u044f.<\/strong><\/p>\t\t\t\t\t\t<\/div>\n\t\t\t\t<\/div>\n\t\t\t\t\t<\/div>\n\t\t<\/div>\n\t\t\t\t\t<\/div>\n\t\t<\/section>\n\t\t<div class=\"elementor-element elementor-element-841ebb3 e-flex e-con-boxed e-con e-parent\" data-id=\"841ebb3\" data-element_type=\"container\">\n\t\t\t\t\t<div class=\"e-con-inner\">\n\t\t<div class=\"elementor-element elementor-element-6587287 e-con-full e-flex e-con e-child\" data-id=\"6587287\" data-element_type=\"container\">\n\t\t\t\t<div class=\"elementor-element elementor-element-de36a67 elementor-align-center elementor-mobile-align-justify elementor-widget elementor-widget-button\" data-id=\"de36a67\" data-element_type=\"widget\" data-widget_type=\"button.default\">\n\t\t\t\t<div class=\"elementor-widget-container\">\n\t\t\t\t\t\t\t<div class=\"elementor-button-wrapper\">\n\t\t\t\t\t<a class=\"elementor-button elementor-button-link elementor-size-sm\" href=\"https:\/\/www.stodeus.com\/ru\/xctrack-for-android\/\">\n\t\t\t\t\t\t<span class=\"elementor-button-content-wrapper\">\n\t\t\t\t\t\t\t\t\t<span class=\"elementor-button-text\">\u0440\u0443\u043a\u043e\u0432\u043e\u0434\u0441\u0442\u0432\u043e \u0434\u043b\u044f XCTrack<\/span>\n\t\t\t\t\t<\/span>\n\t\t\t\t\t<\/a>\n\t\t\t\t<\/div>\n\t\t\t\t\t\t<\/div>\n\t\t\t\t<\/div>\n\t\t\t\t<\/div>\n\t\t<div class=\"elementor-element elementor-element-14f9eb5 e-con-full e-flex e-con e-child\" data-id=\"14f9eb5\" data-element_type=\"container\">\n\t\t\t\t<div class=\"elementor-element elementor-element-9830b8a elementor-align-center elementor-mobile-align-justify elementor-widget elementor-widget-button\" data-id=\"9830b8a\" data-element_type=\"widget\" data-widget_type=\"button.default\">\n\t\t\t\t<div class=\"elementor-widget-container\">\n\t\t\t\t\t\t\t<div class=\"elementor-button-wrapper\">\n\t\t\t\t\t<a class=\"elementor-button elementor-button-link elementor-size-sm\" href=\"https:\/\/www.stodeus.com\/ru\/flyme-for-android\/\">\n\t\t\t\t\t\t<span class=\"elementor-button-content-wrapper\">\n\t\t\t\t\t\t\t\t\t<span class=\"elementor-button-text\">\u0440\u0443\u043a\u043e\u0432\u043e\u0434\u0441\u0442\u0432\u043e \u0434\u043b\u044f FlyMe<\/span>\n\t\t\t\t\t<\/span>\n\t\t\t\t\t<\/a>\n\t\t\t\t<\/div>\n\t\t\t\t\t\t<\/div>\n\t\t\t\t<\/div>\n\t\t\t\t<\/div>\n\t\t<div class=\"elementor-element elementor-element-cc18848 e-con-full e-flex e-con e-child\" data-id=\"cc18848\" data-element_type=\"container\">\n\t\t\t\t<div class=\"elementor-element elementor-element-98d6479 elementor-align-center elementor-mobile-align-justify elementor-widget elementor-widget-button\" data-id=\"98d6479\" data-element_type=\"widget\" data-widget_type=\"button.default\">\n\t\t\t\t<div class=\"elementor-widget-container\">\n\t\t\t\t\t\t\t<div class=\"elementor-button-wrapper\">\n\t\t\t\t\t<a class=\"elementor-button elementor-button-link elementor-size-sm\" href=\"https:\/\/www.stodeus.com\/ru\/lk8000-for-android\/\">\n\t\t\t\t\t\t<span class=\"elementor-button-content-wrapper\">\n\t\t\t\t\t\t\t\t\t<span class=\"elementor-button-text\">\u0440\u0443\u043a\u043e\u0432\u043e\u0434\u0441\u0442\u0432\u043e \u0434\u043b\u044f LK8000<\/span>\n\t\t\t\t\t<\/span>\n\t\t\t\t\t<\/a>\n\t\t\t\t<\/div>\n\t\t\t\t\t\t<\/div>\n\t\t\t\t<\/div>\n\t\t\t\t<\/div>\n\t\t\t\t\t<\/div>\n\t\t\t\t<\/div>\n\t\t\t\t<section class=\"elementor-section elementor-top-section elementor-element elementor-element-3f7b404 elementor-section-boxed elementor-section-height-default elementor-section-height-default\" data-id=\"3f7b404\" data-element_type=\"section\">\n\t\t\t\t\t\t<div class=\"elementor-container elementor-column-gap-default\">\n\t\t\t\t\t<div class=\"elementor-column elementor-col-100 elementor-top-column elementor-element elementor-element-f85536b\" data-id=\"f85536b\" data-element_type=\"column\">\n\t\t\t<div class=\"elementor-widget-wrap elementor-element-populated\">\n\t\t\t\t\t\t<div class=\"elementor-element elementor-element-8e62e49 elementor-widget elementor-widget-spacer\" data-id=\"8e62e49\" data-element_type=\"widget\" data-widget_type=\"spacer.default\">\n\t\t\t\t<div class=\"elementor-widget-container\">\n\t\t\t\t\t<div class=\"elementor-spacer\">\n\t\t\t<div class=\"elementor-spacer-inner\"><\/div>\n\t\t<\/div>\n\t\t\t\t<\/div>\n\t\t\t\t<\/div>\n\t\t\t\t<div class=\"elementor-element elementor-element-0a43297 elementor-widget elementor-widget-heading\" data-id=\"0a43297\" data-element_type=\"widget\" data-widget_type=\"heading.default\">\n\t\t\t\t<div class=\"elementor-widget-container\">\n\t\t\t<h2 class=\"elementor-heading-title elementor-size-default\">\u041d\u0443\u0436\u043d\u0430 \u0434\u043e\u043f\u043e\u043b\u043d\u0438\u0442\u0435\u043b\u044c\u043d\u0430\u044f \u0438\u043d\u0444\u043e\u0440\u043c\u0430\u0446\u0438\u044f?<\/h2>\t\t<\/div>\n\t\t\t\t<\/div>\n\t\t\t\t<div class=\"elementor-element elementor-element-0d0357f elementor-widget elementor-widget-text-editor\" data-id=\"0d0357f\" data-element_type=\"widget\" data-widget_type=\"text-editor.default\">\n\t\t\t\t<div class=\"elementor-widget-container\">\n\t\t\t\t\t\t\t\u0421\u043c.\u00a0<a id=\"link-orange\" href=\"\/ru\/legpsbip-plus-manual\/\">\u0427\u0410\u0421\u0422\u041e \u0417\u0410\u0414\u0410\u0412\u0410\u0415\u041c\u042b\u0415 \u0412\u041e\u041f\u0420\u041e\u0421\u042b<\/a>.\t\t\t\t\t\t<\/div>\n\t\t\t\t<\/div>\n\t\t\t\t\t<\/div>\n\t\t<\/div>\n\t\t\t\t\t<\/div>\n\t\t<\/section>\n\t\t\t\t<\/div>","protected":false},"excerpt":{"rendered":"<p>Ajoutez un \u00e9cran \u00e0 votre GPSBip+, et composez votre ordinateur de vol Connectez votre GPSBip+ \u00e0 votre smartphone ou tablette : les donn\u00e9es GPS, baro, accelero, et gyro du GPSBip+ sont re\u00e7ues, vous donnant ainsi le maximum d&rsquo;informations en vol. P\u00e9riph\u00e9riques compatibles leGPSBip+ est compatible avec les p\u00e9riph\u00e9riques suivants : Smartphones et tablettes Android : [&hellip;]<\/p>\n","protected":false},"author":2,"featured_media":0,"parent":0,"menu_order":0,"comment_status":"closed","ping_status":"open","template":"","meta":{"footnotes":""},"class_list":["post-1189","page","type-page","status-publish","hentry"],"_links":{"self":[{"href":"https:\/\/www.stodeus.com\/ru\/wp-json\/wp\/v2\/pages\/1189","targetHints":{"allow":["GET"]}}],"collection":[{"href":"https:\/\/www.stodeus.com\/ru\/wp-json\/wp\/v2\/pages"}],"about":[{"href":"https:\/\/www.stodeus.com\/ru\/wp-json\/wp\/v2\/types\/page"}],"author":[{"embeddable":true,"href":"https:\/\/www.stodeus.com\/ru\/wp-json\/wp\/v2\/users\/2"}],"replies":[{"embeddable":true,"href":"https:\/\/www.stodeus.com\/ru\/wp-json\/wp\/v2\/comments?post=1189"}],"version-history":[{"count":37,"href":"https:\/\/www.stodeus.com\/ru\/wp-json\/wp\/v2\/pages\/1189\/revisions"}],"predecessor-version":[{"id":12362,"href":"https:\/\/www.stodeus.com\/ru\/wp-json\/wp\/v2\/pages\/1189\/revisions\/12362"}],"wp:attachment":[{"href":"https:\/\/www.stodeus.com\/ru\/wp-json\/wp\/v2\/media?parent=1189"}],"curies":[{"name":"wp","href":"https:\/\/api.w.org\/{rel}","templated":true}]}}