{"id":445,"date":"2014-04-14T11:34:33","date_gmt":"2014-04-14T10:34:33","guid":{"rendered":"http:\/\/www.stodeus.com\/?page_id=445"},"modified":"2022-11-02T16:07:43","modified_gmt":"2022-11-02T15:07:43","slug":"solar-vario","status":"publish","type":"page","link":"https:\/\/www.stodeus.com\/ru\/solar-vario\/","title":{"rendered":"leBipBip: \u0421\u043e\u043b\u043d\u0435\u0447\u043d\u044b\u0439 \u0432\u0430\u0440\u0438\u043e\u043c\u0435\u0442\u0440"},"content":{"rendered":"<div data-elementor-type=\"wp-page\" data-elementor-id=\"445\" class=\"elementor elementor-445\" data-elementor-post-type=\"page\">\n\t\t\t\t\t\t<section class=\"elementor-section elementor-top-section elementor-element elementor-element-f80ff5 elementor-section-boxed elementor-section-height-default elementor-section-height-default\" data-id=\"f80ff5\" data-element_type=\"section\">\n\t\t\t\t\t\t<div class=\"elementor-container elementor-column-gap-default\">\n\t\t\t\t\t<div class=\"elementor-column elementor-col-100 elementor-top-column elementor-element elementor-element-6485f5cf\" data-id=\"6485f5cf\" data-element_type=\"column\">\n\t\t\t<div class=\"elementor-widget-wrap elementor-element-populated\">\n\t\t\t\t\t\t<div class=\"elementor-element elementor-element-164954e4 elementor-widget elementor-widget-text-editor\" data-id=\"164954e4\" data-element_type=\"widget\" data-widget_type=\"text-editor.default\">\n\t\t\t\t<div class=\"elementor-widget-container\">\n\t\t\t\t\t\t\t<br \/>\n\t\t\t\t\t\t<\/div>\n\t\t\t\t<\/div>\n\t\t\t\t\t<\/div>\n\t\t<\/div>\n\t\t\t\t\t<\/div>\n\t\t<\/section>\n\t\t\t\t<section class=\"elementor-section elementor-top-section elementor-element elementor-element-1ca397a elementor-section-boxed elementor-section-height-default elementor-section-height-default\" data-id=\"1ca397a\" data-element_type=\"section\">\n\t\t\t\t\t\t<div class=\"elementor-container elementor-column-gap-default\">\n\t\t\t\t\t<div class=\"elementor-column elementor-col-100 elementor-top-column elementor-element elementor-element-29e08f3\" data-id=\"29e08f3\" data-element_type=\"column\">\n\t\t\t<div class=\"elementor-widget-wrap elementor-element-populated\">\n\t\t\t\t\t\t<div class=\"elementor-element elementor-element-8f8e677 elementor-pagination-position-inside elementor-arrows-position-inside elementor-widget elementor-widget-image-carousel\" data-id=\"8f8e677\" data-element_type=\"widget\" data-settings=\"{&quot;slides_to_show&quot;:&quot;1&quot;,&quot;navigation&quot;:&quot;both&quot;,&quot;autoplay&quot;:&quot;yes&quot;,&quot;pause_on_hover&quot;:&quot;yes&quot;,&quot;pause_on_interaction&quot;:&quot;yes&quot;,&quot;autoplay_speed&quot;:5000,&quot;infinite&quot;:&quot;yes&quot;,&quot;effect&quot;:&quot;slide&quot;,&quot;speed&quot;:500}\" data-widget_type=\"image-carousel.default\">\n\t\t\t\t<div class=\"elementor-widget-container\">\n\t\t\t\t\t<div class=\"elementor-image-carousel-wrapper swiper\" dir=\"ltr\">\n\t\t\t<div class=\"elementor-image-carousel swiper-wrapper\" aria-live=\"off\">\n\t\t\t\t\t\t\t\t<div class=\"swiper-slide\" role=\"group\" aria-roledescription=\"slide\" aria-label=\"1 \u0438\u0437 3\"><figure class=\"swiper-slide-inner\"><img decoding=\"async\" class=\"swiper-slide-image\" src=\"https:\/\/www.stodeus.com\/wp-content\/uploads\/2014\/04\/shoulder.png\" alt=\"shoulder\" \/><\/figure><\/div><div class=\"swiper-slide\" role=\"group\" aria-roledescription=\"slide\" aria-label=\"2 \u0438\u0437 3\"><figure class=\"swiper-slide-inner\"><img decoding=\"async\" class=\"swiper-slide-image\" src=\"https:\/\/www.stodeus.com\/wp-content\/uploads\/2014\/04\/pen.png\" alt=\"pen\" \/><\/figure><\/div><div class=\"swiper-slide\" role=\"group\" aria-roledescription=\"slide\" aria-label=\"3 \u0438\u0437 3\"><figure class=\"swiper-slide-inner\"><img decoding=\"async\" class=\"swiper-slide-image\" src=\"https:\/\/www.stodeus.com\/wp-content\/uploads\/2014\/04\/fly.png\" alt=\"fly\" \/><\/figure><\/div>\t\t\t<\/div>\n\t\t\t\t\t\t\t\t\t\t\t\t<div class=\"elementor-swiper-button elementor-swiper-button-prev\" role=\"button\" tabindex=\"0\">\n\t\t\t\t\t\t<i aria-hidden=\"true\" class=\"eicon-chevron-left\"><\/i>\t\t\t\t\t<\/div>\n\t\t\t\t\t<div class=\"elementor-swiper-button elementor-swiper-button-next\" role=\"button\" tabindex=\"0\">\n\t\t\t\t\t\t<i aria-hidden=\"true\" class=\"eicon-chevron-right\"><\/i>\t\t\t\t\t<\/div>\n\t\t\t\t\n\t\t\t\t\t\t\t\t\t<div class=\"swiper-pagination\"><\/div>\n\t\t\t\t\t\t\t\t\t<\/div>\n\t\t\t\t<\/div>\n\t\t\t\t<\/div>\n\t\t\t\t\t<\/div>\n\t\t<\/div>\n\t\t\t\t\t<\/div>\n\t\t<\/section>\n\t\t\t\t<section class=\"elementor-section elementor-top-section elementor-element elementor-element-77c7bb4 elementor-section-boxed elementor-section-height-default elementor-section-height-default\" data-id=\"77c7bb4\" data-element_type=\"section\">\n\t\t\t\t\t\t<div class=\"elementor-container elementor-column-gap-default\">\n\t\t\t\t\t<div class=\"elementor-column elementor-col-100 elementor-top-column elementor-element elementor-element-400e708\" data-id=\"400e708\" data-element_type=\"column\">\n\t\t\t<div class=\"elementor-widget-wrap elementor-element-populated\">\n\t\t\t\t\t\t<div class=\"elementor-element elementor-element-9e207b5 elementor-widget elementor-widget-spacer\" data-id=\"9e207b5\" data-element_type=\"widget\" data-widget_type=\"spacer.default\">\n\t\t\t\t<div class=\"elementor-widget-container\">\n\t\t\t\t\t<div class=\"elementor-spacer\">\n\t\t\t<div class=\"elementor-spacer-inner\"><\/div>\n\t\t<\/div>\n\t\t\t\t<\/div>\n\t\t\t\t<\/div>\n\t\t\t\t<div class=\"elementor-element elementor-element-8040b4b elementor-widget elementor-widget-heading\" data-id=\"8040b4b\" data-element_type=\"widget\" data-widget_type=\"heading.default\">\n\t\t\t\t<div class=\"elementor-widget-container\">\n\t\t\t<h2 class=\"elementor-heading-title elementor-size-default\">\u0423\u043b\u044c\u0442\u0440\u0430\u043b\u0435\u0433\u043a\u0438\u0439 \u0441\u043e\u043b\u043d\u0435\u0447\u043d\u044b\u0439 \u0432\u0430\u0440\u0438\u043e\u043c\u0435\u0442\u0440 \u0434\u043b\u044f \u043f\u0430\u0440\u0430\u043f\u043b\u0430\u043d\u043e\u0432 \u0438 \u0434\u0435\u043b\u044c\u0442\u0430\u043f\u043b\u0430\u043d\u043e\u0432<\/h2>\t\t<\/div>\n\t\t\t\t<\/div>\n\t\t\t\t<div class=\"elementor-element elementor-element-5e92d28 elementor-widget elementor-widget-spacer\" data-id=\"5e92d28\" data-element_type=\"widget\" data-widget_type=\"spacer.default\">\n\t\t\t\t<div class=\"elementor-widget-container\">\n\t\t\t\t\t<div class=\"elementor-spacer\">\n\t\t\t<div class=\"elementor-spacer-inner\"><\/div>\n\t\t<\/div>\n\t\t\t\t<\/div>\n\t\t\t\t<\/div>\n\t\t\t\t\t<\/div>\n\t\t<\/div>\n\t\t\t\t\t<\/div>\n\t\t<\/section>\n\t\t\t\t<section class=\"elementor-section elementor-top-section elementor-element elementor-element-5619947 elementor-section-boxed elementor-section-height-default elementor-section-height-default\" data-id=\"5619947\" data-element_type=\"section\">\n\t\t\t\t\t\t<div class=\"elementor-container elementor-column-gap-default\">\n\t\t\t\t\t<div class=\"elementor-column elementor-col-66 elementor-top-column elementor-element elementor-element-c4095d4\" data-id=\"c4095d4\" data-element_type=\"column\">\n\t\t\t<div class=\"elementor-widget-wrap elementor-element-populated\">\n\t\t\t\t\t\t<div class=\"elementor-element elementor-element-02d6232 elementor-widget elementor-widget-heading\" data-id=\"02d6232\" data-element_type=\"widget\" data-widget_type=\"heading.default\">\n\t\t\t\t<div class=\"elementor-widget-container\">\n\t\t\t<h2 class=\"elementor-heading-title elementor-size-default\">\u0427\u0430\u0441\u0442\u043e\u0442\u0430 \u0438 \u0442\u043e\u043d<\/h2>\t\t<\/div>\n\t\t\t\t<\/div>\n\t\t\t\t<div class=\"elementor-element elementor-element-4d64831 elementor-widget elementor-widget-text-editor\" data-id=\"4d64831\" data-element_type=\"widget\" data-widget_type=\"text-editor.default\">\n\t\t\t\t<div class=\"elementor-widget-container\">\n\t\t\t\t\t\t\t<ul><li>\u0422\u043e\u0447\u043d\u043e\u0441\u0442\u044c 10 \u0441\u043c<\/li><li>\u0420\u0435\u0433\u0443\u043b\u0438\u0440\u0443\u0435\u0442\u0441\u044f \u043d\u0430 10 \u0441\u043c\/\u0441<\/li><li>3 \u0443\u0440\u043e\u0432\u043d\u044f \u0433\u0440\u043e\u043c\u043a\u043e\u0441\u0442\u0438<\/li><\/ul>\t\t\t\t\t\t<\/div>\n\t\t\t\t<\/div>\n\t\t\t\t<div class=\"elementor-element elementor-element-be9218d elementor-widget elementor-widget-heading\" data-id=\"be9218d\" data-element_type=\"widget\" data-widget_type=\"heading.default\">\n\t\t\t\t<div class=\"elementor-widget-container\">\n\t\t\t<h2 class=\"elementor-heading-title elementor-size-default\">\u0418\u043d\u0444\u043e\u0440\u043c\u0430\u0446\u0438\u044f \u043e\u0431 \u043e\u0431\u043d\u0443\u043b\u0435\u043d\u0438\u0438<\/h2>\t\t<\/div>\n\t\t\t\t<\/div>\n\t\t\t\t<div class=\"elementor-element elementor-element-00dd042 elementor-widget elementor-widget-text-editor\" data-id=\"00dd042\" data-element_type=\"widget\" data-widget_type=\"text-editor.default\">\n\t\t\t\t<div class=\"elementor-widget-container\">\n\t\t\t\t\t\t\t<ul><li>\u041f\u0440\u0438 \u043d\u0438\u0437\u043a\u043e\u043c \u043f\u0440\u043e\u0438\u0441\u0445\u043e\u0436\u0434\u0435\u043d\u0438\u0438<\/li><li>(+\/-10 \u0441\u043c\/\u0441)<\/li><li>\u041c\u043e\u0436\u0435\u0442 \u0431\u044b\u0442\u044c \u0434\u0435\u0430\u043a\u0442\u0438\u0432\u0438\u0440\u043e\u0432\u0430\u043d\u0430<\/li><\/ul>\t\t\t\t\t\t<\/div>\n\t\t\t\t<\/div>\n\t\t\t\t<div class=\"elementor-element elementor-element-82d1a17 elementor-widget elementor-widget-heading\" data-id=\"82d1a17\" data-element_type=\"widget\" data-widget_type=\"heading.default\">\n\t\t\t\t<div class=\"elementor-widget-container\">\n\t\t\t<h2 class=\"elementor-heading-title elementor-size-default\">\u0421\u0438\u0433\u043d\u0430\u043b\u0438\u0437\u0430\u0446\u0438\u044f \u0441\u043f\u0443\u0441\u043a\u0430<\/h2>\t\t<\/div>\n\t\t\t\t<\/div>\n\t\t\t\t<div class=\"elementor-element elementor-element-6c780ad elementor-widget elementor-widget-text-editor\" data-id=\"6c780ad\" data-element_type=\"widget\" data-widget_type=\"text-editor.default\">\n\t\t\t\t<div class=\"elementor-widget-container\">\n\t\t\t\t\t\t\t<ul><li>\u0420\u0435\u0433\u0443\u043b\u0438\u0440\u0443\u0435\u0442\u0441\u044f \u043d\u0430 -0,5 \u043c\/\u0441<\/li><li>\u041c\u043e\u0436\u0435\u0442 \u0431\u044b\u0442\u044c \u0434\u0435\u0430\u043a\u0442\u0438\u0432\u0438\u0440\u043e\u0432\u0430\u043d\u0430<\/li><\/ul>\t\t\t\t\t\t<\/div>\n\t\t\t\t<\/div>\n\t\t\t\t<div class=\"elementor-element elementor-element-6ed9910 elementor-widget elementor-widget-heading\" data-id=\"6ed9910\" data-element_type=\"widget\" data-widget_type=\"heading.default\">\n\t\t\t\t<div class=\"elementor-widget-container\">\n\t\t\t<h2 class=\"elementor-heading-title elementor-size-default\">\u0425\u0430\u0440\u0430\u043a\u0442\u0435\u0440\u0438\u0441\u0442\u0438\u043a\u0438<\/h2>\t\t<\/div>\n\t\t\t\t<\/div>\n\t\t\t\t<div class=\"elementor-element elementor-element-a6eadde elementor-widget elementor-widget-text-editor\" data-id=\"a6eadde\" data-element_type=\"widget\" data-widget_type=\"text-editor.default\">\n\t\t\t\t<div class=\"elementor-widget-container\">\n\t\t\t\t\t\t\t<ul><li>Solar<\/li><li>100 \u0447\u0430\u0441\u043e\u0432 \u0430\u0432\u0442\u043e\u043d\u043e\u043c\u043d\u043e\u0439 \u0440\u0430\u0431\u043e\u0442\u044b<\/li><li>\u041e\u0447\u0435\u043d\u044c \u043c\u0430\u043b\u0435\u043d\u044c\u043a\u0438\u0439 \u0438 \u043b\u0435\u0433\u043a\u0438\u0439<\/li><li>5.5 x 3.5 x 1.5cm \u0438 25gr<\/li><li>\u041f\u0440\u043e\u0441\u0442\u0430\u044f \u043a\u043d\u043e\u043f\u043a\u0430 \u0432\u043a\u043b\u044e\u0447\u0435\u043d\u0438\u044f\/\u0432\u044b\u043a\u043b\u044e\u0447\u0435\u043d\u0438\u044f<\/li><li>\u0410\u0432\u0442\u043e\u043c\u0430\u0442\u0438\u0447\u0435\u0441\u043a\u043e\u0435 \u043e\u0442\u043a\u043b\u044e\u0447\u0435\u043d\u0438\u0435<\/li><li>\u041a\u043b\u0435\u0439\u043a\u0430\u044f \u043b\u0438\u043f\u0443\u0447\u043a\u0430<\/li><li>\u041f\u043e\u044f\u0441\u043d\u0430\u044f \u043b\u0438\u043d\u0438\u044f<\/li><\/ul>\t\t\t\t\t\t<\/div>\n\t\t\t\t<\/div>\n\t\t\t\t<div class=\"elementor-element elementor-element-28a43e2 elementor-widget elementor-widget-text-editor\" data-id=\"28a43e2\" data-element_type=\"widget\" data-widget_type=\"text-editor.default\">\n\t\t\t\t<div class=\"elementor-widget-container\">\n\t\t\t\t\t\t\t<strong>\u0414\u043b\u044f \u043f\u043e\u043b\u0443\u0447\u0435\u043d\u0438\u044f \u0434\u043e\u043f\u043e\u043b\u043d\u0438\u0442\u0435\u043b\u044c\u043d\u043e\u0439 \u0438\u043d\u0444\u043e\u0440\u043c\u0430\u0446\u0438\u0438, \u043f\u043e\u0436\u0430\u043b\u0443\u0439\u0441\u0442\u0430, \u043e\u0437\u043d\u0430\u043a\u043e\u043c\u044c\u0442\u0435\u0441\u044c \u0441\u00a0<a href=\"https:\/\/www.stodeus.com\/ru\/lebipbip-manual\/\">\u0440\u0443\u043a\u043e\u0432\u043e\u0434\u0441\u0442\u0432\u043e<\/a>!<\/strong>\t\t\t\t\t\t<\/div>\n\t\t\t\t<\/div>\n\t\t\t\t\t<\/div>\n\t\t<\/div>\n\t\t\t\t<div class=\"elementor-column elementor-col-33 elementor-top-column elementor-element elementor-element-844ad59\" data-id=\"844ad59\" data-element_type=\"column\">\n\t\t\t<div class=\"elementor-widget-wrap elementor-element-populated\">\n\t\t\t\t\t\t<div class=\"elementor-element elementor-element-610e295 elementor-widget elementor-widget-image\" data-id=\"610e295\" data-element_type=\"widget\" data-widget_type=\"image.default\">\n\t\t\t\t<div class=\"elementor-widget-container\">\n\t\t\t\t\t\t\t\t\t\t\t\t\t\t<a href=\"https:\/\/www.stodeus.com\/wp-content\/uploads\/2014\/01\/I20A8934-e1441808518783.jpg\" data-elementor-open-lightbox=\"yes\" data-elementor-lightbox-title=\"I20A8934\" data-e-action-hash=\"#elementor-action%3Aaction%3Dlightbox%26settings%3DeyJpZCI6MzY2LCJ1cmwiOiJodHRwczpcL1wvd3d3LnN0b2RldXMuY29tXC93cC1jb250ZW50XC91cGxvYWRzXC8yMDE0XC8wMVwvSTIwQTg5MzQtZTE0NDE4MDg1MTg3ODMuanBnIn0%3D\">\n\t\t\t\t\t\t\t<img fetchpriority=\"high\" decoding=\"async\" width=\"312\" height=\"234\" src=\"https:\/\/www.stodeus.com\/wp-content\/uploads\/2014\/01\/I20A8934-e1441808518783.jpg\" class=\"attachment-large size-large wp-image-366\" alt=\"\" srcset=\"https:\/\/www.stodeus.com\/wp-content\/uploads\/2014\/01\/I20A8934-e1441808518783.jpg 312w, https:\/\/www.stodeus.com\/wp-content\/uploads\/2014\/01\/I20A8934-e1441808518783-300x225.jpg 300w\" sizes=\"(max-width: 312px) 100vw, 312px\" \/>\t\t\t\t\t\t\t\t<\/a>\n\t\t\t\t\t\t\t\t\t\t\t\t\t<\/div>\n\t\t\t\t<\/div>\n\t\t\t\t<div class=\"elementor-element elementor-element-3ff0966 elementor-widget elementor-widget-image\" data-id=\"3ff0966\" data-element_type=\"widget\" data-widget_type=\"image.default\">\n\t\t\t\t<div class=\"elementor-widget-container\">\n\t\t\t\t\t\t\t\t\t\t\t\t\t<img decoding=\"async\" width=\"324\" height=\"216\" src=\"https:\/\/www.stodeus.com\/wp-content\/uploads\/2014\/01\/I20A2772-Modifier-e1441808583353.jpg\" class=\"attachment-large size-large wp-image-271\" alt=\"\" srcset=\"https:\/\/www.stodeus.com\/wp-content\/uploads\/2014\/01\/I20A2772-Modifier-e1441808583353.jpg 324w, https:\/\/www.stodeus.com\/wp-content\/uploads\/2014\/01\/I20A2772-Modifier-e1441808583353-300x200.jpg 300w\" sizes=\"(max-width: 324px) 100vw, 324px\" \/>\t\t\t\t\t\t\t\t\t\t\t\t\t<\/div>\n\t\t\t\t<\/div>\n\t\t\t\t<div class=\"elementor-element elementor-element-df4d00f elementor-widget elementor-widget-image\" data-id=\"df4d00f\" data-element_type=\"widget\" data-widget_type=\"image.default\">\n\t\t\t\t<div class=\"elementor-widget-container\">\n\t\t\t\t\t\t\t\t\t\t\t\t\t<img decoding=\"async\" width=\"342\" height=\"228\" src=\"https:\/\/www.stodeus.com\/wp-content\/uploads\/2022\/11\/I20A2500.jpg\" class=\"attachment-full size-full wp-image-7084\" alt=\"\" srcset=\"https:\/\/www.stodeus.com\/wp-content\/uploads\/2022\/11\/I20A2500.jpg 342w, https:\/\/www.stodeus.com\/wp-content\/uploads\/2022\/11\/I20A2500-300x200.jpg 300w, https:\/\/www.stodeus.com\/wp-content\/uploads\/2022\/11\/I20A2500-18x12.jpg 18w\" sizes=\"(max-width: 342px) 100vw, 342px\" \/>\t\t\t\t\t\t\t\t\t\t\t\t\t<\/div>\n\t\t\t\t<\/div>\n\t\t\t\t\t<\/div>\n\t\t<\/div>\n\t\t\t\t\t<\/div>\n\t\t<\/section>\n\t\t\t\t<\/div>","protected":false},"excerpt":{"rendered":"<p>Previous Next Mini variometre solaire sonore ultralight pour parapente et deltaplane Fr\u00e9quence et tonalit\u00e9 Pr\u00e9cision de 10 cm R\u00e9glable par 10cm\/s 3 niveaux de volume Information de z\u00e9rotage Pour faible ascendance (+\/-10cm\/s) D\u00e9sactivable Alarme de descente R\u00e9glable par -0.5 m\/s D\u00e9sactivable Caract\u00e9ristiques Solaire 100h d\u2019autonomie Tr\u00e8s petit et l\u00e9ger 5.5 x 3.5 x 1.5cm et [&hellip;]<\/p>\n","protected":false},"author":2,"featured_media":0,"parent":0,"menu_order":0,"comment_status":"closed","ping_status":"open","template":"","meta":{"footnotes":""},"class_list":["post-445","page","type-page","status-publish","hentry"],"_links":{"self":[{"href":"https:\/\/www.stodeus.com\/ru\/wp-json\/wp\/v2\/pages\/445","targetHints":{"allow":["GET"]}}],"collection":[{"href":"https:\/\/www.stodeus.com\/ru\/wp-json\/wp\/v2\/pages"}],"about":[{"href":"https:\/\/www.stodeus.com\/ru\/wp-json\/wp\/v2\/types\/page"}],"author":[{"embeddable":true,"href":"https:\/\/www.stodeus.com\/ru\/wp-json\/wp\/v2\/users\/2"}],"replies":[{"embeddable":true,"href":"https:\/\/www.stodeus.com\/ru\/wp-json\/wp\/v2\/comments?post=445"}],"version-history":[{"count":8,"href":"https:\/\/www.stodeus.com\/ru\/wp-json\/wp\/v2\/pages\/445\/revisions"}],"predecessor-version":[{"id":7087,"href":"https:\/\/www.stodeus.com\/ru\/wp-json\/wp\/v2\/pages\/445\/revisions\/7087"}],"wp:attachment":[{"href":"https:\/\/www.stodeus.com\/ru\/wp-json\/wp\/v2\/media?parent=445"}],"curies":[{"name":"wp","href":"https:\/\/api.w.org\/{rel}","templated":true}]}}